{"id":142,"date":"2017-08-07T22:47:04","date_gmt":"2017-08-07T21:47:04","guid":{"rendered":"https:\/\/test.centerarhitekture.org\/?page_id=142"},"modified":"2017-09-16T19:01:44","modified_gmt":"2017-09-16T19:01:44","slug":"vurnikovi-dnevi-2014","status":"publish","type":"page","link":"https:\/\/test.centerarhitekture.org\/en\/vurnikovidnevi\/vurnikovi-dnevi-2014\/","title":{"rendered":"VURNIK DAYS 2014"},"content":{"rendered":"<div class=\"wpb-content-wrapper\"><div class=\"vc_row wpb_row vc_row-fluid\"><div class=\"wpb_column vc_column_container vc_col-sm-12\"><div class=\"vc_column-inner\"><div class=\"wpb_wrapper\"><div class=\"vc_empty_space\"   style=\"height: 32px\"><span class=\"vc_empty_space_inner\"><\/span><\/div><\/div><\/div><\/div><\/div><div class=\"vc_row wpb_row vc_row-fluid\"><div class=\"wpb_column vc_column_container vc_col-sm-8\"><div class=\"vc_column-inner\"><div class=\"wpb_wrapper\"><h2 style=\"color: #a76e5b;text-align: left\" class=\"vc_custom_heading vc_do_custom_heading\" >VURNIK DAYS 2014<\/h2><\/div><\/div><\/div><div class=\"wpb_column vc_column_container vc_col-sm-4\"><div class=\"vc_column-inner\"><div class=\"wpb_wrapper\"><\/div><\/div><\/div><\/div><div class=\"vc_row wpb_row vc_row-fluid\"><div class=\"wpb_column vc_column_container vc_col-sm-8\"><div class=\"vc_column-inner\"><div class=\"wpb_wrapper\"><div class=\"vc_row wpb_row vc_inner vc_row-fluid vc_custom_1505588495670 vc_row-has-fill\"><div class=\"wpb_column vc_column_container vc_col-sm-12\"><div class=\"vc_column-inner\"><div class=\"wpb_wrapper\"><h3 style=\"color: #a76e5b;text-align: left\" class=\"vc_custom_heading vc_do_custom_heading\" >130TH ANNIVERSARY OF THE BIRTH OF ARCHITECT IVAN VURNIK<\/h3>\n\t<div class=\"wpb_text_column wpb_content_element\" >\n\t\t<div class=\"wpb_wrapper\">\n\t\t\t<p>Each year, Vurnik Days commemorate the birth of architect Ivan Vurnik, who was born on 1 June 1884 in Radovljica, where he spent most of his life and died in 1971. The events that were held as part of Radovljica\u2019s Local Community holiday and marked the 130th anniversary of architect Ivan Vurnik\u2019s birth took place between 16 May and 1 June 2014.<\/p>\n\n\t\t<\/div>\n\t<\/div>\n<div class=\"vc_btn3-container vc_btn3-inline vc_do_btn\" ><a class=\"vc_general vc_btn3 vc_btn3-size-sm vc_btn3-shape-square vc_btn3-style-flat vc_btn3-icon-left vc_btn3-color-mulled-wine\" href=\"http:\/\/www.centerarhitekture.org\/ca\/wp-content\/uploads\/2017\/08\/plakat_vurnikovi-dnevi-14.pdf\" title=\"\"><i class=\"vc_btn3-icon fa fa-file-pdf-o\"><\/i> Poster Vurnik Days 2014<\/a><\/div><\/div><\/div><\/div><\/div><div class=\"vc_empty_space\"   style=\"height: 32px\"><span class=\"vc_empty_space_inner\"><\/span><\/div><h3 style=\"color: #a76e5b;text-align: left\" class=\"vc_custom_heading vc_do_custom_heading\" >Temporary exhibition to mark the 130th anniversary of arhitect Ivan Vurnik\u2019s birth<\/h3>\n\t<div class=\"wpb_text_column wpb_content_element\" >\n\t\t<div class=\"wpb_wrapper\">\n\t\t\t<p class=\"translation-block\">At the \u0160ivec House Gallery, a temporary EXHIBITION TO MARK THE 130TH ANNIVERSARY OF ARHITECT IVAN VURNIK\u2019S BIRTH was held between 16 May and 1 June, which presented Vurnik\u2019s important architectural works and some of his personal belongings from the \u017dumer family collection.<\/p>\n\n\t\t<\/div>\n\t<\/div>\n<div class=\"vc_empty_space\"   style=\"height: 32px\"><span class=\"vc_empty_space_inner\"><\/span><\/div><h3 style=\"color: #a76e5b;text-align: left\" class=\"vc_custom_heading vc_do_custom_heading\" >Exhibition Ivan Vurnik and Helena Kottler Vurnik: Souvenirs and Visual Identities<\/h3>\n\t<div class=\"wpb_text_column wpb_content_element\" >\n\t\t<div class=\"wpb_wrapper\">\n\t\t\t<p class=\"translation-block\">Between 16 May and 1 June, an exhibition was held at the Radovljica Mansion entitled IVAN VURNIK AND HELENA KOTTLER VURNIK: SOUVENIRS AND VISUAL IDENTITIES \u2013 \u201cVURNIK DAYS 2014\u201d. The exhibition featured the works by 1st, 2nd, and 3rd year students of Industrial Design at the Academy of Fine Arts and Design of the University of Ljubljana, under the supervision of Prof. Vladimir Pezdirc and Assist. Prof. Jure Miklavc, and Graphic Design students, under the supervision of Prof. Ranko Novak.<\/p>\n<p>The best souvenir designs by Industrial Design students were selected for production.<\/p>\n\n\t\t<\/div>\n\t<\/div>\n<div class=\"vc_empty_space\"   style=\"height: 32px\"><span class=\"vc_empty_space_inner\"><\/span><\/div><h3 style=\"color: #a76e5b;text-align: left\" class=\"vc_custom_heading vc_do_custom_heading\" >Exhibition Library within a Library<\/h3>\n\t<div class=\"wpb_text_column wpb_content_element\" >\n\t\t<div class=\"wpb_wrapper\">\n\t\t\t<p>Between 23 May and 15 June 2014 an exhibition called LIBRARY WITHIN A LIBRARY was held at the Anton Toma\u017e Linhart Library in Radovljica, dedicated to Radovljica\u2019s jubilee, i.e. the 130th anniversary of architect Ivan Vurnik\u2019s birth, prepared by Stane Adam and Jure Sinobad. The exhibition presented the materials prepared under the public tender for the National and University Library of Ljubljana, in which the first prize was given to architect Ivan Vurnik but, due to unforeseen circumstances, architect Jo\u017ee Ple\u010dnik's idea was brought to life in the end.<\/p>\n\n\t\t<\/div>\n\t<\/div>\n<div class=\"vc_empty_space\"   style=\"height: 32px\"><span class=\"vc_empty_space_inner\"><\/span><\/div><h3 style=\"color: #a76e5b;text-align: left\" class=\"vc_custom_heading vc_do_custom_heading\" >Ivan Vurnik \u2013 Architect, Professor, and Innovator<\/h3>\n\t<div class=\"wpb_text_column wpb_content_element\" >\n\t\t<div class=\"wpb_wrapper\">\n\t\t\t<p class=\"translation-block\">The main event IVAN VURNIK \u2013 ARCHITECT, PROFESSOR, AND INNOVATOR took place at the Radovljica Mansion on May 31, 2014. There was a discussion with Prof. Janez Ko\u017eelj and Dr. Gojko Zupan, hosted by Tadeja Zupan Arsov. They shed light on the work and life of architect Ivan Vurnik and his wife Helena Kottler Vurnik and placed them within the context of their time and art movements.<\/p>\n<p>The accompanying program provided a video projection exhibition of photographer Miran Kambi\u010d's photos, featuring the works of architect Ivan Vurnik and painter Helena Kottler Vurnik, and an original soundtrack by the composer and guitarist Aleksander Arsov.<\/p>\n\n\t\t<\/div>\n\t<\/div>\n<div class=\"vc_empty_space\"   style=\"height: 32px\"><span class=\"vc_empty_space_inner\"><\/span><\/div><h3 style=\"color: #a76e5b;text-align: left\" class=\"vc_custom_heading vc_do_custom_heading\" >Architectural field trip Vurnik Trail 2014<\/h3>\n\t<div class=\"wpb_text_column wpb_content_element\" >\n\t\t<div class=\"wpb_wrapper\">\n\t\t\t<p>On Saturday, May 31, 2014, the art historian and critic, Dr. Peter Kre\u010di\u010d, offered a guided tour of architectural works called VURNIK\u2019S TRAIL 2014 (the Sokolski dom Hall at Tabor, Cooperative Commercial Bank, St. Peter's Church, Institute of Anatomy in Ljubljana; the Mary Help of Christians basilica and the Chapel of St. Francis of Assisi in Brezje; and Grajski dvor hotel and Villa Savnik in Radovljica).<\/p>\n\n\t\t<\/div>\n\t<\/div>\n<div class=\"vc_btn3-container vc_btn3-inline vc_do_btn\" ><a class=\"vc_general vc_btn3 vc_btn3-size-sm vc_btn3-shape-square vc_btn3-style-flat vc_btn3-icon-left vc_btn3-color-mulled-wine\" href=\"http:\/\/www.centerarhitekture.org\/ca\/wp-content\/uploads\/2017\/08\/zemljevid.pdf\" title=\"\"><i class=\"vc_btn3-icon fa fa-file-pdf-o\"><\/i> Leaflet Vurnik Trail 2014<\/a><\/div><div class=\"vc_empty_space\"   style=\"height: 32px\"><span class=\"vc_empty_space_inner\"><\/span><\/div><h3 style=\"color: #a76e5b;text-align: left\" class=\"vc_custom_heading vc_do_custom_heading\" >Guide to Ivan Vurnik's Architectural Work<\/h3>\n\t<div class=\"wpb_text_column wpb_content_element\" >\n\t\t<div class=\"wpb_wrapper\">\n\t\t\t<p>We prepared the Guide to Ivan Vurnik's Architectural Work, which is free of charge and available at tourist information centres across Slovenia. This guide is accessible to anyone interested in the lives and work of the architect and his wife. It also accompanies the souvenirs from The Gift of Slovenian Architecture collection.<\/p>\n\n\t\t<\/div>\n\t<\/div>\n<div class=\"vc_empty_space\"   style=\"height: 32px\"><span class=\"vc_empty_space_inner\"><\/span><\/div><h3 style=\"color: #a76e5b;text-align: left\" class=\"vc_custom_heading vc_do_custom_heading\" >Playful Architecture workshops: Ivan Vurnik and Helena Kottler Vurnik \u2013 Ornament in Architecture<\/h3>\n\t<div class=\"wpb_text_column wpb_content_element\" >\n\t\t<div class=\"wpb_wrapper\">\n\t\t\t<p>PLAYFUL ARCHITECTURE workshops for primary school children were held under the title IVAN VURNIK AND HELENA KOTTLER VURNIK \u2013 ORNAMENT IN ARCHITECTURE at the \u0160ivec House Gallery between 26 and 30 May 2014.<\/p>\n\n\t\t<\/div>\n\t<\/div>\n<div class=\"vc_empty_space\"   style=\"height: 32px\"><span class=\"vc_empty_space_inner\"><\/span><\/div><h3 style=\"color: #a76e5b;text-align: left\" class=\"vc_custom_heading vc_do_custom_heading\" >Vurnik tour for children<\/h3>\n\t<div class=\"wpb_text_column wpb_content_element\" >\n\t\t<div class=\"wpb_wrapper\">\n\t\t\t<p>The pupils from the Trnovo Primary School were given a Vurnik tour around Ljubljana and shown his architectural works.<\/p>\n\n\t\t<\/div>\n\t<\/div>\n<div class=\"vc_empty_space\"   style=\"height: 32px\"><span class=\"vc_empty_space_inner\"><\/span><\/div><h3 style=\"color: #a76e5b;text-align: left\" class=\"vc_custom_heading vc_do_custom_heading\" >Documentary feature Iskalca (Seekers)<\/h3>\n\t<div class=\"wpb_text_column wpb_content_element\" >\n\t\t<div class=\"wpb_wrapper\">\n\t\t\t<p>On Sunday, June 1, 2014 at 5:20 p.m., there was a rerun of the documentary feature Iskalca (Seekers) on the national TV channel TV SLO 1. The feature, directed by Alma Lapajne, tells the story of the lives and work of Ivan Vurnik and his wife.<\/p>\n\n\t\t<\/div>\n\t<\/div>\n<div class=\"vc_empty_space\"   style=\"height: 32px\"><span class=\"vc_empty_space_inner\"><\/span><\/div><h3 style=\"color: #a76e5b;text-align: left\" class=\"vc_custom_heading vc_do_custom_heading\" >Culinary events<\/h3>\n\t<div class=\"wpb_text_column wpb_content_element\" >\n\t\t<div class=\"wpb_wrapper\">\n\t\t\t<p>During the project preparation we looked into the Vurniks\u2019 everyday and holiday habits, and obtained information from Vurniks\u2019 housekeeper, who still lives in a retirement home in Radovljica. In preparing the menu, chef Uro\u0161 \u0160tefelin brought his own take on the dishes that the couple liked the most. At Vila Podvin restaurant in Mo\u0161nje it was possible to try Vurnik\u2019s tasting menu, a culinary surprise (Okusi Radol\u2019ce).<\/p>\n\n\t\t<\/div>\n\t<\/div>\n<div class=\"vc_empty_space\"   style=\"height: 32px\"><span class=\"vc_empty_space_inner\"><\/span><\/div><h3 style=\"color: #a76e5b;text-align: left\" class=\"vc_custom_heading vc_do_custom_heading\" >Themed window display Vurnik Days 2014<\/h3>\n\t<div class=\"wpb_text_column wpb_content_element\" >\n\t\t<div class=\"wpb_wrapper\">\n\t\t\t<p>At the ARS Gallery, managed by Mladinska knjiga Bookstore in Ljubljana, a VURNIK DAYS 2014 themed window display was set up.<\/p>\n\n\t\t<\/div>\n\t<\/div>\n<div class=\"vc_empty_space\"   style=\"height: 32px\"><span class=\"vc_empty_space_inner\"><\/span><\/div>\n\t<div class=\"wpb_text_column wpb_content_element\" >\n\t\t<div class=\"wpb_wrapper\">\n\t\t\t<p>Extensive efforts were made to disseminate information. All households in Radovljica were informed about the events under Vurnik Days 2014. Local and national media extensively reported on the project. Media partners: DELO, Radio Slovenija, Radiotelevizija Slovenija, Gorenjski Glas, Radio Triglav Jesenice, Gorenjska televizija, and various web portals.<\/p>\n\n\t\t<\/div>\n\t<\/div>\n<\/div><\/div><\/div><div class=\"wpb_column vc_column_container vc_col-sm-4\"><div class=\"vc_column-inner\"><div class=\"wpb_wrapper\">\n<div class=\"vc_grid-container-wrapper vc_clearfix vc_grid-animation-none\">\n\t<div class=\"vc_grid-container vc_clearfix wpb_content_element vc_basic_grid\" data-initial-loading-animation=\"none\" data-vc-grid-settings=\"{&quot;page_id&quot;:142,&quot;style&quot;:&quot;all&quot;,&quot;action&quot;:&quot;vc_get_vc_grid_data&quot;,&quot;shortcode_id&quot;:&quot;1505588456077-956549e0-432a-4&quot;,&quot;tag&quot;:&quot;vc_basic_grid&quot;}\" data-vc-request=\"https:\/\/test.centerarhitekture.org\/wp-admin\/admin-ajax.php\" data-vc-post-id=\"142\" data-vc-public-nonce=\"a664af09a5\">\n\t\t<style data-type=\"vc_shortcodes-custom-css\">.vc_custom_1419240516480{background-color: #f9f9f9 !important;}<\/style><div class=\"vc_grid vc_row vc_grid-gutter-30px vc_pageable-wrapper vc_hook_hover\" data-vc-pageable-content=\"true\"><div class=\"vc_pageable-slide-wrapper vc_clearfix\" data-vc-grid-content=\"true\"><div class=\"vc_grid-item vc_clearfix vc_col-sm-12 vc_grid-item-zone-c-bottom\"><div class=\"vc_grid-item-mini vc_clearfix\"><div class=\"vc_gitem-animated-block\" ><div class=\"vc_gitem-zone vc_gitem-zone-a vc-gitem-zone-height-mode-auto vc-gitem-zone-height-mode-auto-1-1 vc_gitem-is-link\" style=\"background-image: url('https:\/\/test.centerarhitekture.org\/wp-content\/uploads\/2017\/08\/Vurnikova-pot-Miklo\u0161i\u010deva-Eksterier.jpg') !important;\"><a href=\"https:\/\/test.centerarhitekture.org\/en\/vurnikova-pot-2014\/\" title=\"Architectural field trip Vurnik Trail 2014\" class=\"vc_gitem-link vc-zone-link\" ><\/a><img decoding=\"async\" class=\"vc_gitem-zone-img\" src=\"https:\/\/test.centerarhitekture.org\/wp-content\/uploads\/2017\/08\/Vurnikova-pot-Miklo\u0161i\u010deva-Eksterier.jpg\" alt=\"Arhitekturni izlet Vurnikova pot 2014\"><div class=\"vc_gitem-zone-mini\"><\/div><\/div><\/div><div class=\"vc_gitem-zone vc_gitem-zone-c vc_custom_1419240516480\"><div class=\"vc_gitem-zone-mini\"><div class=\"vc_gitem_row vc_row vc_gitem-row-position-top\"><div class=\"vc_col-sm-12 vc_gitem-col vc_gitem-col-align-\"><div class=\"vc_custom_heading vc_gitem-post-data vc_gitem-post-data-source-post_date\" ><div style=\"text-align: left\" >31. 05. 2014<\/div><\/div><div class=\"vc_custom_heading vc_gitem-post-data vc_gitem-post-data-source-post_title\" ><h5 style=\"font-size: 14px;line-height: 14px;text-align: left\" ><a href=\"https:\/\/test.centerarhitekture.org\/en\/vurnikova-pot-2014\/\" class=\"vc_gitem-link\" title=\"Architectural field trip Vurnik Trail 2014\">Architectural field trip Vurnik Trail 2014<\/a><\/h5><\/div><\/div><\/div><\/div><\/div><\/div><div class=\"vc_clearfix\"><\/div><\/div><\/div><\/div>\n\t<\/div>\n<\/div>\n<div class=\"vc_grid-container-wrapper vc_clearfix vc_grid-animation-none\">\n\t<div class=\"vc_grid-container vc_clearfix wpb_content_element vc_basic_grid\" data-initial-loading-animation=\"none\" data-vc-grid-settings=\"{&quot;page_id&quot;:142,&quot;style&quot;:&quot;all&quot;,&quot;action&quot;:&quot;vc_get_vc_grid_data&quot;,&quot;shortcode_id&quot;:&quot;1505588456079-32f79786-1ff3-7&quot;,&quot;tag&quot;:&quot;vc_basic_grid&quot;}\" data-vc-request=\"https:\/\/test.centerarhitekture.org\/wp-admin\/admin-ajax.php\" data-vc-post-id=\"142\" data-vc-public-nonce=\"a664af09a5\">\n\t\t<style data-type=\"vc_shortcodes-custom-css\">.vc_custom_1419240516480{background-color: #f9f9f9 !important;}<\/style><div class=\"vc_grid vc_row vc_grid-gutter-30px vc_pageable-wrapper vc_hook_hover\" data-vc-pageable-content=\"true\"><div class=\"vc_pageable-slide-wrapper vc_clearfix\" data-vc-grid-content=\"true\"><div class=\"vc_grid-item vc_clearfix vc_col-sm-12 vc_grid-item-zone-c-bottom\"><div class=\"vc_grid-item-mini vc_clearfix\"><div class=\"vc_gitem-animated-block\" ><div class=\"vc_gitem-zone vc_gitem-zone-a vc-gitem-zone-height-mode-auto vc-gitem-zone-height-mode-auto-1-1 vc_gitem-is-link\" style=\"background-image: url('https:\/\/test.centerarhitekture.org\/wp-content\/uploads\/2017\/08\/Vurnikovmeni_slika.jpg') !important;\"><a href=\"https:\/\/test.centerarhitekture.org\/en\/okusi-radolce-2016-vurnikov-meni\/\" title=\"Taste Radol\u2019ca: Vurnik\u2019s Menu\" class=\"vc_gitem-link vc-zone-link\" ><\/a><img decoding=\"async\" class=\"vc_gitem-zone-img\" src=\"https:\/\/test.centerarhitekture.org\/wp-content\/uploads\/2017\/08\/Vurnikovmeni_slika.jpg\" alt=\"Okusi Radol\u2019ce: Vurnikov meni\"><div class=\"vc_gitem-zone-mini\"><\/div><\/div><\/div><div class=\"vc_gitem-zone vc_gitem-zone-c vc_custom_1419240516480\"><div class=\"vc_gitem-zone-mini\"><div class=\"vc_gitem_row vc_row vc_gitem-row-position-top\"><div class=\"vc_col-sm-12 vc_gitem-col vc_gitem-col-align-\"><div class=\"vc_custom_heading vc_gitem-post-data vc_gitem-post-data-source-post_date\" ><div style=\"text-align: left\" >16. 06. 2014<\/div><\/div><div class=\"vc_custom_heading vc_gitem-post-data vc_gitem-post-data-source-post_title\" ><h5 style=\"font-size: 14px;line-height: 14px;text-align: left\" ><a href=\"https:\/\/test.centerarhitekture.org\/en\/okusi-radolce-2016-vurnikov-meni\/\" class=\"vc_gitem-link\" title=\"Taste Radol\u2019ca: Vurnik\u2019s Menu\">Taste Radol\u2019ca: Vurnik\u2019s Menu<\/a><\/h5><\/div><\/div><\/div><\/div><\/div><\/div><div class=\"vc_clearfix\"><\/div><\/div><\/div><\/div>\n\t<\/div>\n<\/div><\/div><\/div><\/div><\/div><div class=\"vc_row wpb_row vc_row-fluid\"><div class=\"wpb_column vc_column_container vc_col-sm-12\"><div class=\"vc_column-inner\"><div class=\"wpb_wrapper\"><div class=\"vc_empty_space\"   style=\"height: 32px\"><span class=\"vc_empty_space_inner\"><\/span><\/div><\/div><\/div><\/div><\/div>\n<\/div>","protected":false},"excerpt":{"rendered":"VURNIKOVI DNEVI 2014130. OBLETNICA ROJSTVA ARHITEKTA IVANA VURNIKA Vurnikovi dnevi\u00a0 vsako leto obele\u017eujejo spomin na radovlji\u0161kega rojaka arhitekta Ivana Vurnika, ki se je rodil 1. junija 1884 v Radovljici, kjer je pre\u017eivel del svojega \u017eivljenja in umrl leta 1971. Dogodki v okviru praznika Krajevne skupnosti Radovljica, ki so obele\u017eili 130. obletnico rojstva arhitekta Ivana Vurnika,  [...]","protected":false},"author":1,"featured_media":0,"parent":46,"menu_order":0,"comment_status":"closed","ping_status":"closed","template":"","meta":{"iawp_total_views":7,"footnotes":""},"class_list":["post-142","page","type-page","status-publish","hentry"],"_links":{"self":[{"href":"https:\/\/test.centerarhitekture.org\/en\/wp-json\/wp\/v2\/pages\/142","targetHints":{"allow":["GET"]}}],"collection":[{"href":"https:\/\/test.centerarhitekture.org\/en\/wp-json\/wp\/v2\/pages"}],"about":[{"href":"https:\/\/test.centerarhitekture.org\/en\/wp-json\/wp\/v2\/types\/page"}],"author":[{"embeddable":true,"href":"https:\/\/test.centerarhitekture.org\/en\/wp-json\/wp\/v2\/users\/1"}],"replies":[{"embeddable":true,"href":"https:\/\/test.centerarhitekture.org\/en\/wp-json\/wp\/v2\/comments?post=142"}],"version-history":[{"count":32,"href":"https:\/\/test.centerarhitekture.org\/en\/wp-json\/wp\/v2\/pages\/142\/revisions"}],"predecessor-version":[{"id":962,"href":"https:\/\/test.centerarhitekture.org\/en\/wp-json\/wp\/v2\/pages\/142\/revisions\/962"}],"up":[{"embeddable":true,"href":"https:\/\/test.centerarhitekture.org\/en\/wp-json\/wp\/v2\/pages\/46"}],"wp:attachment":[{"href":"https:\/\/test.centerarhitekture.org\/en\/wp-json\/wp\/v2\/media?parent=142"}],"curies":[{"name":"wp","href":"https:\/\/api.w.org\/{rel}","templated":true}]}}