{"id":144,"date":"2017-08-07T22:47:46","date_gmt":"2017-08-07T21:47:46","guid":{"rendered":"https:\/\/test.centerarhitekture.org\/?page_id=144"},"modified":"2017-12-03T21:15:05","modified_gmt":"2017-12-03T21:15:05","slug":"vurnikovi-dnevi-2015","status":"publish","type":"page","link":"https:\/\/test.centerarhitekture.org\/en\/vurnikovidnevi\/vurnikovi-dnevi-2015\/","title":{"rendered":"VURNIK DAYS 2015"},"content":{"rendered":"<div class=\"wpb-content-wrapper\"><div class=\"vc_row wpb_row vc_row-fluid\"><div class=\"wpb_column vc_column_container vc_col-sm-12\"><div class=\"vc_column-inner\"><div class=\"wpb_wrapper\"><div class=\"vc_empty_space\"   style=\"height: 32px\"><span class=\"vc_empty_space_inner\"><\/span><\/div><\/div><\/div><\/div><\/div><div class=\"vc_row wpb_row vc_row-fluid\"><div class=\"wpb_column vc_column_container vc_col-sm-12\"><div class=\"vc_column-inner\"><div class=\"wpb_wrapper\"><h2 style=\"color: #a76e5b;text-align: left\" class=\"vc_custom_heading vc_do_custom_heading\" >VURNIK DAYS 2015<\/h2><\/div><\/div><\/div><\/div><div class=\"vc_row wpb_row vc_row-fluid\"><div class=\"wpb_column vc_column_container vc_col-sm-8\"><div class=\"vc_column-inner\"><div class=\"wpb_wrapper\"><div class=\"vc_row wpb_row vc_inner vc_row-fluid vc_custom_1503749984058 vc_row-has-fill vc_row-o-content-middle vc_row-flex\"><div class=\"wpb_column vc_column_container vc_col-sm-12\"><div class=\"vc_column-inner\"><div class=\"wpb_wrapper\"><h3 style=\"color: #a76e5b;text-align: left\" class=\"vc_custom_heading vc_do_custom_heading\" >131ST ANNIVERSARY OF THE BIRTH OF ARCHITECT IVAN VURNIK<\/h3>\n\t<div class=\"wpb_text_column wpb_content_element\" >\n\t\t<div class=\"wpb_wrapper\">\n\t\t\t<p>Each year, Vurnik Days commemorate the birth of architect Ivan Vurnik, who was born on 1 June 1884 in Radovljica, where he spent most of his life and died in 1971. The events that were held as part of Radovljica\u2019s Local Community holiday and marked the 131st anniversary of architect Ivan Vurnik\u2019s birth took place between 8 May and 2 June 2015.<\/p>\n\n\t\t<\/div>\n\t<\/div>\n<div class=\"vc_btn3-container vc_btn3-inline vc_do_btn\" ><a class=\"vc_general vc_btn3 vc_btn3-size-sm vc_btn3-shape-square vc_btn3-style-flat vc_btn3-color-mulled-wine\" href=\"http:\/\/www.centerarhitekture.org\/ca\/wp-content\/uploads\/2017\/08\/A_plakat_vurnik_2015_print_TISK.pdf\" title=\"\">Poster Vurnik Days 2015<\/a><\/div><\/div><\/div><\/div><\/div><div class=\"vc_empty_space\"   style=\"height: 32px\"><span class=\"vc_empty_space_inner\"><\/span><\/div><h3 style=\"color: #a76e5b;text-align: left\" class=\"vc_custom_heading vc_do_custom_heading\" >Exhibition Vurnik\u2019s Workers\u2019 Colony in Maribor \u2013 Architect Ivan Vurnik<\/h3>\n\t<div class=\"wpb_text_column wpb_content_element\" >\n\t\t<div class=\"wpb_wrapper\">\n\t\t\t<p>The exhibition at the \u0160ivec House Gallery held in 2015 presented less known architect\u2019s work, i.e. Vurnik\u2019s workers\u2019 colony in Maribor. The exhibition was prepared by art historian Dr. Marjeta Ciglene\u010dki, Associate Professor at the Art History Department of the Faculty of Arts of the University of Maribor and senior research fellow at the France Stele Institute of Art History of the Research Centre of the Slovenian Academy of Sciences of Arts, who also wrote the book Vurnikova kolonija v Mariboru (The Vurnik Colony in Maribor) published by Zalo\u017eba ZRC in autumn 2014. Photographs by Miran Kambi\u010d were exhibited as well.<\/p>\n<p>After the opening ceremony, the exhibition\u2019s author, Dr. Marjeta Ciglene\u010dki, led a tour of the exhibition.<\/p>\n<p>The exhibition was produced in collaboration of Research Station of ZRC SAZU Maribor and Center arhitekture Slovenije. During the exhibition two guided tours and two Playful Architecture workshops took place to the topic of architect Ivan Vurnik.<\/p>\n\n\t\t<\/div>\n\t<\/div>\n<div class=\"vc_empty_space\"   style=\"height: 32px\"><span class=\"vc_empty_space_inner\"><\/span><\/div><h3 style=\"color: #a76e5b;text-align: left\" class=\"vc_custom_heading vc_do_custom_heading\" >Juta Krulc exhibition: Life with Gardens<\/h3>\n\t<div class=\"wpb_text_column wpb_content_element\" >\n\t\t<div class=\"wpb_wrapper\">\n\t\t\t<p>At the Dessa Gallery in Ljubljana, an exhibition by Vurnik\u2019s student, Juta Krulc, was opened on Vurnik\u2019s birthday, 1 June, entitled Life with Gardens. In collaboration with the Dessa Gallery, Center arhitekture Slovenije prepared an exhibition of her original garden designs and drawings. The exhibition was opened by art historian Gojko Zupan, MA.<\/p>\n\n\t\t<\/div>\n\t<\/div>\n<div class=\"vc_empty_space\"   style=\"height: 32px\"><span class=\"vc_empty_space_inner\"><\/span><\/div><h3 style=\"color: #a76e5b;text-align: left\" class=\"vc_custom_heading vc_do_custom_heading\" >Architectural field trip Vurnik Trail 2015<\/h3>\n\t<div class=\"wpb_text_column wpb_content_element\" >\n\t\t<div class=\"wpb_wrapper\">\n\t\t\t<p>On Sunday, 31 May 2015, we prepared an architectural field trip, Vurnik Trail 2015, guided by Dr. Andrej Smrekar, curator of the National Gallery of Slovenia. We visited Saint Peter\u2019s Church on Trubarjeva cesta, whose fa\u00e7ade was renovated in the late 1930s by Ivan Vurnik, while the mosaics on the fa\u00e7ade are by painter Helena Kottler Vurnik; we also admired her paintings inside the church. Our next stop was the Cathedral, where we saw Helena Kottler Vurnik\u2019s painting Mary, Queen of May. Then we visited the former Cooperative Commercial Bank building on Miklo\u0161i\u010deva cesta, and from there took a bus to Saint Catherine\u2019s Church at Topol pri Medvode. Our final stop was the old Radovljica cemetery where we saw the tombs of Vurnik and Resman Vidic families.<\/p>\n\n\t\t<\/div>\n\t<\/div>\n<div class=\"vc_empty_space\"   style=\"height: 32px\"><span class=\"vc_empty_space_inner\"><\/span><\/div><h3 style=\"color: #a76e5b;text-align: left\" class=\"vc_custom_heading vc_do_custom_heading\" >Culinary events<\/h3>\n\t<div class=\"wpb_text_column wpb_content_element\" >\n\t\t<div class=\"wpb_wrapper\">\n\t\t\t<p>The VURNIK\u2019S TASTING MENU was also available during Vurnik Days 2015, a culinary surprise Okusi Radol\u2019ce \u2013 created by renowned chef Uro\u0161 \u0160tefelin.<\/p>\n\n\t\t<\/div>\n\t<\/div>\n<\/div><\/div><\/div><div class=\"wpb_column vc_column_container vc_col-sm-4\"><div class=\"vc_column-inner\"><div class=\"wpb_wrapper\">\n<div class=\"vc_grid-container-wrapper vc_clearfix vc_grid-animation-none\">\n\t<div class=\"vc_grid-container vc_clearfix wpb_content_element vc_basic_grid\" data-initial-loading-animation=\"none\" data-vc-grid-settings=\"{&quot;page_id&quot;:144,&quot;style&quot;:&quot;all&quot;,&quot;action&quot;:&quot;vc_get_vc_grid_data&quot;,&quot;shortcode_id&quot;:&quot;1512335696325-cfce8b03-9036-10&quot;,&quot;tag&quot;:&quot;vc_basic_grid&quot;}\" data-vc-request=\"https:\/\/test.centerarhitekture.org\/wp-admin\/admin-ajax.php\" data-vc-post-id=\"144\" data-vc-public-nonce=\"a664af09a5\">\n\t\t<style data-type=\"vc_shortcodes-custom-css\">.vc_custom_1419240516480{background-color: #f9f9f9 !important;}<\/style><div class=\"vc_grid vc_row vc_grid-gutter-30px vc_pageable-wrapper vc_hook_hover\" data-vc-pageable-content=\"true\"><div class=\"vc_pageable-slide-wrapper vc_clearfix\" data-vc-grid-content=\"true\"><div class=\"vc_grid-item vc_clearfix vc_col-sm-12 vc_grid-item-zone-c-bottom\"><div class=\"vc_grid-item-mini vc_clearfix\"><div class=\"vc_gitem-animated-block\" ><div class=\"vc_gitem-zone vc_gitem-zone-a vc-gitem-zone-height-mode-auto vc-gitem-zone-height-mode-auto-1-1 vc_gitem-is-link\" style=\"background-image: url('https:\/\/test.centerarhitekture.org\/wp-content\/uploads\/2017\/08\/vabilo-Vurnikovi-dnevi.jpg') !important;\"><a href=\"https:\/\/test.centerarhitekture.org\/en\/razstava-vurnikova-kolonija-v-mariboru-arhitekt-ivan-vurnik\/\" title=\"Razstava Vurnikova kolonija v Mariboru &#8211; arhitekt Ivan Vurnik\" class=\"vc_gitem-link vc-zone-link\" ><\/a><img decoding=\"async\" class=\"vc_gitem-zone-img\" src=\"https:\/\/test.centerarhitekture.org\/wp-content\/uploads\/2017\/08\/vabilo-Vurnikovi-dnevi.jpg\" alt=\"Razstava Vurnikova kolonija v Mariboru - arhitekt Ivan Vurnik\"><div class=\"vc_gitem-zone-mini\"><\/div><\/div><\/div><div class=\"vc_gitem-zone vc_gitem-zone-c vc_custom_1419240516480\"><div class=\"vc_gitem-zone-mini\"><div class=\"vc_gitem_row vc_row vc_gitem-row-position-top\"><div class=\"vc_col-sm-12 vc_gitem-col vc_gitem-col-align-\"><div class=\"vc_custom_heading vc_gitem-post-data vc_gitem-post-data-source-post_date\" ><div style=\"text-align: left\" >22. 04. 2015<\/div><\/div><div class=\"vc_custom_heading vc_gitem-post-data vc_gitem-post-data-source-post_title\" ><h3 style=\"text-align: left\" ><a href=\"https:\/\/test.centerarhitekture.org\/en\/razstava-vurnikova-kolonija-v-mariboru-arhitekt-ivan-vurnik\/\" class=\"vc_gitem-link\" title=\"Razstava Vurnikova kolonija v Mariboru &#8211; arhitekt Ivan Vurnik\">Exhibition Vurnik\u2019s Workers\u2019 Colony in Maribor \u2013 Architect Ivan Vurnik<\/a><\/h3><\/div><\/div><\/div><\/div><\/div><\/div><div class=\"vc_clearfix\"><\/div><\/div><\/div><\/div>\n\t<\/div>\n<\/div>\n<div class=\"vc_grid-container-wrapper vc_clearfix vc_grid-animation-none\">\n\t<div class=\"vc_grid-container vc_clearfix wpb_content_element vc_basic_grid\" data-initial-loading-animation=\"none\" data-vc-grid-settings=\"{&quot;page_id&quot;:144,&quot;style&quot;:&quot;all&quot;,&quot;action&quot;:&quot;vc_get_vc_grid_data&quot;,&quot;shortcode_id&quot;:&quot;1512335696328-4c157cca-e07c-5&quot;,&quot;tag&quot;:&quot;vc_basic_grid&quot;}\" data-vc-request=\"https:\/\/test.centerarhitekture.org\/wp-admin\/admin-ajax.php\" data-vc-post-id=\"144\" data-vc-public-nonce=\"a664af09a5\">\n\t\t<style data-type=\"vc_shortcodes-custom-css\">.vc_custom_1419240516480{background-color: #f9f9f9 !important;}<\/style><div class=\"vc_grid vc_row vc_grid-gutter-30px vc_pageable-wrapper vc_hook_hover\" data-vc-pageable-content=\"true\"><div class=\"vc_pageable-slide-wrapper vc_clearfix\" data-vc-grid-content=\"true\"><div class=\"vc_grid-item vc_clearfix vc_col-sm-12 vc_grid-item-zone-c-bottom\"><div class=\"vc_grid-item-mini vc_clearfix\"><div class=\"vc_gitem-animated-block\" ><div class=\"vc_gitem-zone vc_gitem-zone-a vc-gitem-zone-height-mode-auto vc-gitem-zone-height-mode-auto-1-1 vc_gitem-is-link\" style=\"background-image: url('https:\/\/test.centerarhitekture.org\/wp-content\/uploads\/2017\/08\/krIMG_4314.jpg') !important;\"><a href=\"https:\/\/test.centerarhitekture.org\/en\/razstava-juta-krulc-zivljenje-z-vrtovi\/\" title=\"Juta Krulc exhibition: Life with Gardens\" class=\"vc_gitem-link vc-zone-link\" ><\/a><img decoding=\"async\" class=\"vc_gitem-zone-img\" src=\"https:\/\/test.centerarhitekture.org\/wp-content\/uploads\/2017\/08\/krIMG_4314.jpg\" alt=\"Razstava Juta Krulc: \u017divljenje z vrtovi\"><div class=\"vc_gitem-zone-mini\"><\/div><\/div><\/div><div class=\"vc_gitem-zone vc_gitem-zone-c vc_custom_1419240516480\"><div class=\"vc_gitem-zone-mini\"><div class=\"vc_gitem_row vc_row vc_gitem-row-position-top\"><div class=\"vc_col-sm-12 vc_gitem-col vc_gitem-col-align-\"><div class=\"vc_custom_heading vc_gitem-post-data vc_gitem-post-data-source-post_date\" ><div style=\"text-align: left\" >01. 06. 2015<\/div><\/div><div class=\"vc_custom_heading vc_gitem-post-data vc_gitem-post-data-source-post_title\" ><h3 style=\"text-align: left\" ><a href=\"https:\/\/test.centerarhitekture.org\/en\/razstava-juta-krulc-zivljenje-z-vrtovi\/\" class=\"vc_gitem-link\" title=\"Juta Krulc exhibition: Life with Gardens\">Juta Krulc exhibition: Life with Gardens<\/a><\/h3><\/div><\/div><\/div><\/div><\/div><\/div><div class=\"vc_clearfix\"><\/div><\/div><\/div><\/div>\n\t<\/div>\n<\/div><\/div><\/div><\/div><\/div><div class=\"vc_row wpb_row vc_row-fluid\"><div class=\"wpb_column vc_column_container vc_col-sm-12\"><div class=\"vc_column-inner\"><div class=\"wpb_wrapper\"><div class=\"vc_empty_space\"   style=\"height: 32px\"><span class=\"vc_empty_space_inner\"><\/span><\/div><\/div><\/div><\/div><\/div>\n<\/div>","protected":false},"excerpt":{"rendered":"VURNIKOVI DNEVI 2015131. OBLETNICA ROJSTVA ARHITEKTA IVANA VURNIKA Vurnikovi dnevi\u00a0 vsako leto obele\u017eujejo spomin na radovlji\u0161kega rojaka arhitekta Ivana Vurnika, ki se je rodil 1. junija 1884 v Radovljici, kjer je pre\u017eivel del svojega \u017eivljenja in umrl leta 1971. Dogodki v okviru praznika Krajevne skupnosti Radovljica, ki so obele\u017eili 131. obletnico rojstva arhitekta Ivana Vurnika,  [...]","protected":false},"author":1,"featured_media":0,"parent":46,"menu_order":0,"comment_status":"closed","ping_status":"closed","template":"","meta":{"iawp_total_views":3,"footnotes":""},"class_list":["post-144","page","type-page","status-publish","hentry"],"_links":{"self":[{"href":"https:\/\/test.centerarhitekture.org\/en\/wp-json\/wp\/v2\/pages\/144","targetHints":{"allow":["GET"]}}],"collection":[{"href":"https:\/\/test.centerarhitekture.org\/en\/wp-json\/wp\/v2\/pages"}],"about":[{"href":"https:\/\/test.centerarhitekture.org\/en\/wp-json\/wp\/v2\/types\/page"}],"author":[{"embeddable":true,"href":"https:\/\/test.centerarhitekture.org\/en\/wp-json\/wp\/v2\/users\/1"}],"replies":[{"embeddable":true,"href":"https:\/\/test.centerarhitekture.org\/en\/wp-json\/wp\/v2\/comments?post=144"}],"version-history":[{"count":27,"href":"https:\/\/test.centerarhitekture.org\/en\/wp-json\/wp\/v2\/pages\/144\/revisions"}],"predecessor-version":[{"id":1589,"href":"https:\/\/test.centerarhitekture.org\/en\/wp-json\/wp\/v2\/pages\/144\/revisions\/1589"}],"up":[{"embeddable":true,"href":"https:\/\/test.centerarhitekture.org\/en\/wp-json\/wp\/v2\/pages\/46"}],"wp:attachment":[{"href":"https:\/\/test.centerarhitekture.org\/en\/wp-json\/wp\/v2\/media?parent=144"}],"curies":[{"name":"wp","href":"https:\/\/api.w.org\/{rel}","templated":true}]}}