{"id":146,"date":"2017-08-07T22:48:27","date_gmt":"2017-08-07T21:48:27","guid":{"rendered":"https:\/\/test.centerarhitekture.org\/?page_id=146"},"modified":"2020-03-28T18:20:58","modified_gmt":"2020-03-28T17:20:58","slug":"vurnikovi-dnevi-2016","status":"publish","type":"page","link":"https:\/\/test.centerarhitekture.org\/en\/vurnikovidnevi\/vurnikovi-dnevi-2016\/","title":{"rendered":"VURNIK DAYS 2016"},"content":{"rendered":"<div class=\"wpb-content-wrapper\"><div class=\"vc_row wpb_row vc_row-fluid\"><div class=\"wpb_column vc_column_container vc_col-sm-12\"><div class=\"vc_column-inner\"><div class=\"wpb_wrapper\"><div class=\"vc_empty_space\"   style=\"height: 32px\"><span class=\"vc_empty_space_inner\"><\/span><\/div><\/div><\/div><\/div><\/div><div class=\"vc_row wpb_row vc_row-fluid\"><div class=\"wpb_column vc_column_container vc_col-sm-12\"><div class=\"vc_column-inner\"><div class=\"wpb_wrapper\"><h2 style=\"color: #a76e5b;text-align: left\" class=\"vc_custom_heading vc_do_custom_heading\" >VURNIK DAYS 2016<\/h2><\/div><\/div><\/div><\/div><div class=\"vc_row wpb_row vc_row-fluid\"><div class=\"wpb_column vc_column_container vc_col-sm-8\"><div class=\"vc_column-inner\"><div class=\"wpb_wrapper\"><div class=\"vc_row wpb_row vc_inner vc_row-fluid vc_custom_1503751407913 vc_row-has-fill vc_row-o-content-middle vc_row-flex\"><div class=\"wpb_column vc_column_container vc_col-sm-12\"><div class=\"vc_column-inner\"><div class=\"wpb_wrapper\"><h3 style=\"color: #a76e5b;text-align: left\" class=\"vc_custom_heading vc_do_custom_heading\" >132ND ANNIVERSARY OF THE BIRTH OF ARCHITECT IVAN VURNIK<\/h3>\n\t<div class=\"wpb_text_column wpb_content_element\" >\n\t\t<div class=\"wpb_wrapper\">\n\t\t\t<p>Each year, Vurnik Days commemorate the birth of architect Ivan Vurnik, who was born on 1 June 1884 in Radovljica, where he spent most of his life and died in 1971. The events that were held as part of Radovljica\u2019s Local Community holiday and marked the 132nd anniversary of architect Ivan Vurnik\u2019s birth took place between 1 May and 30 June 2016.<\/p>\n\n\t\t<\/div>\n\t<\/div>\n<div class=\"vc_btn3-container vc_btn3-inline vc_do_btn\" ><a class=\"vc_general vc_btn3 vc_btn3-size-sm vc_btn3-shape-square vc_btn3-style-flat vc_btn3-icon-left vc_btn3-color-mulled-wine\" href=\"http:\/\/www.centerarhitekture.org\/ca\/wp-content\/uploads\/2017\/08\/Vurnikovi_dnevi_2016_plakat_Zadnji.pdf\" title=\"\"><i class=\"vc_btn3-icon fa fa-file-pdf-o\"><\/i> Poster Vurnik Days 2016<\/a><\/div><\/div><\/div><\/div><\/div><div class=\"vc_empty_space\"   style=\"height: 32px\"><span class=\"vc_empty_space_inner\"><\/span><\/div><h3 style=\"color: #a76e5b;text-align: left\" class=\"vc_custom_heading vc_do_custom_heading\" >Exhibition Vurnik\u2019s Workers\u2019 Colony in Maribor \u2013 Inspiration for Contemporary Neighbourhood Design<\/h3>\n\t<div class=\"wpb_text_column wpb_content_element\" >\n\t\t<div class=\"wpb_wrapper\">\n\t\t\t<p>The central event was the opening of the exhibition VURNIK\u2019S WORKERS\u2019 COLONY in Maribor \u2013 Inspiration for Contemporary Neighbourhood Design, where the students from the Faculty of Architecture in Maribor presented their thoughts on contemporary ways of living and town planning, while respecting the tradition and influences of architect Vurnik on the design of residential neighbourhoods.<\/p>\n\n\t\t<\/div>\n\t<\/div>\n<div class=\"vc_empty_space\"   style=\"height: 32px\"><span class=\"vc_empty_space_inner\"><\/span><\/div><h3 style=\"color: #a76e5b;text-align: left\" class=\"vc_custom_heading vc_do_custom_heading\" >Architectural field trip Vurnik Trail 2016<\/h3>\n\t<div class=\"wpb_text_column wpb_content_element\" >\n\t\t<div class=\"wpb_wrapper\">\n\t\t\t<p>On Saturday, 11 June, we prepared the third Vurnik Trail, an exceptionally interesting journey through the legacy of Ivan Vurnik and Helena Kottler Vurnik and architect Maks Fabiani \u2013 in 2015 we celebrated the 150th anniversary of his birth. The journey took us from Radovljica to Trieste and \u0160tanjel, where we visited their most famous works. Finally, we saw a theatre play entitled Fabiani \u2013 The Art of Living in the Nova Gorica Slovenian National Theatre. We were accompanied by Dr. Andrej Smrekar, curator of the National Gallery of Slovenia, and architect Robert Potokar.<\/p>\n\n\t\t<\/div>\n\t<\/div>\n<div class=\"vc_btn3-container vc_btn3-inline vc_do_btn\" ><a class=\"vc_general vc_btn3 vc_btn3-size-sm vc_btn3-shape-square vc_btn3-style-flat vc_btn3-icon-left vc_btn3-color-mulled-wine\" href=\"http:\/\/www.centerarhitekture.org\/ca\/wp-content\/uploads\/2017\/08\/Vurnikova_pot_2016_zlo\u017eenka_print.pdf\" title=\"\"><i class=\"vc_btn3-icon fa fa-file-pdf-o\"><\/i> Leaflet Vurnik Trail 2016<\/a><\/div><div class=\"vc_empty_space\"   style=\"height: 32px\"><span class=\"vc_empty_space_inner\"><\/span><\/div><h3 style=\"color: #a76e5b;text-align: left\" class=\"vc_custom_heading vc_do_custom_heading\" >Playful Architecture workshops: Architect Ivan Vurnik and Painter Helena Kottler Vurnik<\/h3>\n\t<div class=\"wpb_text_column wpb_content_element\" >\n\t\t<div class=\"wpb_wrapper\">\n\t\t\t<p>8th class pupils of the Municipality of Radovljica\u2019s primary schools took part in Playful Architecture workshops, entitled Architect Ivan Vurnik and Painter Helena Kottler Vurnik, held by Center arhitekture Slovenije at the \u0160ivec House Gallery.<\/p>\n\n\t\t<\/div>\n\t<\/div>\n<div class=\"vc_empty_space\"   style=\"height: 32px\"><span class=\"vc_empty_space_inner\"><\/span><\/div><h3 style=\"color: #a76e5b;text-align: left\" class=\"vc_custom_heading vc_do_custom_heading\" >Culinary events<\/h3>\n\t<div class=\"wpb_text_column wpb_content_element\" >\n\t\t<div class=\"wpb_wrapper\">\n\t\t\t<p>On Wednesday, 1 June 2016 at 5.30 p.m., KUD Linhartov oder held Pozdrav trti (A Toast to the Vine) at the Kunstelj inn garden, with poetry by Tone Pav\u010dek, and directed and selected by Alenka Bole Vrabec.<\/p>\n\n\t\t<\/div>\n\t<\/div>\n\n\t<div class=\"wpb_text_column wpb_content_element\" >\n\t\t<div class=\"wpb_wrapper\">\n\t\t\t<p>On Monday, 30 May, the elderly at nursing home Dom dr. Janka Benedika baked Vurnik\u2019s cookies, which were then offered to guests attending the opening of the exhibition at the \u0160ivec House Gallery.<\/p>\n\n\t\t<\/div>\n\t<\/div>\n\n\t<div class=\"wpb_text_column wpb_content_element\" >\n\t\t<div class=\"wpb_wrapper\">\n\t\t\t<p>The VURNIK\u2019S TASTING MENU was also available during Vurnik Days 2016, a culinary surprise Okusi Radol\u2019ce \u2013 created by renowned chef Uro\u0161 \u0160tefelin.<\/p>\n\n\t\t<\/div>\n\t<\/div>\n<div class=\"vc_empty_space\"   style=\"height: 32px\"><span class=\"vc_empty_space_inner\"><\/span><\/div><h3 style=\"color: #a76e5b;text-align: left\" class=\"vc_custom_heading vc_do_custom_heading\" >Music events<\/h3>\n\t<div class=\"wpb_text_column wpb_content_element\" >\n\t\t<div class=\"wpb_wrapper\">\n\t\t\t<p>Friday, 3 June 2016 at 8:30 p.m., atrium of the Radovljica rectory: Alenka Bole Vrabec gave a recital entitled Pav\u010dek\u2019s Angels, accompanied by the harp.<\/p>\n\n\t\t<\/div>\n\t<\/div>\n\n\t<div class=\"wpb_text_column wpb_content_element\" >\n\t\t<div class=\"wpb_wrapper\">\n\t\t\t<p>Tuesday, 7. June 2016 at 17:00 p.m., Radovljica mansion hall: performance of chamber groups and presentation of awards to the best students of the Radovljica Music School.<\/p>\n\n\t\t<\/div>\n\t<\/div>\n<\/div><\/div><\/div><div class=\"wpb_column vc_column_container vc_col-sm-4\"><div class=\"vc_column-inner\"><div class=\"wpb_wrapper\">\n<div class=\"vc_grid-container-wrapper vc_clearfix vc_grid-animation-none\">\n\t<div class=\"vc_grid-container vc_clearfix wpb_content_element vc_basic_grid\" data-initial-loading-animation=\"none\" data-vc-grid-settings=\"{&quot;page_id&quot;:146,&quot;style&quot;:&quot;all&quot;,&quot;action&quot;:&quot;vc_get_vc_grid_data&quot;,&quot;shortcode_id&quot;:&quot;1585416029635-fa3037ab-2a75-5&quot;,&quot;tag&quot;:&quot;vc_basic_grid&quot;}\" data-vc-request=\"https:\/\/test.centerarhitekture.org\/wp-admin\/admin-ajax.php\" data-vc-post-id=\"146\" data-vc-public-nonce=\"a664af09a5\">\n\t\t<style data-type=\"vc_shortcodes-custom-css\">.vc_custom_1419240516480{background-color: #f9f9f9 !important;}<\/style><div class=\"vc_grid vc_row vc_grid-gutter-30px vc_pageable-wrapper vc_hook_hover\" data-vc-pageable-content=\"true\"><div class=\"vc_pageable-slide-wrapper vc_clearfix\" data-vc-grid-content=\"true\"><div class=\"vc_grid-item vc_clearfix vc_col-sm-12 vc_grid-item-zone-c-bottom\"><div class=\"vc_grid-item-mini vc_clearfix\"><div class=\"vc_gitem-animated-block\" ><div class=\"vc_gitem-zone vc_gitem-zone-a vc-gitem-zone-height-mode-auto vc-gitem-zone-height-mode-auto-1-1 vc_gitem-is-link\" style=\"background-image: url('https:\/\/test.centerarhitekture.org\/wp-content\/uploads\/2017\/08\/Razstava-vurnikova-kolonija.jpg') !important;\"><a href=\"https:\/\/test.centerarhitekture.org\/en\/razstava-vurnikova-kolonija-v-mariboru-inspiracija-za-nacrtovanje-sodobnih-sotesk\/\" title=\"Razstava Vurnikova kolonija v Mariboru &#8211; Inspiracija za na\u010drtovanje sodobnih sotesk\" class=\"vc_gitem-link vc-zone-link\" ><\/a><img decoding=\"async\" class=\"vc_gitem-zone-img\" src=\"https:\/\/test.centerarhitekture.org\/wp-content\/uploads\/2017\/08\/Razstava-vurnikova-kolonija.jpg\" alt=\"Razstava Vurnikova kolonija v Mariboru - Inspiracija za na\u010drtovanje sodobnih sotesk\"><div class=\"vc_gitem-zone-mini\"><\/div><\/div><\/div><div class=\"vc_gitem-zone vc_gitem-zone-c vc_custom_1419240516480\"><div class=\"vc_gitem-zone-mini\"><div class=\"vc_gitem_row vc_row vc_gitem-row-position-top\"><div class=\"vc_col-sm-12 vc_gitem-col vc_gitem-col-align-\"><div class=\"vc_custom_heading vc_gitem-post-data vc_gitem-post-data-source-post_date\" ><div style=\"text-align: left\" >01. 06. 2016<\/div><\/div><div class=\"vc_custom_heading vc_gitem-post-data vc_gitem-post-data-source-post_title\" ><h3 style=\"text-align: left\" ><a href=\"https:\/\/test.centerarhitekture.org\/en\/razstava-vurnikova-kolonija-v-mariboru-inspiracija-za-nacrtovanje-sodobnih-sotesk\/\" class=\"vc_gitem-link\" title=\"Razstava Vurnikova kolonija v Mariboru &#8211; Inspiracija za na\u010drtovanje sodobnih sotesk\">Razstava Vurnikova kolonija v Mariboru &#8211; Inspiracija za na\u010drtovanje sodobnih sotesk<\/a><\/h3><\/div><\/div><\/div><\/div><\/div><\/div><div class=\"vc_clearfix\"><\/div><\/div><\/div><\/div>\n\t<\/div>\n<\/div>\n<div class=\"vc_grid-container-wrapper vc_clearfix vc_grid-animation-none\">\n\t<div class=\"vc_grid-container vc_clearfix wpb_content_element vc_basic_grid\" data-initial-loading-animation=\"none\" data-vc-grid-settings=\"{&quot;page_id&quot;:146,&quot;style&quot;:&quot;all&quot;,&quot;action&quot;:&quot;vc_get_vc_grid_data&quot;,&quot;shortcode_id&quot;:&quot;1585416029636-b2b87a9d-289f-1&quot;,&quot;tag&quot;:&quot;vc_basic_grid&quot;}\" data-vc-request=\"https:\/\/test.centerarhitekture.org\/wp-admin\/admin-ajax.php\" data-vc-post-id=\"146\" data-vc-public-nonce=\"a664af09a5\">\n\t\t<style data-type=\"vc_shortcodes-custom-css\">.vc_custom_1419240516480{background-color: #f9f9f9 !important;}<\/style><div class=\"vc_grid vc_row vc_grid-gutter-30px vc_pageable-wrapper vc_hook_hover\" data-vc-pageable-content=\"true\"><div class=\"vc_pageable-slide-wrapper vc_clearfix\" data-vc-grid-content=\"true\"><div class=\"vc_grid-item vc_clearfix vc_col-sm-12 vc_grid-item-zone-c-bottom\"><div class=\"vc_grid-item-mini vc_clearfix\"><div class=\"vc_gitem-animated-block\" ><div class=\"vc_gitem-zone vc_gitem-zone-a vc-gitem-zone-height-mode-auto vc-gitem-zone-height-mode-auto-1-1 vc_gitem-is-link\" style=\"background-image: url('https:\/\/test.centerarhitekture.org\/wp-content\/uploads\/2016\/06\/Vurnikova-pot-2016.jpg') !important;\"><a href=\"https:\/\/test.centerarhitekture.org\/en\/arhitekturni-izlet-vurnikova-pot-2016\/\" title=\"Architectural field trip Vurnik Trail 2016\" class=\"vc_gitem-link vc-zone-link\" ><\/a><img decoding=\"async\" class=\"vc_gitem-zone-img\" src=\"https:\/\/test.centerarhitekture.org\/wp-content\/uploads\/2016\/06\/Vurnikova-pot-2016.jpg\" alt=\"Arhitekturni izlet Vurnikova pot 2016\"><div class=\"vc_gitem-zone-mini\"><\/div><\/div><\/div><div class=\"vc_gitem-zone vc_gitem-zone-c vc_custom_1419240516480\"><div class=\"vc_gitem-zone-mini\"><div class=\"vc_gitem_row vc_row vc_gitem-row-position-top\"><div class=\"vc_col-sm-12 vc_gitem-col vc_gitem-col-align-\"><div class=\"vc_custom_heading vc_gitem-post-data vc_gitem-post-data-source-post_date\" ><div style=\"text-align: left\" >11. 06. 2016<\/div><\/div><div class=\"vc_custom_heading vc_gitem-post-data vc_gitem-post-data-source-post_title\" ><h3 style=\"text-align: left\" ><a href=\"https:\/\/test.centerarhitekture.org\/en\/arhitekturni-izlet-vurnikova-pot-2016\/\" class=\"vc_gitem-link\" title=\"Architectural field trip Vurnik Trail 2016\">Architectural field trip Vurnik Trail 2016<\/a><\/h3><\/div><\/div><\/div><\/div><\/div><\/div><div class=\"vc_clearfix\"><\/div><\/div><\/div><\/div>\n\t<\/div>\n<\/div>\n<div class=\"vc_grid-container-wrapper vc_clearfix vc_grid-animation-none\">\n\t<div class=\"vc_grid-container vc_clearfix wpb_content_element vc_basic_grid\" data-initial-loading-animation=\"none\" data-vc-grid-settings=\"{&quot;page_id&quot;:146,&quot;style&quot;:&quot;all&quot;,&quot;action&quot;:&quot;vc_get_vc_grid_data&quot;,&quot;shortcode_id&quot;:&quot;1585416029637-719ee3d2-4121-1&quot;,&quot;tag&quot;:&quot;vc_basic_grid&quot;}\" data-vc-request=\"https:\/\/test.centerarhitekture.org\/wp-admin\/admin-ajax.php\" data-vc-post-id=\"146\" data-vc-public-nonce=\"a664af09a5\">\n\t\t<style data-type=\"vc_shortcodes-custom-css\">.vc_custom_1419240516480{background-color: #f9f9f9 !important;}<\/style><div class=\"vc_grid vc_row vc_grid-gutter-30px vc_pageable-wrapper vc_hook_hover\" data-vc-pageable-content=\"true\"><div class=\"vc_pageable-slide-wrapper vc_clearfix\" data-vc-grid-content=\"true\"><div class=\"vc_grid-item vc_clearfix vc_col-sm-12 vc_grid-item-zone-c-bottom\"><div class=\"vc_grid-item-mini vc_clearfix\"><div class=\"vc_gitem-animated-block\" ><div class=\"vc_gitem-zone vc_gitem-zone-a vc-gitem-zone-height-mode-auto vc-gitem-zone-height-mode-auto-1-1 vc_gitem-is-link\" style=\"background-image: url('https:\/\/test.centerarhitekture.org\/wp-content\/uploads\/2017\/08\/Vurnikovmeni_slika.jpg') !important;\"><a href=\"https:\/\/test.centerarhitekture.org\/en\/okusi-radolce-2016-vurnikov-meni\/\" title=\"Taste Radol\u2019ca: Vurnik\u2019s Menu\" class=\"vc_gitem-link vc-zone-link\" ><\/a><img decoding=\"async\" class=\"vc_gitem-zone-img\" src=\"https:\/\/test.centerarhitekture.org\/wp-content\/uploads\/2017\/08\/Vurnikovmeni_slika.jpg\" alt=\"Okusi Radol\u2019ce: Vurnikov meni\"><div class=\"vc_gitem-zone-mini\"><\/div><\/div><\/div><div class=\"vc_gitem-zone vc_gitem-zone-c vc_custom_1419240516480\"><div class=\"vc_gitem-zone-mini\"><div class=\"vc_gitem_row vc_row vc_gitem-row-position-top\"><div class=\"vc_col-sm-12 vc_gitem-col vc_gitem-col-align-\"><div class=\"vc_custom_heading vc_gitem-post-data vc_gitem-post-data-source-post_date\" ><div style=\"text-align: left\" >16. 06. 2014<\/div><\/div><div class=\"vc_custom_heading vc_gitem-post-data vc_gitem-post-data-source-post_title\" ><h3 style=\"text-align: left\" ><a href=\"https:\/\/test.centerarhitekture.org\/en\/okusi-radolce-2016-vurnikov-meni\/\" class=\"vc_gitem-link\" title=\"Taste Radol\u2019ca: Vurnik\u2019s Menu\">Taste Radol\u2019ca: Vurnik\u2019s Menu<\/a><\/h3><\/div><\/div><\/div><\/div><\/div><\/div><div class=\"vc_clearfix\"><\/div><\/div><\/div><\/div>\n\t<\/div>\n<\/div><\/div><\/div><\/div><\/div><div class=\"vc_row wpb_row vc_row-fluid\"><div class=\"wpb_column vc_column_container vc_col-sm-12\"><div class=\"vc_column-inner\"><div class=\"wpb_wrapper\"><div class=\"vc_empty_space\"   style=\"height: 32px\"><span class=\"vc_empty_space_inner\"><\/span><\/div><\/div><\/div><\/div><\/div>\n<\/div>","protected":false},"excerpt":{"rendered":"VURNIKOVI DNEVI 2016132. OBLETNICA ROJSTVA ARHITEKTA IVANA VURNIKA Vurnikovi dnevi\u00a0 vsako leto obele\u017eujejo spomin na radovlji\u0161kega rojaka arhitekta Ivana Vurnika, ki se je rodil 1. junija 1884 v Radovljici, kjer je pre\u017eivel del svojega \u017eivljenja in umrl leta 1971. Dogodki v okviru praznika Krajevne skupnosti Radovljica, ki so obele\u017eili 132. obletnico rojstva arhitekta Ivana Vurnika,  [...]","protected":false},"author":1,"featured_media":0,"parent":46,"menu_order":0,"comment_status":"closed","ping_status":"closed","template":"","meta":{"iawp_total_views":3,"footnotes":""},"class_list":["post-146","page","type-page","status-publish","hentry"],"_links":{"self":[{"href":"https:\/\/test.centerarhitekture.org\/en\/wp-json\/wp\/v2\/pages\/146","targetHints":{"allow":["GET"]}}],"collection":[{"href":"https:\/\/test.centerarhitekture.org\/en\/wp-json\/wp\/v2\/pages"}],"about":[{"href":"https:\/\/test.centerarhitekture.org\/en\/wp-json\/wp\/v2\/types\/page"}],"author":[{"embeddable":true,"href":"https:\/\/test.centerarhitekture.org\/en\/wp-json\/wp\/v2\/users\/1"}],"replies":[{"embeddable":true,"href":"https:\/\/test.centerarhitekture.org\/en\/wp-json\/wp\/v2\/comments?post=146"}],"version-history":[{"count":24,"href":"https:\/\/test.centerarhitekture.org\/en\/wp-json\/wp\/v2\/pages\/146\/revisions"}],"predecessor-version":[{"id":3092,"href":"https:\/\/test.centerarhitekture.org\/en\/wp-json\/wp\/v2\/pages\/146\/revisions\/3092"}],"up":[{"embeddable":true,"href":"https:\/\/test.centerarhitekture.org\/en\/wp-json\/wp\/v2\/pages\/46"}],"wp:attachment":[{"href":"https:\/\/test.centerarhitekture.org\/en\/wp-json\/wp\/v2\/media?parent=146"}],"curies":[{"name":"wp","href":"https:\/\/api.w.org\/{rel}","templated":true}]}}