{"id":18,"date":"2017-08-07T19:48:19","date_gmt":"2017-08-07T18:48:19","guid":{"rendered":"https:\/\/test.centerarhitekture.org\/?page_id=18"},"modified":"2025-10-09T06:36:21","modified_gmt":"2025-10-09T04:36:21","slug":"o-nas","status":"publish","type":"page","link":"https:\/\/test.centerarhitekture.org\/en\/o-nas\/","title":{"rendered":"ABOUT US"},"content":{"rendered":"<div class=\"wpb-content-wrapper\"><div class=\"vc_row wpb_row vc_row-fluid\"><div class=\"wpb_column vc_column_container vc_col-sm-12\"><div class=\"vc_column-inner\"><div class=\"wpb_wrapper\"><div class=\"vc_empty_space\"   style=\"height: 32px\"><span class=\"vc_empty_space_inner\"><\/span><\/div><\/div><\/div><\/div><\/div><div class=\"vc_row wpb_row vc_row-fluid vc_custom_1583793804237 vc_row-has-fill\"><div class=\"wpb_column vc_column_container vc_col-sm-12 vc_col-has-fill\"><div class=\"vc_column-inner vc_custom_1752000698312\"><div class=\"wpb_wrapper\"><div class=\"vc_empty_space\"   style=\"height: 12px\"><span class=\"vc_empty_space_inner\"><\/span><\/div><div class=\"vc_row wpb_row vc_inner vc_row-fluid\"><div class=\"wpb_column vc_column_container vc_col-sm-8 vc_col-has-fill\"><div class=\"vc_column-inner vc_custom_1752000692199\"><div class=\"wpb_wrapper\"><div class=\"vc_empty_space\"   style=\"height: 10px\"><span class=\"vc_empty_space_inner\"><\/span><\/div>\n\t<div  class=\"wpb_single_image wpb_content_element vc_align_left wpb_content_element\">\n\t\t\n\t\t<figure class=\"wpb_wrapper vc_figure\">\n\t\t\t<div class=\"vc_single_image-wrapper   vc_box_border_grey\"><img decoding=\"async\" width=\"800\" height=\"534\" src=\"https:\/\/test.centerarhitekture.org\/wp-content\/uploads\/2024\/11\/CAS_O-nas.jpg\" class=\"vc_single_image-img attachment-full\" alt=\"\" title=\"CAS_O-nas\" srcset=\"https:\/\/test.centerarhitekture.org\/wp-content\/uploads\/2024\/11\/CAS_O-nas-18x12.jpg 18w, https:\/\/test.centerarhitekture.org\/wp-content\/uploads\/2024\/11\/CAS_O-nas-200x134.jpg 200w, https:\/\/test.centerarhitekture.org\/wp-content\/uploads\/2024\/11\/CAS_O-nas-300x200.jpg 300w, https:\/\/test.centerarhitekture.org\/wp-content\/uploads\/2024\/11\/CAS_O-nas-400x267.jpg 400w, https:\/\/test.centerarhitekture.org\/wp-content\/uploads\/2024\/11\/CAS_O-nas-500x334.jpg 500w, https:\/\/test.centerarhitekture.org\/wp-content\/uploads\/2024\/11\/CAS_O-nas-600x401.jpg 600w, https:\/\/test.centerarhitekture.org\/wp-content\/uploads\/2024\/11\/CAS_O-nas-700x467.jpg 700w, https:\/\/test.centerarhitekture.org\/wp-content\/uploads\/2024\/11\/CAS_O-nas-768x513.jpg 768w, https:\/\/test.centerarhitekture.org\/wp-content\/uploads\/2024\/11\/CAS_O-nas.jpg 800w\" sizes=\"(max-width: 800px) 100vw, 800px\" \/><\/div>\n\t\t<\/figure>\n\t<\/div>\n<div class=\"vc_empty_space\"   style=\"height: 10px\"><span class=\"vc_empty_space_inner\"><\/span><\/div>\n\t<div class=\"wpb_text_column wpb_content_element\" >\n\t\t<div class=\"wpb_wrapper\">\n\t\t\t<div class=\"wpb_text_column wpb_content_element\">\n<div class=\"wpb_wrapper\">\n<p><strong>Center arhitekture Slovenije<\/strong> deluje na podro\u010dju arhitekturne vzgoje in izobra\u017eevanja ter ozave\u0161\u010da o pomenu kakovostno grajenega prostora. Marsikdo se ne zaveda, kako mo\u010dan vpliv imata prostor in arhitektura na na\u0161e \u017eivljenje, zdravje, po\u010dutje, uspe\u0161nost, varnost in zadovoljstvo. Obdajata nas vse \u017eivljenje in dajeta okvir vsem na\u0161im dejavnostim. Vsi ljudje oblikujemo prostor, hkrati pa prostor oblikuje nas. S projekti \u017eelimo izobra\u017eevati in hkrati dvigati zavest o bogati slovenski kulturni in arhitekturni dedi\u0161\u010dini.<\/p>\n<\/div>\n<\/div>\n\n\t\t<\/div>\n\t<\/div>\n<div class=\"vc_empty_space\"   style=\"height: 10px\"><span class=\"vc_empty_space_inner\"><\/span><\/div><h2 style=\"text-align: left\" class=\"vc_custom_heading vc_do_custom_heading\" >VODJI ZAVODA<\/h2>\n\t<div class=\"wpb_text_column wpb_content_element\" >\n\t\t<div class=\"wpb_wrapper\">\n\t\t\t<p style=\"text-align: left;\"><strong>Barbara Viki \u0160ubic<\/strong>,\u00a0u.d.i.a.<strong><br \/>\n<\/strong><a href=\"mailto:barbaraviki.subic@centerarhitekture.org\">barbaraviki.subic\u00a0(at) centerarhitekture.org<\/a><\/p>\n<p style=\"text-align: left;\">doc. mag.<strong>\u00a0Polona Filipi\u010d<\/strong>, u.d.i.a.<strong><br \/>\n<\/strong><a href=\"mailto:polona.filipic@centerarhitekture.org\">polona.filipic\u00a0(at) centerarhitekture.org<\/a><\/p>\n\n\t\t<\/div>\n\t<\/div>\n<div class=\"vc_empty_space\"   style=\"height: 10px\"><span class=\"vc_empty_space_inner\"><\/span><\/div><h2 style=\"text-align: left\" class=\"vc_custom_heading vc_do_custom_heading\" >NA\u0160E SODELAVKE<\/h2>\n\t<div class=\"wpb_text_column wpb_content_element\" >\n\t\t<div class=\"wpb_wrapper\">\n\t\t\t<p style=\"text-align: left;\"><strong>Nives \u010corak<\/strong>,\u00a0u.d.i.a<strong><br \/>\n<\/strong><a href=\"mailto:nives.corak@centerarhitekture.org\">nives.corak\u00a0(at) centerarhitekture.org<\/a><\/p>\n<p style=\"text-align: left;\"><strong>Tina Sili\u010d<\/strong>, m.i.a.<br \/>\n<a href=\"mailto:tina.silic@centerarhitekture.org\">tina.silic (at) centerarhitekture.org<\/a><\/p>\n<p style=\"text-align: left;\"><strong>Tanja Sajovic Vrhovnik, <\/strong>m.i.a.<br \/>\n<a href=\"mailto:tanja.sajovicvrhovnik@centerarhitekture.org\">tanja.sajovicvrhovnik (at) centerarhitekture.org<\/a><\/p>\n<div id=\"gtx-trans\" style=\"position: absolute; left: 281px; top: 118px;\">\n<div class=\"gtx-trans-icon\"><\/div>\n<\/div>\n\n\t\t<\/div>\n\t<\/div>\n<div class=\"vc_empty_space\"   style=\"height: 10px\"><span class=\"vc_empty_space_inner\"><\/span><\/div><h2 style=\"text-align: left\" class=\"vc_custom_heading vc_do_custom_heading\" >ZUNANJI SODELAVKI<\/h2>\n\t<div class=\"wpb_text_column wpb_content_element\" >\n\t\t<div class=\"wpb_wrapper\">\n\t\t\t<p>Karin Ro\u017eman Grde\u0161i\u010d, m.i.a.<br \/>\nLana Topolovec, u.d.i.a.<\/p>\n\n\t\t<\/div>\n\t<\/div>\n<div class=\"vc_empty_space\"   style=\"height: 10px\"><span class=\"vc_empty_space_inner\"><\/span><\/div><h2 style=\"text-align: left\" class=\"vc_custom_heading vc_do_custom_heading\" >TEHNI\u010cNA PODPORA<\/h2>\n\t<div class=\"wpb_text_column wpb_content_element\" >\n\t\t<div class=\"wpb_wrapper\">\n\t\t\t<p>Tamara Babi\u0107, m.i.a.<\/p>\n\n\t\t<\/div>\n\t<\/div>\n<\/div><\/div><\/div><div class=\"wpb_column vc_column_container vc_col-sm-4\"><div class=\"vc_column-inner\"><div class=\"wpb_wrapper\">\n\t<div class=\"wpb_text_column wpb_content_element\" >\n\t\t<div class=\"wpb_wrapper\">\n\t\t\t<div class=\"wpb_text_column wpb_content_element\">\n<div class=\"wpb_wrapper\"><strong>Center arhitekture Slovenije<br \/>\n<\/strong>Zavod za izobra\u017eevanje o arhitekturi, prostoru in oblikovanju<br \/>\nStritarjeva 7, 1000 Ljubljana<\/div>\n<\/div>\n<div class=\"wpb_text_column wpb_content_element\">\n<p style=\"text-align: left;\">Dav\u010dna \u0161tevilka:\u00a0<strong>59106727<\/strong><br \/>\nMati\u010dna \u0161tevilka:\u00a0<strong>6379141000<\/strong><br \/>\nTRR: <strong>SI56 0400 0027 8620 995 (OTP Banka)<\/strong><\/p>\n<\/div>\n\n\t\t<\/div>\n\t<\/div>\n<div class=\"vc_empty_space\"   style=\"height: 12px\"><span class=\"vc_empty_space_inner\"><\/span><\/div>\n\t<div class=\"wpb_raw_code wpb_raw_html wpb_content_element\" >\n\t\t<div class=\"wpb_wrapper\">\n\t\t\t<iframe id=\"enprocent_iframe\" frameborder=\"0\" width=\"800\" height=\"600\" style=\"max-width:100%;\" src=\"https:\/\/www.cnvos.si\/enprocent\/embed\/v2\/?address=RIMSKA%20CESTA%201&city=Ljubljana&name=CENTER%20ARHITEKTURE%20SLOVENIJE%2C%20ZAVOD%20ZA%20IZOBRA%C5%BDEVANJE%20O%20ARHITEKTURI%2C%20PROSTORU%20IN%20OBLIKOVANJU&percent=1.0&postalCode=1000&taxNumber=59106727\"><\/iframe><script src=\"https:\/\/cdnjs.cloudflare.com\/ajax\/libs\/iframe-resizer\/4.3.2\/iframeResizer.min.js\"><\/script><script>iFrameResize({checkOrigin:false},'#enprocent_iframe');<\/script>\n\t\t<\/div>\n\t<\/div>\n<\/div><\/div><\/div><\/div><div class=\"vc_empty_space\"   style=\"height: 12px\"><span class=\"vc_empty_space_inner\"><\/span><\/div><\/div><\/div><\/div><\/div><div class=\"vc_row wpb_row vc_row-fluid\"><div class=\"wpb_column vc_column_container vc_col-sm-12\"><div class=\"vc_column-inner\"><div class=\"wpb_wrapper\"><div class=\"vc_empty_space\"   style=\"height: 32px\"><span class=\"vc_empty_space_inner\"><\/span><\/div><\/div><\/div><\/div><\/div><div class=\"vc_row wpb_row vc_row-fluid\"><div class=\"wpb_column vc_column_container vc_col-sm-6\"><div class=\"vc_column-inner\"><div class=\"wpb_wrapper\"><div class=\"vc_empty_space\"   style=\"height: 30px\"><span class=\"vc_empty_space_inner\"><\/span><\/div><div class=\"vc_row wpb_row vc_inner vc_row-fluid\"><div class=\"wpb_column vc_column_container vc_col-sm-3\"><div class=\"vc_column-inner\"><div class=\"wpb_wrapper\">\n\t<div  class=\"wpb_single_image wpb_content_element vc_align_left wpb_content_element\">\n\t\t\n\t\t<figure class=\"wpb_wrapper vc_figure\">\n\t\t\t<a href=\"http:\/\/www.igrivarhitektura.org\" target=\"_self\" class=\"vc_single_image-wrapper   vc_box_border_grey\"><img decoding=\"async\" width=\"229\" height=\"219\" src=\"https:\/\/test.centerarhitekture.org\/wp-content\/uploads\/2018\/07\/logo_IGRIVA-ARHITEKTURA_hiska-01.png\" class=\"vc_single_image-img attachment-full\" alt=\"\" title=\"logo_IGRIVA ARHITEKTURA_hiska-01\" srcset=\"https:\/\/test.centerarhitekture.org\/wp-content\/uploads\/2018\/07\/logo_IGRIVA-ARHITEKTURA_hiska-01-200x191.png 200w, https:\/\/test.centerarhitekture.org\/wp-content\/uploads\/2018\/07\/logo_IGRIVA-ARHITEKTURA_hiska-01.png 229w\" sizes=\"(max-width: 229px) 100vw, 229px\" \/><\/a>\n\t\t<\/figure>\n\t<\/div>\n<\/div><\/div><\/div><div class=\"wpb_column vc_column_container vc_col-sm-9\"><div class=\"vc_column-inner\"><div class=\"wpb_wrapper\">\n\t<div class=\"wpb_text_column wpb_content_element\" >\n\t\t<div class=\"wpb_wrapper\">\n\t\t\t<p><strong>PLAYFUL ARCHITECTURE<\/strong> is an active educational programme aimed at children and young people to learn about space, architecture, and design, delivered throughout Slovenia.<\/p>\n<p class=\"translation-block\">The Playful Architecture programme, which we run, received the Ple\u010dnik Medal for its contribution towards promoting architectural culture.<\/p>\n\n\t\t<\/div>\n\t<\/div>\n<\/div><\/div><\/div><\/div><div class=\"vc_empty_space\"   style=\"height: 60px\"><span class=\"vc_empty_space_inner\"><\/span><\/div><\/div><\/div><\/div><div class=\"wpb_column vc_column_container vc_col-sm-6\"><div class=\"vc_column-inner\"><div class=\"wpb_wrapper\"><div class=\"vc_empty_space\"   style=\"height: 30px\"><span class=\"vc_empty_space_inner\"><\/span><\/div><div class=\"vc_row wpb_row vc_inner vc_row-fluid\"><div class=\"wpb_column vc_column_container vc_col-sm-3\"><div class=\"vc_column-inner\"><div class=\"wpb_wrapper\">\n\t<div  class=\"wpb_single_image wpb_content_element vc_align_center wpb_content_element\">\n\t\t\n\t\t<figure class=\"wpb_wrapper vc_figure\">\n\t\t\t<a href=\"https:\/\/test.centerarhitekture.org\/en\/trgovinadsa\/\" target=\"_self\" class=\"vc_single_image-wrapper   vc_box_border_grey\"><img decoding=\"async\" width=\"87\" height=\"105\" src=\"https:\/\/test.centerarhitekture.org\/wp-content\/uploads\/2017\/08\/DSA_znak.png\" class=\"vc_single_image-img attachment-full\" alt=\"\" title=\"DSA_znak\" \/><\/a>\n\t\t<\/figure>\n\t<\/div>\n<\/div><\/div><\/div><div class=\"wpb_column vc_column_container vc_col-sm-9\"><div class=\"vc_column-inner\"><div class=\"wpb_wrapper\">\n\t<div class=\"wpb_text_column wpb_content_element\" >\n\t\t<div class=\"wpb_wrapper\">\n\t\t\t<p><strong>THE GIFT OF SLOVENIAN ARCHITECTURE<\/strong>\u00a0is a collection of products with motifs from key works from Slovenian architectural heritage and contemporary architecture.<\/p>\n<p>Nastalo je na pobudo in pod vodstvom\u00a0<em>Centra arhitekture Slovenije<\/em>, ki deluje na podro\u010dju arhitekturne vzgoje, izobra\u017eevanja ter ozave\u0161\u010da o pomenu kakovostno grajenega prostora.<\/p>\n\n\t\t<\/div>\n\t<\/div>\n<\/div><\/div><\/div><\/div><div class=\"vc_empty_space\"   style=\"height: 60px\"><span class=\"vc_empty_space_inner\"><\/span><\/div><\/div><\/div><\/div><\/div><div class=\"vc_row wpb_row vc_row-fluid vc_custom_1532367520494 vc_row-has-fill\"><div class=\"wpb_column vc_column_container vc_col-sm-12\"><div class=\"vc_column-inner\"><div class=\"wpb_wrapper\"><div class=\"vc_empty_space\"   style=\"height: 20px\"><span class=\"vc_empty_space_inner\"><\/span><\/div><div class=\"vc_empty_space\"   style=\"height: 20px\"><span class=\"vc_empty_space_inner\"><\/span><\/div><div class=\"vc_row wpb_row vc_inner vc_row-fluid\"><div class=\"wpb_column vc_column_container vc_col-sm-6\"><div class=\"vc_column-inner\"><div class=\"wpb_wrapper\"><\/div><\/div><\/div><div class=\"wpb_column vc_column_container vc_col-sm-6\"><div class=\"vc_column-inner\"><div class=\"wpb_wrapper\"><\/div><\/div><\/div><\/div><div class=\"vc_empty_space\"   style=\"height: 20px\"><span class=\"vc_empty_space_inner\"><\/span><\/div><div class=\"vc_empty_space\"   style=\"height: 5px\"><span class=\"vc_empty_space_inner\"><\/span><\/div><\/div><\/div><\/div><\/div><div class=\"vc_row wpb_row vc_row-fluid\"><div class=\"wpb_column vc_column_container vc_col-sm-12\"><div class=\"vc_column-inner\"><div class=\"wpb_wrapper\"><div class=\"vc_empty_space\"   style=\"height: 32px\"><span class=\"vc_empty_space_inner\"><\/span><\/div>\n\t<div class=\"wpb_text_column wpb_content_element\" >\n\t\t<div class=\"wpb_wrapper\">\n\t\t\t<p style=\"text-align: center;\"><strong>Do you want to get involved? Are you inspired by our projects?<\/strong><br \/>\nWe are a creative and motivated team that is eager to take on new challenges.<br \/>\nEmail us at <a href=\"mailto:info@centerarhitekture.org\">info (at) centerarhitekture.org<\/a>.<\/p>\n\n\t\t<\/div>\n\t<\/div>\n<\/div><\/div><\/div><\/div><div class=\"vc_row wpb_row vc_row-fluid\"><div class=\"wpb_column vc_column_container vc_col-sm-12\"><div class=\"vc_column-inner\"><div class=\"wpb_wrapper\"><div class=\"vc_empty_space\"   style=\"height: 32px\"><span class=\"vc_empty_space_inner\"><\/span><\/div><\/div><\/div><\/div><\/div>\n<\/div>","protected":false},"excerpt":{"rendered":"Center arhitekture Slovenije deluje na podro\u010dju arhitekturne vzgoje in izobra\u017eevanja ter ozave\u0161\u010da o pomenu kakovostno grajenega prostora. Marsikdo se ne zaveda, kako mo\u010dan vpliv imata prostor in arhitektura na na\u0161e \u017eivljenje, zdravje, po\u010dutje, uspe\u0161nost, varnost in zadovoljstvo. Obdajata nas vse \u017eivljenje in dajeta okvir vsem na\u0161im dejavnostim. Vsi ljudje oblikujemo prostor, hkrati pa prostor oblikuje  [...]","protected":false},"author":1,"featured_media":0,"parent":0,"menu_order":0,"comment_status":"closed","ping_status":"closed","template":"","meta":{"iawp_total_views":911,"footnotes":""},"class_list":["post-18","page","type-page","status-publish","hentry"],"_links":{"self":[{"href":"https:\/\/test.centerarhitekture.org\/en\/wp-json\/wp\/v2\/pages\/18","targetHints":{"allow":["GET"]}}],"collection":[{"href":"https:\/\/test.centerarhitekture.org\/en\/wp-json\/wp\/v2\/pages"}],"about":[{"href":"https:\/\/test.centerarhitekture.org\/en\/wp-json\/wp\/v2\/types\/page"}],"author":[{"embeddable":true,"href":"https:\/\/test.centerarhitekture.org\/en\/wp-json\/wp\/v2\/users\/1"}],"replies":[{"embeddable":true,"href":"https:\/\/test.centerarhitekture.org\/en\/wp-json\/wp\/v2\/comments?post=18"}],"version-history":[{"count":161,"href":"https:\/\/test.centerarhitekture.org\/en\/wp-json\/wp\/v2\/pages\/18\/revisions"}],"predecessor-version":[{"id":5433,"href":"https:\/\/test.centerarhitekture.org\/en\/wp-json\/wp\/v2\/pages\/18\/revisions\/5433"}],"wp:attachment":[{"href":"https:\/\/test.centerarhitekture.org\/en\/wp-json\/wp\/v2\/media?parent=18"}],"curies":[{"name":"wp","href":"https:\/\/api.w.org\/{rel}","templated":true}]}}