{"id":2441,"date":"2019-05-22T06:19:34","date_gmt":"2019-05-22T04:19:34","guid":{"rendered":"https:\/\/test.centerarhitekture.org\/?page_id=2441"},"modified":"2020-05-19T12:40:31","modified_gmt":"2020-05-19T10:40:31","slug":"vurnikovi-dnevi-2019","status":"publish","type":"page","link":"https:\/\/test.centerarhitekture.org\/en\/vurnikovi-dnevi-2019\/","title":{"rendered":"Vurnikovi dnevi 2019"},"content":{"rendered":"<div class=\"wpb-content-wrapper\"><div class=\"vc_row wpb_row vc_row-fluid\"><div class=\"wpb_column vc_column_container vc_col-sm-12\"><div class=\"vc_column-inner\"><div class=\"wpb_wrapper\"><div class=\"vc_empty_space\"   style=\"height: 32px\"><span class=\"vc_empty_space_inner\"><\/span><\/div><\/div><\/div><\/div><\/div><div class=\"vc_row wpb_row vc_row-fluid\"><div class=\"wpb_column vc_column_container vc_col-sm-9\"><div class=\"vc_column-inner\"><div class=\"wpb_wrapper\"><h2 style=\"color: #a76e5b;text-align: left\" class=\"vc_custom_heading vc_do_custom_heading\" >VURNIKOVI DNEVI 2019<\/h2><div class=\"vc_empty_space\"   style=\"height: 32px\"><span class=\"vc_empty_space_inner\"><\/span><\/div><div class=\"vc_row wpb_row vc_inner vc_row-fluid vc_custom_1563465422607 vc_row-has-fill\"><div class=\"wpb_column vc_column_container vc_col-sm-12\"><div class=\"vc_column-inner\"><div class=\"wpb_wrapper\"><div class=\"vc_empty_space\"   style=\"height: 10px\"><span class=\"vc_empty_space_inner\"><\/span><\/div><h3 style=\"color: #a76e5b;text-align: left\" class=\"vc_custom_heading vc_do_custom_heading\" >135. OBLETNICA ROJSTVA IVANA VURNIKA<\/h3>\n\t<div class=\"wpb_text_column wpb_content_element\" >\n\t\t<div class=\"wpb_wrapper\">\n\t\t\t<p>Vurnikovi dnevi vsako leto obele\u017eujejo spomin na radovlji\u0161kega rojaka arhitekta Ivana Vurnika, ki se je rodil 1. junija 1884 v Radovljici, kjer je pre\u017eivel del svojega \u017eivljenja in umrl leta 1971. Dogodki v okviru praznika Krajevne skupnosti Radovljica, ki so obele\u017eili 135. obletnico rojstva arhitekta Ivana Vurnika, so potekali od 23. maja do 30. junija 2019.<\/p>\n\n\t\t<\/div>\n\t<\/div>\n<div class=\"vc_btn3-container vc_btn3-inline vc_do_btn\" ><a class=\"vc_general vc_btn3 vc_btn3-size-sm vc_btn3-shape-square vc_btn3-style-flat vc_btn3-color-mulled-wine\" href=\"http:\/\/www.centerarhitekture.org\/ca\/wp-content\/uploads\/2019\/05\/2019_vurnikovi-dnevi_glavni-plakat_za-web.pdf\" title=\"\">Plakat Vurnikovi dnevi 2019<\/a><\/div><\/div><\/div><\/div><\/div><\/div><\/div><\/div><div class=\"wpb_column vc_column_container vc_col-sm-3\"><div class=\"vc_column-inner\"><div class=\"wpb_wrapper\">\n\t<div  class=\"wpb_single_image wpb_content_element vc_align_left wpb_content_element\">\n\t\t\n\t\t<figure class=\"wpb_wrapper vc_figure\">\n\t\t\t<div class=\"vc_single_image-wrapper   vc_box_border_grey\"><img decoding=\"async\" width=\"798\" height=\"1252\" src=\"https:\/\/test.centerarhitekture.org\/wp-content\/uploads\/2019\/07\/logotipi.jpg\" class=\"vc_single_image-img attachment-full\" alt=\"\" title=\"logotipi\" srcset=\"https:\/\/test.centerarhitekture.org\/wp-content\/uploads\/2019\/07\/logotipi-191x300.jpg 191w, https:\/\/test.centerarhitekture.org\/wp-content\/uploads\/2019\/07\/logotipi-200x314.jpg 200w, https:\/\/test.centerarhitekture.org\/wp-content\/uploads\/2019\/07\/logotipi-400x628.jpg 400w, https:\/\/test.centerarhitekture.org\/wp-content\/uploads\/2019\/07\/logotipi-500x784.jpg 500w, https:\/\/test.centerarhitekture.org\/wp-content\/uploads\/2019\/07\/logotipi-600x941.jpg 600w, https:\/\/test.centerarhitekture.org\/wp-content\/uploads\/2019\/07\/logotipi-653x1024.jpg 653w, https:\/\/test.centerarhitekture.org\/wp-content\/uploads\/2019\/07\/logotipi-700x1098.jpg 700w, https:\/\/test.centerarhitekture.org\/wp-content\/uploads\/2019\/07\/logotipi-768x1205.jpg 768w, https:\/\/test.centerarhitekture.org\/wp-content\/uploads\/2019\/07\/logotipi.jpg 798w\" sizes=\"(max-width: 798px) 100vw, 798px\" \/><\/div>\n\t\t<\/figure>\n\t<\/div>\n<\/div><\/div><\/div><\/div><div class=\"vc_row wpb_row vc_row-fluid\"><div class=\"wpb_column vc_column_container vc_col-sm-9\"><div class=\"vc_column-inner\"><div class=\"wpb_wrapper\"><div class=\"vc_empty_space\"   style=\"height: 32px\"><span class=\"vc_empty_space_inner\"><\/span><\/div><h3 style=\"color: #a76e5b;text-align: left\" class=\"vc_custom_heading vc_do_custom_heading\" >Razstava Zasnove sodobnih ma\u0161nih pla\u0161\u010dev po navdihu umetni\u0161kih del zakoncev Vurnik<\/h3>\n\t<div class=\"wpb_text_column wpb_content_element\" >\n\t\t<div class=\"wpb_wrapper\">\n\t\t\t<p>Osrednji dogodek Vurnikovih dni je v soboto, 1. junija 2019, bil otvoritev razstave ZASNOVE SODOBNIH MA\u0160NIH PLA\u0160\u010cEV PO NAVDIHU UMETNI\u0160KIH DEL ZAKONCEV VURNIK. Razstava je nastala v sodelovanju Centra arhitekture Slovenije in Oddelka za tekstilstvo Naravoslovnotehni\u0161ke fakultete Univerze v Ljubljani. Razstavo sta odprla \u017eupan Ob\u010dine Radovljica, Ciril Globo\u010dnik, in predsednik Krajevne skupnosti Radovljica, Andrej Gol\u010dman.<\/p>\n<p>V spremljevalnem programu sta s harmoniko nastopili u\u010denki Glasbene \u0161ole Radovljica pri profesorju Ga\u0161perju Primo\u017ei\u010du.<\/p>\n<p>Razstava je bila v \u0160iv\u010devi hi\u0161i v Radovljici na ogled do 30. junija 2019.<\/p>\n\n\t\t<\/div>\n\t<\/div>\n<div class=\"vc_btn3-container vc_btn3-inline vc_do_btn\" ><a class=\"vc_general vc_btn3 vc_btn3-size-sm vc_btn3-shape-square vc_btn3-style-flat vc_btn3-icon-left vc_btn3-color-mulled-wine\" href=\"http:\/\/www.centerarhitekture.org\/ca\/wp-content\/uploads\/2019\/07\/2_katalog-razstave_naslovnica-2.pdf\" title=\"\"><i class=\"vc_btn3-icon fa fa-file-pdf-o\"><\/i> Katalog razstave Zasnove sodobnih ma\u0161nih pla\u0161\u010dev po navdihu umetni\u0161kih del zakoncev Vurnik<\/a><\/div><div class=\"vc_empty_space\"   style=\"height: 10px\"><span class=\"vc_empty_space_inner\"><\/span><\/div><h3 style=\"color: #a76e5b;text-align: left\" class=\"vc_custom_heading vc_do_custom_heading\" >Podelitev druge VURNIKOVE \u0160TUDENTSKE NAGRADE<\/h3>\n\t<div class=\"wpb_text_column wpb_content_element\" >\n\t\t<div class=\"wpb_wrapper\">\n\t\t\t<p>Otvoritvi razstave je v radovlji\u0161ki Gra\u0161\u010dini sledila <strong>podelitev druge VURNIKOVE \u0160TUDENTSKE NAGRADE <\/strong>za perspektivnega \u0161tudenta\/\u0161tudentko arhitekture. Novost lanskega leta je bila podelitev prve Vurnikove \u0161tudentske nagrade ob 100. obletnici visoko\u0161olskega \u0161tudija arhitekture na Slovenskem, ki je bil organiziran na pobudo arhitekta Ivana Vurnika. Center arhitekture Slovenije, Krajevna skupnost Radovljica, Ob\u010dina Radovljica, Fakulteta za arhitekturo UL in Fakulteta za gradbeni\u0161tvo, prometno in\u017eenirstvo in arhitekturo UM smo ustanovili Vurnikovo \u0161tudentsko nagrado za perspektivnega \u0161tudenta\/\u0161tudentko arhitekture.<\/p>\n<p>V spremljevalnem programu je nastopil pevski zbor arhitektov Arhivox. Prireditev je vodila Tadeja Zupan Arsov.<\/p>\n<p>V zgornjem nadstropju Gra\u0161\u010dine bodo so bila do 30. junija 2018 na ogled dela \u0161tudentov\/\u0161tudentk, prijavljena za Vurnikovo \u0161tudentsko nagrado.<\/p>\n<p>Ve\u010d o Vurnikovi \u0161tudentski nagradi si lahko preberete na tej <strong><a href=\"https:\/\/test.centerarhitekture.org\/en\/vurnikova-nagrada\/\"><u>povezavi<\/u><\/a>.<\/strong><\/p>\n\n\t\t<\/div>\n\t<\/div>\n<div class=\"vc_btn3-container vc_btn3-inline vc_do_btn\" ><a class=\"vc_general vc_btn3 vc_btn3-size-sm vc_btn3-shape-square vc_btn3-style-flat vc_btn3-icon-left vc_btn3-color-mulled-wine\" href=\"http:\/\/www.centerarhitekture.org\/ca\/wp-content\/uploads\/2019\/07\/4_vurnikova-studentska-nagrada_katalog19-1.pdf\" title=\"\"><i class=\"vc_btn3-icon fa fa-file-pdf-o\"><\/i> Katalog Vurnikova \u0161tudentska nagrada za leto 2019<\/a><\/div><div class=\"vc_empty_space\"   style=\"height: 10px\"><span class=\"vc_empty_space_inner\"><\/span><\/div><h3 style=\"color: #a76e5b;text-align: left\" class=\"vc_custom_heading vc_do_custom_heading\" >Predavanje fotografa Mirana Kambi\u010da: Arhitekturna fotografija in Vurnikov fotografski nate\u010daj<\/h3>\n\t<div class=\"wpb_text_column wpb_content_element\" >\n\t\t<div class=\"wpb_wrapper\">\n\t\t\t<p>V \u010detrtek, 23. maja 2019, ob 20. uri, v dvorani Knji\u017enice A.T. Linharta v Radovljici: <strong>Predavanje fotografa Mirana Kambi\u010da: Arhitekturna fotografija in Vurnikov fotografski nate\u010daj<\/strong><\/p>\n<p>Predavanje fotografa je bilo kot strokovni uvod v Vurnikov fotografski nate\u010daj za osnovno\u0161olce, srednje\u0161olce in odrasle.<\/p>\n<p>Vurnikov fotografski nate\u010daj v okviru Vurnikovih dni 2019 smo pri\u010deli s predavanjem fotografa MIRANA KAMBI\u010cA, ki je bilo v \u010detrtek, 23. maja, ob 20. uri, v dvorani Knji\u017enice A. T. Linharta v Radovljici, kjer je Miran predstavil svoj pogled na arhitekturno fotografijo.<\/p>\n<p>Center arhitekture Slovenije in Krajevna skupnost Radovljica sta vabila k sodelovanju na nate\u010daju za fotografijo, povezano z \u017eivljenjem in delom arhitekta Ivana Vurnika in njegove \u017eene, slikarke in oblikovalke, Helene Kottler Vurnik. Na nate\u010daju so lahko sodelovali tako ljubiteljski kot poklicni fotografi, razen \u010dlani \u017eirije, \u010dlani organizacijskega odbora nate\u010daja in njihovi dru\u017einski \u010dlani.\u00a0 Na nate\u010daju so nate\u010dajniki lahko sodelovali z najve\u010d tremi (3) fotografijami.<\/p>\n<p>Razstava prispelih predlogov je bila v avli Gra\u0161\u010dine na ogled do 30. junija 2019. Razglasitev zmagovalcev je bila na Vurnikov rojstni dan, 1. junija 2019.<\/p>\n<p>Zmagovalec v kategoriji osnovno\u0161olci: Zoran Sokli\u010d<br \/>\nZmagovalka v kategoriji srednje\u0161olci: Pika Polona Horvat<br \/>\nZmagovalka v kategoriji odrasli: Ana Skobe<\/p>\n<p>Zmagovalci so si iz obeh kolekcij Darilo slovenske arhitekture izbrali izdelke v vrednosti 50 eur.<\/p>\n\n\t\t<\/div>\n\t<\/div>\n<div class=\"vc_btn3-container vc_btn3-inline vc_do_btn\" ><button class=\"vc_general vc_btn3 vc_btn3-size-sm vc_btn3-shape-square vc_btn3-style-flat vc_btn3-icon-left vc_btn3-color-mulled-wine\"><i class=\"vc_btn3-icon fa fa-file-pdf-o\"><\/i> Fotografije s predavanja in razstave<\/button><\/div><div class=\"vc_empty_space\"   style=\"height: 10px\"><span class=\"vc_empty_space_inner\"><\/span><\/div><h3 style=\"color: #a76e5b;text-align: left\" class=\"vc_custom_heading vc_do_custom_heading\" >Arhitekturni izlet Vurnikova pot 2019<\/h3>\n\t<div class=\"wpb_text_column wpb_content_element\" >\n\t\t<div class=\"wpb_wrapper\">\n\t\t\t<p>Leto\u0161nja Vurnikova pot bo <strong>v soboto, 21. septembra 2019<\/strong>.<\/p>\n<p>Ob 6.45 se bomo zbrali na avtobusni postaji Radovljica in se ob 7. uri z avtobusom odpeljali proti potovanju po sledeh dedi\u0161\u010dine zakoncev Vurnik ter sodobnej\u0161e arhitekture, povezane z njunim delom. Ostale potnike ob 7:45 poberemo v Ljubljani na parkiri\u0161\u010du Dolgi most. Prvi postanek bo v Sodra\u017eici, v \u017eupni cerkvi sv. Marije Magdalene, v kateri si bomo ogledali secesijski krilni oltar, ki sta ga zasnovala zakonca Vurnik. Pot bomo nadaljevali v Ribnico, kjer si bomo ogledali cerkev sv. \u0160tefana, katere zvonika je leta 1957 zasnoval Jo\u017ee Ple\u010dnik, delo pa je po njegovi smrti dokon\u010dala arhitektka Erna Tom\u0161i\u010d. V notranjosti si bomo ogledali \u0161e tabernakelj, ki je prav tako delo zakoncev Vurnik. Pot bomo nadaljevali po mestu mimo Ljubljanske banke, ki jo je leta 1971 zasnoval arhitekt Milo\u0161 Bon\u010da, do Ribni\u0161kega gradu s Parkom kulturnikov, arhitekta Vlasta Kopa\u010da, Miklove hi\u0161e in rojstne hi\u0161e Bojana Adami\u010da. V nadaljevanju bomo obiskali obnovljena poslopja \u0160krab\u010deve doma\u010dije s sosednjima Kersni\u010devo kova\u010dnico in Bo\u0161tjanovo hi\u0161o, ki sta zaokro\u017eena v edinstveno prizori\u0161\u010de za kulturne dogodke. Iz Ribnice nas bo pot vodila mimo Ko\u010devja do Novega mesta, kjer bo \u010das za kosilo.<\/p>\n<p>Po kosilu si bomo ogledali prenovljene odprte javne povr\u0161ine mestnega sredi\u0161\u010da po na\u010drtih biroja ATELIERarhitekti, zabavi\u0161\u010dno trgovski center Portoval arhitektov Janeza Ko\u017eelja in Jo\u017eeta Jakija in nagrajeno pokopali\u0161\u010de Srebrni\u010de avtorjev arhitektov Ale\u0161a Vodopivca in Nene Gabrovec. Na poti domov si bomo ogledali \u0161e Za\u0161\u010ditno stavbo arheolo\u0161kih ostalin Gutenwertha, ki jo je mojstrsko zasnoval arhitekt Oton Jugovec. Proti poznemu ve\u010deru se bomo vrnili v Radovljico.<\/p>\n<p>Tudi tokratno Vurnikovo pot bo vodil arhitekt Robert Potokar.<\/p>\n<p><strong>Prijavite se lahko od 16. avgusta naprej<\/strong>:<\/p>\n<p>&#8211; po elektronski po\u0161ti: <a href=\"mailto:info@centerarhitekture.org\">info@centerarhitekture.org<\/a><br \/>\n&#8211; osebno ali po telefonu (04) 531 51 12 na Turisti\u010dno informacijskem centru Radovljica<\/p>\n<p>Prispevek 48 \u20ac\/osebo (v ceno je vklju\u010deno kosilo) naka\u017eete na:<\/p>\n<p>CENTER ARHITEKTURE SLOVENIJE<br \/>\nRimska cesta 1<br \/>\n1000 Ljubljana<br \/>\nTRR SI56 3000 0001 0594 764 (Sberbank d.d.) sklic SI00 21092019<br \/>\nNamen: \u201cVurnikova pot, Ime in Priimek\u201d<br \/>\n&#8211; \u010de je ve\u010d udele\u017eencev, ki pla\u010dujejo z enim nakazilom: \u201cVurnikova pot, Priimek in \u0161tevilo udele\u017eencev\u201d<\/p>\n<p>Na avtobusu boste prejeli potrdilo o pla\u010dilu. S pla\u010dilom prispevka je rezervacija potrjena.<\/p>\n<p>Za vse dodatne informacije smo vam na voljo na <a href=\"mailto:info@centerarhitekture.org\">info@centerarhitekture.org<\/a> ali 040 270 232.<\/p>\n\n\t\t<\/div>\n\t<\/div>\n<div class=\"vc_empty_space\"   style=\"height: 10px\"><span class=\"vc_empty_space_inner\"><\/span><\/div><h3 style=\"color: #a76e5b;text-align: left\" class=\"vc_custom_heading vc_do_custom_heading\" >Po sledeh Ivana Vurnika in Helene Kottler Vurnik v Radovljici<\/h3>\n\t<div class=\"wpb_text_column wpb_content_element\" >\n\t\t<div class=\"wpb_wrapper\">\n\t\t\t<p>V sredo, 12. junija 2019, ob 17. uri, v Radovljici: <strong>PO SLEDEH IVANA VURNIKA IN HELENE KOTTLER VURNIK V RADOVLJICI<\/strong><\/p>\n<p>Najprej smo si ogledali Vurnikovo rojstno hi\u0161o, v kateri je urejena spominska soba. Sprejela nas je vnukinja arhitekta Vurnika, ki skrbi za zapu\u0161\u010dino zakoncev Vurnik. Nato smo si ogledali vilo Savnik, ki stoji na vhodu v srednjeve\u0161ki del mesta, hotel Grajski dvor, kopali\u0161\u010de Obla gorica, ogled pa smo zaklju\u010dili na starem radovlji\u0161kem pokopali\u0161\u010du, kjer smo si ogledali dru\u017einski grobnici dru\u017ein Vurnik in Vidic &#8211; Resman. Pot je vodil umetnostni zgodovinar, mag. Gojko Zupan.<\/p>\n\n\t\t<\/div>\n\t<\/div>\n<div class=\"vc_empty_space\"   style=\"height: 10px\"><span class=\"vc_empty_space_inner\"><\/span><\/div><h3 style=\"color: #a76e5b;text-align: left\" class=\"vc_custom_heading vc_do_custom_heading\" >Po sledeh Ivana Vurnika v Mariboru<\/h3>\n\t<div class=\"wpb_text_column wpb_content_element\" >\n\t\t<div class=\"wpb_wrapper\">\n\t\t\t<p>V \u010detrtek, 13. junija 2019, ob 16. uri, v Mariboru: <strong>PO SLEDEH IVANA VURNIKA V MARIBORU<\/strong><\/p>\n<p>Umetnostna zgodovinarka dr. Marjeta Ciglene\u010dki nas je vodila po Vurnikovi delavski koloniji v mestni \u010detrti Tabor in nam predstavila razloge in ozadje nastanka naselja, zgrajenega leta 1929 po na\u010drtih arhitekta Vurnika. Vurnikova delavska kolonija je bila z arhitekturnega in urbanisti\u010dnega vidika izviren slovenski prispevek k takratnim novim evropskim arhitekturnim tokovom in se postavlja ob bok podobnim takratnim gradbenim projektom drugod po svetu. Je primer uspe\u0161ne socialne gradnje v Mariboru, takrat najmo\u010dnej\u0161em sredi\u0161\u010du slovenskega delavstva.<\/p>\n<p>Pot je vodila umetnostna zgodovinarka, dr. Marjeta Ciglene\u010dki.<\/p>\n\n\t\t<\/div>\n\t<\/div>\n<div class=\"vc_empty_space\"   style=\"height: 10px\"><span class=\"vc_empty_space_inner\"><\/span><\/div><h3 style=\"color: #a76e5b;text-align: left\" class=\"vc_custom_heading vc_do_custom_heading\" >Po sledeh Ivana Vurnika in Helene Kottler Vurnik v Ljubljani<\/h3>\n\t<div class=\"wpb_text_column wpb_content_element\" >\n\t\t<div class=\"wpb_wrapper\">\n\t\t\t<p>V soboto, 22. junija 2019, ob 11. uri, v Ljubljani: <strong>PO SLEDEH IVANA VURNIKA IN HELENE KOTTLER VURNIK V LJUBLJANI<\/strong><\/p>\n<p>Ogledali smo si dela arhitekta Ivana Vurnika in njegove \u017eene Helene Kottler Vurnik: Zadru\u017eno gospodarsko banko, Sokolski dom Tabor, cerkev Sv. Petra in Anatomski in\u0161titut. Na poti nas je spremljal kustos Narodne galerije, dr. Andrej Smrekar.<\/p>\n\n\t\t<\/div>\n\t<\/div>\n<div class=\"vc_empty_space\"   style=\"height: 10px\"><span class=\"vc_empty_space_inner\"><\/span><\/div><h3 style=\"color: #a76e5b;text-align: left\" class=\"vc_custom_heading vc_do_custom_heading\" >Playful Architecture workshops: Architect Ivan Vurnik and Painter Helena Kottler Vurnik<\/h3>\n\t<div class=\"wpb_text_column wpb_content_element\" >\n\t\t<div class=\"wpb_wrapper\">\n\t\t\t<p>Od 10. junija do 14. junija 2019 smo v Galeriji \u0160iv\u010deva hi\u0161a v Radovljici v Centru arhitekture Slovenije pripravili delavnice IGRIVA ARHITEKTURA: ARHITEKT IVAN VURNIK IN SLIKARKA HELENA KOTTLER VURNIK za vse 7. razrede radovlji\u0161ke ob\u010dine. Zasnova in izvedba delavnic: Center arhitekture Slovenije, program Igriva arhitektura.<\/p>\n\n\t\t<\/div>\n\t<\/div>\n<div class=\"vc_empty_space\"   style=\"height: 10px\"><span class=\"vc_empty_space_inner\"><\/span><\/div><h3 style=\"color: #a76e5b;text-align: left\" class=\"vc_custom_heading vc_do_custom_heading\" >Culinary events<\/h3>\n\t<div class=\"wpb_text_column wpb_content_element\" >\n\t\t<div class=\"wpb_wrapper\">\n\t\t\t<p>V tednu pred Vurnikovimi dnevi smo s starostniki v Domu dr. Janka Benedika pekli Vurnikove pi\u0161kote, s katerimi smo pogostili goste na otvoritvi razstave v \u0160iv\u010devi hi\u0161i.<\/p>\n<p>Throughout the month, at Vila Podvin restaurant in Mo\u0161nje it was possible to try Vurnik\u2019s tasting menu, created by renowned chef Uro\u0161 \u0160tefelin (a culinary surprise Okusi Radol\u2019ce, www.vilapodvin.si).<\/p>\n\n\t\t<\/div>\n\t<\/div>\n<div class=\"vc_empty_space\"   style=\"height: 10px\"><span class=\"vc_empty_space_inner\"><\/span><\/div><h3 style=\"color: #a76e5b;text-align: left\" class=\"vc_custom_heading vc_do_custom_heading\" >Radovljica\u2019s Local Community Holiday \u2013 events<\/h3>\n\t<div class=\"wpb_text_column wpb_content_element\" >\n\t\t<div class=\"wpb_wrapper\">\n\t\t\t<p>As part of the Radovljica\u2019s Local Community holiday several events organised by Radovljica cultural organisations took place:<\/p>\n<p>V \u010detrtek, 6. junija 2019, ob 19. uri, Avla Radovlji\u0161ke gra\u0161\u010dine: <strong>KONCERT KOMORNIH SKUPIN IN PODELITEV PRIZNANJ NAJBOLJ\u0160IM U\u010cENCEM GLASBENE \u0160OLE RADOVLJICA<\/strong><\/p>\n<p>_______________<\/p>\n<p>V \u010detrtek, 13. junija 2019, ob 18.30, dvorana Glasbene \u0161ole, Radovljica: <strong>NASTOP U\u010cENCEV 1. RAZREDA KLAVIRJA GLASBENE \u0160OLE RADOVLJICA <\/strong><\/p>\n<p>_______________<\/p>\n<p>V \u010detrtek, 20. junija 2019, ob 19. uri, Avla Radovlji\u0161ke gra\u0161\u010dine: <strong>ZAKLJU\u010cNI NASTOP ANSAMBLOV GLASBENE \u0160OLE RADOVLJICA <\/strong><\/p>\n<p>_______________<\/p>\n<p>V petek, 21. junija 2019, ob 19. uri, Vrt \u0160iv\u010deve hi\u0161e, Radovljica: <strong>FRANCE VURNIK: VSEGAZAVEDANJE <\/strong><\/p>\n<p>Linhartov oder \u2013 KUD Radovljica: Recital<\/p>\n\n\t\t<\/div>\n\t<\/div>\n<div class=\"vc_empty_space\"   style=\"height: 10px\"><span class=\"vc_empty_space_inner\"><\/span><\/div>\n\t<div class=\"wpb_text_column wpb_content_element\" >\n\t\t<div class=\"wpb_wrapper\">\n\t\t\t<p><em>Vsi dogodki, razen Vurnikove poti, <\/em><em>so bili brezpla\u010dni.<\/em><\/p>\n\n\t\t<\/div>\n\t<\/div>\n<div class=\"vc_empty_space\"   style=\"height: 32px\"><span class=\"vc_empty_space_inner\"><\/span><\/div><\/div><\/div><\/div><div class=\"wpb_column vc_column_container vc_col-sm-3\"><div class=\"vc_column-inner\"><div class=\"wpb_wrapper\"><div class=\"vc_empty_space\"   style=\"height: 32px\"><span class=\"vc_empty_space_inner\"><\/span><\/div>\n<div class=\"vc_grid-container-wrapper vc_clearfix vc_grid-animation-fadeIn\">\n\t<div class=\"vc_grid-container vc_clearfix wpb_content_element vc_basic_grid\" data-initial-loading-animation=\"fadeIn\" data-vc-grid-settings=\"{&quot;page_id&quot;:2441,&quot;style&quot;:&quot;all&quot;,&quot;action&quot;:&quot;vc_get_vc_grid_data&quot;,&quot;shortcode_id&quot;:&quot;1589884575369-00037949-9420-5&quot;,&quot;tag&quot;:&quot;vc_basic_grid&quot;}\" data-vc-request=\"https:\/\/test.centerarhitekture.org\/wp-admin\/admin-ajax.php\" data-vc-post-id=\"2441\" data-vc-public-nonce=\"a664af09a5\">\n\t\t<style data-type=\"vc_shortcodes-custom-css\">.vc_custom_1419240516480{background-color: #f9f9f9 !important;}<\/style><div class=\"vc_grid vc_row vc_grid-gutter-30px vc_pageable-wrapper vc_hook_hover\" data-vc-pageable-content=\"true\"><div class=\"vc_pageable-slide-wrapper vc_clearfix\" data-vc-grid-content=\"true\"><div class=\"vc_grid-item vc_clearfix vc_col-sm-12 vc_grid-item-zone-c-bottom\"><div class=\"vc_grid-item-mini vc_clearfix\"><div class=\"vc_gitem-animated-block\" ><div class=\"vc_gitem-zone vc_gitem-zone-a vc-gitem-zone-height-mode-auto vc-gitem-zone-height-mode-auto-1-1 vc_gitem-is-link\" style=\"background-image: url('https:\/\/test.centerarhitekture.org\/wp-content\/uploads\/2019\/06\/DSC02398.jpg') !important;\"><a href=\"https:\/\/test.centerarhitekture.org\/en\/razstava-zasnove-sodobnih-masnih-plascev-po-navdihu-umetniskih-del-zakoncev-vurnik\/\" title=\"Razstava Zasnove sodobnih ma\u0161nih pla\u0161\u010dev po navdihu umetni\u0161kih del zakoncev Vurnik\" class=\"vc_gitem-link vc-zone-link\" ><\/a><img decoding=\"async\" class=\"vc_gitem-zone-img\" src=\"https:\/\/test.centerarhitekture.org\/wp-content\/uploads\/2019\/06\/DSC02398.jpg\" alt=\"Razstava Zasnove sodobnih ma\u0161nih pla\u0161\u010dev po navdihu umetni\u0161kih del zakoncev Vurnik\"><div class=\"vc_gitem-zone-mini\"><\/div><\/div><\/div><div class=\"vc_gitem-zone vc_gitem-zone-c vc_custom_1419240516480\"><div class=\"vc_gitem-zone-mini\"><div class=\"vc_gitem_row vc_row vc_gitem-row-position-top\"><div class=\"vc_col-sm-12 vc_gitem-col vc_gitem-col-align-\"><div class=\"vc_custom_heading vc_gitem-post-data vc_gitem-post-data-source-post_date\" ><div style=\"text-align: left\" >01. 06. 2019<\/div><\/div><div class=\"vc_custom_heading vc_gitem-post-data vc_gitem-post-data-source-post_title\" ><h5 style=\"font-size: 14px;line-height: 14px;text-align: left\" ><a href=\"https:\/\/test.centerarhitekture.org\/en\/razstava-zasnove-sodobnih-masnih-plascev-po-navdihu-umetniskih-del-zakoncev-vurnik\/\" class=\"vc_gitem-link\" title=\"Razstava Zasnove sodobnih ma\u0161nih pla\u0161\u010dev po navdihu umetni\u0161kih del zakoncev Vurnik\">Razstava Zasnove sodobnih ma\u0161nih pla\u0161\u010dev po navdihu umetni\u0161kih del zakoncev Vurnik<\/a><\/h5><\/div><\/div><\/div><\/div><\/div><\/div><div class=\"vc_clearfix\"><\/div><\/div><\/div><\/div>\n\t<\/div>\n<\/div><\/div><\/div><\/div><\/div>\n<\/div>","protected":false},"excerpt":{"rendered":"VURNIKOVI DNEVI 2019135. OBLETNICA ROJSTVA IVANA VURNIKA Vurnikovi dnevi vsako leto obele\u017eujejo spomin na radovlji\u0161kega rojaka arhitekta Ivana Vurnika, ki se je rodil 1. junija 1884 v Radovljici, kjer je pre\u017eivel del svojega \u017eivljenja in umrl leta 1971. Dogodki v okviru praznika Krajevne skupnosti Radovljica, ki so obele\u017eili 135. obletnico rojstva arhitekta Ivana Vurnika, so  [...]","protected":false},"author":1,"featured_media":0,"parent":0,"menu_order":0,"comment_status":"closed","ping_status":"closed","template":"","meta":{"iawp_total_views":4,"footnotes":""},"class_list":["post-2441","page","type-page","status-publish","hentry"],"_links":{"self":[{"href":"https:\/\/test.centerarhitekture.org\/en\/wp-json\/wp\/v2\/pages\/2441","targetHints":{"allow":["GET"]}}],"collection":[{"href":"https:\/\/test.centerarhitekture.org\/en\/wp-json\/wp\/v2\/pages"}],"about":[{"href":"https:\/\/test.centerarhitekture.org\/en\/wp-json\/wp\/v2\/types\/page"}],"author":[{"embeddable":true,"href":"https:\/\/test.centerarhitekture.org\/en\/wp-json\/wp\/v2\/users\/1"}],"replies":[{"embeddable":true,"href":"https:\/\/test.centerarhitekture.org\/en\/wp-json\/wp\/v2\/comments?post=2441"}],"version-history":[{"count":16,"href":"https:\/\/test.centerarhitekture.org\/en\/wp-json\/wp\/v2\/pages\/2441\/revisions"}],"predecessor-version":[{"id":3396,"href":"https:\/\/test.centerarhitekture.org\/en\/wp-json\/wp\/v2\/pages\/2441\/revisions\/3396"}],"wp:attachment":[{"href":"https:\/\/test.centerarhitekture.org\/en\/wp-json\/wp\/v2\/media?parent=2441"}],"curies":[{"name":"wp","href":"https:\/\/api.w.org\/{rel}","templated":true}]}}