{"id":2983,"date":"2020-03-17T08:46:13","date_gmt":"2020-03-17T07:46:13","guid":{"rendered":"https:\/\/test.centerarhitekture.org\/?page_id=2983"},"modified":"2024-04-17T21:07:29","modified_gmt":"2024-04-17T19:07:29","slug":"prodajna-mesta","status":"publish","type":"page","link":"https:\/\/test.centerarhitekture.org\/en\/prodajna-mesta\/","title":{"rendered":"PRODAJNA MESTA"},"content":{"rendered":"<div class=\"wpb-content-wrapper\"><div class=\"vc_row wpb_row vc_row-fluid\"><div class=\"wpb_column vc_column_container vc_col-sm-12\"><div class=\"vc_column-inner\"><div class=\"wpb_wrapper\"><div class=\"vc_empty_space\"   style=\"height: 32px\"><span class=\"vc_empty_space_inner\"><\/span><\/div><\/div><\/div><\/div><\/div><div class=\"vc_row wpb_row vc_row-fluid vc_row-o-content-middle vc_row-flex\"><div class=\"wpb_column vc_column_container vc_col-sm-8\"><div class=\"vc_column-inner\"><div class=\"wpb_wrapper\"><h2 style=\"font-size: 22px;text-align: left\" class=\"vc_custom_heading vc_do_custom_heading\" >PRODAJNA MESTA IZDELKOV DARILO SLOVENSKE ARHITEKTURE<\/h2><\/div><\/div><\/div><div class=\"wpb_column vc_column_container vc_col-sm-4\"><div class=\"vc_column-inner\"><div class=\"wpb_wrapper\">\n\t<div  class=\"wpb_single_image wpb_content_element vc_align_center wpb_content_element\">\n\t\t\n\t\t<figure class=\"wpb_wrapper vc_figure\">\n\t\t\t<div class=\"vc_single_image-wrapper   vc_box_border_grey\"><img decoding=\"async\" width=\"242\" height=\"105\" src=\"https:\/\/test.centerarhitekture.org\/wp-content\/uploads\/2017\/08\/DSA_logo.png\" class=\"vc_single_image-img attachment-full\" alt=\"\" title=\"DSA_logo\" \/><\/div>\n\t\t<\/figure>\n\t<\/div>\n<\/div><\/div><\/div><\/div><div class=\"vc_row wpb_row vc_row-fluid\"><div class=\"wpb_column vc_column_container vc_col-sm-12\"><div class=\"vc_column-inner\"><div class=\"wpb_wrapper\"><div class=\"vc_empty_space\"   style=\"height: 32px\"><span class=\"vc_empty_space_inner\"><\/span><\/div><\/div><\/div><\/div><\/div><div class=\"vc_row wpb_row vc_row-fluid\"><div class=\"wpb_column vc_column_container vc_col-sm-8\"><div class=\"vc_column-inner\"><div class=\"wpb_wrapper\">\n\t<div class=\"wpb_text_column wpb_content_element\" >\n\t\t<div class=\"wpb_wrapper\">\n\t\t\t<p style=\"text-align: left;\">Vabljeni k obisku \u0161tevilnih prodajnih mest po Sloveniji:<\/p>\n\n\t\t<\/div>\n\t<\/div>\n\n\t<div class=\"wpb_text_column wpb_content_element\" >\n\t\t<div class=\"wpb_wrapper\">\n\t\t\t<p><strong>Ljubljana: <\/strong>TIC Ljubljana (Krekov trg), Trgovina IKA, Muzeji in galerije mesta Ljubljane (Ple\u010dnikova hi\u0161a, Mestni muzej), Narodni muzej Slovenije (Pre\u0161ernova), Muzej za arhitekturo in oblikovanje, Knjigarna Mladinske knjige (Konzorcij), Dom d.o.o. (Filipov dvorec)<\/p>\n<p><strong>Radovljica: <\/strong>TIC Radovljica, Olimpijski bazen Radovljica<\/p>\n<p><strong>Bled<\/strong>: Galerija MIKAME, Narodni muzej Slovenije (Blejski grad)<\/p>\n<p><strong>\u0160tanjel<\/strong>: Trgovina O2. TURNING WOOD<\/p>\n\n\t\t<\/div>\n\t<\/div>\n<\/div><\/div><\/div><div class=\"wpb_column vc_column_container vc_col-sm-4\"><div class=\"vc_column-inner\"><div class=\"wpb_wrapper\">\n\t<div class=\"wpb_text_column wpb_content_element\" >\n\t\t<div class=\"wpb_wrapper\">\n\t\t\t<p style=\"text-align: left;\">Orders:<\/p>\n\n\t\t<\/div>\n\t<\/div>\n\n\t<div class=\"wpb_text_column wpb_content_element\" >\n\t\t<div class=\"wpb_wrapper\">\n\t\t\t<p style=\"text-align: left;\">Izdelke Darilo slovenske arhitekture lahko naro\u010dite na spodnjem e-naslovu in dogovorili se bomo za dostavo, ki vam ustreza.<\/p>\n\n\t\t<\/div>\n\t<\/div>\n\n\t<div class=\"wpb_text_column wpb_content_element\" >\n\t\t<div class=\"wpb_wrapper\">\n\t\t\t<div class=\"_2cuy _3dgx _2vxa\">\n<p><a href=\"mailto:info@centerarhitekture.org\"><strong>info (at) centerarhitekture.org<\/strong><\/a> or\u00a0<strong>+386 40 270 232<\/strong><\/p>\n<\/div>\n\n\t\t<\/div>\n\t<\/div>\n<\/div><\/div><\/div><\/div><div class=\"vc_row wpb_row vc_row-fluid\"><div class=\"wpb_column vc_column_container vc_col-sm-12\"><div class=\"vc_column-inner\"><div class=\"wpb_wrapper\"><div class=\"vc_empty_space\"   style=\"height: 32px\"><span class=\"vc_empty_space_inner\"><\/span><\/div><\/div><\/div><\/div><\/div><div class=\"vc_row wpb_row vc_row-fluid\"><div class=\"wpb_column vc_column_container vc_col-sm-12\"><div class=\"vc_column-inner\"><div class=\"wpb_wrapper\"><\/div><\/div><\/div><\/div>\n<\/div>","protected":false},"excerpt":{"rendered":"PRODAJNA MESTA IZDELKOV DARILO SLOVENSKE ARHITEKTURE Vabljeni k obisku \u0161tevilnih prodajnih mest po Sloveniji: Ljubljana: TIC Ljubljana (Krekov trg), Trgovina IKA, Muzeji in galerije mesta Ljubljane (Ple\u010dnikova hi\u0161a, Mestni muzej), Narodni muzej Slovenije (Pre\u0161ernova), Muzej za arhitekturo in oblikovanje, Knjigarna Mladinske knjige (Konzorcij), Dom d.o.o. (Filipov dvorec) Radovljica: TIC Radovljica, Olimpijski bazen Radovljica Bled: Galerija  [...]","protected":false},"author":2,"featured_media":0,"parent":0,"menu_order":0,"comment_status":"closed","ping_status":"closed","template":"","meta":{"iawp_total_views":74,"footnotes":""},"class_list":["post-2983","page","type-page","status-publish","hentry"],"_links":{"self":[{"href":"https:\/\/test.centerarhitekture.org\/en\/wp-json\/wp\/v2\/pages\/2983","targetHints":{"allow":["GET"]}}],"collection":[{"href":"https:\/\/test.centerarhitekture.org\/en\/wp-json\/wp\/v2\/pages"}],"about":[{"href":"https:\/\/test.centerarhitekture.org\/en\/wp-json\/wp\/v2\/types\/page"}],"author":[{"embeddable":true,"href":"https:\/\/test.centerarhitekture.org\/en\/wp-json\/wp\/v2\/users\/2"}],"replies":[{"embeddable":true,"href":"https:\/\/test.centerarhitekture.org\/en\/wp-json\/wp\/v2\/comments?post=2983"}],"version-history":[{"count":30,"href":"https:\/\/test.centerarhitekture.org\/en\/wp-json\/wp\/v2\/pages\/2983\/revisions"}],"predecessor-version":[{"id":5111,"href":"https:\/\/test.centerarhitekture.org\/en\/wp-json\/wp\/v2\/pages\/2983\/revisions\/5111"}],"wp:attachment":[{"href":"https:\/\/test.centerarhitekture.org\/en\/wp-json\/wp\/v2\/media?parent=2983"}],"curies":[{"name":"wp","href":"https:\/\/api.w.org\/{rel}","templated":true}]}}