{"id":3065,"date":"2020-03-26T19:51:42","date_gmt":"2020-03-26T18:51:42","guid":{"rendered":"https:\/\/test.centerarhitekture.org\/?page_id=3065"},"modified":"2020-03-27T17:02:52","modified_gmt":"2020-03-27T16:02:52","slug":"projekt-pogum","status":"publish","type":"page","link":"https:\/\/test.centerarhitekture.org\/en\/projekt-pogum\/","title":{"rendered":"PROJEKT POGUM"},"content":{"rendered":"<div class=\"wpb-content-wrapper\"><div class=\"vc_row wpb_row vc_row-fluid\"><div class=\"wpb_column vc_column_container vc_col-sm-12\"><div class=\"vc_column-inner\"><div class=\"wpb_wrapper\"><div class=\"vc_empty_space\"   style=\"height: 32px\"><span class=\"vc_empty_space_inner\"><\/span><\/div><\/div><\/div><\/div><\/div><div class=\"vc_row wpb_row vc_row-fluid\"><div class=\"wpb_column vc_column_container vc_col-sm-8\"><div class=\"vc_column-inner\"><div class=\"wpb_wrapper\"><h2 style=\"text-align: left\" class=\"vc_custom_heading vc_do_custom_heading\" >PROJEKT POGUM<br \/>\nPOdjetnost Gradnik zaUpanja Mladih<\/h2><\/div><\/div><\/div><div class=\"wpb_column vc_column_container vc_col-sm-4\"><div class=\"vc_column-inner\"><div class=\"wpb_wrapper\"><\/div><\/div><\/div><\/div><div class=\"vc_row wpb_row vc_row-fluid\"><div class=\"wpb_column vc_column_container vc_col-sm-8\"><div class=\"vc_column-inner\"><div class=\"wpb_wrapper\"><div class=\"vc_empty_space\"   style=\"height: 20px\"><span class=\"vc_empty_space_inner\"><\/span><\/div><\/div><\/div><\/div><div class=\"wpb_column vc_column_container vc_col-sm-4\"><div class=\"vc_column-inner\"><div class=\"wpb_wrapper\"><\/div><\/div><\/div><\/div><div class=\"vc_row wpb_row vc_row-fluid\"><div class=\"wpb_column vc_column_container vc_col-sm-8\"><div class=\"vc_column-inner\"><div class=\"wpb_wrapper\">\n\t<div class=\"wpb_text_column wpb_content_element\" >\n\t\t<div class=\"wpb_wrapper\">\n\t\t\t<p>Center arhitekture Slovenije s programom Igriva arhitektura kot\u00a0<strong>konzorcijski partner<\/strong>\u00a0sodeluje pri projektu POGUM na podro\u010djih\u00a0<strong>prostora, samooskrbe in kulture.<\/strong><\/p>\n\n\t\t<\/div>\n\t<\/div>\n\n\t<div class=\"wpb_text_column wpb_content_element\" >\n\t\t<div class=\"wpb_wrapper\">\n\t\t\t<p><strong>KOMPETENCA PODJETNOSTI<\/strong><\/p>\n<p>Kompetenca<strong> Samoiniciativnost in podjetnost<\/strong> je sedma kompetenca od osmih v Evropskem Referen\u010dnem Okvirju &#8220;KLJU\u010cNE KOMPETENCE ZA VSE\u017dIVLJENJSKO U\u010cENJE&#8221; Kompetenca je razdeljena na tri podro\u010dja <strong>Ideje in prilo\u017enosti, Viri, Aktivnosti<\/strong>.<\/p>\n<p>Ta tri podro\u010dja so razdeljena na <strong>15 ve\u0161\u010din<\/strong>:<\/p>\n<p><strong>1. Ideje in prilo\u017enosti<\/strong>:<br \/>\nOdkrivanje prilo\u017enosti, Kreativnost, Vizija, Vrednotenje idej, Eti\u010dno in trajnostno mi\u0161ljenje.<\/p>\n<p><strong>2. Viri:<\/strong><br \/>\nSamozavedanje in lastna u\u010dinkovitost, Motivacija in vztrajnost, Zbiranje virov, Finan\u010dna in ekonomska pismenost, Vklju\u010devanje drugih.<\/p>\n<p><strong>3. Aktivnosti:<\/strong><br \/>\nPrevzemanje pobude, Na\u010drtovanje in vodenje, Obvladovanje negotovosti, Nejasnosti in tveganj, Sodelovanje, Izkustveno u\u010denje.<\/p>\n\n\t\t<\/div>\n\t<\/div>\n<div class=\"vc_empty_space\"   style=\"height: 10px\"><span class=\"vc_empty_space_inner\"><\/span><\/div><div class=\"vc_separator wpb_content_element vc_separator_align_center vc_sep_width_100 vc_sep_pos_align_center vc_separator_no_text vc_sep_color_grey wpb_content_element  wpb_content_element\" ><span class=\"vc_sep_holder vc_sep_holder_l\"><span class=\"vc_sep_line\"><\/span><\/span><span class=\"vc_sep_holder vc_sep_holder_r\"><span class=\"vc_sep_line\"><\/span><\/span>\n<\/div><div class=\"vc_empty_space\"   style=\"height: 10px\"><span class=\"vc_empty_space_inner\"><\/span><\/div>\n\t<div class=\"wpb_text_column wpb_content_element\" >\n\t\t<div class=\"wpb_wrapper\">\n\t\t\t<p>Ve\u010d o projektu si lahko preberete na<span style=\"text-decoration: underline;\"><strong> <a href=\"https:\/\/www.zrss.si\/objava\/projekt-pogum\">spletni<\/a><a href=\"https:\/\/www.zrss.si\/objava\/projekt-pogum\"> strani projekta<\/a><\/strong><\/span> POGUM poslovode\u010dega partnerja Zavoda RS za \u0161olstvo.<\/p>\n\n\t\t<\/div>\n\t<\/div>\n<div class=\"vc_empty_space\"   style=\"height: 10px\"><span class=\"vc_empty_space_inner\"><\/span><\/div><div class=\"vc_separator wpb_content_element vc_separator_align_center vc_sep_width_100 vc_sep_pos_align_center vc_separator_no_text vc_sep_color_grey wpb_content_element  wpb_content_element\" ><span class=\"vc_sep_holder vc_sep_holder_l\"><span class=\"vc_sep_line\"><\/span><\/span><span class=\"vc_sep_holder vc_sep_holder_r\"><span class=\"vc_sep_line\"><\/span><\/span>\n<\/div>\n\t<div class=\"wpb_text_column wpb_content_element\" >\n\t\t<div class=\"wpb_wrapper\">\n\t\t\t<p>Nalo\u017ebo sofinancirata <strong>Republika Slovenija<\/strong> and <strong>Evropska unija<\/strong> iz <strong>Evropskega socialnega sklada<\/strong>.<br \/>\nSkupna vi\u0161ina sredstev, namenjenih za izvedbo projekta, zna\u0161a 3.299.864,57 EUR.<\/p>\n\n\t\t<\/div>\n\t<\/div>\n<div class=\"vc_separator wpb_content_element vc_separator_align_center vc_sep_width_100 vc_sep_pos_align_center vc_separator_no_text vc_sep_color_grey wpb_content_element  wpb_content_element\" ><span class=\"vc_sep_holder vc_sep_holder_l\"><span class=\"vc_sep_line\"><\/span><\/span><span class=\"vc_sep_holder vc_sep_holder_r\"><span class=\"vc_sep_line\"><\/span><\/span>\n<\/div><div class=\"vc_empty_space\"   style=\"height: 10px\"><span class=\"vc_empty_space_inner\"><\/span><\/div><div class=\"vc_empty_space\"   style=\"height: 10px\"><span class=\"vc_empty_space_inner\"><\/span><\/div><div class=\"vc_btn3-container vc_btn3-inline vc_do_btn\" ><a class=\"vc_general vc_btn3 vc_btn3-size-md vc_btn3-shape-square vc_btn3-style-modern vc_btn3-icon-left vc_btn3-color-grey\" href=\"http:\/\/www.centerarhitekture.org\/ca\/wp-content\/uploads\/2020\/03\/1.-delovno-sre\u010danje-RIVZ.pdf\" title=\"\" target=\"_blank\"><i class=\"vc_btn3-icon vc-oi vc-oi-download\"><\/i> PRENOS PREDSTAVITVE PROJEKTA<\/a><\/div>\n\t<div class=\"wpb_text_column wpb_content_element\" >\n\t\t<div class=\"wpb_wrapper\">\n\t\t\t<p><em>S klikom na zgornji gumb si lahko prenesete predstavitev projekta POGUM na 1. delovnem sre\u010danju (6. oktobra 2017) vodij PTRO\u0160 &#8220;Krepitev kompetence podjetnosti in spodbujanje pro\u017enega prehajanja med izobra\u017eevanjem in okoljem v osnovnih \u0161olah&#8221;.<\/em><\/p>\n\n\t\t<\/div>\n\t<\/div>\n<\/div><\/div><\/div><div class=\"wpb_column vc_column_container vc_col-sm-4\"><div class=\"vc_column-inner\"><div class=\"wpb_wrapper\">\n\t<div  class=\"wpb_single_image wpb_content_element vc_align_left wpb_content_element\">\n\t\t\n\t\t<figure class=\"wpb_wrapper vc_figure\">\n\t\t\t<a href=\"https:\/\/www.eu-skladi.si\/\" target=\"_blank\" class=\"vc_single_image-wrapper   vc_box_border_grey\"><img decoding=\"async\" width=\"300\" height=\"145\" src=\"https:\/\/test.centerarhitekture.org\/wp-content\/uploads\/2020\/03\/ESS-300x145.jpg\" class=\"vc_single_image-img attachment-medium\" alt=\"\" title=\"ESS\" srcset=\"https:\/\/test.centerarhitekture.org\/wp-content\/uploads\/2020\/03\/ESS-200x97.jpg 200w, https:\/\/test.centerarhitekture.org\/wp-content\/uploads\/2020\/03\/ESS-300x145.jpg 300w, https:\/\/test.centerarhitekture.org\/wp-content\/uploads\/2020\/03\/ESS-400x194.jpg 400w, https:\/\/test.centerarhitekture.org\/wp-content\/uploads\/2020\/03\/ESS-500x242.jpg 500w, https:\/\/test.centerarhitekture.org\/wp-content\/uploads\/2020\/03\/ESS-600x290.jpg 600w, https:\/\/test.centerarhitekture.org\/wp-content\/uploads\/2020\/03\/ESS-700x339.jpg 700w, https:\/\/test.centerarhitekture.org\/wp-content\/uploads\/2020\/03\/ESS-768x372.jpg 768w, https:\/\/test.centerarhitekture.org\/wp-content\/uploads\/2020\/03\/ESS-800x387.jpg 800w, https:\/\/test.centerarhitekture.org\/wp-content\/uploads\/2020\/03\/ESS.jpg 1000w\" sizes=\"(max-width: 300px) 100vw, 300px\" \/><\/a>\n\t\t<\/figure>\n\t<\/div>\n<div class=\"vc_empty_space\"   style=\"height: 10px\"><span class=\"vc_empty_space_inner\"><\/span><\/div>\n\t<div  class=\"wpb_single_image wpb_content_element vc_align_left wpb_content_element\">\n\t\t\n\t\t<figure class=\"wpb_wrapper vc_figure\">\n\t\t\t<a href=\"https:\/\/www.gov.si\/drzavni-organi\/ministrstva\/ministrstvo-za-izobrazevanje-znanost-in-sport\/\" target=\"_blank\" class=\"vc_single_image-wrapper   vc_box_border_grey\"><img decoding=\"async\" width=\"300\" height=\"49\" src=\"https:\/\/test.centerarhitekture.org\/wp-content\/uploads\/2020\/03\/MIZS_transparent-300x49.png\" class=\"vc_single_image-img attachment-medium\" alt=\"\" title=\"MIZS_transparent\" srcset=\"https:\/\/test.centerarhitekture.org\/wp-content\/uploads\/2020\/03\/MIZS_transparent-200x33.png 200w, https:\/\/test.centerarhitekture.org\/wp-content\/uploads\/2020\/03\/MIZS_transparent-300x49.png 300w, https:\/\/test.centerarhitekture.org\/wp-content\/uploads\/2020\/03\/MIZS_transparent-400x65.png 400w, https:\/\/test.centerarhitekture.org\/wp-content\/uploads\/2020\/03\/MIZS_transparent-500x82.png 500w, https:\/\/test.centerarhitekture.org\/wp-content\/uploads\/2020\/03\/MIZS_transparent-600x98.png 600w, https:\/\/test.centerarhitekture.org\/wp-content\/uploads\/2020\/03\/MIZS_transparent-700x114.png 700w, https:\/\/test.centerarhitekture.org\/wp-content\/uploads\/2020\/03\/MIZS_transparent-768x125.png 768w, https:\/\/test.centerarhitekture.org\/wp-content\/uploads\/2020\/03\/MIZS_transparent.png 797w\" sizes=\"(max-width: 300px) 100vw, 300px\" \/><\/a>\n\t\t<\/figure>\n\t<\/div>\n<div class=\"vc_empty_space\"   style=\"height: 10px\"><span class=\"vc_empty_space_inner\"><\/span><\/div><div class=\"vc_empty_space\"   style=\"height: 10px\"><span class=\"vc_empty_space_inner\"><\/span><\/div>\n\t<div  class=\"wpb_single_image wpb_content_element vc_align_left wpb_content_element\">\n\t\t\n\t\t<figure class=\"wpb_wrapper vc_figure\">\n\t\t\t<a href=\"http:\/\/www.zrss.si\/\" target=\"_blank\" class=\"vc_single_image-wrapper   vc_box_border_grey\"><img decoding=\"async\" width=\"1009\" height=\"175\" src=\"https:\/\/test.centerarhitekture.org\/wp-content\/uploads\/2020\/03\/ZRSS_barvni_lezeci.jpg\" class=\"vc_single_image-img attachment-full\" alt=\"\" title=\"ZRSS_barvni_lezeci\" srcset=\"https:\/\/test.centerarhitekture.org\/wp-content\/uploads\/2020\/03\/ZRSS_barvni_lezeci-200x35.jpg 200w, https:\/\/test.centerarhitekture.org\/wp-content\/uploads\/2020\/03\/ZRSS_barvni_lezeci-300x52.jpg 300w, https:\/\/test.centerarhitekture.org\/wp-content\/uploads\/2020\/03\/ZRSS_barvni_lezeci-400x69.jpg 400w, https:\/\/test.centerarhitekture.org\/wp-content\/uploads\/2020\/03\/ZRSS_barvni_lezeci-500x87.jpg 500w, https:\/\/test.centerarhitekture.org\/wp-content\/uploads\/2020\/03\/ZRSS_barvni_lezeci-600x104.jpg 600w, https:\/\/test.centerarhitekture.org\/wp-content\/uploads\/2020\/03\/ZRSS_barvni_lezeci-700x121.jpg 700w, https:\/\/test.centerarhitekture.org\/wp-content\/uploads\/2020\/03\/ZRSS_barvni_lezeci-768x133.jpg 768w, https:\/\/test.centerarhitekture.org\/wp-content\/uploads\/2020\/03\/ZRSS_barvni_lezeci-800x139.jpg 800w, https:\/\/test.centerarhitekture.org\/wp-content\/uploads\/2020\/03\/ZRSS_barvni_lezeci.jpg 1009w\" sizes=\"(max-width: 1009px) 100vw, 1009px\" \/><\/a>\n\t\t<\/figure>\n\t<\/div>\n<div class=\"vc_empty_space\"   style=\"height: 10px\"><span class=\"vc_empty_space_inner\"><\/span><\/div><div class=\"vc_empty_space\"   style=\"height: 10px\"><span class=\"vc_empty_space_inner\"><\/span><\/div>\n\t<div  class=\"wpb_single_image wpb_content_element vc_align_left wpb_content_element\">\n\t\t\n\t\t<figure class=\"wpb_wrapper vc_figure\">\n\t\t\t<a href=\"https:\/\/www.zrss.si\/objava\/projekt-pogum\" target=\"_blank\" class=\"vc_single_image-wrapper   vc_box_border_grey\"><img decoding=\"async\" width=\"300\" height=\"92\" src=\"https:\/\/test.centerarhitekture.org\/wp-content\/uploads\/2020\/03\/POGUM-300x92.jpg\" class=\"vc_single_image-img attachment-medium\" alt=\"\" title=\"BannerESS_FINAL.indd\" srcset=\"https:\/\/test.centerarhitekture.org\/wp-content\/uploads\/2020\/03\/POGUM-200x61.jpg 200w, https:\/\/test.centerarhitekture.org\/wp-content\/uploads\/2020\/03\/POGUM-300x92.jpg 300w, https:\/\/test.centerarhitekture.org\/wp-content\/uploads\/2020\/03\/POGUM-400x123.jpg 400w, https:\/\/test.centerarhitekture.org\/wp-content\/uploads\/2020\/03\/POGUM-500x154.jpg 500w, https:\/\/test.centerarhitekture.org\/wp-content\/uploads\/2020\/03\/POGUM-600x184.jpg 600w, https:\/\/test.centerarhitekture.org\/wp-content\/uploads\/2020\/03\/POGUM.jpg 700w\" sizes=\"(max-width: 300px) 100vw, 300px\" \/><\/a>\n\t\t<\/figure>\n\t<\/div>\n<\/div><\/div><\/div><\/div><div class=\"vc_row wpb_row vc_row-fluid\"><div class=\"wpb_column vc_column_container vc_col-sm-12\"><div class=\"vc_column-inner\"><div class=\"wpb_wrapper\"><div class=\"vc_empty_space\"   style=\"height: 32px\"><span class=\"vc_empty_space_inner\"><\/span><\/div><div class=\"vc_empty_space\"   style=\"height: 32px\"><span class=\"vc_empty_space_inner\"><\/span><\/div><\/div><\/div><\/div><\/div>\n<\/div>","protected":false},"excerpt":{"rendered":"PROJEKT POGUM POdjetnost Gradnik zaUpanja Mladih Center arhitekture Slovenije s programom Igriva arhitektura kot\u00a0konzorcijski partner\u00a0sodeluje pri projektu POGUM na podro\u010djih\u00a0prostora, samooskrbe in kulture. KOMPETENCA PODJETNOSTI Kompetenca Samoiniciativnost in podjetnost je sedma kompetenca od osmih v Evropskem Referen\u010dnem Okvirju \"KLJU\u010cNE KOMPETENCE ZA VSE\u017dIVLJENJSKO U\u010cENJE\" Kompetenca je razdeljena na tri podro\u010dja Ideje in prilo\u017enosti, Viri, Aktivnosti. Ta  [...]","protected":false},"author":2,"featured_media":0,"parent":0,"menu_order":0,"comment_status":"closed","ping_status":"closed","template":"","meta":{"iawp_total_views":20,"footnotes":""},"class_list":["post-3065","page","type-page","status-publish","hentry"],"_links":{"self":[{"href":"https:\/\/test.centerarhitekture.org\/en\/wp-json\/wp\/v2\/pages\/3065","targetHints":{"allow":["GET"]}}],"collection":[{"href":"https:\/\/test.centerarhitekture.org\/en\/wp-json\/wp\/v2\/pages"}],"about":[{"href":"https:\/\/test.centerarhitekture.org\/en\/wp-json\/wp\/v2\/types\/page"}],"author":[{"embeddable":true,"href":"https:\/\/test.centerarhitekture.org\/en\/wp-json\/wp\/v2\/users\/2"}],"replies":[{"embeddable":true,"href":"https:\/\/test.centerarhitekture.org\/en\/wp-json\/wp\/v2\/comments?post=3065"}],"version-history":[{"count":7,"href":"https:\/\/test.centerarhitekture.org\/en\/wp-json\/wp\/v2\/pages\/3065\/revisions"}],"predecessor-version":[{"id":3090,"href":"https:\/\/test.centerarhitekture.org\/en\/wp-json\/wp\/v2\/pages\/3065\/revisions\/3090"}],"wp:attachment":[{"href":"https:\/\/test.centerarhitekture.org\/en\/wp-json\/wp\/v2\/media?parent=3065"}],"curies":[{"name":"wp","href":"https:\/\/api.w.org\/{rel}","templated":true}]}}