{"id":32,"date":"2017-08-07T19:55:16","date_gmt":"2017-08-07T18:55:16","guid":{"rendered":"https:\/\/test.centerarhitekture.org\/?page_id=32"},"modified":"2021-03-01T13:20:39","modified_gmt":"2021-03-01T12:20:39","slug":"darilo-slovenske-arhitekture","status":"publish","type":"page","link":"https:\/\/test.centerarhitekture.org\/en\/darilo-slovenske-arhitekture\/","title":{"rendered":"KOLEKCIJE DARILO SLOVENSKE ARHITEKTURE"},"content":{"rendered":"<div class=\"wpb-content-wrapper\"><div class=\"vc_row wpb_row vc_row-fluid\"><div class=\"wpb_column vc_column_container vc_col-sm-12\"><div class=\"vc_column-inner\"><div class=\"wpb_wrapper\"><div class=\"vc_empty_space\"   style=\"height: 32px\"><span class=\"vc_empty_space_inner\"><\/span><\/div>\n\t<div  class=\"wpb_single_image wpb_content_element vc_align_center wpb_content_element\">\n\t\t\n\t\t<figure class=\"wpb_wrapper vc_figure\">\n\t\t\t<div class=\"vc_single_image-wrapper   vc_box_border_grey\"><img decoding=\"async\" width=\"242\" height=\"105\" src=\"https:\/\/test.centerarhitekture.org\/wp-content\/uploads\/2017\/08\/DSA_logo.png\" class=\"vc_single_image-img attachment-full\" alt=\"\" title=\"DSA_logo\" \/><\/div>\n\t\t<\/figure>\n\t<\/div>\n<\/div><\/div><\/div><\/div><div class=\"vc_row wpb_row vc_row-fluid\"><div class=\"wpb_column vc_column_container vc_col-sm-3\"><div class=\"vc_column-inner\"><div class=\"wpb_wrapper\"><\/div><\/div><\/div><div class=\"wpb_column vc_column_container vc_col-sm-6\"><div class=\"vc_column-inner\"><div class=\"wpb_wrapper\">\n\t<div class=\"wpb_text_column wpb_content_element vc_custom_1583792861443\" >\n\t\t<div class=\"wpb_wrapper\">\n\t\t\t<p style=\"text-align: center;\"><strong>THE GIFT OF SLOVENIAN ARCHITECTURE<\/strong> is a collection of products with motifs from key works from Slovenian architectural heritage and contemporary architecture. It was developed on the initiative and at the direction of Center arhitekture Slovenije, which is engaged in providing education about architecture and awareness raising about the significance of a good-quality built space. <em>Centra arhitekture Slovenije<\/em>, ki deluje na podro\u010dju arhitekturne vzgoje, izobra\u017eevanja ter ozave\u0161\u010da o pomenu kakovostno grajenega prostora.<\/p>\n<p style=\"text-align: center;\">Naj vam bo darilo v navdih!<\/p>\n\n\t\t<\/div>\n\t<\/div>\n<div class=\"vc_btn3-container vc_btn3-center vc_do_btn\" ><a style=\"background-color:#f3859b; color:#ffffff;\" class=\"vc_general vc_btn3 vc_btn3-size-md vc_btn3-shape-square vc_btn3-style-custom\" href=\"http:\/\/www.centerarhitekture.org\/trgovinadsa\/\" title=\"\">VSTOPITE V TRGOVINO<\/a><\/div><\/div><\/div><\/div><div class=\"wpb_column vc_column_container vc_col-sm-3\"><div class=\"vc_column-inner\"><div class=\"wpb_wrapper\"><\/div><\/div><\/div><\/div><div class=\"vc_row wpb_row vc_row-fluid\"><div class=\"wpb_column vc_column_container vc_col-sm-12\"><div class=\"vc_column-inner\"><div class=\"wpb_wrapper\"><div class=\"vc_empty_space\"   style=\"height: 20px\"><span class=\"vc_empty_space_inner\"><\/span><\/div><\/div><\/div><\/div><\/div><div class=\"vc_row wpb_row vc_row-fluid\"><div class=\"wpb_column vc_column_container vc_col-sm-4\"><div class=\"vc_column-inner\"><div class=\"wpb_wrapper\"><div class=\"vc_btn3-container vc_btn3-center vc_do_btn\" ><a style=\"background-color:#ededee; color:#000000;\" class=\"vc_general vc_btn3 vc_btn3-size-lg vc_btn3-shape-square vc_btn3-style-custom vc_btn3-block\" href=\"http:\/\/www.centerarhitekture.org\/kolekcija-ivan-vurnik-helena-kottler-vurnik\/\" title=\"\">Kolekcija: IVAN VURNIK IN HELENA KOTTLER VURNIK<\/a><\/div>\n\t<div  class=\"wpb_single_image wpb_content_element vc_align_left wpb_content_element\">\n\t\t\n\t\t<figure class=\"wpb_wrapper vc_figure\">\n\t\t\t<div class=\"vc_single_image-wrapper   vc_box_border_grey\"><img decoding=\"async\" width=\"640\" height=\"360\" src=\"https:\/\/test.centerarhitekture.org\/wp-content\/uploads\/2018\/01\/home_datadisk_arhiv_assets_transfer_imgcache_main_picture_201405_23_140529898-AR_1-online_l1.jpg\" class=\"vc_single_image-img attachment-full\" alt=\"\" title=\"_home_datadisk_arhiv_assets_transfer_imgcache_main_picture_201405_23_140529898-AR_1-online_l1\" srcset=\"https:\/\/test.centerarhitekture.org\/wp-content\/uploads\/2018\/01\/home_datadisk_arhiv_assets_transfer_imgcache_main_picture_201405_23_140529898-AR_1-online_l1-500x281.jpg 500w, https:\/\/test.centerarhitekture.org\/wp-content\/uploads\/2018\/01\/home_datadisk_arhiv_assets_transfer_imgcache_main_picture_201405_23_140529898-AR_1-online_l1-600x338.jpg 600w, https:\/\/test.centerarhitekture.org\/wp-content\/uploads\/2018\/01\/home_datadisk_arhiv_assets_transfer_imgcache_main_picture_201405_23_140529898-AR_1-online_l1.jpg 640w\" sizes=\"(max-width: 640px) 100vw, 640px\" \/><\/div><figcaption class=\"vc_figure-caption\">Architect Ivan Vurnik (1884\u20131971) and painter and designer Helena Kottler Vurnik (1882\u20131962)<\/figcaption>\n\t\t<\/figure>\n\t<\/div>\n\n\t<div class=\"wpb_text_column wpb_content_element\" >\n\t\t<div class=\"wpb_wrapper\">\n\t\t\t<p>Kolekcija<strong> Darilo slovenske arhitekture: Ivan Vurnik &amp; Helena Kottler Vurnik<\/strong>, ki je prva v seriji, je povezana z delom arhitekta Ivana Vurnika (1884\u20131971) in njegove \u017eene, slikarke Helene Kottler Vurnik (1882\u20131962). Izdelke so oblikovali mladi slovenski oblikovalci in oblikovalke pod okriljem Akademije za likovno umetnost in oblikovanje Univerze v Ljubljani ter so nastali po motivih ene najzanimivej\u0161ih fasad ljubljanskih hi\u0161, dekoracije notranj\u0161\u010dine cerkve sv. Katarine v Topolu pri Medvodah ter s poslikane oltarne mize v kapeli sv. Cirila in Metoda v Vratih. Podjetja <strong>Svilanit<\/strong>, <strong>Luci<\/strong>, <strong>Emma<\/strong>, <strong>Tiskarna in knjigoveznica Radovljica<\/strong> and <strong>ZkotZ<\/strong> so zagotovila kakovost izvedbe omejene serije.<\/p>\n\n\t\t<\/div>\n\t<\/div>\n<div class=\"vc_empty_space\"   style=\"height: 20px\"><span class=\"vc_empty_space_inner\"><\/span><\/div><div class=\"vc_row wpb_row vc_inner vc_row-fluid\"><div class=\"wpb_column vc_column_container vc_col-sm-6\"><div class=\"vc_column-inner\"><div class=\"wpb_wrapper\">\n\t<div  class=\"wpb_single_image wpb_content_element vc_align_left wpb_content_element\">\n\t\t\n\t\t<figure class=\"wpb_wrapper vc_figure\">\n\t\t\t<div class=\"vc_single_image-wrapper   vc_box_border_grey\"><img decoding=\"async\" width=\"400\" height=\"400\" src=\"https:\/\/test.centerarhitekture.org\/wp-content\/uploads\/2017\/08\/Vurnik_motiv.jpg\" class=\"vc_single_image-img attachment-full\" alt=\"\" title=\"Vurnik_motiv\" srcset=\"https:\/\/test.centerarhitekture.org\/wp-content\/uploads\/2017\/08\/Vurnik_motiv-100x100.jpg 100w, https:\/\/test.centerarhitekture.org\/wp-content\/uploads\/2017\/08\/Vurnik_motiv-300x300.jpg 300w, https:\/\/test.centerarhitekture.org\/wp-content\/uploads\/2017\/08\/Vurnik_motiv.jpg 400w\" sizes=\"(max-width: 400px) 100vw, 400px\" \/><\/div><figcaption class=\"vc_figure-caption\">Fasada Zadru\u017ene gospodarske banke v Ljubljani (1922)<\/figcaption>\n\t\t<\/figure>\n\t<\/div>\n<\/div><\/div><\/div><div class=\"wpb_column vc_column_container vc_col-sm-6\"><div class=\"vc_column-inner\"><div class=\"wpb_wrapper\">\n\t<div  class=\"wpb_single_image wpb_content_element vc_align_left wpb_content_element\">\n\t\t\n\t\t<figure class=\"wpb_wrapper vc_figure\">\n\t\t\t<div class=\"vc_single_image-wrapper   vc_box_border_grey\"><img decoding=\"async\" width=\"400\" height=\"400\" src=\"https:\/\/test.centerarhitekture.org\/wp-content\/uploads\/2017\/08\/Helena_motiv.jpg\" class=\"vc_single_image-img attachment-full\" alt=\"\" title=\"Helena_motiv\" srcset=\"https:\/\/test.centerarhitekture.org\/wp-content\/uploads\/2017\/08\/Helena_motiv-100x100.jpg 100w, https:\/\/test.centerarhitekture.org\/wp-content\/uploads\/2017\/08\/Helena_motiv-300x300.jpg 300w, https:\/\/test.centerarhitekture.org\/wp-content\/uploads\/2017\/08\/Helena_motiv.jpg 400w\" sizes=\"(max-width: 400px) 100vw, 400px\" \/><\/div><figcaption class=\"vc_figure-caption\">Mozaik v notranjosti Zadru\u017ene gospodarske banke (1922)<\/figcaption>\n\t\t<\/figure>\n\t<\/div>\n<\/div><\/div><\/div><\/div><div class=\"vc_empty_space\"   style=\"height: 20px\"><span class=\"vc_empty_space_inner\"><\/span><\/div><\/div><\/div><\/div><div class=\"wpb_column vc_column_container vc_col-sm-4\"><div class=\"vc_column-inner\"><div class=\"wpb_wrapper\"><div class=\"vc_btn3-container vc_btn3-center vc_do_btn\" ><a style=\"background-color:#ededee; color:#000000;\" class=\"vc_general vc_btn3 vc_btn3-size-lg vc_btn3-shape-square vc_btn3-style-custom vc_btn3-block\" href=\"http:\/\/www.centerarhitekture.org\/kolekcija-maks-fabiani\/\" title=\"\">Kolekcija: MAKS FABIANI<\/a><\/div><div class=\"vc_empty_space\"   style=\"height: 22px\"><span class=\"vc_empty_space_inner\"><\/span><\/div>\n\t<div  class=\"wpb_single_image wpb_content_element vc_align_left wpb_content_element\">\n\t\t\n\t\t<figure class=\"wpb_wrapper vc_figure\">\n\t\t\t<div class=\"vc_single_image-wrapper   vc_box_border_grey\"><img decoding=\"async\" width=\"640\" height=\"360\" src=\"https:\/\/test.centerarhitekture.org\/wp-content\/uploads\/2018\/01\/maksfabiani-1.jpg\" class=\"vc_single_image-img attachment-full\" alt=\"\" title=\"maksfabiani-1\" srcset=\"https:\/\/test.centerarhitekture.org\/wp-content\/uploads\/2018\/01\/maksfabiani-1-500x281.jpg 500w, https:\/\/test.centerarhitekture.org\/wp-content\/uploads\/2018\/01\/maksfabiani-1-600x338.jpg 600w, https:\/\/test.centerarhitekture.org\/wp-content\/uploads\/2018\/01\/maksfabiani-1.jpg 640w\" sizes=\"(max-width: 640px) 100vw, 640px\" \/><\/div><figcaption class=\"vc_figure-caption\">Architect Maks Fabiani (1865\u20131962)<\/figcaption>\n\t\t<\/figure>\n\t<\/div>\n<div class=\"vc_empty_space\"   style=\"height: 16px\"><span class=\"vc_empty_space_inner\"><\/span><\/div>\n\t<div class=\"wpb_text_column wpb_content_element\" >\n\t\t<div class=\"wpb_wrapper\">\n\t\t\t<p>Kolekcija <strong>Darilo slovenske arhitekture: Maks Fabiani<\/strong> je druga v seriji in je nastala ob 150. obletnici rojstva arhitekta, urbanista in inovatorja Maksa Fabianija (1865\u20131962). Izdelke so oblikovali mladi slovenski oblikovalci z Naravoslovnotehni\u0161ke fakultete Univerze v Ljubljani ter Fakultete za dizajn Univerze na Primorskem. Motivi so povzeti po znanih stavbah, ki jih je arhitekt Fabiani zasnoval v Ljubljani, \u0160tanjelu in v Trstu, Hribarjevi hi\u0161i, Krisperjevi hi\u0161i, hi\u0161i Bartoli, Farrarijevem vrtu ter po regulacijskem na\u010drtu za Ljubljano. Podjetji <strong>Tiskarna in knjigoveznica Radovljica<\/strong> and <strong>ZkotZ<\/strong> sta zagotovili kakovostno izvedbo omejene serije.<\/p>\n\n\t\t<\/div>\n\t<\/div>\n<div class=\"vc_empty_space\"   style=\"height: 40px\"><span class=\"vc_empty_space_inner\"><\/span><\/div><div class=\"vc_row wpb_row vc_inner vc_row-fluid\"><div class=\"wpb_column vc_column_container vc_col-sm-6\"><div class=\"vc_column-inner\"><div class=\"wpb_wrapper\">\n\t<div  class=\"wpb_single_image wpb_content_element vc_align_left wpb_content_element\">\n\t\t\n\t\t<figure class=\"wpb_wrapper vc_figure\">\n\t\t\t<div class=\"vc_single_image-wrapper   vc_box_border_grey\"><img decoding=\"async\" width=\"500\" height=\"500\" src=\"https:\/\/test.centerarhitekture.org\/wp-content\/uploads\/2017\/08\/Casa-Bartoli.jpg\" class=\"vc_single_image-img attachment-full\" alt=\"\" title=\"Casa-Bartoli\" srcset=\"https:\/\/test.centerarhitekture.org\/wp-content\/uploads\/2017\/08\/Casa-Bartoli-100x100.jpg 100w, https:\/\/test.centerarhitekture.org\/wp-content\/uploads\/2017\/08\/Casa-Bartoli.jpg 500w\" sizes=\"(max-width: 500px) 100vw, 500px\" \/><\/div><figcaption class=\"vc_figure-caption\">Fasada hi\u0161e Bartoli v Trstu (1908)<\/figcaption>\n\t\t<\/figure>\n\t<\/div>\n<\/div><\/div><\/div><div class=\"wpb_column vc_column_container vc_col-sm-6\"><div class=\"vc_column-inner\"><div class=\"wpb_wrapper\">\n\t<div  class=\"wpb_single_image wpb_content_element vc_align_left wpb_content_element\">\n\t\t\n\t\t<figure class=\"wpb_wrapper vc_figure\">\n\t\t\t<div class=\"vc_single_image-wrapper   vc_box_border_grey\"><img decoding=\"async\" width=\"423\" height=\"423\" src=\"https:\/\/test.centerarhitekture.org\/wp-content\/uploads\/2018\/01\/Ferrarijev-vrt.jpg\" class=\"vc_single_image-img attachment-full\" alt=\"\" title=\"Ferrarijev-vrt\" srcset=\"https:\/\/test.centerarhitekture.org\/wp-content\/uploads\/2018\/01\/Ferrarijev-vrt-100x100.jpg 100w, https:\/\/test.centerarhitekture.org\/wp-content\/uploads\/2018\/01\/Ferrarijev-vrt-300x300.jpg 300w, https:\/\/test.centerarhitekture.org\/wp-content\/uploads\/2018\/01\/Ferrarijev-vrt.jpg 423w\" sizes=\"(max-width: 423px) 100vw, 423px\" \/><\/div><figcaption class=\"vc_figure-caption\">Ferrarijev vrt v \u0160tanjelu (1920-1935)<\/figcaption>\n\t\t<\/figure>\n\t<\/div>\n<\/div><\/div><\/div><\/div><div class=\"vc_empty_space\"   style=\"height: 20px\"><span class=\"vc_empty_space_inner\"><\/span><\/div><\/div><\/div><\/div><div class=\"wpb_column vc_column_container vc_col-sm-4\"><div class=\"vc_column-inner\"><div class=\"wpb_wrapper\"><div class=\"vc_btn3-container vc_btn3-center vc_do_btn\" ><a style=\"background-color:#ededee; color:#000000;\" class=\"vc_general vc_btn3 vc_btn3-size-lg vc_btn3-shape-square vc_btn3-style-custom vc_btn3-block\" href=\"http:\/\/www.centerarhitekture.org\/trgovinadsa\/\" title=\"\">Kolekcija: EDVARD RAVNIKAR<\/a><\/div><div class=\"vc_empty_space\"   style=\"height: 22px\"><span class=\"vc_empty_space_inner\"><\/span><\/div>\n\t<div  class=\"wpb_single_image wpb_content_element vc_align_left wpb_content_element\">\n\t\t\n\t\t<figure class=\"wpb_wrapper vc_figure\">\n\t\t\t<div class=\"vc_single_image-wrapper   vc_box_border_grey\"><img decoding=\"async\" width=\"640\" height=\"360\" src=\"https:\/\/test.centerarhitekture.org\/wp-content\/uploads\/2018\/01\/edvardravnikar-1.jpg\" class=\"vc_single_image-img attachment-full\" alt=\"\" title=\"edvardravnikar-1\" srcset=\"https:\/\/test.centerarhitekture.org\/wp-content\/uploads\/2018\/01\/edvardravnikar-1-500x281.jpg 500w, https:\/\/test.centerarhitekture.org\/wp-content\/uploads\/2018\/01\/edvardravnikar-1-600x338.jpg 600w, https:\/\/test.centerarhitekture.org\/wp-content\/uploads\/2018\/01\/edvardravnikar-1.jpg 640w\" sizes=\"(max-width: 640px) 100vw, 640px\" \/><\/div><figcaption class=\"vc_figure-caption\">Architect Edvard Ravnikar (1907 \u2013 1993)<\/figcaption>\n\t\t<\/figure>\n\t<\/div>\n<div class=\"vc_empty_space\"   style=\"height: 16px\"><span class=\"vc_empty_space_inner\"><\/span><\/div>\n\t<div class=\"wpb_text_column wpb_content_element\" >\n\t\t<div class=\"wpb_wrapper\">\n\t\t\t<p>Kolekcija <strong>Darilo slovenske arhitekture: Edvard Ravnikar<\/strong> je tretja po vrsti in je nastala v sodelovanju z Akademijo za likovno umetnost in oblikovanje. Oblikovali so jih \u0161tudenti 1. in 2. letnika podiplomskega \u0161tudija industrijskega oblikovanja pod okriljem Akademije za likovno umetnost in oblikovanje Univerze v Ljubljani. Spominki in poslovna darila so nastali v seminarskem delu, ki je potekalo v letu 2017 na Oddelku za industrijsko in unikatno oblikovanje (ALUO). Nastalo je ve\u010d kot 25 projektov, ki se na izviren in duhovit na\u010din spoprijemajo z bogato dedi\u0161\u010dino Edvarda Ravnikarja. Premi\u0161ljena dela ka\u017eejo \u0161tevilne izrazne mo\u017enosti oblikovanja, na mo\u010d komuniciranja in prenos simbolne vrednosti v uporabne izdelke.<\/p>\n\n\t\t<\/div>\n\t<\/div>\n<div class=\"vc_empty_space\"   style=\"height: 22px\"><span class=\"vc_empty_space_inner\"><\/span><\/div><div class=\"vc_row wpb_row vc_inner vc_row-fluid\"><div class=\"wpb_column vc_column_container vc_col-sm-6\"><div class=\"vc_column-inner\"><div class=\"wpb_wrapper\">\n\t<div  class=\"wpb_single_image wpb_content_element vc_align_left wpb_content_element\">\n\t\t\n\t\t<figure class=\"wpb_wrapper vc_figure\">\n\t\t\t<div class=\"vc_single_image-wrapper   vc_box_border_grey\"><img decoding=\"async\" width=\"500\" height=\"500\" src=\"https:\/\/test.centerarhitekture.org\/wp-content\/uploads\/2018\/01\/tr3.jpg\" class=\"vc_single_image-img attachment-full\" alt=\"\" title=\"tr3\" srcset=\"https:\/\/test.centerarhitekture.org\/wp-content\/uploads\/2018\/01\/tr3-100x100.jpg 100w, https:\/\/test.centerarhitekture.org\/wp-content\/uploads\/2018\/01\/tr3.jpg 500w\" sizes=\"(max-width: 500px) 100vw, 500px\" \/><\/div><figcaption class=\"vc_figure-caption\">Stolpnica na Trgu Republike (1976)<\/figcaption>\n\t\t<\/figure>\n\t<\/div>\n<\/div><\/div><\/div><div class=\"wpb_column vc_column_container vc_col-sm-6\"><div class=\"vc_column-inner\"><div class=\"wpb_wrapper\">\n\t<div  class=\"wpb_single_image wpb_content_element vc_align_left wpb_content_element\">\n\t\t\n\t\t<figure class=\"wpb_wrapper vc_figure\">\n\t\t\t<div class=\"vc_single_image-wrapper   vc_box_border_grey\"><img decoding=\"async\" width=\"225\" height=\"225\" src=\"https:\/\/test.centerarhitekture.org\/wp-content\/uploads\/2018\/01\/ferrantov-vrt.jpg\" class=\"vc_single_image-img attachment-full\" alt=\"\" title=\"ferrantov vrt\" srcset=\"https:\/\/test.centerarhitekture.org\/wp-content\/uploads\/2018\/01\/ferrantov-vrt-100x100.jpg 100w, https:\/\/test.centerarhitekture.org\/wp-content\/uploads\/2018\/01\/ferrantov-vrt.jpg 225w\" sizes=\"(max-width: 225px) 100vw, 225px\" \/><\/div><figcaption class=\"vc_figure-caption\">Soseska Ferantov vrt (1975)<\/figcaption>\n\t\t<\/figure>\n\t<\/div>\n<\/div><\/div><\/div><\/div><div class=\"vc_empty_space\"   style=\"height: 20px\"><span class=\"vc_empty_space_inner\"><\/span><\/div><\/div><\/div><\/div><\/div><div class=\"vc_row wpb_row vc_row-fluid\"><div class=\"wpb_column vc_column_container vc_col-sm-12\"><div class=\"vc_column-inner\"><div class=\"wpb_wrapper\"><div class=\"vc_empty_space\"   style=\"height: 32px\"><span class=\"vc_empty_space_inner\"><\/span><\/div><\/div><\/div><\/div><\/div>\n<\/div>","protected":false},"excerpt":{"rendered":"DARILO SLOVENSKE ARHITEKTURE je kolekcija izdelkov z motivi iz klju\u010dnih del slovenske arhitekturne dedi\u0161\u010dine in sodobnosti. Nastalo je na pobudo in pod vodstvom Centra arhitekture Slovenije, ki deluje na podro\u010dju arhitekturne vzgoje, izobra\u017eevanja ter ozave\u0161\u010da o pomenu kakovostno grajenega prostora. Naj vam bo darilo v navdih! VSTOPITE V TRGOVINOKolekcija: IVAN VURNIK IN HELENA KOTTLER VURNIK  [...]","protected":false},"author":1,"featured_media":0,"parent":0,"menu_order":0,"comment_status":"closed","ping_status":"closed","template":"","meta":{"iawp_total_views":274,"footnotes":""},"class_list":["post-32","page","type-page","status-publish","hentry"],"_links":{"self":[{"href":"https:\/\/test.centerarhitekture.org\/en\/wp-json\/wp\/v2\/pages\/32","targetHints":{"allow":["GET"]}}],"collection":[{"href":"https:\/\/test.centerarhitekture.org\/en\/wp-json\/wp\/v2\/pages"}],"about":[{"href":"https:\/\/test.centerarhitekture.org\/en\/wp-json\/wp\/v2\/types\/page"}],"author":[{"embeddable":true,"href":"https:\/\/test.centerarhitekture.org\/en\/wp-json\/wp\/v2\/users\/1"}],"replies":[{"embeddable":true,"href":"https:\/\/test.centerarhitekture.org\/en\/wp-json\/wp\/v2\/comments?post=32"}],"version-history":[{"count":166,"href":"https:\/\/test.centerarhitekture.org\/en\/wp-json\/wp\/v2\/pages\/32\/revisions"}],"predecessor-version":[{"id":4055,"href":"https:\/\/test.centerarhitekture.org\/en\/wp-json\/wp\/v2\/pages\/32\/revisions\/4055"}],"wp:attachment":[{"href":"https:\/\/test.centerarhitekture.org\/en\/wp-json\/wp\/v2\/media?parent=32"}],"curies":[{"name":"wp","href":"https:\/\/api.w.org\/{rel}","templated":true}]}}