{"id":3394,"date":"2020-05-19T13:10:51","date_gmt":"2020-05-19T11:10:51","guid":{"rendered":"https:\/\/test.centerarhitekture.org\/?page_id=3394"},"modified":"2021-05-24T15:08:48","modified_gmt":"2021-05-24T13:08:48","slug":"vurnikovi-dnevi-2020","status":"publish","type":"page","link":"https:\/\/test.centerarhitekture.org\/en\/vurnikovi-dnevi-2020\/","title":{"rendered":"Vurnikovi dnevi 2020"},"content":{"rendered":"<div class=\"wpb-content-wrapper\"><div class=\"vc_row wpb_row vc_row-fluid\"><div class=\"wpb_column vc_column_container vc_col-sm-12\"><div class=\"vc_column-inner\"><div class=\"wpb_wrapper\"><div class=\"vc_empty_space\"   style=\"height: 32px\"><span class=\"vc_empty_space_inner\"><\/span><\/div><\/div><\/div><\/div><\/div><div class=\"vc_row wpb_row vc_row-fluid\"><div class=\"wpb_column vc_column_container vc_col-sm-9\"><div class=\"vc_column-inner\"><div class=\"wpb_wrapper\"><h2 style=\"color: #a76e5b;text-align: left\" class=\"vc_custom_heading vc_do_custom_heading\" >VURNIKOVI DNEVI 2020<\/h2><div class=\"vc_empty_space\"   style=\"height: 32px\"><span class=\"vc_empty_space_inner\"><\/span><\/div><div class=\"vc_row wpb_row vc_inner vc_row-fluid vc_custom_1589885197670 vc_row-has-fill\"><div class=\"wpb_column vc_column_container vc_col-sm-12\"><div class=\"vc_column-inner\"><div class=\"wpb_wrapper\"><div class=\"vc_empty_space\"   style=\"height: 10px\"><span class=\"vc_empty_space_inner\"><\/span><\/div><h3 style=\"color: #a76e5b;text-align: left\" class=\"vc_custom_heading vc_do_custom_heading\" >136. OBLETNICA ROJSTVA IVANA VURNIKA<\/h3>\n\t<div class=\"wpb_text_column wpb_content_element\" >\n\t\t<div class=\"wpb_wrapper\">\n\t\t\t<p>Vurnikovi dnevi vsako leto obele\u017eujejo spomin na radovlji\u0161kega rojaka arhitekta Ivana Vurnika, ki se je rodil 1. junija 1884 v Radovljici, kjer je pre\u017eivel del svojega \u017eivljenja in umrl leta 1971. Dogodki v okviru praznika Krajevne skupnosti Radovljica, ki obele\u017eujejo 136. obletnico rojstva arhitekta Ivana Vurnika, bodo potekali od 1. do 30. junija 2020.<\/p>\n<p><strong>Leto\u0161nji Vurnikovi dnevi so potekali tudi na spletu. <\/strong><br \/>\n<strong>Vse razstave so bile na ogled v posameznih razstavi\u0161\u010dih, dostopne so tudi na tej spletni strani.<\/strong><\/p>\n<p>Premierni ogled videoposnetka otvoritve Vurnikovih dni 2020 je bil <strong>v ponedeljek, 1. junija 2020, ob 19. uri<\/strong>, na <span style=\"text-decoration: underline;\"><a href=\"https:\/\/www.facebook.com\/centerarhitekture\/\">Facebook strani Center arhitekture Slovenije<\/a><\/span>, ogledate pa si ga lahko tudi na tej spletni strani.<\/p>\n\n\t\t<\/div>\n\t<\/div>\n<div class=\"vc_empty_space\"   style=\"height: 10px\"><span class=\"vc_empty_space_inner\"><\/span><\/div><div class=\"vc_btn3-container vc_btn3-inline vc_do_btn\" ><a class=\"vc_general vc_btn3 vc_btn3-size-sm vc_btn3-shape-square vc_btn3-style-flat vc_btn3-color-mulled-wine\" href=\"http:\/\/www.centerarhitekture.org\/ca\/wp-content\/uploads\/2020\/05\/2020_vurnikovi-dnevi_glavni-plakat_splet.pdf\" title=\"\">Plakat Vurnikovi dnevi 2020<\/a><\/div><\/div><\/div><\/div><\/div><div class=\"vc_empty_space\"   style=\"height: 32px\"><span class=\"vc_empty_space_inner\"><\/span><\/div>\n\t<div  class=\"wpb_single_image wpb_content_element vc_align_left wpb_content_element\">\n\t\t\n\t\t<figure class=\"wpb_wrapper vc_figure\">\n\t\t\t<a href=\"https:\/\/www.soos.si\/\" target=\"_blank\" class=\"vc_single_image-wrapper   vc_box_border_grey\"><img decoding=\"async\" class=\"vc_single_image-img\" src=\"https:\/\/test.centerarhitekture.org\/wp-content\/uploads\/2020\/05\/SOOS_Logo18-2-57x32.png\" width=\"57\" height=\"32\" alt=\"Snemanje, monta\u017ea in obdelava videoposnetkov: SooS  |  Filmska produkcija\" title=\"SOOS_Logo18 (2)\" \/><\/a><figcaption class=\"vc_figure-caption\">Snemanje, monta\u017ea in obdelava videoposnetkov: SooS  |  Filmska produkcija<\/figcaption>\n\t\t<\/figure>\n\t<\/div>\n<div class=\"vc_empty_space\"   style=\"height: 20px\"><span class=\"vc_empty_space_inner\"><\/span><\/div><div class=\"vc_separator wpb_content_element vc_separator_align_center vc_sep_width_100 vc_sep_pos_align_center vc_separator_no_text vc_sep_color_grey wpb_content_element  wpb_content_element\" ><span class=\"vc_sep_holder vc_sep_holder_l\"><span class=\"vc_sep_line\"><\/span><\/span><span class=\"vc_sep_holder vc_sep_holder_r\"><span class=\"vc_sep_line\"><\/span><\/span>\n<\/div><div class=\"vc_empty_space\"   style=\"height: 20px\"><span class=\"vc_empty_space_inner\"><\/span><\/div><h3 style=\"color: #a76e5b;text-align: left\" class=\"vc_custom_heading vc_do_custom_heading\" >SPLETNA OTVORITEV VURNIKOVIH DNI 2020<\/h3>\n\t<div class=\"wpb_text_column wpb_content_element\" >\n\t\t<div class=\"wpb_wrapper\">\n\t\t\t<p><strong>ponedeljek, 1. junija 2020, ob 19. uri<\/strong><\/p>\n<p><span class=\"text_exposed_show\">Videoposnetek nagovora predsednika Krajevne skupnosti Radovljica Andreja Gol\u010dmana.<br \/>\n<\/span><\/p>\n\n\t\t<\/div>\n\t<\/div>\n<div class=\"vc_empty_space\"   style=\"height: 12px\"><span class=\"vc_empty_space_inner\"><\/span><\/div>\n\t<div class=\"wpb_video_widget wpb_content_element vc_clearfix   vc_video-aspect-ratio-169 vc_video-el-width-100 vc_video-align-left\" >\n\t\t<div class=\"wpb_wrapper\">\n\t\t\t\n\t\t\t<div class=\"wpb_video_wrapper\"><div class=\"video-shortcode\"><iframe title=\"SPLETNA OTVORITEV VURNIKOVIH DNI 2020\" width=\"500\" height=\"281\" src=\"https:\/\/www.youtube.com\/embed\/Lj74gZ_zPrc?feature=oembed\" frameborder=\"0\" allow=\"accelerometer; autoplay; clipboard-write; encrypted-media; gyroscope; picture-in-picture; web-share\" allowfullscreen><\/iframe><\/div><\/div>\n\t\t<\/div>\n\t<\/div>\n<div class=\"vc_empty_space\"   style=\"height: 12px\"><span class=\"vc_empty_space_inner\"><\/span><\/div><div class=\"vc_separator wpb_content_element vc_separator_align_center vc_sep_width_100 vc_sep_pos_align_center vc_separator_no_text vc_sep_color_grey wpb_content_element  wpb_content_element\" ><span class=\"vc_sep_holder vc_sep_holder_l\"><span class=\"vc_sep_line\"><\/span><\/span><span class=\"vc_sep_holder vc_sep_holder_r\"><span class=\"vc_sep_line\"><\/span><\/span>\n<\/div><div class=\"vc_empty_space\"   style=\"height: 12px\"><span class=\"vc_empty_space_inner\"><\/span><\/div><h3 style=\"color: #a76e5b;text-align: left\" class=\"vc_custom_heading vc_do_custom_heading\" >SPLETNA PRIREDITEV OB SLAVNOSTNI PODELITVI VURNIKOVE \u0160TUDENTSKE NAGRADE<\/h3>\n\t<div class=\"wpb_text_column wpb_content_element\" >\n\t\t<div class=\"wpb_wrapper\">\n\t\t\t<p><strong>ponedeljek, 1. junija 2020, ob 19.15<\/strong><\/p>\n<p><span class=\"text_exposed_show\">Razglasitev zmagovalcev in spletna razstava prispelih predlogov.<\/span><\/p>\n<p><span class=\"text_exposed_show\">Razstava prispelih predlogov je bila<\/span><span class=\"text_exposed_show\"> v Radovljici v zgornjem nadstropju Radovlji\u0161ke gra\u0161\u010dine na ogled od 1. do 30. junija 2020, dostopna pa je tudi na na\u0161i spletni strani.<br \/>\n<\/span><\/p>\n<p><a href=\"https:\/\/test.centerarhitekture.org\/en\/vurnikova-nagrada\/\"><em><span style=\"text-decoration: underline;\">Ve\u010d o Vurnikovi \u0161tudentski nagradi<\/span><\/em><\/a><\/p>\n\n\t\t<\/div>\n\t<\/div>\n<div class=\"vc_empty_space\"   style=\"height: 12px\"><span class=\"vc_empty_space_inner\"><\/span><\/div>\n\t<div class=\"wpb_video_widget wpb_content_element vc_clearfix   vc_video-aspect-ratio-169 vc_video-el-width-100 vc_video-align-left\" >\n\t\t<div class=\"wpb_wrapper\">\n\t\t\t\n\t\t\t<div class=\"wpb_video_wrapper\"><div class=\"video-shortcode\"><iframe title=\"SPLETNA PRIREDITEV OB SLAVNOSTNI PODELITVI VURNIKOVE \u0160TUDENTSKE NAGRADE 2020\" width=\"500\" height=\"281\" src=\"https:\/\/www.youtube.com\/embed\/i111EH5qnyU?feature=oembed\" frameborder=\"0\" allow=\"accelerometer; autoplay; clipboard-write; encrypted-media; gyroscope; picture-in-picture; web-share\" allowfullscreen><\/iframe><\/div><\/div>\n\t\t<\/div>\n\t<\/div>\n<div class=\"vc_empty_space\"   style=\"height: 12px\"><span class=\"vc_empty_space_inner\"><\/span><\/div><div class=\"vc_separator wpb_content_element vc_separator_align_center vc_sep_width_100 vc_sep_pos_align_center vc_separator_no_text vc_sep_color_grey wpb_content_element  wpb_content_element\" ><span class=\"vc_sep_holder vc_sep_holder_l\"><span class=\"vc_sep_line\"><\/span><\/span><span class=\"vc_sep_holder vc_sep_holder_r\"><span class=\"vc_sep_line\"><\/span><\/span>\n<\/div><div class=\"vc_empty_space\"   style=\"height: 12px\"><span class=\"vc_empty_space_inner\"><\/span><\/div><h3 style=\"color: #a76e5b;text-align: left\" class=\"vc_custom_heading vc_do_custom_heading\" >IDEJNA IN GRAFI\u010cNA ZASNOVA VURNIKOVE POTI PO RADOVLJICI<\/h3>\n\t<div class=\"wpb_text_column wpb_content_element\" >\n\t\t<div class=\"wpb_wrapper\">\n\t\t\t<p><strong>torek, 2. junija 2020, ob 19. uri<\/strong><\/p>\n<p><span class=\"text_exposed_show\">Razglasitev zmagovalcev in spletna razstava \u0161tudentskega nate\u010daja.<\/span><\/p>\n<p>Razstava je bila v Radovljici v Galeriji \u0160iv\u010deva hi\u0161a na ogled od 1. do 30. junija 2020, dostopna pa je tudi na na\u0161i spletni strani.<\/p>\n<p><a href=\"https:\/\/test.centerarhitekture.org\/en\/studentski-natecaj\/\"><span style=\"text-decoration: underline;\"><em>Ve\u010d o \u0161tudentskem nate\u010daju Idejna in grafi\u010dna zasnova Vurnikove poti po Radovljici<\/em><\/span><\/a><\/p>\n\n\t\t<\/div>\n\t<\/div>\n<div class=\"vc_empty_space\"   style=\"height: 12px\"><span class=\"vc_empty_space_inner\"><\/span><\/div>\n\t<div class=\"wpb_video_widget wpb_content_element vc_clearfix   vc_video-aspect-ratio-169 vc_video-el-width-100 vc_video-align-left\" >\n\t\t<div class=\"wpb_wrapper\">\n\t\t\t\n\t\t\t<div class=\"wpb_video_wrapper\"><div class=\"video-shortcode\"><iframe title=\"IDEJNA IN GRAFI\u010cNA ZASNOVA VURNIKOVE POTI PO RADOVLJICI\" width=\"500\" height=\"281\" src=\"https:\/\/www.youtube.com\/embed\/D900ftgWMto?feature=oembed\" frameborder=\"0\" allow=\"accelerometer; autoplay; clipboard-write; encrypted-media; gyroscope; picture-in-picture; web-share\" allowfullscreen><\/iframe><\/div><\/div>\n\t\t<\/div>\n\t<\/div>\n<div class=\"vc_empty_space\"   style=\"height: 12px\"><span class=\"vc_empty_space_inner\"><\/span><\/div><div class=\"vc_separator wpb_content_element vc_separator_align_center vc_sep_width_100 vc_sep_pos_align_center vc_separator_no_text vc_sep_color_grey wpb_content_element  wpb_content_element\" ><span class=\"vc_sep_holder vc_sep_holder_l\"><span class=\"vc_sep_line\"><\/span><\/span><span class=\"vc_sep_holder vc_sep_holder_r\"><span class=\"vc_sep_line\"><\/span><\/span>\n<\/div><div class=\"vc_empty_space\"   style=\"height: 12px\"><span class=\"vc_empty_space_inner\"><\/span><\/div><h3 style=\"color: #a76e5b;text-align: left\" class=\"vc_custom_heading vc_do_custom_heading\" >VURNIKOV FOTOGRAFSKI NATE\u010cAJ<\/h3>\n\t<div class=\"wpb_text_column wpb_content_element\" >\n\t\t<div class=\"wpb_wrapper\">\n\t\t\t<p><strong>sreda, 3. junija 2020, ob 19. uri<\/strong><\/p>\n<p><span class=\"text_exposed_show\">Razglasitev zmagovalcev in spletna razstava fotografskega nate\u010daja.\u00a0<\/span><\/p>\n<p>Razstava je bila v Radovljici <strong>v galeriji <a href=\"https:\/\/www.fd-radovljica.si\/\"><span style=\"text-decoration: underline;\">Fotografskega dru\u0161tva Radovljica<\/span><\/a>, v pasa\u017ei v vhodni avli Radovlji\u0161ke gra\u0161\u010dine<\/strong> na ogled od 1. do 30. junija 2020, dostopna pa je tudi na na\u0161i spletni strani in na strani <strong><a href=\"https:\/\/www.fd-radovljica.si\/\"><span style=\"text-decoration: underline;\">Fotografskega dru\u0161tva Radovljica<\/span><\/a><\/strong>.<\/p>\n<p><a href=\"https:\/\/test.centerarhitekture.org\/en\/vurnikov-fotografski-natecaj\/\"><em><span style=\"text-decoration: underline;\">Ve\u010d o Vurnikovem fotografskem nate\u010daju<\/span><\/em><\/a><\/p>\n\n\t\t<\/div>\n\t<\/div>\n<div class=\"vc_empty_space\"   style=\"height: 12px\"><span class=\"vc_empty_space_inner\"><\/span><\/div>\n\t<div class=\"wpb_video_widget wpb_content_element vc_clearfix   vc_video-aspect-ratio-169 vc_video-el-width-100 vc_video-align-left\" >\n\t\t<div class=\"wpb_wrapper\">\n\t\t\t\n\t\t\t<div class=\"wpb_video_wrapper\"><div class=\"video-shortcode\"><iframe title=\"VURNIKOV FOTOGRAFSKI NATE\u010cAJ\" width=\"500\" height=\"281\" src=\"https:\/\/www.youtube.com\/embed\/W9Jf2vk4LxY?feature=oembed\" frameborder=\"0\" allow=\"accelerometer; autoplay; clipboard-write; encrypted-media; gyroscope; picture-in-picture; web-share\" allowfullscreen><\/iframe><\/div><\/div>\n\t\t<\/div>\n\t<\/div>\n<div class=\"vc_empty_space\"   style=\"height: 12px\"><span class=\"vc_empty_space_inner\"><\/span><\/div><div class=\"vc_separator wpb_content_element vc_separator_align_center vc_sep_width_100 vc_sep_pos_align_center vc_separator_no_text vc_sep_color_grey wpb_content_element  wpb_content_element\" ><span class=\"vc_sep_holder vc_sep_holder_l\"><span class=\"vc_sep_line\"><\/span><\/span><span class=\"vc_sep_holder vc_sep_holder_r\"><span class=\"vc_sep_line\"><\/span><\/span>\n<\/div><div class=\"vc_empty_space\"   style=\"height: 12px\"><span class=\"vc_empty_space_inner\"><\/span><\/div><h3 style=\"color: #a76e5b;text-align: left\" class=\"vc_custom_heading vc_do_custom_heading\" >UMETNOST JE DO\u017dIVLJANJE RESNICE<\/h3>\n\t<div class=\"wpb_text_column wpb_content_element\" >\n\t\t<div class=\"wpb_wrapper\">\n\t\t\t<p><strong>sreda, 17. junija 2020, ob 19. uri<\/strong><\/p>\n<p>Kratka spletna predstavitev knjige dr. Borisa Leskovca Vurnikove misli in teze o zgodovini umetnosti in arhitekture ter vlogi arhitekta v dru\u017ebi.<\/p>\n\n\t\t<\/div>\n\t<\/div>\n<div class=\"vc_empty_space\"   style=\"height: 12px\"><span class=\"vc_empty_space_inner\"><\/span><\/div>\n\t<div class=\"wpb_video_widget wpb_content_element vc_clearfix   vc_video-aspect-ratio-169 vc_video-el-width-100 vc_video-align-left\" >\n\t\t<div class=\"wpb_wrapper\">\n\t\t\t\n\t\t\t<div class=\"wpb_video_wrapper\"><div class=\"video-shortcode\"><iframe title=\"UMETNOST JE DO\u017dIVLJANJE RESNICE\" width=\"500\" height=\"281\" src=\"https:\/\/www.youtube.com\/embed\/jREVw9g_7zk?feature=oembed\" frameborder=\"0\" allow=\"accelerometer; autoplay; clipboard-write; encrypted-media; gyroscope; picture-in-picture; web-share\" allowfullscreen><\/iframe><\/div><\/div>\n\t\t<\/div>\n\t<\/div>\n<div class=\"vc_empty_space\"   style=\"height: 12px\"><span class=\"vc_empty_space_inner\"><\/span><\/div><div class=\"vc_separator wpb_content_element vc_separator_align_center vc_sep_width_100 vc_sep_pos_align_center vc_separator_no_text vc_sep_color_grey wpb_content_element  wpb_content_element\" ><span class=\"vc_sep_holder vc_sep_holder_l\"><span class=\"vc_sep_line\"><\/span><\/span><span class=\"vc_sep_holder vc_sep_holder_r\"><span class=\"vc_sep_line\"><\/span><\/span>\n<\/div><div class=\"vc_empty_space\"   style=\"height: 12px\"><span class=\"vc_empty_space_inner\"><\/span><\/div><h3 style=\"color: #a76e5b;text-align: left\" class=\"vc_custom_heading vc_do_custom_heading\" >VURNIKOVA POT 2020: PREKMURJE<\/h3>\n\t<div class=\"wpb_text_column wpb_content_element\" >\n\t\t<div class=\"wpb_wrapper\">\n\t\t\t<p><strong>Vurnikovo pot bomo zaradi trenutnih razmer izvedli v pomladanskih mesecih.<\/strong><\/p>\n<p>Ob 6.45 se bomo zbrali na avtobusni postaji Radovljica in se ob 7. uri z avtobusom odpravili na potovanje po sledeh dedi\u0161\u010dine zakoncev Vurnik ter sodobnej\u0161e arhitekture, povezane z njunim delom. Ostali potniki se nam bodo ob 8. uri pridru\u017eili na parkiri\u0161\u010du Dolgi most v Ljubljani. Prvi postanek bo ob Sobo\u0161kem jezeru v paviljonu Expano (<strong>Sono Arhitekti)<\/strong>, ki je bil leta 2018 zastavljen kot vstopna to\u010dka v Pomurje in ohranja zunanji videz slovenskega paviljona s svetovne razstave Expo Milano 2015. Nato bo sledil ogled funkcionalisti\u010dnih vil arhitekta Ferija Novaka iz 30. let 20. stoletja (vile Ker\u0161ovan, vile Vu\u010dak in vile Koltaj). Novak je eden najpomembnej\u0161ih predstavnikov funkcionalisti\u010dne arhitekture in urbanizma pri nas, uveljavil pa se je tudi na podro\u010dju oblikovanja notranje opreme ter javnih in nagrobnih spomenikov. Njegov opus bomo zaklju\u010dili z ogledom Kina Park in stavbe nekdanje osnovne \u0161ole. Sledil bo ogled sodobnej\u0161ih re\u0161itev, npr. Ekonomske \u0161ole Murska Sobota (arhitekti Rok Benda, Primo\u017e Ho\u010devar in Mitja Zorc) in zasnove novega drevoreda (arhitekti Matej Blenku\u0161, Darja Matja\u0161ec, Primo\u017e \u017ditnik in Nejc Florjanc), ki je poimenovan po reformatorju Martinu Luthru. Z novim sprehajali\u0161\u010dem med evangeli\u010dansko cerkvijo in Trubarjevim drevoredom so tako povezali zgodovinsko os med mestnim gradom in evangeli\u010dansko cerkvijo. Dan bomo zaklju\u010dili pri spomeniku narodnim buditeljem. Spomenik je zasnoval\u00a0kipar <strong>Mirsad Begi\u0107<\/strong>\u00a0in predstavlja kompozicijo petih portretov prekmurskih narodnih buditeljev: Franca Ivanocyja, Jo\u017eefa Klekla starej\u0161ega, Matije Slavi\u010da, Ivana Jeri\u010da in Franca Kova\u010di\u010da. Pozno zve\u010der se bomo vrnili v Radovljico.<br \/>\nTudi tokratno Vurnikovo pot bo vodil arhitekt Robert Potokar.<\/p>\n<p><strong>Prijavite bomo zbirali:<\/strong><br \/>\n&#8211; po elektronski po\u0161ti: info@centerarhitekture.org<br \/>\n&#8211; po telefonu: 040 270 232<br \/>\n&#8211; osebno na Turisti\u010dno informacijskem centru Radovljica<\/p>\n<p><strong>Prispevek 48 \u20ac\/osebo naka\u017eete na:<\/strong><br \/>\n<em>CENTER ARHITEKTURE SLOVENIJE<\/em><br \/>\n<em>Rimska cesta 1<\/em><br \/>\n<em>1000 Ljubljana<\/em><br \/>\n<em>TRR SI56 3000 0001 0594 764 (Sberbank d.d.) sklic SI00 19092020<\/em><\/p>\n<p>Namen: \u201cVurnikova pot, Ime in Priimek\u201d<br \/>\n&#8211; \u010de je ve\u010d udele\u017eencev, ki pla\u010dujejo z enim nakazilom: \u201cVurnikova pot, Priimek in \u0161tevilo udele\u017eencev\u201d<br \/>\nNa avtobusu boste prejeli potrdilo o pla\u010dilu. S pla\u010dilom prispevka je rezervacija potrjena.<br \/>\nZa vse dodatne informacije smo vam na voljo na info@centerarhitekture.org ali 040 270 232.<\/p>\n<p>Na voljo je 45 mest.<\/p>\n\n\t\t<\/div>\n\t<\/div>\n<div class=\"vc_empty_space\"   style=\"height: 32px\"><span class=\"vc_empty_space_inner\"><\/span><\/div><\/div><\/div><\/div><div class=\"wpb_column vc_column_container vc_col-sm-3\"><div class=\"vc_column-inner\"><div class=\"wpb_wrapper\"><div class=\"vc_empty_space\"   style=\"height: 32px\"><span class=\"vc_empty_space_inner\"><\/span><\/div>\n\t<div  class=\"wpb_single_image wpb_content_element vc_align_left wpb_content_element\">\n\t\t\n\t\t<figure class=\"wpb_wrapper vc_figure\">\n\t\t\t<div class=\"vc_single_image-wrapper   vc_box_border_grey\"><img decoding=\"async\" width=\"1683\" height=\"3297\" src=\"https:\/\/test.centerarhitekture.org\/wp-content\/uploads\/2020\/05\/VD20_logotipi.png\" class=\"vc_single_image-img attachment-full\" alt=\"\" title=\"VD20_logotipi\" srcset=\"https:\/\/test.centerarhitekture.org\/wp-content\/uploads\/2020\/05\/VD20_logotipi-153x300.png 153w, https:\/\/test.centerarhitekture.org\/wp-content\/uploads\/2020\/05\/VD20_logotipi-200x392.png 200w, https:\/\/test.centerarhitekture.org\/wp-content\/uploads\/2020\/05\/VD20_logotipi-400x784.png 400w, https:\/\/test.centerarhitekture.org\/wp-content\/uploads\/2020\/05\/VD20_logotipi-500x980.png 500w, https:\/\/test.centerarhitekture.org\/wp-content\/uploads\/2020\/05\/VD20_logotipi-523x1024.png 523w, https:\/\/test.centerarhitekture.org\/wp-content\/uploads\/2020\/05\/VD20_logotipi-600x1175.png 600w, https:\/\/test.centerarhitekture.org\/wp-content\/uploads\/2020\/05\/VD20_logotipi-700x1371.png 700w, https:\/\/test.centerarhitekture.org\/wp-content\/uploads\/2020\/05\/VD20_logotipi-768x1505.png 768w, https:\/\/test.centerarhitekture.org\/wp-content\/uploads\/2020\/05\/VD20_logotipi-784x1536.png 784w, https:\/\/test.centerarhitekture.org\/wp-content\/uploads\/2020\/05\/VD20_logotipi-800x1567.png 800w, https:\/\/test.centerarhitekture.org\/wp-content\/uploads\/2020\/05\/VD20_logotipi-1045x2048.png 1045w, https:\/\/test.centerarhitekture.org\/wp-content\/uploads\/2020\/05\/VD20_logotipi-1200x2351.png 1200w, https:\/\/test.centerarhitekture.org\/wp-content\/uploads\/2020\/05\/VD20_logotipi.png 1683w\" sizes=\"(max-width: 1683px) 100vw, 1683px\" \/><\/div>\n\t\t<\/figure>\n\t<\/div>\n<div class=\"vc_empty_space\"   style=\"height: 32px\"><span class=\"vc_empty_space_inner\"><\/span><\/div>\n\t<div  class=\"wpb_single_image wpb_content_element vc_align_left wpb_content_element\">\n\t\t\n\t\t<figure class=\"wpb_wrapper vc_figure\">\n\t\t\t<a href=\"https:\/\/test.centerarhitekture.org\/en\/trgovinadsa\/\" target=\"_blank\" class=\"vc_single_image-wrapper   vc_box_border_grey\"><img decoding=\"async\" width=\"242\" height=\"105\" src=\"https:\/\/test.centerarhitekture.org\/wp-content\/uploads\/2017\/08\/DSA_logo.png\" class=\"vc_single_image-img attachment-medium\" alt=\"\" title=\"DSA_logo\" \/><\/a>\n\t\t<\/figure>\n\t<\/div>\n<div class=\"vc_empty_space\"   style=\"height: 10px\"><span class=\"vc_empty_space_inner\"><\/span><\/div><h3 style=\"color: #a76e5b;text-align: left\" class=\"vc_custom_heading vc_do_custom_heading\" >RAZSTAVA DARILO SLOVENSKE ARHITEKTURE<\/h3>\n\t<div class=\"wpb_text_column wpb_content_element\" >\n\t\t<div class=\"wpb_wrapper\">\n\t\t\t<p>V 3. nadstropju Knji\u017enice A. T. Linharta v Radovljici je od 11. 5. do 31. 8. 2020 na ogled razstava izdelkov <strong>Darilo slovenske arhitekture &#8211; kolekcija Ivan Vurnik in Helena Kottler Vurnik! <\/strong>Vabljeni!<\/p>\n<p>Vse izdelke Darilo slovenske arhitekture si lahko ogledate tudi v <a href=\"https:\/\/test.centerarhitekture.org\/en\/trgovinadsa\/\"><span style=\"text-decoration: underline;\">na\u0161i spletni trgovini<\/span><\/a>.<\/p>\n\n\t\t<\/div>\n\t<\/div>\n<\/div><\/div><\/div><\/div><div class=\"vc_row wpb_row vc_row-fluid\"><div class=\"wpb_column vc_column_container vc_col-sm-9\"><div class=\"vc_column-inner\"><div class=\"wpb_wrapper\"><\/div><\/div><\/div><div class=\"wpb_column vc_column_container vc_col-sm-3\"><div class=\"vc_column-inner\"><div class=\"wpb_wrapper\"><\/div><\/div><\/div><\/div>\n<\/div>","protected":false},"excerpt":{"rendered":"VURNIKOVI DNEVI 2020136. OBLETNICA ROJSTVA IVANA VURNIKA Vurnikovi dnevi vsako leto obele\u017eujejo spomin na radovlji\u0161kega rojaka arhitekta Ivana Vurnika, ki se je rodil 1. junija 1884 v Radovljici, kjer je pre\u017eivel del svojega \u017eivljenja in umrl leta 1971. Dogodki v okviru praznika Krajevne skupnosti Radovljica, ki obele\u017eujejo 136. obletnico rojstva arhitekta Ivana Vurnika, bodo potekali  [...]","protected":false},"author":2,"featured_media":0,"parent":0,"menu_order":0,"comment_status":"closed","ping_status":"closed","template":"","meta":{"iawp_total_views":8,"footnotes":""},"class_list":["post-3394","page","type-page","status-publish","hentry"],"_links":{"self":[{"href":"https:\/\/test.centerarhitekture.org\/en\/wp-json\/wp\/v2\/pages\/3394","targetHints":{"allow":["GET"]}}],"collection":[{"href":"https:\/\/test.centerarhitekture.org\/en\/wp-json\/wp\/v2\/pages"}],"about":[{"href":"https:\/\/test.centerarhitekture.org\/en\/wp-json\/wp\/v2\/types\/page"}],"author":[{"embeddable":true,"href":"https:\/\/test.centerarhitekture.org\/en\/wp-json\/wp\/v2\/users\/2"}],"replies":[{"embeddable":true,"href":"https:\/\/test.centerarhitekture.org\/en\/wp-json\/wp\/v2\/comments?post=3394"}],"version-history":[{"count":34,"href":"https:\/\/test.centerarhitekture.org\/en\/wp-json\/wp\/v2\/pages\/3394\/revisions"}],"predecessor-version":[{"id":4137,"href":"https:\/\/test.centerarhitekture.org\/en\/wp-json\/wp\/v2\/pages\/3394\/revisions\/4137"}],"wp:attachment":[{"href":"https:\/\/test.centerarhitekture.org\/en\/wp-json\/wp\/v2\/media?parent=3394"}],"curies":[{"name":"wp","href":"https:\/\/api.w.org\/{rel}","templated":true}]}}