{"id":4117,"date":"2021-05-24T13:26:52","date_gmt":"2021-05-24T11:26:52","guid":{"rendered":"https:\/\/test.centerarhitekture.org\/?page_id=4117"},"modified":"2022-01-11T11:16:25","modified_gmt":"2022-01-11T10:16:25","slug":"vurnikovi-dnevi-2021","status":"publish","type":"page","link":"https:\/\/test.centerarhitekture.org\/en\/vurnikovi-dnevi-2021\/","title":{"rendered":"Vurnikovi dnevi 2021"},"content":{"rendered":"<div class=\"wpb-content-wrapper\"><div class=\"vc_row wpb_row vc_row-fluid\"><div class=\"wpb_column vc_column_container vc_col-sm-12\"><div class=\"vc_column-inner\"><div class=\"wpb_wrapper\"><div class=\"vc_empty_space\"   style=\"height: 32px\"><span class=\"vc_empty_space_inner\"><\/span><\/div><\/div><\/div><\/div><\/div><div class=\"vc_row wpb_row vc_row-fluid\"><div class=\"wpb_column vc_column_container vc_col-sm-9\"><div class=\"vc_column-inner\"><div class=\"wpb_wrapper\"><h2 style=\"color: #a76e5b;text-align: left\" class=\"vc_custom_heading vc_do_custom_heading\" >VURNIKOVI DNEVI 2021<\/h2><div class=\"vc_empty_space\"   style=\"height: 32px\"><span class=\"vc_empty_space_inner\"><\/span><\/div><div class=\"vc_row wpb_row vc_inner vc_row-fluid vc_custom_1621855771170 vc_row-has-fill\"><div class=\"wpb_column vc_column_container vc_col-sm-12\"><div class=\"vc_column-inner\"><div class=\"wpb_wrapper\"><div class=\"vc_empty_space\"   style=\"height: 10px\"><span class=\"vc_empty_space_inner\"><\/span><\/div><h3 style=\"color: #a76e5b;text-align: left\" class=\"vc_custom_heading vc_do_custom_heading\" >137. OBLETNICA ROJSTVA IVANA VURNIKA<\/h3>\n\t<div class=\"wpb_text_column wpb_content_element\" >\n\t\t<div class=\"wpb_wrapper\">\n\t\t\t<p>Vurnikovi dnevi vsako leto obele\u017eujejo spomin na radovlji\u0161kega rojaka arhitekta Ivana Vurnika, ki se je rodil 1. junija 1884 v Radovljici, kjer je pre\u017eivel del svojega \u017eivljenja in umrl leta 1971. Dogodki v okviru praznika Krajevne skupnosti Radovljica, ki obele\u017eujejo 137. obletnico rojstva arhitekta Ivana Vurnika, so potekali od 1. do 30. junija 2021.<\/p>\n\n\t\t<\/div>\n\t<\/div>\n<div class=\"vc_empty_space\"   style=\"height: 10px\"><span class=\"vc_empty_space_inner\"><\/span><\/div><div class=\"vc_btn3-container vc_btn3-inline vc_do_btn\" ><a class=\"vc_general vc_btn3 vc_btn3-size-sm vc_btn3-shape-square vc_btn3-style-flat vc_btn3-color-mulled-wine\" href=\"https:\/\/test.centerarhitekture.org\/wp-content\/uploads\/2021\/05\/2021_vurnikovi-dnevi_glavni-plakat_web.pdf\" title=\"\">Plakat Vurnikovi dnevi 2021<\/a><\/div><\/div><\/div><\/div><\/div><div class=\"vc_empty_space\"   style=\"height: 32px\"><span class=\"vc_empty_space_inner\"><\/span><\/div>\n\t<div class=\"wpb_text_column wpb_content_element\" >\n\t\t<div class=\"wpb_wrapper\">\n\t\t\t<p><strong>torek, 1. junija 2021, ob 18. uri<\/strong><br \/>\nRadovljica, arkade pri cerkvi na Linhartovem trgu<\/p>\n<p><span style=\"color: #a76e5b;\"><strong>OTVORITEV VURNIKOVIH DNI<\/strong><\/span><br \/>\nNagovor predsednika Krajevne skupnosti Radovljica, Andreja Gol\u010dmana.<\/p>\n\n\t\t<\/div>\n\t<\/div>\n\n\t<div  class=\"wpb_single_image wpb_content_element vc_align_left wpb_content_element\">\n\t\t\n\t\t<figure class=\"wpb_wrapper vc_figure\">\n\t\t\t<a class=\"\" data-lightbox=\"lightbox[rel-4117-1482472257]\" href=\"https:\/\/test.centerarhitekture.org\/wp-content\/uploads\/2021\/06\/2021_vurnikovi-dnevi_vabilo_web_Stran_2-724x1024.jpg\" target=\"_self\"><img decoding=\"async\" width=\"150\" height=\"150\" src=\"https:\/\/test.centerarhitekture.org\/wp-content\/uploads\/2021\/06\/2021_vurnikovi-dnevi_vabilo_web_Stran_2-150x150.jpg\" class=\"vc_single_image-img attachment-thumbnail\" alt=\"\" title=\"2021_vurnikovi dnevi_vabilo_web_Stran_2\" srcset=\"https:\/\/test.centerarhitekture.org\/wp-content\/uploads\/2021\/06\/2021_vurnikovi-dnevi_vabilo_web_Stran_2-66x66.jpg 66w, https:\/\/test.centerarhitekture.org\/wp-content\/uploads\/2021\/06\/2021_vurnikovi-dnevi_vabilo_web_Stran_2-100x100.jpg 100w, https:\/\/test.centerarhitekture.org\/wp-content\/uploads\/2021\/06\/2021_vurnikovi-dnevi_vabilo_web_Stran_2-150x150.jpg 150w, https:\/\/test.centerarhitekture.org\/wp-content\/uploads\/2021\/06\/2021_vurnikovi-dnevi_vabilo_web_Stran_2-300x300.jpg 300w\" sizes=\"(max-width: 150px) 100vw, 150px\" \/><\/a><figcaption class=\"vc_figure-caption\">Vabilo: Vurnikovi dnevi 2021<\/figcaption>\n\t\t<\/figure>\n\t<\/div>\n<div class=\"vc_empty_space\"   style=\"height: 10px\"><span class=\"vc_empty_space_inner\"><\/span><\/div><div class=\"vc_separator wpb_content_element vc_separator_align_center vc_sep_width_100 vc_sep_pos_align_center vc_separator_no_text vc_sep_color_grey wpb_content_element  wpb_content_element\" ><span class=\"vc_sep_holder vc_sep_holder_l\"><span class=\"vc_sep_line\"><\/span><\/span><span class=\"vc_sep_holder vc_sep_holder_r\"><span class=\"vc_sep_line\"><\/span><\/span>\n<\/div><div class=\"vc_empty_space\"   style=\"height: 10px\"><span class=\"vc_empty_space_inner\"><\/span><\/div>\n\t<div class=\"wpb_text_column wpb_content_element vc_custom_1641895755713\" >\n\t\t<div class=\"wpb_wrapper\">\n\t\t\t<p><strong>torek, 1. junija 2021, ob 18.30<\/strong><br \/>\nRadovljica, galerija Pasa\u017ea FD Radovljica v Radovlji\u0161ki gra\u0161\u010dini<\/p>\n<p><span style=\"color: #a76e5b;\"><strong>VURNIKOV FOTOGRAFSKI NATE\u010cAJ<\/strong><\/span><br \/>\nRazglasitev zmagovalcev in razstava Vurnikovega fotografskega nate\u010daja 2021.<br \/>\nRazstava\u00a0 je bila na ogled od 1. do 30. junija 2021.<\/p>\n<p>Ve\u010d o Vurnikovem fotografskem nate\u010daju si preberite na <a href=\"https:\/\/test.centerarhitekture.org\/en\/vurnikov-fotografski-natecaj\/\"><span style=\"text-decoration: underline;\">povezavi<\/span><\/a>.<\/p>\n\n\t\t<\/div>\n\t<\/div>\n<div class=\"vc_empty_space\"   style=\"height: 10px\"><span class=\"vc_empty_space_inner\"><\/span><\/div><div class=\"vc_separator wpb_content_element vc_separator_align_center vc_sep_width_100 vc_sep_pos_align_center vc_separator_no_text vc_sep_color_grey wpb_content_element  wpb_content_element\" ><span class=\"vc_sep_holder vc_sep_holder_l\"><span class=\"vc_sep_line\"><\/span><\/span><span class=\"vc_sep_holder vc_sep_holder_r\"><span class=\"vc_sep_line\"><\/span><\/span>\n<\/div><div class=\"vc_empty_space\"   style=\"height: 10px\"><span class=\"vc_empty_space_inner\"><\/span><\/div>\n\t<div class=\"wpb_text_column wpb_content_element\" >\n\t\t<div class=\"wpb_wrapper\">\n\t\t\t<p><strong>torek, 1. junija 2021, ob 19. uri<\/strong><br \/>\nRadovljica, Galerija \u0160iv\u010deva hi\u0161a<\/p>\n<p><strong><span style=\"color: #a76e5b;\">VURNIKOVA SPOMINSKA SOBA: razstava<\/span><\/strong><br \/>\nOtvoritev razstave, ki je nastala v sodelovanju Centra arhitekture Slovenije in Fakultete za arhitekturo UL. Razstavo bosta odprla \u017eupan Ob\u010dine Radovljica, Ciril Globo\u010dnik, in predsednik Krajevne skupnosti Radovljica, Andrej Gol\u010dman. Razstava je bila na ogled od 1. do 30. junija 2021.<\/p>\n\n\t\t<\/div>\n\t<\/div>\n\n\t<div  class=\"wpb_single_image wpb_content_element vc_align_left wpb_content_element\">\n\t\t\n\t\t<figure class=\"wpb_wrapper vc_figure\">\n\t\t\t<a class=\"\" data-lightbox=\"lightbox[rel-4117-2552797510]\" href=\"https:\/\/test.centerarhitekture.org\/wp-content\/uploads\/2021\/06\/vurnik_vabilo_koncno_2-838x1024.jpg\" target=\"_self\"><img decoding=\"async\" width=\"150\" height=\"150\" src=\"https:\/\/test.centerarhitekture.org\/wp-content\/uploads\/2021\/06\/vurnik_vabilo_koncno_2-150x150.jpg\" class=\"vc_single_image-img attachment-thumbnail\" alt=\"\" title=\"vurnik_vabilo_kon\u010dno_2\" srcset=\"https:\/\/test.centerarhitekture.org\/wp-content\/uploads\/2021\/06\/vurnik_vabilo_koncno_2-66x66.jpg 66w, https:\/\/test.centerarhitekture.org\/wp-content\/uploads\/2021\/06\/vurnik_vabilo_koncno_2-100x100.jpg 100w, https:\/\/test.centerarhitekture.org\/wp-content\/uploads\/2021\/06\/vurnik_vabilo_koncno_2-150x150.jpg 150w, https:\/\/test.centerarhitekture.org\/wp-content\/uploads\/2021\/06\/vurnik_vabilo_koncno_2-300x300.jpg 300w\" sizes=\"(max-width: 150px) 100vw, 150px\" \/><\/a><figcaption class=\"vc_figure-caption\">Vabilo: Otvoritev razstave Vurnikova spominska soba<\/figcaption>\n\t\t<\/figure>\n\t<\/div>\n<div class=\"vc_empty_space\"   style=\"height: 10px\"><span class=\"vc_empty_space_inner\"><\/span><\/div><div class=\"vc_separator wpb_content_element vc_separator_align_center vc_sep_width_100 vc_sep_pos_align_center vc_separator_no_text vc_sep_color_grey wpb_content_element  wpb_content_element\" ><span class=\"vc_sep_holder vc_sep_holder_l\"><span class=\"vc_sep_line\"><\/span><\/span><span class=\"vc_sep_holder vc_sep_holder_r\"><span class=\"vc_sep_line\"><\/span><\/span>\n<\/div><div class=\"vc_empty_space\"   style=\"height: 10px\"><span class=\"vc_empty_space_inner\"><\/span><\/div>\n\t<div class=\"wpb_text_column wpb_content_element vc_custom_1641895782762\" >\n\t\t<div class=\"wpb_wrapper\">\n\t\t\t<p><strong>torek, 1. junija 2021, ob 20. uri<\/strong><br \/>\nRadovljica, Baro\u010dna dvorana Radovlji\u0161ke gra\u0161\u010dine<\/p>\n<p><span style=\"color: #a76e5b;\"><strong>VURNIKOVA \u0160TUDENTSKA NAGRADA: slavnostna podelitev<\/strong><\/span><br \/>\nRazstava zmagovalnih in nominiranih predlogov za Vurnikovo \u0161tudentsko nagrado 2021 v Gra\u0161\u010dini je bila na ogled od 1. do 30. junija 2021.<\/p>\n<p>Ve\u010d o Vurnikovi \u0161tudentski nagradi si preberite na <a href=\"https:\/\/test.centerarhitekture.org\/en\/vurnikova-nagrada\/\"><span style=\"text-decoration: underline;\">povezavi<\/span><\/a>.<\/p>\n\n\t\t<\/div>\n\t<\/div>\n\n\t<div  class=\"wpb_single_image wpb_content_element vc_align_left wpb_content_element\">\n\t\t\n\t\t<figure class=\"wpb_wrapper vc_figure\">\n\t\t\t<a class=\"\" data-lightbox=\"lightbox[rel-4117-2120785161]\" href=\"https:\/\/test.centerarhitekture.org\/wp-content\/uploads\/2021\/06\/2021_vurnikova-nagrada_vabilo-1024x1024.jpg\" target=\"_self\"><img decoding=\"async\" width=\"150\" height=\"150\" src=\"https:\/\/test.centerarhitekture.org\/wp-content\/uploads\/2021\/06\/2021_vurnikova-nagrada_vabilo-150x150.jpg\" class=\"vc_single_image-img attachment-thumbnail\" alt=\"\" title=\"2021_vurnikova nagrada_vabilo\" srcset=\"https:\/\/test.centerarhitekture.org\/wp-content\/uploads\/2021\/06\/2021_vurnikova-nagrada_vabilo-12x12.jpg 12w, https:\/\/test.centerarhitekture.org\/wp-content\/uploads\/2021\/06\/2021_vurnikova-nagrada_vabilo-66x66.jpg 66w, https:\/\/test.centerarhitekture.org\/wp-content\/uploads\/2021\/06\/2021_vurnikova-nagrada_vabilo-100x100.jpg 100w, https:\/\/test.centerarhitekture.org\/wp-content\/uploads\/2021\/06\/2021_vurnikova-nagrada_vabilo-150x150.jpg 150w, https:\/\/test.centerarhitekture.org\/wp-content\/uploads\/2021\/06\/2021_vurnikova-nagrada_vabilo-200x200.jpg 200w, https:\/\/test.centerarhitekture.org\/wp-content\/uploads\/2021\/06\/2021_vurnikova-nagrada_vabilo-300x300.jpg 300w, https:\/\/test.centerarhitekture.org\/wp-content\/uploads\/2021\/06\/2021_vurnikova-nagrada_vabilo-400x400.jpg 400w, https:\/\/test.centerarhitekture.org\/wp-content\/uploads\/2021\/06\/2021_vurnikova-nagrada_vabilo-500x500.jpg 500w, https:\/\/test.centerarhitekture.org\/wp-content\/uploads\/2021\/06\/2021_vurnikova-nagrada_vabilo-600x600.jpg 600w, https:\/\/test.centerarhitekture.org\/wp-content\/uploads\/2021\/06\/2021_vurnikova-nagrada_vabilo-700x700.jpg 700w, https:\/\/test.centerarhitekture.org\/wp-content\/uploads\/2021\/06\/2021_vurnikova-nagrada_vabilo-768x768.jpg 768w, https:\/\/test.centerarhitekture.org\/wp-content\/uploads\/2021\/06\/2021_vurnikova-nagrada_vabilo-800x800.jpg 800w, https:\/\/test.centerarhitekture.org\/wp-content\/uploads\/2021\/06\/2021_vurnikova-nagrada_vabilo-1024x1024.jpg 1024w, https:\/\/test.centerarhitekture.org\/wp-content\/uploads\/2021\/06\/2021_vurnikova-nagrada_vabilo-1200x1200.jpg 1200w, https:\/\/test.centerarhitekture.org\/wp-content\/uploads\/2021\/06\/2021_vurnikova-nagrada_vabilo.jpg 1240w\" sizes=\"(max-width: 150px) 100vw, 150px\" \/><\/a><figcaption class=\"vc_figure-caption\">Vabilo: Slavnostna podelitev Vurnikove \u0161tudentske nagrade za leto 2021<\/figcaption>\n\t\t<\/figure>\n\t<\/div>\n<div class=\"vc_empty_space\"   style=\"height: 10px\"><span class=\"vc_empty_space_inner\"><\/span><\/div><div class=\"vc_separator wpb_content_element vc_separator_align_center vc_sep_width_100 vc_sep_pos_align_center vc_separator_no_text vc_sep_color_grey wpb_content_element  wpb_content_element\" ><span class=\"vc_sep_holder vc_sep_holder_l\"><span class=\"vc_sep_line\"><\/span><\/span><span class=\"vc_sep_holder vc_sep_holder_r\"><span class=\"vc_sep_line\"><\/span><\/span>\n<\/div><div class=\"vc_empty_space\"   style=\"height: 10px\"><span class=\"vc_empty_space_inner\"><\/span><\/div>\n\t<div class=\"wpb_text_column wpb_content_element\" >\n\t\t<div class=\"wpb_wrapper\">\n\t\t\t<p><strong>od 1. do 30. junija 2021<\/strong><br \/>\nRadovljica, Knji\u017enica Antona Toma\u017ea Linharta<\/p>\n<p><span style=\"color: #a76e5b;\"><strong>VURNIKOVA POT PO RADOVLJICI: razstava<\/strong><\/span><br \/>\nV pritli\u010dju knji\u017enice je bila na ogled razstava zmagovalnega nate\u010dajnega predloga \u0161tudentov Fakultete za arhitekturo UL, ki so ob lanskih Vurnikovih dnevih pripravili projekt Vurnikove poti po Radovljici.<\/p>\n\n\t\t<\/div>\n\t<\/div>\n<div class=\"vc_empty_space\"   style=\"height: 10px\"><span class=\"vc_empty_space_inner\"><\/span><\/div><div class=\"vc_separator wpb_content_element vc_separator_align_center vc_sep_width_100 vc_sep_pos_align_center vc_separator_no_text vc_sep_color_grey wpb_content_element  wpb_content_element\" ><span class=\"vc_sep_holder vc_sep_holder_l\"><span class=\"vc_sep_line\"><\/span><\/span><span class=\"vc_sep_holder vc_sep_holder_r\"><span class=\"vc_sep_line\"><\/span><\/span>\n<\/div><div class=\"vc_empty_space\"   style=\"height: 10px\"><span class=\"vc_empty_space_inner\"><\/span><\/div>\n\t<div class=\"wpb_text_column wpb_content_element vc_custom_1641895830078\" >\n\t\t<div class=\"wpb_wrapper\">\n\t\t\t<p><strong>petek, 4. junija 2021, ob 19. uri<\/strong><br \/>\nRadovljica, plesna dvorana Radovlji\u0161ke gra\u0161\u010dine<\/p>\n<p><span style=\"color: #a76e5b;\"><strong>VURNIKOVA SPOMINSKA SOBA: predstavitev<\/strong><\/span><br \/>\nPredstavitev predlogov in rezultatov projekta Vurnikova spominska soba avtorjev \u0161tudentov Fakultete za arhitekturo UL seminarja arhitektke prof. Maru\u0161e Zorec. Pred predstavitvijo je bil mo\u017een ogled razstave v Galeriji \u0160iv\u010deva hi\u0161a.<\/p>\n\n\t\t<\/div>\n\t<\/div>\n\n\t<div  class=\"wpb_single_image wpb_content_element vc_align_left wpb_content_element\">\n\t\t\n\t\t<figure class=\"wpb_wrapper vc_figure\">\n\t\t\t<a class=\"\" data-lightbox=\"lightbox[rel-4117-1408234475]\" href=\"https:\/\/test.centerarhitekture.org\/wp-content\/uploads\/2021\/06\/vurnik_vabilo_koncno_2-838x1024.jpg\" target=\"_self\"><img decoding=\"async\" width=\"150\" height=\"150\" src=\"https:\/\/test.centerarhitekture.org\/wp-content\/uploads\/2021\/06\/vurnik_vabilo_koncno_2-150x150.jpg\" class=\"vc_single_image-img attachment-thumbnail\" alt=\"\" title=\"vurnik_vabilo_kon\u010dno_2\" srcset=\"https:\/\/test.centerarhitekture.org\/wp-content\/uploads\/2021\/06\/vurnik_vabilo_koncno_2-66x66.jpg 66w, https:\/\/test.centerarhitekture.org\/wp-content\/uploads\/2021\/06\/vurnik_vabilo_koncno_2-100x100.jpg 100w, https:\/\/test.centerarhitekture.org\/wp-content\/uploads\/2021\/06\/vurnik_vabilo_koncno_2-150x150.jpg 150w, https:\/\/test.centerarhitekture.org\/wp-content\/uploads\/2021\/06\/vurnik_vabilo_koncno_2-300x300.jpg 300w\" sizes=\"(max-width: 150px) 100vw, 150px\" \/><\/a><figcaption class=\"vc_figure-caption\">Vabilo: Otvoritev razstave Vurnikova spominska soba<\/figcaption>\n\t\t<\/figure>\n\t<\/div>\n<div class=\"vc_empty_space\"   style=\"height: 10px\"><span class=\"vc_empty_space_inner\"><\/span><\/div><div class=\"vc_separator wpb_content_element vc_separator_align_center vc_sep_width_100 vc_sep_pos_align_center vc_separator_no_text vc_sep_color_grey wpb_content_element  wpb_content_element\" ><span class=\"vc_sep_holder vc_sep_holder_l\"><span class=\"vc_sep_line\"><\/span><\/span><span class=\"vc_sep_holder vc_sep_holder_r\"><span class=\"vc_sep_line\"><\/span><\/span>\n<\/div><div class=\"vc_empty_space\"   style=\"height: 10px\"><span class=\"vc_empty_space_inner\"><\/span><\/div>\n\t<div class=\"wpb_text_column wpb_content_element\" >\n\t\t<div class=\"wpb_wrapper\">\n\t\t\t<p><strong>\u010detrtek, 10. junija 2021<\/strong><br \/>\nRadovljica, Dom dr. Janka Benedika Radovljica<\/p>\n<p><span style=\"color: #a76e5b;\"><strong>PEKA VURNIKOVIH PI\u0160KOTOV<\/strong><\/span><br \/>\nS starostniki smo pekli Vurnikove pi\u0161kote in z njimi pogostili obiskovalce odprtja razstave v Galeriji \u0160iv\u010deva hi\u0161a.<\/p>\n\n\t\t<\/div>\n\t<\/div>\n<div class=\"vc_empty_space\"   style=\"height: 10px\"><span class=\"vc_empty_space_inner\"><\/span><\/div><div class=\"vc_separator wpb_content_element vc_separator_align_center vc_sep_width_100 vc_sep_pos_align_center vc_separator_no_text vc_sep_color_grey wpb_content_element  wpb_content_element\" ><span class=\"vc_sep_holder vc_sep_holder_l\"><span class=\"vc_sep_line\"><\/span><\/span><span class=\"vc_sep_holder vc_sep_holder_r\"><span class=\"vc_sep_line\"><\/span><\/span>\n<\/div><div class=\"vc_empty_space\"   style=\"height: 10px\"><span class=\"vc_empty_space_inner\"><\/span><\/div>\n\t<div class=\"wpb_text_column wpb_content_element vc_custom_1641896162056\" >\n\t\t<div class=\"wpb_wrapper\">\n\t\t\t<p><strong>petek, 11. junija 2021, ob 19. uri<\/strong><br \/>\nRadovljica, plesna dvorana Radovlji\u0161ke gra\u0161\u010dine<\/p>\n<p><span style=\"color: #a76e5b;\"><strong>ARHITEKTURNA STI\u010cI\u0160\u010cA: Trajnostno vsak dan<\/strong><\/span><br \/>\nPredavanja predstavnikov izstopajo\u010dih praks s podro\u010dja urejanja prostora, arhitekture in sonaravnega razvoja.<br \/>\nSodelujo\u010di: Marko Peterlin, IPOP; Gaja Me\u017enari\u0107 Osole, Trajna; Ira Zorko, arhitekt; Zala Velkavrh in Alenka Korenjak, prostoRo\u017e<\/p>\n<p>Dogodek si je mo\u017eno ogledati tudi preko spleta na na\u0161em <span style=\"text-decoration: underline;\"><a href=\"https:\/\/www.youtube.com\/channel\/UCOAi5jZuMfsgXiZ9gpXUMcg\/videos\">Youtube kanalu<\/a><\/span>.<\/p>\n\n\t\t<\/div>\n\t<\/div>\n<div class=\"vc_empty_space\"   style=\"height: 10px\"><span class=\"vc_empty_space_inner\"><\/span><\/div><div class=\"vc_separator wpb_content_element vc_separator_align_center vc_sep_width_100 vc_sep_pos_align_center vc_separator_no_text vc_sep_color_grey wpb_content_element  wpb_content_element\" ><span class=\"vc_sep_holder vc_sep_holder_l\"><span class=\"vc_sep_line\"><\/span><\/span><span class=\"vc_sep_holder vc_sep_holder_r\"><span class=\"vc_sep_line\"><\/span><\/span>\n<\/div><div class=\"vc_empty_space\"   style=\"height: 10px\"><span class=\"vc_empty_space_inner\"><\/span><\/div>\n\t<div class=\"wpb_text_column wpb_content_element\" >\n\t\t<div class=\"wpb_wrapper\">\n\t\t\t<p><strong>sobota, 25. septembra 2021, od 7. ure naprej<\/strong><br \/>\nPrekmurje<\/p>\n<p><span style=\"color: #a76e5b;\"><strong>VURNIKOVA POT 2021<\/strong><\/span><br \/>\nVodena arhitekturna ekskurzija po Vurnikovi poti je prestavljena v leto 2022.<br \/>\nPrijave in informacije: <a href=\"mailto:info@centerarhitekture.org\">info(at)centerarhitekture.org<\/a><\/p>\n\n\t\t<\/div>\n\t<\/div>\n<\/div><\/div><\/div><div class=\"wpb_column vc_column_container vc_col-sm-3\"><div class=\"vc_column-inner\"><div class=\"wpb_wrapper\"><div class=\"vc_empty_space\"   style=\"height: 32px\"><span class=\"vc_empty_space_inner\"><\/span><\/div><div class=\"vc_empty_space\"   style=\"height: 32px\"><span class=\"vc_empty_space_inner\"><\/span><\/div>\n\t<div  class=\"wpb_single_image wpb_content_element vc_align_center wpb_content_element\">\n\t\t\n\t\t<figure class=\"wpb_wrapper vc_figure\">\n\t\t\t<a class=\"\" data-lightbox=\"lightbox[rel-4117-3092823717]\" href=\"https:\/\/test.centerarhitekture.org\/wp-content\/uploads\/2021\/05\/2021_logotipi-1024x916.jpg\" target=\"_self\"><img decoding=\"async\" width=\"1798\" height=\"1609\" src=\"https:\/\/test.centerarhitekture.org\/wp-content\/uploads\/2021\/05\/2021_logotipi.jpg\" class=\"vc_single_image-img attachment-full\" alt=\"\" title=\"2021_logotipi\" srcset=\"https:\/\/test.centerarhitekture.org\/wp-content\/uploads\/2021\/05\/2021_logotipi-13x12.jpg 13w, https:\/\/test.centerarhitekture.org\/wp-content\/uploads\/2021\/05\/2021_logotipi-200x179.jpg 200w, https:\/\/test.centerarhitekture.org\/wp-content\/uploads\/2021\/05\/2021_logotipi-300x268.jpg 300w, https:\/\/test.centerarhitekture.org\/wp-content\/uploads\/2021\/05\/2021_logotipi-400x358.jpg 400w, https:\/\/test.centerarhitekture.org\/wp-content\/uploads\/2021\/05\/2021_logotipi-500x447.jpg 500w, https:\/\/test.centerarhitekture.org\/wp-content\/uploads\/2021\/05\/2021_logotipi-600x537.jpg 600w, https:\/\/test.centerarhitekture.org\/wp-content\/uploads\/2021\/05\/2021_logotipi-700x626.jpg 700w, https:\/\/test.centerarhitekture.org\/wp-content\/uploads\/2021\/05\/2021_logotipi-768x687.jpg 768w, https:\/\/test.centerarhitekture.org\/wp-content\/uploads\/2021\/05\/2021_logotipi-800x716.jpg 800w, https:\/\/test.centerarhitekture.org\/wp-content\/uploads\/2021\/05\/2021_logotipi-1024x916.jpg 1024w, https:\/\/test.centerarhitekture.org\/wp-content\/uploads\/2021\/05\/2021_logotipi-1200x1074.jpg 1200w, https:\/\/test.centerarhitekture.org\/wp-content\/uploads\/2021\/05\/2021_logotipi-1536x1375.jpg 1536w, https:\/\/test.centerarhitekture.org\/wp-content\/uploads\/2021\/05\/2021_logotipi.jpg 1798w\" sizes=\"(max-width: 1798px) 100vw, 1798px\" \/><\/a>\n\t\t<\/figure>\n\t<\/div>\n<div class=\"vc_empty_space\"   style=\"height: 32px\"><span class=\"vc_empty_space_inner\"><\/span><\/div>\n\t<div  class=\"wpb_single_image wpb_content_element vc_align_left wpb_content_element\">\n\t\t\n\t\t<figure class=\"wpb_wrapper vc_figure\">\n\t\t\t<a href=\"https:\/\/test.centerarhitekture.org\/en\/trgovinadsa\/\" target=\"_blank\" class=\"vc_single_image-wrapper   vc_box_border_grey\"><img decoding=\"async\" width=\"242\" height=\"105\" src=\"https:\/\/test.centerarhitekture.org\/wp-content\/uploads\/2017\/08\/DSA_logo.png\" class=\"vc_single_image-img attachment-medium\" alt=\"\" title=\"DSA_logo\" \/><\/a>\n\t\t<\/figure>\n\t<\/div>\n<div class=\"vc_empty_space\"   style=\"height: 10px\"><span class=\"vc_empty_space_inner\"><\/span><\/div><h3 style=\"color: #a76e5b;text-align: left\" class=\"vc_custom_heading vc_do_custom_heading\" >RAZSTAVA KOLA\u017dEV DEL IVANA VURNIKA IN HELENE KOTTLER VURNIK<\/h3>\n\t<div class=\"wpb_text_column wpb_content_element\" >\n\t\t<div class=\"wpb_wrapper\">\n\t\t\t<p>V zgornjih nadstropjih Knji\u017enice A. T. Linharta v Radovljici je od 1. do 30. 6. 2021 na ogled <strong>razstava kola\u017eev Vurnikovih del<\/strong>, ki jih je leta 2014 oblikovala <strong>Rina Barbari\u0107<\/strong>, takratna \u0161tudentka ALUO UL, v okviru projekta \u0161tudentk in \u0161tudentov 1., 2. in 3. letnika Akademije za likovno umetnost in oblikovanje Univerze v Ljubljani, \u0161tudijske smeri Industrijsko oblikovanje, pod vodstvom prof. Vladimirja Pezdirca in doc. Jureta Miklavca, ter smeri Grafi\u010dno oblikovanje, pod vodstvom prof. Ranka Novaka.<\/p>\n<p>Vsi razstavljeni kola\u017ei so v \u010dasu Vurnikovih dni 2021 po <strong>zni\u017eani ceni<\/strong> na voljo v <a href=\"https:\/\/test.centerarhitekture.org\/en\/trgovinadsa\/\"><span style=\"text-decoration: underline;\">spletni trgovini Darilo slovenske arhitekture<\/span><\/a>, kjer najdete tudi druge izdelke v dveh kolekcijah.<\/p>\n\n\t\t<\/div>\n\t<\/div>\n<\/div><\/div><\/div><\/div><div class=\"vc_row wpb_row vc_row-fluid\"><div class=\"wpb_column vc_column_container vc_col-sm-12\"><div class=\"vc_column-inner\"><div class=\"wpb_wrapper\"><div class=\"vc_empty_space\"   style=\"height: 32px\"><span class=\"vc_empty_space_inner\"><\/span><\/div><\/div><\/div><\/div><\/div>\n<\/div>","protected":false},"excerpt":{"rendered":"VURNIKOVI DNEVI 2021137. OBLETNICA ROJSTVA IVANA VURNIKA Vurnikovi dnevi vsako leto obele\u017eujejo spomin na radovlji\u0161kega rojaka arhitekta Ivana Vurnika, ki se je rodil 1. junija 1884 v Radovljici, kjer je pre\u017eivel del svojega \u017eivljenja in umrl leta 1971. Dogodki v okviru praznika Krajevne skupnosti Radovljica, ki obele\u017eujejo 137. obletnico rojstva arhitekta Ivana Vurnika, so potekali  [...]","protected":false},"author":2,"featured_media":0,"parent":0,"menu_order":0,"comment_status":"closed","ping_status":"closed","template":"","meta":{"iawp_total_views":10,"footnotes":""},"class_list":["post-4117","page","type-page","status-publish","hentry"],"_links":{"self":[{"href":"https:\/\/test.centerarhitekture.org\/en\/wp-json\/wp\/v2\/pages\/4117","targetHints":{"allow":["GET"]}}],"collection":[{"href":"https:\/\/test.centerarhitekture.org\/en\/wp-json\/wp\/v2\/pages"}],"about":[{"href":"https:\/\/test.centerarhitekture.org\/en\/wp-json\/wp\/v2\/types\/page"}],"author":[{"embeddable":true,"href":"https:\/\/test.centerarhitekture.org\/en\/wp-json\/wp\/v2\/users\/2"}],"replies":[{"embeddable":true,"href":"https:\/\/test.centerarhitekture.org\/en\/wp-json\/wp\/v2\/comments?post=4117"}],"version-history":[{"count":12,"href":"https:\/\/test.centerarhitekture.org\/en\/wp-json\/wp\/v2\/pages\/4117\/revisions"}],"predecessor-version":[{"id":4125,"href":"https:\/\/test.centerarhitekture.org\/en\/wp-json\/wp\/v2\/pages\/4117\/revisions\/4125"}],"wp:attachment":[{"href":"https:\/\/test.centerarhitekture.org\/en\/wp-json\/wp\/v2\/media?parent=4117"}],"curies":[{"name":"wp","href":"https:\/\/api.w.org\/{rel}","templated":true}]}}