{"id":4195,"date":"2021-07-26T13:01:17","date_gmt":"2021-07-26T11:01:17","guid":{"rendered":"https:\/\/test.centerarhitekture.org\/?page_id=4195"},"modified":"2024-04-17T21:38:38","modified_gmt":"2024-04-17T19:38:38","slug":"vurnikova-pot","status":"publish","type":"page","link":"https:\/\/test.centerarhitekture.org\/en\/vurnikova-pot\/","title":{"rendered":"Vurnikova pot"},"content":{"rendered":"<div class=\"wpb-content-wrapper\"><div class=\"vc_row wpb_row vc_row-fluid\"><div class=\"wpb_column vc_column_container vc_col-sm-12\"><div class=\"vc_column-inner\"><div class=\"wpb_wrapper\"><div class=\"vc_empty_space\"   style=\"height: 32px\"><span class=\"vc_empty_space_inner\"><\/span><\/div><h2 style=\"font-size: 22px;color: #981618;text-align: left\" class=\"vc_custom_heading vc_do_custom_heading\" >VURNIKOVA POT<\/h2>\n\t<div class=\"wpb_text_column wpb_content_element\" >\n\t\t<div class=\"wpb_wrapper\">\n\t\t\t<p>Potovanje po sledeh dedi\u0161\u010dine zakoncev Vurnik ter sodobnej\u0161e arhitekture, povezane z njunim delom.<\/p>\n\n\t\t<\/div>\n\t<\/div>\n<div class=\"vc_empty_space\"   style=\"height: 32px\"><span class=\"vc_empty_space_inner\"><\/span><\/div><\/div><\/div><\/div><\/div><div class=\"vc_row wpb_row vc_row-fluid\"><div class=\"wpb_column vc_column_container vc_col-sm-8\"><div class=\"vc_column-inner\"><div class=\"wpb_wrapper\"><h2 style=\"font-size: 18px;color: #981618;text-align: left\" class=\"vc_custom_heading vc_do_custom_heading\" >VURNIKOVA POT 2024: ZGODBE VURNIKOVE ARHITEKTURE<\/h2>\n\t<div class=\"wpb_text_column wpb_content_element\" >\n\t\t<div class=\"wpb_wrapper\">\n\t\t\t<p><strong>\u010cetrtek, 19. september 2024, od 17. do 19. ure<\/strong><\/p>\n<p>Vurnikova pot nas vsako leto vodi v kraje, v katerih sta svoj pe\u010dat pustila arhitekt Ivan Vurnik in slikarka Helena Kottler Vurnik. Leto\u0161nje leto bomo raziskovali njuno arhitekturo v Ljubljani. Arhitekturni sprehod bo vodil arhitekt Andra\u017e Ker\u0161i\u010d.<\/p>\n<p>Prijave zbiramo preko e-maila na <a href=\"mailto:info@centerarhitekture.org\">info@centerarhitekture.org<\/a>.<\/p>\n\n\t\t<\/div>\n\t<\/div>\n<div class=\"vc_empty_space\"   style=\"height: 10px\"><span class=\"vc_empty_space_inner\"><\/span><\/div>\n\t<div  class=\"wpb_single_image wpb_content_element vc_align_left wpb_content_element\">\n\t\t\n\t\t<figure class=\"wpb_wrapper vc_figure\">\n\t\t\t<div class=\"vc_single_image-wrapper   vc_box_border_grey\"><img decoding=\"async\" width=\"2480\" height=\"2480\" src=\"https:\/\/test.centerarhitekture.org\/wp-content\/uploads\/2024\/04\/2024_VURNIKOVA-POT.jpg\" class=\"vc_single_image-img attachment-full\" alt=\"\" title=\"2024_VURNIKOVA-POT\" srcset=\"https:\/\/test.centerarhitekture.org\/wp-content\/uploads\/2024\/04\/2024_VURNIKOVA-POT-12x12.jpg 12w, https:\/\/test.centerarhitekture.org\/wp-content\/uploads\/2024\/04\/2024_VURNIKOVA-POT-66x66.jpg 66w, https:\/\/test.centerarhitekture.org\/wp-content\/uploads\/2024\/04\/2024_VURNIKOVA-POT-100x100.jpg 100w, https:\/\/test.centerarhitekture.org\/wp-content\/uploads\/2024\/04\/2024_VURNIKOVA-POT-150x150.jpg 150w, https:\/\/test.centerarhitekture.org\/wp-content\/uploads\/2024\/04\/2024_VURNIKOVA-POT-200x200.jpg 200w, https:\/\/test.centerarhitekture.org\/wp-content\/uploads\/2024\/04\/2024_VURNIKOVA-POT-300x300.jpg 300w, https:\/\/test.centerarhitekture.org\/wp-content\/uploads\/2024\/04\/2024_VURNIKOVA-POT-400x400.jpg 400w, https:\/\/test.centerarhitekture.org\/wp-content\/uploads\/2024\/04\/2024_VURNIKOVA-POT-500x500.jpg 500w, https:\/\/test.centerarhitekture.org\/wp-content\/uploads\/2024\/04\/2024_VURNIKOVA-POT-600x600.jpg 600w, https:\/\/test.centerarhitekture.org\/wp-content\/uploads\/2024\/04\/2024_VURNIKOVA-POT-700x700.jpg 700w, https:\/\/test.centerarhitekture.org\/wp-content\/uploads\/2024\/04\/2024_VURNIKOVA-POT-768x768.jpg 768w, https:\/\/test.centerarhitekture.org\/wp-content\/uploads\/2024\/04\/2024_VURNIKOVA-POT-800x800.jpg 800w, https:\/\/test.centerarhitekture.org\/wp-content\/uploads\/2024\/04\/2024_VURNIKOVA-POT-1024x1024.jpg 1024w, https:\/\/test.centerarhitekture.org\/wp-content\/uploads\/2024\/04\/2024_VURNIKOVA-POT-1200x1200.jpg 1200w, https:\/\/test.centerarhitekture.org\/wp-content\/uploads\/2024\/04\/2024_VURNIKOVA-POT-1536x1536.jpg 1536w, https:\/\/test.centerarhitekture.org\/wp-content\/uploads\/2024\/04\/2024_VURNIKOVA-POT.jpg 2480w\" sizes=\"(max-width: 2480px) 100vw, 2480px\" \/><\/div>\n\t\t<\/figure>\n\t<\/div>\n<div class=\"vc_empty_space\"   style=\"height: 10px\"><span class=\"vc_empty_space_inner\"><\/span><\/div><\/div><\/div><\/div><div class=\"wpb_column vc_column_container vc_col-sm-4\"><div class=\"vc_column-inner\"><div class=\"wpb_wrapper\">\n\t<div class=\"wpb_text_column wpb_content_element vc_custom_1627297475210\" >\n\t\t<div class=\"wpb_wrapper\">\n\t\t\t<p><strong>Kdo sta bila Ivan Vurnik in Helena Kottler Vurnik?<\/strong><\/p>\n<p><strong>IVAN VURNIK<\/strong> (1884\u20131971), arhitekt in urbanist<br \/>\nArhitekt Ivan Vurnik velja za pionirja moderne arhitekture in za utemeljitelja urbanizma na Slovenskem (poleg Jo\u017eeta Ple\u010dnika in Maksa Fabianija). Zaslu\u017een je za ustanovitev arhitekturnega oddelka na Tehni\u0161ki fakulteti v Ljubljani, ki je bil temelj Fakulteti za arhitekturo. Vurnik je v za\u010detku svojega arhitekturnega dela razvijal t. i. narodni slog, pozneje pa se je usmeril k funkcionalizmu.<\/p>\n<p><strong>HELENA KOTTLER VURNIK<\/strong> (1882\u20131962), slikarka in oblikovalka<br \/>\nHelena Kottler Vurnik je bila slikarka, risarka in ilustratorka, ki je ustvarjala v obdobju umetnostnega sloga secesije. Veljala je za mojstrico vseh slikarskih in grafi\u010dnih tehnik ter uporabne umetnosti. Slikala je v olju, ustvarjala je v tehniki emajla in mozaika, grafike, ukvarjala se je s knji\u017eno opremo oziroma ilustracijo, izdelovala je vinjete za \u010dasopise ter predloge za vezenje liturgi\u010dnih obla\u010dil.<\/p>\n\n\t\t<\/div>\n\t<\/div>\n<div class=\"vc_empty_space\"   style=\"height: 10px\"><span class=\"vc_empty_space_inner\"><\/span><\/div><div class=\"vc_btn3-container vc_btn3-inline vc_do_btn\" ><a class=\"vc_general vc_btn3 vc_btn3-size-md vc_btn3-shape-square vc_btn3-style-modern vc_btn3-color-mulled-wine\" href=\"https:\/\/test.centerarhitekture.org\/wp-content\/uploads\/2017\/10\/Vurnikzemljevid_SLO_.pdf\" title=\"\">KA\u017dIPOT PO ARHITEKTURNIH DELIH ZAKONCEV VURNIK<\/a><\/div><\/div><\/div><\/div><\/div><div class=\"vc_row wpb_row vc_row-fluid\"><div class=\"wpb_column vc_column_container vc_col-sm-12\"><div class=\"vc_column-inner\"><div class=\"wpb_wrapper\"><div class=\"vc_empty_space\"   style=\"height: 32px\"><span class=\"vc_empty_space_inner\"><\/span><\/div><\/div><\/div><\/div><\/div>\n<\/div>","protected":false},"excerpt":{"rendered":"VURNIKOVA POT Potovanje po sledeh dedi\u0161\u010dine zakoncev Vurnik ter sodobnej\u0161e arhitekture, povezane z njunim delom. VURNIKOVA POT 2024: ZGODBE VURNIKOVE ARHITEKTURE \u010cetrtek, 19. september 2024, od 17. do 19. ure Vurnikova pot nas vsako leto vodi v kraje, v katerih sta svoj pe\u010dat pustila arhitekt Ivan Vurnik in slikarka Helena Kottler Vurnik. Leto\u0161nje leto bomo  [...]","protected":false},"author":2,"featured_media":0,"parent":0,"menu_order":0,"comment_status":"closed","ping_status":"closed","template":"","meta":{"iawp_total_views":207,"footnotes":""},"class_list":["post-4195","page","type-page","status-publish","hentry"],"_links":{"self":[{"href":"https:\/\/test.centerarhitekture.org\/en\/wp-json\/wp\/v2\/pages\/4195","targetHints":{"allow":["GET"]}}],"collection":[{"href":"https:\/\/test.centerarhitekture.org\/en\/wp-json\/wp\/v2\/pages"}],"about":[{"href":"https:\/\/test.centerarhitekture.org\/en\/wp-json\/wp\/v2\/types\/page"}],"author":[{"embeddable":true,"href":"https:\/\/test.centerarhitekture.org\/en\/wp-json\/wp\/v2\/users\/2"}],"replies":[{"embeddable":true,"href":"https:\/\/test.centerarhitekture.org\/en\/wp-json\/wp\/v2\/comments?post=4195"}],"version-history":[{"count":21,"href":"https:\/\/test.centerarhitekture.org\/en\/wp-json\/wp\/v2\/pages\/4195\/revisions"}],"predecessor-version":[{"id":5130,"href":"https:\/\/test.centerarhitekture.org\/en\/wp-json\/wp\/v2\/pages\/4195\/revisions\/5130"}],"wp:attachment":[{"href":"https:\/\/test.centerarhitekture.org\/en\/wp-json\/wp\/v2\/media?parent=4195"}],"curies":[{"name":"wp","href":"https:\/\/api.w.org\/{rel}","templated":true}]}}