{"id":4247,"date":"2021-11-16T18:57:47","date_gmt":"2021-11-16T17:57:47","guid":{"rendered":"https:\/\/test.centerarhitekture.org\/?page_id=4247"},"modified":"2024-11-07T19:12:39","modified_gmt":"2024-11-07T18:12:39","slug":"namenitev-dela-dohodnine","status":"publish","type":"page","link":"https:\/\/test.centerarhitekture.org\/en\/namenitev-dela-dohodnine\/","title":{"rendered":"NAMENITEV DELA DOHODNINE"},"content":{"rendered":"<div class=\"wpb-content-wrapper\"><div class=\"vc_row wpb_row vc_row-fluid\"><div class=\"wpb_column vc_column_container vc_col-sm-12\"><div class=\"vc_column-inner\"><div class=\"wpb_wrapper\"><div class=\"vc_empty_space\"   style=\"height: 32px\"><span class=\"vc_empty_space_inner\"><\/span><\/div><\/div><\/div><\/div><\/div><div class=\"vc_row wpb_row vc_row-fluid\"><div class=\"wpb_column vc_column_container vc_col-sm-3\"><div class=\"vc_column-inner\"><div class=\"wpb_wrapper\">\n\t<div  class=\"wpb_single_image wpb_content_element vc_align_left wpb_content_element\">\n\t\t\n\t\t<figure class=\"wpb_wrapper vc_figure\">\n\t\t\t<div class=\"vc_single_image-wrapper   vc_box_border_grey\"><img decoding=\"async\" width=\"728\" height=\"1226\" src=\"https:\/\/test.centerarhitekture.org\/wp-content\/uploads\/2021\/11\/2021_dohodnina_A4-letaki.png\" class=\"vc_single_image-img attachment-full\" alt=\"\" title=\"2021_dohodnina_A4 letaki\" srcset=\"https:\/\/test.centerarhitekture.org\/wp-content\/uploads\/2021\/11\/2021_dohodnina_A4-letaki-7x12.png 7w, https:\/\/test.centerarhitekture.org\/wp-content\/uploads\/2021\/11\/2021_dohodnina_A4-letaki-178x300.png 178w, https:\/\/test.centerarhitekture.org\/wp-content\/uploads\/2021\/11\/2021_dohodnina_A4-letaki-200x337.png 200w, https:\/\/test.centerarhitekture.org\/wp-content\/uploads\/2021\/11\/2021_dohodnina_A4-letaki-400x674.png 400w, https:\/\/test.centerarhitekture.org\/wp-content\/uploads\/2021\/11\/2021_dohodnina_A4-letaki-500x842.png 500w, https:\/\/test.centerarhitekture.org\/wp-content\/uploads\/2021\/11\/2021_dohodnina_A4-letaki-600x1010.png 600w, https:\/\/test.centerarhitekture.org\/wp-content\/uploads\/2021\/11\/2021_dohodnina_A4-letaki-608x1024.png 608w, https:\/\/test.centerarhitekture.org\/wp-content\/uploads\/2021\/11\/2021_dohodnina_A4-letaki-700x1179.png 700w, https:\/\/test.centerarhitekture.org\/wp-content\/uploads\/2021\/11\/2021_dohodnina_A4-letaki.png 728w\" sizes=\"(max-width: 728px) 100vw, 728px\" \/><\/div>\n\t\t<\/figure>\n\t<\/div>\n<\/div><\/div><\/div><div class=\"wpb_column vc_column_container vc_col-sm-9\"><div class=\"vc_column-inner\"><div class=\"wpb_wrapper\"><h3 style=\"text-align: left\" class=\"vc_custom_heading vc_do_custom_heading\" >PODARITE DEL VA\u0160E DOHODNINE IN PRISPEVAJTE H KAKOVOSTI BIVANJA V NA\u0160I DRU\u017dBI!<\/h3>\n\t<div class=\"wpb_text_column wpb_content_element\" >\n\t\t<div class=\"wpb_wrapper\">\n\t\t\t<div class=\"wpb_text_column wpb_content_element\">\n<div class=\"wpb_wrapper\">\n<p>Prispevajte h kakovosti bivanja v na\u0161i dru\u017ebi.\u00a0<strong>Podarite na\u0161i organizaciji do 1 % dohodnine. <\/strong><\/p>\n<p><strong>V Centru arhitekture Slovenije pod eno streho skrbimo za prostorsko opismenjevanje otrok in odraslih.<\/strong>\u00a0To po\u010dnemo predano leto za letom in pri tem nam lahko pomagate tudi vi. V letu 2015 smo prejeli status zavoda, ki deluje v javnem interesu pri Ministrstvu za kulturo RS. S tem smo postali upravi\u010denci za prejem donacije do 1 % dohodnine.<\/p>\n<p><strong>Donacija vas ni\u010d ne stane.<\/strong> Vsi dav\u010dni zavezanci lahko namre\u010d do 1 odstotka odmerjene dohodnine po \u017eelji darujete eni ali ve\u010d organizacijam.<\/p>\n<\/div>\n<\/div>\n\n\t\t<\/div>\n\t<\/div>\n\n\t<div class=\"wpb_text_column wpb_content_element\" >\n\t\t<div class=\"wpb_wrapper\">\n\t\t\t<div class=\"wpb_text_column wpb_content_element\">\n<div class=\"wpb_wrapper\">\n<p><strong>Tudi \u010de tega ne storite, gre ta del va\u0161e dohodnine v dr\u017eavni prora\u010dun.<\/strong><\/p>\n<\/div>\n<\/div>\n\n\t\t<\/div>\n\t<\/div>\n\n\t<div class=\"wpb_text_column wpb_content_element\" >\n\t\t<div class=\"wpb_wrapper\">\n\t\t\t<div class=\"wpb_text_column wpb_content_element\">\n<div class=\"wpb_wrapper\">\n<p>1 % dohodnine nam lahko podarite tako, da:<\/p>\n<\/div>\n<\/div>\n\n\t\t<\/div>\n\t<\/div>\n<div class=\"vc_empty_space\"   style=\"height: 12px\"><span class=\"vc_empty_space_inner\"><\/span><\/div><div class=\"vc_row wpb_row vc_inner vc_row-fluid\"><div class=\"wpb_column vc_column_container vc_col-sm-12\"><div class=\"vc_column-inner\"><div class=\"wpb_wrapper\">\n\t<div class=\"wpb_text_column wpb_content_element\" >\n\t\t<div class=\"wpb_wrapper\">\n\t\t\t<div class=\"wpb_text_column wpb_content_element\">\n<div class=\"wpb_wrapper\">\n<p><strong>Izpolnite spodnji obrazec in ga po\u0161ljite CNVOS:<\/strong><\/p>\n<\/div>\n<\/div>\n\n\t\t<\/div>\n\t<\/div>\n\n\t<div class=\"wpb_raw_code wpb_raw_html wpb_content_element\" >\n\t\t<div class=\"wpb_wrapper\">\n\t\t\t<iframe id=\"enprocent_iframe\" frameborder=\"0\" width=\"800\" height=\"600\" style=\"max-width:100%;\" src=\"https:\/\/www.cnvos.si\/enprocent\/embed\/v2\/?address=RIMSKA%20CESTA%201&city=Ljubljana&name=CENTER%20ARHITEKTURE%20SLOVENIJE%2C%20ZAVOD%20ZA%20IZOBRA%C5%BDEVANJE%20O%20ARHITEKTURI%2C%20PROSTORU%20IN%20OBLIKOVANJU&percent=1.0&postalCode=1000&taxNumber=59106727\"><\/iframe><script src=\"https:\/\/cdnjs.cloudflare.com\/ajax\/libs\/iframe-resizer\/4.3.2\/iframeResizer.min.js\"><\/script><script>iFrameResize({checkOrigin:false},'#enprocent_iframe');<\/script>\n\t\t<\/div>\n\t<\/div>\n<\/div><\/div><\/div><\/div><h3 style=\"text-align: left\" class=\"vc_custom_heading vc_do_custom_heading\" >HVALA, KER S TEM PODPIRATE NA\u0160E DELOVANJE!<\/h3><\/div><\/div><\/div><\/div><div class=\"vc_row wpb_row vc_row-fluid\"><div class=\"wpb_column vc_column_container vc_col-sm-12\"><div class=\"vc_column-inner\"><div class=\"wpb_wrapper\"><div class=\"vc_row wpb_row vc_inner vc_row-fluid\"><div class=\"wpb_column vc_column_container vc_col-sm-12\"><div class=\"vc_column-inner\"><div class=\"wpb_wrapper\"><\/div><\/div><\/div><\/div><div class=\"vc_empty_space\"   style=\"height: 32px\"><span class=\"vc_empty_space_inner\"><\/span><\/div><div class=\"vc_separator wpb_content_element vc_separator_align_center vc_sep_width_100 vc_sep_pos_align_center vc_separator_no_text vc_sep_color_grey wpb_content_element  wpb_content_element\" ><span class=\"vc_sep_holder vc_sep_holder_l\"><span class=\"vc_sep_line\"><\/span><\/span><span class=\"vc_sep_holder vc_sep_holder_r\"><span class=\"vc_sep_line\"><\/span><\/span>\n<\/div><div class=\"vc_empty_space\"   style=\"height: 32px\"><span class=\"vc_empty_space_inner\"><\/span><\/div><\/div><\/div><\/div><\/div><div class=\"vc_row wpb_row vc_row-fluid\"><div class=\"wpb_column vc_column_container vc_col-sm-3\"><div class=\"vc_column-inner\"><div class=\"wpb_wrapper\">\n\t<div  class=\"wpb_single_image wpb_content_element vc_align_left wpb_content_element\">\n\t\t\n\t\t<figure class=\"wpb_wrapper vc_figure\">\n\t\t\t<a href=\"https:\/\/test.centerarhitekture.org\/wp-content\/uploads\/2021\/11\/QR-koda_donacije-za-CAS.pdf\" target=\"_blank\" class=\"vc_single_image-wrapper   vc_box_border_grey\"><img decoding=\"async\" width=\"161\" height=\"161\" src=\"https:\/\/test.centerarhitekture.org\/wp-content\/uploads\/2021\/11\/qr.png\" class=\"vc_single_image-img attachment-full\" alt=\"\" title=\"qr\" srcset=\"https:\/\/test.centerarhitekture.org\/wp-content\/uploads\/2021\/11\/qr-12x12.png 12w, https:\/\/test.centerarhitekture.org\/wp-content\/uploads\/2021\/11\/qr-66x66.png 66w, https:\/\/test.centerarhitekture.org\/wp-content\/uploads\/2021\/11\/qr-100x100.png 100w, https:\/\/test.centerarhitekture.org\/wp-content\/uploads\/2021\/11\/qr-150x150.png 150w, https:\/\/test.centerarhitekture.org\/wp-content\/uploads\/2021\/11\/qr.png 161w\" sizes=\"(max-width: 161px) 100vw, 161px\" \/><\/a>\n\t\t<\/figure>\n\t<\/div>\n<\/div><\/div><\/div><div class=\"wpb_column vc_column_container vc_col-sm-9\"><div class=\"vc_column-inner\"><div class=\"wpb_wrapper\"><h3 style=\"text-align: left\" class=\"vc_custom_heading vc_do_custom_heading\" >VESELI BOMO KAKR\u0160NEKOLI VA\u0160E DONACIJE<\/h3>\n\t<div class=\"wpb_text_column wpb_content_element\" >\n\t\t<div class=\"wpb_wrapper\">\n\t\t\t<div class=\"wpb_text_column wpb_content_element\">\n<div class=\"wpb_wrapper\">\n<p>\u0160e naprej bomo<strong> sledili na\u0161emu poslanstvu<\/strong> in skrbeli za bolj\u0161i prostor. Otroke, mlade in odrasle z najrazli\u010dnej\u0161imi aktivnostmi izobra\u017eujemo o arhitekturi, prostoru in oblikovanju ter se trudimo, da z na\u0161o pomo\u010djo postanejo opolnomo\u010deni posamezniki, ki <strong>se zavedajo svojega vpliva na prostor<\/strong>.<\/p>\n<p>Grajeni prostor in stavbe imajo namre\u010d <strong>mo\u010dan vpliv na na\u0161e \u017eivljenje<\/strong>, zdravje, po\u010dutje, uspe\u0161nost, varnost in zadovoljstvo.<\/p>\n<p><strong>Vsi ljudje, ne samo arhitekti, krajinski arhitekti in prostorski na\u010drtovalci, soustvarjamo prostor, ki hkrati dolo\u010da vsakega izmed nas.<\/strong><\/p>\n<\/div>\n<\/div>\n\n\t\t<\/div>\n\t<\/div>\n<div class=\"vc_empty_space\"   style=\"height: 12px\"><span class=\"vc_empty_space_inner\"><\/span><\/div><div class=\"vc_row wpb_row vc_inner vc_row-fluid\"><div class=\"wpb_column vc_column_container vc_col-sm-6\"><div class=\"vc_column-inner\"><div class=\"wpb_wrapper\"><div class=\"vc_btn3-container vc_btn3-left vc_do_btn\" ><a class=\"vc_general vc_btn3 vc_btn3-size-md vc_btn3-shape-square vc_btn3-style-modern vc_btn3-color-turquoise\" href=\"https:\/\/test.centerarhitekture.org\/wp-content\/uploads\/2021\/11\/QR-koda_donacije-za-CAS.pdf\" title=\"\">UPN OBRAZEC ZA DONACIJE<\/a><\/div><\/div><\/div><\/div><div class=\"wpb_column vc_column_container vc_col-sm-6\"><div class=\"vc_column-inner\"><div class=\"wpb_wrapper\">\n\t<div class=\"wpb_text_column wpb_content_element\" >\n\t\t<div class=\"wpb_wrapper\">\n\t\t\t<p><em>Obrazec smo za vas \u017ee delno izpolnili.<\/em><\/p>\n\n\t\t<\/div>\n\t<\/div>\n<\/div><\/div><\/div><\/div><\/div><\/div><\/div><\/div><div class=\"vc_row wpb_row vc_row-fluid\"><div class=\"wpb_column vc_column_container vc_col-sm-12\"><div class=\"vc_column-inner\"><div class=\"wpb_wrapper\"><div class=\"vc_empty_space\"   style=\"height: 32px\"><span class=\"vc_empty_space_inner\"><\/span><\/div><\/div><\/div><\/div><\/div>\n<\/div>","protected":false},"excerpt":{"rendered":"PODARITE DEL VA\u0160E DOHODNINE IN PRISPEVAJTE H KAKOVOSTI BIVANJA V NA\u0160I DRU\u017dBI! Prispevajte h kakovosti bivanja v na\u0161i dru\u017ebi.\u00a0Podarite na\u0161i organizaciji do 1 % dohodnine. V Centru arhitekture Slovenije pod eno streho skrbimo za prostorsko opismenjevanje otrok in odraslih.\u00a0To po\u010dnemo predano leto za letom in pri tem nam lahko pomagate tudi vi. V letu 2015  [...]","protected":false},"author":2,"featured_media":0,"parent":0,"menu_order":0,"comment_status":"closed","ping_status":"closed","template":"","meta":{"iawp_total_views":68,"footnotes":""},"class_list":["post-4247","page","type-page","status-publish","hentry"],"_links":{"self":[{"href":"https:\/\/test.centerarhitekture.org\/en\/wp-json\/wp\/v2\/pages\/4247","targetHints":{"allow":["GET"]}}],"collection":[{"href":"https:\/\/test.centerarhitekture.org\/en\/wp-json\/wp\/v2\/pages"}],"about":[{"href":"https:\/\/test.centerarhitekture.org\/en\/wp-json\/wp\/v2\/types\/page"}],"author":[{"embeddable":true,"href":"https:\/\/test.centerarhitekture.org\/en\/wp-json\/wp\/v2\/users\/2"}],"replies":[{"embeddable":true,"href":"https:\/\/test.centerarhitekture.org\/en\/wp-json\/wp\/v2\/comments?post=4247"}],"version-history":[{"count":19,"href":"https:\/\/test.centerarhitekture.org\/en\/wp-json\/wp\/v2\/pages\/4247\/revisions"}],"predecessor-version":[{"id":5247,"href":"https:\/\/test.centerarhitekture.org\/en\/wp-json\/wp\/v2\/pages\/4247\/revisions\/5247"}],"wp:attachment":[{"href":"https:\/\/test.centerarhitekture.org\/en\/wp-json\/wp\/v2\/media?parent=4247"}],"curies":[{"name":"wp","href":"https:\/\/api.w.org\/{rel}","templated":true}]}}