{"id":4895,"date":"2023-06-21T06:43:07","date_gmt":"2023-06-21T04:43:07","guid":{"rendered":"https:\/\/test.centerarhitekture.org\/?page_id=4895"},"modified":"2025-01-12T17:39:38","modified_gmt":"2025-01-12T16:39:38","slug":"vurnikov-fotografski-natecaj-2023","status":"publish","type":"page","link":"https:\/\/test.centerarhitekture.org\/en\/vurnikov-fotografski-natecaj\/vurnikov-fotografski-natecaj-2023\/","title":{"rendered":"Vurnikov fotografski nate\u010daj 2023"},"content":{"rendered":"<div class=\"wpb-content-wrapper\"><div class=\"vc_row wpb_row vc_row-fluid\"><div class=\"wpb_column vc_column_container vc_col-sm-12\"><div class=\"vc_column-inner\"><div class=\"wpb_wrapper\"><div class=\"vc_empty_space\"   style=\"height: 32px\"><span class=\"vc_empty_space_inner\"><\/span><\/div><h2 style=\"color: #981618;text-align: left\" class=\"vc_custom_heading vc_do_custom_heading\" >VURNIKOV FOTOGRAFSKI NATE\u010cAJ 2023:<\/h2><h2 style=\"color: #981618;text-align: left\" class=\"vc_custom_heading vc_do_custom_heading\" >EDVARD RAVNIKAR SKOZI FOTOGRAFSKI OBJEKTIV<\/h2><\/div><\/div><\/div><\/div><div class=\"vc_row wpb_row vc_row-fluid\"><div class=\"wpb_column vc_column_container vc_col-sm-8\"><div class=\"vc_column-inner\"><div class=\"wpb_wrapper\"><h3 style=\"text-align: left\" class=\"vc_custom_heading vc_do_custom_heading\" >VSEM, KI IMATE RADI DOBRO FOTOGRAFIJO!<\/h3>\n\t<div class=\"wpb_text_column wpb_content_element\" >\n\t\t<div class=\"wpb_wrapper\">\n\t\t\t<p><strong>Center arhitekture Slovenije<\/strong>,\u00a0<strong>Krajevna skupnost Radovljica<\/strong>\u00a0and\u00a0<strong>Fotografsko dru\u0161tvo Radovljica<\/strong>\u00a0so tudi v letu 2023 vabili k sodelovanju na tematskem nate\u010daju za fotografije, povezane z \u017eivljenjem in delom arhitekta Edvarda Ravnikarja, kateremu je posve\u010deno leto\u0161nje leto.<\/p>\n<p>Na nate\u010daju so lahko sodelovali tako ljubiteljski kot poklicni fotografi vseh starosti, razen \u010dlani \u017eirije, \u010dlani organizacijskega odbora nate\u010daja in njihovi dru\u017einski \u010dlani. Na nate\u010daju je lahko vsakdo sodeloval z najve\u010d tremi (3) fotografijami.<\/p>\n<p>Razglasitev zmagovalcev Vurnikovega fotografskega nate\u010daja 2023 je bila v petek, 2. junija 2023, ob 18.00.<br \/>\nRazstava je bila na ogled od 1. do 30. junija 2023.<\/p>\n\n\t\t<\/div>\n\t<\/div>\n<div class=\"vc_empty_space\"   style=\"height: 32px\"><span class=\"vc_empty_space_inner\"><\/span><\/div><\/div><\/div><\/div><div class=\"wpb_column vc_column_container vc_col-sm-4\"><div class=\"vc_column-inner\"><div class=\"wpb_wrapper\"><h3 style=\"color: #981618;text-align: left\" class=\"vc_custom_heading vc_do_custom_heading\" >RAZGLASITEV ZMAGOVALCEV PRISPELIH FOTOGRAFIJ<\/h3>\n\t<div class=\"wpb_text_column wpb_content_element\" >\n\t\t<div class=\"wpb_wrapper\">\n\t\t\t<p><strong>NAGRAJENCI V KATEGORIJI ODRASLI:<\/strong><br \/>\n_Ana Skobe<br \/>\n_Gaja Golja<br \/>\n_Jure Gruden<\/p>\n<p><strong>NAGRAJENKA V KATEGORIJI SREDNJE\u0160OLCI:<\/strong><br \/>\n_Lara Kelbi\u010d<\/p>\n\n\t\t<\/div>\n\t<\/div>\n<\/div><\/div><\/div><\/div><div class=\"vc_row wpb_row vc_row-fluid\"><div class=\"wpb_column vc_column_container vc_col-sm-12\"><div class=\"vc_column-inner\"><div class=\"wpb_wrapper\"><div class=\"vc_separator wpb_content_element vc_separator_align_center vc_sep_width_100 vc_sep_pos_align_center vc_separator_no_text vc_sep_color_grey wpb_content_element  wpb_content_element\" ><span class=\"vc_sep_holder vc_sep_holder_l\"><span class=\"vc_sep_line\"><\/span><\/span><span class=\"vc_sep_holder vc_sep_holder_r\"><span class=\"vc_sep_line\"><\/span><\/span>\n<\/div><\/div><\/div><\/div><\/div><div class=\"vc_row wpb_row vc_row-fluid\"><div class=\"wpb_column vc_column_container vc_col-sm-8\"><div class=\"vc_column-inner\"><div class=\"wpb_wrapper\"><div class=\"vc_empty_space\"   style=\"height: 32px\"><span class=\"vc_empty_space_inner\"><\/span><\/div>\n\t<div class=\"wpb_text_column wpb_content_element\" >\n\t\t<div class=\"wpb_wrapper\">\n\t\t\t<p><strong>NAGRADE:<\/strong><u><br \/>\n<\/u>_prvonagrajeni v kategoriji\u00a0<strong>srednje\u0161olci<\/strong>\u00a0prejme darilni bon v vrednosti 100 EUR za izdelke v spletni trgovini\u00a0<u><a href=\"https:\/\/www.cewe.si\/\" data-saferedirecturl=\"https:\/\/www.google.com\/url?q=https:\/\/www.cewe.si\/&amp;source=gmail&amp;ust=1687407353280000&amp;usg=AOvVaw3nshPyI7ZfBhtFDWwVz12C\">CEWE<\/a><br \/>\n<\/u>_prvonagrajeni v kategoriji\u00a0<strong>odrasli<\/strong>\u00a0prejme darilni bon v vrednosti 100 EUR za izdelke v spletni trgovini\u00a0<u><a href=\"https:\/\/www.cewe.si\/\" data-saferedirecturl=\"https:\/\/www.google.com\/url?q=https:\/\/www.cewe.si\/&amp;source=gmail&amp;ust=1687407353280000&amp;usg=AOvVaw3nshPyI7ZfBhtFDWwVz12C\">CEWE<\/a><br \/>\n<\/u>_drugo- in tretjenagrajeni v vseh kategorijah prejmejo diplomo<\/p>\n<p><strong>\u017dIRIJA:<\/strong><br \/>\n_Miran Kambi\u010d, arhitekt in fotograf<br \/>\n_Toma\u017e Sedej, Fotografsko dru\u0161tvo Radovljica<br \/>\n_Nives \u010corak, Center arhitekture Slovenije<\/p>\n<p>Fotografije je \u017eirija ocenjevala v vsaki kategoriji posebej. Pri ocenjevanju je upo\u0161tevala tematsko ustreznost, izvirnost, sporo\u010dilnost, kakovost, vizualno in estetsko vrednost. Odlo\u010ditve \u017eirije so dokon\u010dne.<\/p>\n\n\t\t<\/div>\n\t<\/div>\n<div class=\"vc_empty_space\"   style=\"height: 32px\"><span class=\"vc_empty_space_inner\"><\/span><\/div><\/div><\/div><\/div><div class=\"wpb_column vc_column_container vc_col-sm-4\"><div class=\"vc_column-inner\"><div class=\"wpb_wrapper\"><div class=\"vc_empty_space\"   style=\"height: 32px\"><span class=\"vc_empty_space_inner\"><\/span><\/div><div class=\"vc_btn3-container vc_btn3-left vc_do_btn\" ><a class=\"vc_general vc_btn3 vc_btn3-size-sm vc_btn3-shape-square vc_btn3-style-modern vc_btn3-color-grey\" href=\"https:\/\/test.centerarhitekture.org\/wp-content\/uploads\/2023\/06\/PorociloFOTO-ZIRIJE-2023.docx\" title=\"\">PORO\u010cILO: VURNIKOV FOTOGRAFSKI NATE\u010cAJ 2023<\/a><\/div><\/div><\/div><\/div><\/div>\n<\/div>","protected":false},"excerpt":{"rendered":"VURNIKOV FOTOGRAFSKI NATE\u010cAJ 2023:EDVARD RAVNIKAR SKOZI FOTOGRAFSKI OBJEKTIVVSEM, KI IMATE RADI DOBRO FOTOGRAFIJO! Center arhitekture Slovenije,\u00a0Krajevna skupnost Radovljica\u00a0in\u00a0Fotografsko dru\u0161tvo Radovljica\u00a0so tudi v letu 2023 vabili k sodelovanju na tematskem nate\u010daju za fotografije, povezane z \u017eivljenjem in delom arhitekta Edvarda Ravnikarja, kateremu je posve\u010deno leto\u0161nje leto. Na nate\u010daju so lahko sodelovali tako ljubiteljski kot poklicni fotografi  [...]","protected":false},"author":1,"featured_media":0,"parent":2869,"menu_order":0,"comment_status":"closed","ping_status":"closed","template":"","meta":{"iawp_total_views":29,"footnotes":""},"class_list":["post-4895","page","type-page","status-publish","hentry"],"_links":{"self":[{"href":"https:\/\/test.centerarhitekture.org\/en\/wp-json\/wp\/v2\/pages\/4895","targetHints":{"allow":["GET"]}}],"collection":[{"href":"https:\/\/test.centerarhitekture.org\/en\/wp-json\/wp\/v2\/pages"}],"about":[{"href":"https:\/\/test.centerarhitekture.org\/en\/wp-json\/wp\/v2\/types\/page"}],"author":[{"embeddable":true,"href":"https:\/\/test.centerarhitekture.org\/en\/wp-json\/wp\/v2\/users\/1"}],"replies":[{"embeddable":true,"href":"https:\/\/test.centerarhitekture.org\/en\/wp-json\/wp\/v2\/comments?post=4895"}],"version-history":[{"count":11,"href":"https:\/\/test.centerarhitekture.org\/en\/wp-json\/wp\/v2\/pages\/4895\/revisions"}],"predecessor-version":[{"id":4912,"href":"https:\/\/test.centerarhitekture.org\/en\/wp-json\/wp\/v2\/pages\/4895\/revisions\/4912"}],"up":[{"embeddable":true,"href":"https:\/\/test.centerarhitekture.org\/en\/wp-json\/wp\/v2\/pages\/2869"}],"wp:attachment":[{"href":"https:\/\/test.centerarhitekture.org\/en\/wp-json\/wp\/v2\/media?parent=4895"}],"curies":[{"name":"wp","href":"https:\/\/api.w.org\/{rel}","templated":true}]}}