{"id":5038,"date":"2024-02-20T16:08:12","date_gmt":"2024-02-20T15:08:12","guid":{"rendered":"https:\/\/test.centerarhitekture.org\/?page_id=5038"},"modified":"2024-02-20T16:11:28","modified_gmt":"2024-02-20T15:11:28","slug":"sodeluj-z-nami","status":"publish","type":"page","link":"https:\/\/test.centerarhitekture.org\/en\/o-nas\/sodeluj-z-nami\/","title":{"rendered":"Sodeluj z nami"},"content":{"rendered":"<div class=\"wpb-content-wrapper\"><div class=\"vc_row wpb_row vc_row-fluid\"><div class=\"wpb_column vc_column_container vc_col-sm-12\"><div class=\"vc_column-inner\"><div class=\"wpb_wrapper\"><div class=\"vc_empty_space\"   style=\"height: 20px\"><span class=\"vc_empty_space_inner\"><\/span><\/div><\/div><\/div><\/div><\/div><div class=\"vc_row wpb_row vc_row-fluid\"><div class=\"wpb_column vc_column_container vc_col-sm-6\"><div class=\"vc_column-inner\"><div class=\"wpb_wrapper\">\n\t<div  class=\"wpb_single_image wpb_content_element vc_align_left wpb_content_element\">\n\t\t\n\t\t<figure class=\"wpb_wrapper vc_figure\">\n\t\t\t<div class=\"vc_single_image-wrapper   vc_box_border_grey\"><img decoding=\"async\" width=\"595\" height=\"420\" src=\"https:\/\/test.centerarhitekture.org\/wp-content\/uploads\/2024\/02\/2024_postani_vodja-projektov_IA.jpg\" class=\"vc_single_image-img attachment-full\" alt=\"\" title=\"2024_postani_vodja projektov_IA\" srcset=\"https:\/\/test.centerarhitekture.org\/wp-content\/uploads\/2024\/02\/2024_postani_vodja-projektov_IA-18x12.jpg 18w, https:\/\/test.centerarhitekture.org\/wp-content\/uploads\/2024\/02\/2024_postani_vodja-projektov_IA-200x141.jpg 200w, https:\/\/test.centerarhitekture.org\/wp-content\/uploads\/2024\/02\/2024_postani_vodja-projektov_IA-300x212.jpg 300w, https:\/\/test.centerarhitekture.org\/wp-content\/uploads\/2024\/02\/2024_postani_vodja-projektov_IA-400x282.jpg 400w, https:\/\/test.centerarhitekture.org\/wp-content\/uploads\/2024\/02\/2024_postani_vodja-projektov_IA-500x353.jpg 500w, https:\/\/test.centerarhitekture.org\/wp-content\/uploads\/2024\/02\/2024_postani_vodja-projektov_IA.jpg 595w\" sizes=\"(max-width: 595px) 100vw, 595px\" \/><\/div>\n\t\t<\/figure>\n\t<\/div>\n<\/div><\/div><\/div><div class=\"wpb_column vc_column_container vc_col-sm-6\"><div class=\"vc_column-inner\"><div class=\"wpb_wrapper\"><h2 style=\"font-size: 16px;text-align: left\" class=\"vc_custom_heading vc_do_custom_heading\" >VODJA PROJEKTOV PROGRAMA IGRIVA ARHITEKTURA<\/h2>\n\t<div class=\"wpb_text_column wpb_content_element\" >\n\t\t<div class=\"wpb_wrapper\">\n\t\t\t<p>V Centru arhitekture Slovenija i\u0161\u010demo samoiniciativnega, odgovornega in kreativnega \u00a0sodelavca oz. sodelavko za vodenje projektov programa <strong>Igriva arhitektura.<\/strong><\/p>\n<p>Pogoji:<\/p>\n<ul>\n<li>izku\u0161nje z vodenjem projektov slovenskih in evropskih razpisov (pisanje razpisov, koordinacija in organizacija ter izvedba projekta)<\/li>\n<li>izku\u0161nje in veselje do dela z otroci, mladostniki<\/li>\n<li>odgovornost do dela in ob\u010dutek za delo v skupini<\/li>\n<li>za\u017eeleno znanje programov MS Office (Wordm Excel) ter Adobe (Inndesign, Illustrator, Photoshop)<\/li>\n<li>vozni\u0161ki izpit<\/li>\n<\/ul>\n<p>Nudimo mo\u017enost dolgoro\u010dnega sodelovanja s trimese\u010dno poskusno dobo. Odprti smo za vse vrste sodelovanja (zaposlitev za polovi\u010dni delovni \u010das, s.p., samozaposlen). Nudimo stimulativno pla\u010dilo, ustrezno znanju ter izku\u0161njam.<\/p>\n<p>Zainteresirane kandidatke\/kandidati po\u0161ljite svoj \u017eivljenjepis na e-naslov\u00a0<a href=\"mailto:info@centerarhitekture.org\"><strong>info@centerarhitekture.org<\/strong><\/a>, izbrane kandidatke\/kandidate bomo povabili na razgovor.<\/p>\n<p>Prijave zbiramo do 30.3. 2024.<\/p>\n\n\t\t<\/div>\n\t<\/div>\n<\/div><\/div><\/div><\/div><div class=\"vc_row wpb_row vc_row-fluid\"><div class=\"wpb_column vc_column_container vc_col-sm-12\"><div class=\"vc_column-inner\"><div class=\"wpb_wrapper\"><div class=\"vc_empty_space\"   style=\"height: 150px\"><span class=\"vc_empty_space_inner\"><\/span><\/div><\/div><\/div><\/div><\/div>\n<\/div>","protected":false},"excerpt":{"rendered":"VODJA PROJEKTOV PROGRAMA IGRIVA ARHITEKTURA V Centru arhitekture Slovenija i\u0161\u010demo samoiniciativnega, odgovornega in kreativnega \u00a0sodelavca oz. sodelavko za vodenje projektov programa Igriva arhitektura. Pogoji: izku\u0161nje z vodenjem projektov slovenskih in evropskih razpisov (pisanje razpisov, koordinacija in organizacija ter izvedba projekta) izku\u0161nje in veselje do dela z otroci, mladostniki odgovornost do dela in ob\u010dutek za delo  [...]","protected":false},"author":1,"featured_media":0,"parent":18,"menu_order":0,"comment_status":"closed","ping_status":"closed","template":"","meta":{"iawp_total_views":164,"footnotes":""},"class_list":["post-5038","page","type-page","status-publish","hentry"],"_links":{"self":[{"href":"https:\/\/test.centerarhitekture.org\/en\/wp-json\/wp\/v2\/pages\/5038","targetHints":{"allow":["GET"]}}],"collection":[{"href":"https:\/\/test.centerarhitekture.org\/en\/wp-json\/wp\/v2\/pages"}],"about":[{"href":"https:\/\/test.centerarhitekture.org\/en\/wp-json\/wp\/v2\/types\/page"}],"author":[{"embeddable":true,"href":"https:\/\/test.centerarhitekture.org\/en\/wp-json\/wp\/v2\/users\/1"}],"replies":[{"embeddable":true,"href":"https:\/\/test.centerarhitekture.org\/en\/wp-json\/wp\/v2\/comments?post=5038"}],"version-history":[{"count":5,"href":"https:\/\/test.centerarhitekture.org\/en\/wp-json\/wp\/v2\/pages\/5038\/revisions"}],"predecessor-version":[{"id":5045,"href":"https:\/\/test.centerarhitekture.org\/en\/wp-json\/wp\/v2\/pages\/5038\/revisions\/5045"}],"up":[{"embeddable":true,"href":"https:\/\/test.centerarhitekture.org\/en\/wp-json\/wp\/v2\/pages\/18"}],"wp:attachment":[{"href":"https:\/\/test.centerarhitekture.org\/en\/wp-json\/wp\/v2\/media?parent=5038"}],"curies":[{"name":"wp","href":"https:\/\/api.w.org\/{rel}","templated":true}]}}