{"id":5063,"date":"2024-04-10T03:57:11","date_gmt":"2024-04-10T01:57:11","guid":{"rendered":"https:\/\/test.centerarhitekture.org\/?page_id=5063"},"modified":"2024-04-10T04:04:09","modified_gmt":"2024-04-10T02:04:09","slug":"odprte-hise-slovenije","status":"publish","type":"page","link":"https:\/\/test.centerarhitekture.org\/en\/odprte-hise-slovenije\/","title":{"rendered":"Odprte hi\u0161e Slovenije"},"content":{"rendered":"<div class=\"wpb-content-wrapper\"><div class=\"vc_row wpb_row vc_row-fluid\"><div class=\"wpb_column vc_column_container vc_col-sm-6\"><div class=\"vc_column-inner\"><div class=\"wpb_wrapper\">\n\t<div  class=\"wpb_single_image wpb_content_element vc_align_left wpb_content_element\">\n\t\t\n\t\t<figure class=\"wpb_wrapper vc_figure\">\n\t\t\t<div class=\"vc_single_image-wrapper   vc_box_border_grey\"><img decoding=\"async\" width=\"600\" height=\"128\" src=\"https:\/\/test.centerarhitekture.org\/wp-content\/uploads\/2024\/04\/OHS_logo_OHS_znak_dolg_pozitiv_web.jpg\" class=\"vc_single_image-img attachment-full\" alt=\"\" title=\"OHS_logo_OHS_znak_dolg_pozitiv_web\" srcset=\"https:\/\/test.centerarhitekture.org\/wp-content\/uploads\/2024\/04\/OHS_logo_OHS_znak_dolg_pozitiv_web-18x4.jpg 18w, https:\/\/test.centerarhitekture.org\/wp-content\/uploads\/2024\/04\/OHS_logo_OHS_znak_dolg_pozitiv_web-200x43.jpg 200w, https:\/\/test.centerarhitekture.org\/wp-content\/uploads\/2024\/04\/OHS_logo_OHS_znak_dolg_pozitiv_web-300x64.jpg 300w, https:\/\/test.centerarhitekture.org\/wp-content\/uploads\/2024\/04\/OHS_logo_OHS_znak_dolg_pozitiv_web-400x85.jpg 400w, https:\/\/test.centerarhitekture.org\/wp-content\/uploads\/2024\/04\/OHS_logo_OHS_znak_dolg_pozitiv_web-500x107.jpg 500w, https:\/\/test.centerarhitekture.org\/wp-content\/uploads\/2024\/04\/OHS_logo_OHS_znak_dolg_pozitiv_web.jpg 600w\" sizes=\"(max-width: 600px) 100vw, 600px\" \/><\/div>\n\t\t<\/figure>\n\t<\/div>\n<div class=\"vc_empty_space\"   style=\"height: 32px\"><span class=\"vc_empty_space_inner\"><\/span><\/div><\/div><\/div><\/div><div class=\"wpb_column vc_column_container vc_col-sm-6\"><div class=\"vc_column-inner\"><div class=\"wpb_wrapper\"><\/div><\/div><\/div><\/div><div class=\"vc_row wpb_row vc_row-fluid\"><div class=\"wpb_column vc_column_container vc_col-sm-12\"><div class=\"vc_column-inner\"><div class=\"wpb_wrapper\"><h2 style=\"font-size: 24px;color: #2f4c44;text-align: left\" class=\"vc_custom_heading vc_do_custom_heading\" >Odprte hi\u0161e Slovenije vabijo na ogled najbolj\u0161ih projektov sodobne slovenske arhitekture<\/p>\n<p>12. \u2013 14. april 2024<\/h2><\/div><\/div><\/div><\/div><div class=\"vc_row wpb_row vc_row-fluid\"><div class=\"wpb_column vc_column_container vc_col-sm-6\"><div class=\"vc_column-inner\"><div class=\"wpb_wrapper\">\n\t<div class=\"wpb_text_column wpb_content_element vc_custom_1712713953527\" >\n\t\t<div class=\"wpb_wrapper\">\n\t\t\t<p>\u201cArhitektura se ne sme zapirati sama v svoj svet, biti mora odprta \u0161ir\u0161i javnosti in med ljudmi spodbujati razpravo o prostoru. V tem vidim osrednje poslanstvo festivala Odprte hi\u0161e Slovenije, ki vsako leto ponuja zainteresirani javnosti mo\u017enost vstopa in neposrednega do\u017eivljanja raznolikih kakovostnih arhitekturnih praks. Arhitektura namre\u010d niso zgolj zidovi, arhitektura je prostor vmes, je \u017eivljenje, ki se v teh prostorih odvija.\u201d<\/p>\n<p>Arhitekt Dean Lah o pomenu in vlogi arhitekturnega festivala OHS<\/p>\n\n\t\t<\/div>\n\t<\/div>\n\n\t<div class=\"wpb_text_column wpb_content_element\" >\n\t\t<div class=\"wpb_wrapper\">\n\t\t\t<p>Na ogled bo skoraj 70 projektov po celotni dr\u017eavi. Vstopili boste lahko v zasebna stanovanja, enodru\u017einske hi\u0161e, izobra\u017eevalne in kulturne ustanove ter poslovne in turisti\u010dne objekte. Pod vodstvom arhitektov si boste v Ljubljani lahko ogledali <strong>Stanovanjsko sosesko Dolgi most II, \u010cetrtni center Golovec <\/strong>and <strong>Biotehnolo\u0161ko sti\u010di\u0161\u010de Nacionalnega in\u0161tituta za biologijo<\/strong>. Vrata bosta odprli dve prenovljeni podstrehi (<strong>Hedonisti\u010dna podstreha<\/strong> and <strong>Prenova mansarde<\/strong>), ki sta se z novo zasnovo prilagodili na potrebe sodobnega bivanja in pridobili ve\u010d dnevne svetlobe. V \u0160tanjelu se lahko udele\u017eite vodstva po <strong>lokalni galeriji uporabne umetnosti, Lokal<\/strong> and <strong>Hi\u0161i v \u0160tanjelu<\/strong>. Na Gorenjskem boste lahko vstopili v <strong>Po\u010ditni\u0161ko hi\u0161o \u0160umica<\/strong> in v leseno <strong>Hi\u0161o za iznajdljivo dru\u017eino<\/strong>. V sklopu festivala pa si boste lahko ogledali tudi projekta <strong>Vrtec Bohinj<\/strong> and <strong>Nadkritje ostalin cerkve sv. Janeza Krstnika v \u017di\u010dki kartuziji in za\u010dasni lapidarij<\/strong>, ki sta bila letos uvr\u0161\u010dena v o\u017eji izbor nagrade <strong>EU Mies Award 2024.<\/strong><\/p>\n<p>Festival OHS se pridu\u017euje praznovanju 140-letnice rojstva pomembnega slovenskega arhitekta Ivana Vurnika. V festivalskem programu bodo zato nekaj vodstev namenili tudi predstavitvi njegovih del.<\/p>\n\n\t\t<\/div>\n\t<\/div>\n\n\t<div class=\"wpb_text_column wpb_content_element vc_custom_1712713988490\" >\n\t\t<div class=\"wpb_wrapper\">\n\t\t\t<p>Festival OHS letos poteka pod naslovom <strong><em>Arhitektura novih prilo\u017enosti<\/em><\/strong> in izpostavlja vpra\u0161anje vklju\u010denosti vseh ljudi in interesnih skupin v grajene in oblikovane prostore skupnosti. Naslavlja vpra\u0161anja enakih mo\u017enosti in novih prilo\u017enosti za bivanje, delo, izobra\u017eevanje, obstoj in razvoj celotne dru\u017ebe, vsega \u017eivega in narave z namenom iskanja odgovorov o sobivanju, ki ga dobra arhitektura lahko omogo\u010da, spodbuja in varuje. Ta vpra\u0161anja predstavljajo najbolj klju\u010dne izzive, ki se brez podpornih dru\u017ebeno-ekonomskih in socialnih politik zgolj z arhitekturnimi idejami ne morejo razre\u0161iti. A vendar je arhitektura tisti medij, ki s svojim fizi\u010dnim nagovorom zmore ponuditi prilo\u017enosti ali celo opolnomo\u010diti slehernika. Z izpostavljanjem tematike vklju\u010devanja in dostopnosti tako postajajo tudi festivalski prostori nosilci izku\u0161nje, ki navdihujejo udele\u017eence, da postanejo \u00bbzagovorniki\u00ab bolj pravi\u010dne in vklju\u010dujo\u010de dru\u017ebe.<\/p>\n\n\t\t<\/div>\n\t<\/div>\n\n\t<div class=\"wpb_text_column wpb_content_element\" >\n\t\t<div class=\"wpb_wrapper\">\n\t\t\t<p>V programu festivala bodo tako izpostavili razli\u010dne tematske projekte, ki spodbujajo dostopnost in omogo\u010dajo razvoj skupnosti. Del festivala bodo tudi tematska vodenja in delavnice, ki bodo nagovarjali razli\u010dne ciljne skupine.<\/p>\n<p>Festival OHS s podpiranjem na\u010del enakih mo\u017enosti ne postaja samo festival praznovanja arhitekturne ustvarjalnosti in ohranjanja dedi\u0161\u010dine, ampak spodbuja razmi\u0161ljanje in dialog o na\u0161i skupni zavezanosti pravi\u010dnosti, svobodi in solidarnosti.<\/p>\n\n\t\t<\/div>\n\t<\/div>\n<div class=\"vc_empty_space\"   style=\"height: 32px\"><span class=\"vc_empty_space_inner\"><\/span><\/div><\/div><\/div><\/div><div class=\"wpb_column vc_column_container vc_col-sm-6\"><div class=\"vc_column-inner\"><div class=\"wpb_wrapper\">\n\t<div class=\"wpb_text_column wpb_content_element\" >\n\t\t<div class=\"wpb_wrapper\">\n\t\t\t<p>Arhitekturni festival <a href=\"http:\/\/www.odprtehiseslovenije.org\"><strong>Odprte hi\u0161e Slovenije (OHS)<\/strong><\/a> bo letos <strong>med 12. in 14. aprilom<\/strong> po vsej Sloveniji \u017ee petnajsto leto odprl vrata novih in prenovljenih arhitekturnih projektov ter pomembnih stavb kulturne dedi\u0161\u010dine.<\/p>\n<p>Namen festivala tekom ve\u010dletnega delovanja ostaja zvest osnovnemu poslanstvu \u2013 ozave\u0161\u010danju naj\u0161ir\u0161e javnosti o vrednotah kakovostno oblikovanega prostora in\u00a0 predstavitev primerov najbolj\u0161ih praks sodobne arhitekturne produkcije kot dela slovenske kulture in nacionalne identitete. Preko osebnih izku\u0161enj v kakovostni arhitekturi omogo\u010da \u0161ir\u0161e razumevanje arhitekture in oblikovanega prostora ter izpostavlja njun pomen za kakovostno bivanje.<\/p>\n<p>Leto\u0161nji festivalski program je med prispelimi projekti izbrala strokovna \u017eirija, ki so jo sestavljali \u0161tirje strokovnjaki na podro\u010dju arhitekture in oblikovanja: Bla\u017e Budja, Ma\u0161a Cvetko, Dean Lah, Maja Stamenkovi\u0107.<\/p>\n\n\t\t<\/div>\n\t<\/div>\n\n\t<div class=\"wpb_text_column wpb_content_element vc_custom_1712714037518\" >\n\t\t<div class=\"wpb_wrapper\">\n\t\t\t<p>Odprte hi\u0161e Slovenije so od februarja 2023 del projekta <a href=\"http:\/\/www.openhouseeurope.org\"><strong>Open House Europe<\/strong><\/a>, ki povezuje 13 evropskih mest in Slovenijo. Projekt \u017eeli spodbuditi bolj vklju\u010dujo\u010do razpravo o arhitekturi kot skupni evropski identiteti in opolnomo\u010diti dr\u017eavljane, da se zavzemajo za kakovostno zasnovano grajeno okolje. Spodbuja dostopnost in izpostavlja dobre prakse v arhitekturi, ki se odzivajo na sodobne okoljske in dru\u017ebene izzive.<\/p>\n\n\t\t<\/div>\n\t<\/div>\n<div class=\"vc_empty_space\"   style=\"height: 32px\"><span class=\"vc_empty_space_inner\"><\/span><\/div>\n\t<div class=\"wpb_text_column wpb_content_element\" >\n\t\t<div class=\"wpb_wrapper\">\n\t\t\t<p>Celoten program festivala<strong> Odprte hi\u0161e Slovenije 2024<\/strong> je objavljen na <a href=\"https:\/\/odprtehiseslovenije.org\/festival\/\">spletni platformi OHS<\/a>. Prijave na oglede in vodenja so obvezne.<\/p>\n<p><strong>Obiskovalci se na oglede lahko prijavijo na spletni strani OHS od 3. aprila 2024 naprej.<\/strong><\/p>\n\n\t\t<\/div>\n\t<\/div>\n<div class=\"vc_empty_space\"   style=\"height: 32px\"><span class=\"vc_empty_space_inner\"><\/span><\/div>\n\t<div class=\"wpb_text_column wpb_content_element\" >\n\t\t<div class=\"wpb_wrapper\">\n\t\t\t<p><strong>Partnerji festivala Odprte hi\u0161e Slovenije 2024<\/strong><\/p>\n\n\t\t<\/div>\n\t<\/div>\n\n\t<div  class=\"wpb_single_image wpb_content_element vc_align_left wpb_content_element\">\n\t\t\n\t\t<figure class=\"wpb_wrapper vc_figure\">\n\t\t\t<div class=\"vc_single_image-wrapper   vc_box_border_grey\"><img decoding=\"async\" width=\"1371\" height=\"207\" src=\"https:\/\/test.centerarhitekture.org\/wp-content\/uploads\/2024\/04\/Partnerji.jpg\" class=\"vc_single_image-img attachment-full\" alt=\"\" title=\"Partnerji\" srcset=\"https:\/\/test.centerarhitekture.org\/wp-content\/uploads\/2024\/04\/Partnerji-18x3.jpg 18w, https:\/\/test.centerarhitekture.org\/wp-content\/uploads\/2024\/04\/Partnerji-200x30.jpg 200w, https:\/\/test.centerarhitekture.org\/wp-content\/uploads\/2024\/04\/Partnerji-300x45.jpg 300w, https:\/\/test.centerarhitekture.org\/wp-content\/uploads\/2024\/04\/Partnerji-400x60.jpg 400w, https:\/\/test.centerarhitekture.org\/wp-content\/uploads\/2024\/04\/Partnerji-500x75.jpg 500w, https:\/\/test.centerarhitekture.org\/wp-content\/uploads\/2024\/04\/Partnerji-600x91.jpg 600w, https:\/\/test.centerarhitekture.org\/wp-content\/uploads\/2024\/04\/Partnerji-700x106.jpg 700w, https:\/\/test.centerarhitekture.org\/wp-content\/uploads\/2024\/04\/Partnerji-768x116.jpg 768w, https:\/\/test.centerarhitekture.org\/wp-content\/uploads\/2024\/04\/Partnerji-800x121.jpg 800w, https:\/\/test.centerarhitekture.org\/wp-content\/uploads\/2024\/04\/Partnerji-1024x155.jpg 1024w, https:\/\/test.centerarhitekture.org\/wp-content\/uploads\/2024\/04\/Partnerji-1200x181.jpg 1200w, https:\/\/test.centerarhitekture.org\/wp-content\/uploads\/2024\/04\/Partnerji.jpg 1371w\" sizes=\"(max-width: 1371px) 100vw, 1371px\" \/><\/div>\n\t\t<\/figure>\n\t<\/div>\n<\/div><\/div><\/div><\/div>\n<\/div>","protected":false},"excerpt":{"rendered":"Odprte hi\u0161e Slovenije vabijo na ogled najbolj\u0161ih projektov sodobne slovenske arhitekture 12. \u2013 14. april 2024 \u201cArhitektura se ne sme zapirati sama v svoj svet, biti mora odprta \u0161ir\u0161i javnosti in med ljudmi spodbujati razpravo o prostoru. V tem vidim osrednje poslanstvo festivala Odprte hi\u0161e Slovenije, ki vsako leto ponuja zainteresirani javnosti mo\u017enost vstopa in  [...]","protected":false},"author":1,"featured_media":0,"parent":0,"menu_order":0,"comment_status":"closed","ping_status":"closed","template":"","meta":{"iawp_total_views":60,"footnotes":""},"class_list":["post-5063","page","type-page","status-publish","hentry"],"_links":{"self":[{"href":"https:\/\/test.centerarhitekture.org\/en\/wp-json\/wp\/v2\/pages\/5063","targetHints":{"allow":["GET"]}}],"collection":[{"href":"https:\/\/test.centerarhitekture.org\/en\/wp-json\/wp\/v2\/pages"}],"about":[{"href":"https:\/\/test.centerarhitekture.org\/en\/wp-json\/wp\/v2\/types\/page"}],"author":[{"embeddable":true,"href":"https:\/\/test.centerarhitekture.org\/en\/wp-json\/wp\/v2\/users\/1"}],"replies":[{"embeddable":true,"href":"https:\/\/test.centerarhitekture.org\/en\/wp-json\/wp\/v2\/comments?post=5063"}],"version-history":[{"count":9,"href":"https:\/\/test.centerarhitekture.org\/en\/wp-json\/wp\/v2\/pages\/5063\/revisions"}],"predecessor-version":[{"id":5075,"href":"https:\/\/test.centerarhitekture.org\/en\/wp-json\/wp\/v2\/pages\/5063\/revisions\/5075"}],"wp:attachment":[{"href":"https:\/\/test.centerarhitekture.org\/en\/wp-json\/wp\/v2\/media?parent=5063"}],"curies":[{"name":"wp","href":"https:\/\/api.w.org\/{rel}","templated":true}]}}