{"id":5089,"date":"2024-04-17T20:40:03","date_gmt":"2024-04-17T18:40:03","guid":{"rendered":"https:\/\/test.centerarhitekture.org\/?page_id=5089"},"modified":"2024-04-17T20:58:53","modified_gmt":"2024-04-17T18:58:53","slug":"pridi-dol-in-povej-pridi-dol-in-poglej","status":"publish","type":"page","link":"https:\/\/test.centerarhitekture.org\/en\/pridi-dol-in-povej-pridi-dol-in-poglej\/","title":{"rendered":"Pridi dol in povej &#8230; Pridi dol in poglej &#8230;"},"content":{"rendered":"<div class=\"wpb-content-wrapper\"><div class=\"vc_row wpb_row vc_row-fluid\"><div class=\"wpb_column vc_column_container vc_col-sm-12\"><div class=\"vc_column-inner\"><div class=\"wpb_wrapper\"><div class=\"vc_empty_space\"   style=\"height: 32px\"><span class=\"vc_empty_space_inner\"><\/span><\/div><\/div><\/div><\/div><\/div><div class=\"vc_row wpb_row vc_row-fluid\"><div class=\"wpb_column vc_column_container vc_col-sm-8\"><div class=\"vc_column-inner\"><div class=\"wpb_wrapper\">\n\t<div  class=\"wpb_single_image wpb_content_element vc_align_left wpb_content_element\">\n\t\t\n\t\t<figure class=\"wpb_wrapper vc_figure\">\n\t\t\t<div class=\"vc_single_image-wrapper   vc_box_border_grey\"><img decoding=\"async\" width=\"1703\" height=\"287\" src=\"https:\/\/test.centerarhitekture.org\/wp-content\/uploads\/2024\/04\/PDIPPDIP.jpg\" class=\"vc_single_image-img attachment-full\" alt=\"\" title=\"PDIPPDIP\" srcset=\"https:\/\/test.centerarhitekture.org\/wp-content\/uploads\/2024\/04\/PDIPPDIP-18x3.jpg 18w, https:\/\/test.centerarhitekture.org\/wp-content\/uploads\/2024\/04\/PDIPPDIP-200x34.jpg 200w, https:\/\/test.centerarhitekture.org\/wp-content\/uploads\/2024\/04\/PDIPPDIP-300x51.jpg 300w, https:\/\/test.centerarhitekture.org\/wp-content\/uploads\/2024\/04\/PDIPPDIP-400x67.jpg 400w, https:\/\/test.centerarhitekture.org\/wp-content\/uploads\/2024\/04\/PDIPPDIP-500x84.jpg 500w, https:\/\/test.centerarhitekture.org\/wp-content\/uploads\/2024\/04\/PDIPPDIP-600x101.jpg 600w, https:\/\/test.centerarhitekture.org\/wp-content\/uploads\/2024\/04\/PDIPPDIP-700x118.jpg 700w, https:\/\/test.centerarhitekture.org\/wp-content\/uploads\/2024\/04\/PDIPPDIP-768x129.jpg 768w, https:\/\/test.centerarhitekture.org\/wp-content\/uploads\/2024\/04\/PDIPPDIP-800x135.jpg 800w, https:\/\/test.centerarhitekture.org\/wp-content\/uploads\/2024\/04\/PDIPPDIP-1024x173.jpg 1024w, https:\/\/test.centerarhitekture.org\/wp-content\/uploads\/2024\/04\/PDIPPDIP-1200x202.jpg 1200w, https:\/\/test.centerarhitekture.org\/wp-content\/uploads\/2024\/04\/PDIPPDIP-1536x259.jpg 1536w, https:\/\/test.centerarhitekture.org\/wp-content\/uploads\/2024\/04\/PDIPPDIP.jpg 1703w\" sizes=\"(max-width: 1703px) 100vw, 1703px\" \/><\/div>\n\t\t<\/figure>\n\t<\/div>\n<\/div><\/div><\/div><div class=\"wpb_column vc_column_container vc_col-sm-4\"><div class=\"vc_column-inner\"><div class=\"wpb_wrapper\">\n\t<div  class=\"wpb_single_image wpb_content_element vc_align_left wpb_content_element\">\n\t\t\n\t\t<figure class=\"wpb_wrapper vc_figure\">\n\t\t\t<div class=\"vc_single_image-wrapper   vc_box_border_grey\"><img decoding=\"async\" width=\"800\" height=\"220\" src=\"https:\/\/test.centerarhitekture.org\/wp-content\/uploads\/2024\/04\/Logotipi_Poglej2.jpg\" class=\"vc_single_image-img attachment-full\" alt=\"\" title=\"Logotipi_Poglej2\" srcset=\"https:\/\/test.centerarhitekture.org\/wp-content\/uploads\/2024\/04\/Logotipi_Poglej2-18x5.jpg 18w, https:\/\/test.centerarhitekture.org\/wp-content\/uploads\/2024\/04\/Logotipi_Poglej2-200x55.jpg 200w, https:\/\/test.centerarhitekture.org\/wp-content\/uploads\/2024\/04\/Logotipi_Poglej2-300x83.jpg 300w, https:\/\/test.centerarhitekture.org\/wp-content\/uploads\/2024\/04\/Logotipi_Poglej2-400x110.jpg 400w, https:\/\/test.centerarhitekture.org\/wp-content\/uploads\/2024\/04\/Logotipi_Poglej2-500x138.jpg 500w, https:\/\/test.centerarhitekture.org\/wp-content\/uploads\/2024\/04\/Logotipi_Poglej2-600x165.jpg 600w, https:\/\/test.centerarhitekture.org\/wp-content\/uploads\/2024\/04\/Logotipi_Poglej2-700x193.jpg 700w, https:\/\/test.centerarhitekture.org\/wp-content\/uploads\/2024\/04\/Logotipi_Poglej2-768x211.jpg 768w, https:\/\/test.centerarhitekture.org\/wp-content\/uploads\/2024\/04\/Logotipi_Poglej2.jpg 800w\" sizes=\"(max-width: 800px) 100vw, 800px\" \/><\/div>\n\t\t<\/figure>\n\t<\/div>\n<\/div><\/div><\/div><\/div><div class=\"vc_row wpb_row vc_row-fluid\"><div class=\"wpb_column vc_column_container vc_col-sm-12\"><div class=\"vc_column-inner\"><div class=\"wpb_wrapper\"><div class=\"vc_empty_space\"   style=\"height: 32px\"><span class=\"vc_empty_space_inner\"><\/span><\/div><\/div><\/div><\/div><\/div><div class=\"vc_row wpb_row vc_row-fluid\"><div class=\"wpb_column vc_column_container vc_col-sm-6\"><div class=\"vc_column-inner\"><div class=\"wpb_wrapper\"><h2 style=\"font-size: 22px;color: #10bcab;text-align: left\" class=\"vc_custom_heading vc_do_custom_heading\" >Pridi v soboto, 30. 9. ob 9.30 do 12.30 na Kidri\u010devo 33 v Novi Gorici.<\/h2>\n\t<div class=\"wpb_text_column wpb_content_element\" >\n\t\t<div class=\"wpb_wrapper\">\n\t\t\t<p>Dobrodo\u0161li tudi stanovalci in stanovalke rus(k)ih blokov, ki bi radi delili svoje spomine in fotografije: med 11.30 in 12.30 bomo pod kro\u0161njami dreves na Kidri\u010devi 33.<\/p>\n<p>(v primeru slabega vremena se dogodek preseli v Xcenter, Delpinova 20, Nova Gorica)<\/p>\n<p>Peti dogodek iz cikla dogodkov \u00bbPRIDI DOL\u00ab bomo namenili otrokom in mladim, prav tako mamam, o\u010detom, nonam, nonotom, tetam, stricem, \u2026 in vsem, ki vas zanima preteklost in sedanjost Nove Gorice.<\/p>\n<p>Z arhitektkama Barbaro Viki \u0160ubic in Hano Videm\u0161ek (Center arhitekture Slovenije, program IGRIVA ARHITEKTURA), raziskovalkami dr. Ne\u017eo \u010cebron Lipovec (Univerza na Primorskem, Fakulteta za humanisti\u010dne \u0161tudije), dr. Alenko di Battista (Zavod za varstvo kulturne dedi\u0161\u010dine, Obmo\u010dna enota Nova Gorica ) in dr. Jasno Fakin Bajec (Raziskovalna postaja ZRC SAZU Nova Gorica) bomo kot pravi detektivi raziskovali, odkrivali in se pogovarjali o rus(k)ih blokih.<\/p>\n<p>Zastavili si bomo detektivska vpra\u0161anja in poskusili nanje odgovoriti. Ali ste \u017ee sli\u0161ali za rus(k)e bloke? Kje so? Zakaj jim ljudje pravijo rus(k)i? Zakaj se svetijo?<br \/>\nKako pa so zgrajeni? Kdo jih je na\u010drtoval in kdo jih je gradil? Kdo \u017eivi v njih?<\/p>\n<p>Na delavnici se bodo mladi najprej seznanili s poklicem arhitekta, etnologa, urbanista in konservatorja, nato pa bomo kot pravi detektivi odkrivali materiale, prepoznavali stavbne elemente in se pogovorili o \u017eivljenju v blokih neko\u010d in danes. Na igriv na\u010din bomo spoznavali preplet arhitekturne dedi\u0161\u010dine z zgodbami ljudi, ki so tako in druga\u010de povezani z bloki. Zato so na delavnico lepo vabljeni tudi star\u0161i, stari star\u0161i, ki so ali \u0161e \u017eivijo v rus(k)ih blokih.<\/p>\n<p>Sledilo bo sre\u010danje s stanovalci, ki nam bodo odstrli skrivnosti in odgovorili na na\u0161a vpra\u0161anja o arhitekturni dedi\u0161\u010dini, \u017eivljenju in legendah o rus(k)ih blokih.<\/p>\n<p>Dogodek se bo zgodil ob prazniku Mestne ob\u010dine Nova Gorica in v okviru praznovanj Ravnikarjevega leta, sofinancira ga ARRS, Javna agencija za znanstvenoraziskovalno in inovacijsko dejavnost Republike Slovenije, v okviru projekta \u00bbPotencial etnografskih metod v konservatorstvu stavbne dedi\u0161\u010dine v spornih krajih: primer severne Istre\u00ab (Z6-3226) in projekta\u00a0<em>Ab Initio: Urbana utopija<\/em>, ki ga sofinancira javni zavod GO! 2025 \u2013 Evropska prestolnica kulture, Nova Gorica.\u00a0 Arhitekt Edvard Ravnikar (1907-1993) je postavil urbanisti\u010dno zasnovo Nove Gorice, mesta, ki naj bi po 2. svetovni vojni veljalo za simbol moderne in napredne nove dr\u017eave Jugoslavije. Ravnikar je izdelal tudi na\u010drte za stanovanjske bloke v Novi Gorici, ki so bili prve na novo zgrajene stavbe v mestu. Prebivalci so jih te\u017eko pri\u010dakovali, saj je v hitro rasto\u010di Novi Gorici primanjkovalo stanovanj. V blokih so bile prve trgovine, mesnica, vrtec. V skupnih prostorih so stanovalci praznovali novoletne zabave, pred bloki pa so se izvajale razni va\u0161ki obi\u010daji, kot so poro\u010dni \u00bbporton\u00ab. Postopoma so nastajale urejene zelene povr\u0161ine, ki so jih preplavile otro\u0161ke vragolije. Stanovanja \u0161e danes veljajo za zelo kvalitetna, svetla in prostorna. Kako jih za\u0161\u010dititi in varovati za na\u0161e zanamce?<\/p>\n\n\t\t<\/div>\n\t<\/div>\n<div class=\"vc_empty_space\"   style=\"height: 32px\"><span class=\"vc_empty_space_inner\"><\/span><\/div><\/div><\/div><\/div><div class=\"wpb_column vc_column_container vc_col-sm-6\"><div class=\"vc_column-inner\"><div class=\"wpb_wrapper\">\n\t<div  class=\"wpb_single_image wpb_content_element vc_align_left wpb_content_element\">\n\t\t\n\t\t<figure class=\"wpb_wrapper vc_figure\">\n\t\t\t<div class=\"vc_single_image-wrapper   vc_box_border_grey\"><img decoding=\"async\" width=\"541\" height=\"380\" src=\"https:\/\/test.centerarhitekture.org\/wp-content\/uploads\/2024\/04\/Ruski-bloki.png\" class=\"vc_single_image-img attachment-full\" alt=\"\" title=\"Ruski bloki\" srcset=\"https:\/\/test.centerarhitekture.org\/wp-content\/uploads\/2024\/04\/Ruski-bloki-18x12.png 18w, https:\/\/test.centerarhitekture.org\/wp-content\/uploads\/2024\/04\/Ruski-bloki-200x140.png 200w, https:\/\/test.centerarhitekture.org\/wp-content\/uploads\/2024\/04\/Ruski-bloki-300x211.png 300w, https:\/\/test.centerarhitekture.org\/wp-content\/uploads\/2024\/04\/Ruski-bloki-400x281.png 400w, https:\/\/test.centerarhitekture.org\/wp-content\/uploads\/2024\/04\/Ruski-bloki-500x351.png 500w, https:\/\/test.centerarhitekture.org\/wp-content\/uploads\/2024\/04\/Ruski-bloki.png 541w\" sizes=\"(max-width: 541px) 100vw, 541px\" \/><\/div>\n\t\t<\/figure>\n\t<\/div>\n<div class=\"vc_empty_space\"   style=\"height: 32px\"><span class=\"vc_empty_space_inner\"><\/span><\/div>\n\t<div class=\"wpb_text_column wpb_content_element vc_custom_1713379947248\" >\n\t\t<div class=\"wpb_wrapper\">\n\t\t\t<p><em>Dragi mladi raziskovalci in raziskovalke!<\/em><\/p>\n<p><em>Ali ste \u017ee sli\u0161ali za rus(k)e bloke? Kje so? Zakaj jim ljudje pravijo rus(k)i? Zakaj se svetijo?<\/em><\/p>\n<p><em>Kako pa so zgrajeni? Kdo jih je na\u010drtoval in kdo jih je gradil? Kdo \u017eivi v njih?<\/em><\/p>\n<p><em>Pridi na DETEKTIVSKO DELAVNICO RUS(K)I BLOKI, kjer bom odkrivali skrivnosti rus(k)ih blokov neko\u010d in danes!<\/em><\/p>\n<p><em>Dobrodo\u0161li tudi stanovalci in stanovalke rus(k)ih blokov, ki bi radi delili svoje spomine in fotografije: med 11.30 in 12.30 bomo pod kro\u0161njami dreves na Kidri\u010devi 33.<\/em><\/p>\n<p><em>\u00a0<\/em><em>Dogodek sofinansira ARRS, <\/em><em>Javna agencija za znanstvenoraziskovalno in inovacijsko dejavnost Republike Slovenije<\/em><em>,<\/em><em> v okviru projekta \u00bbPotencial etnografskih metod v konservatorstvu stavbne dedi\u0161\u010dine v spornih krajih: primer severne Istre\u00ab (Z6-3226).<\/em><\/p>\n\n\t\t<\/div>\n\t<\/div>\n<div class=\"vc_empty_space\"   style=\"height: 32px\"><span class=\"vc_empty_space_inner\"><\/span><\/div><div class=\"vc_btn3-container vc_btn3-inline vc_do_btn\" ><a style=\"background-color:#10bcab; color:#ffffff;\" class=\"vc_general vc_btn3 vc_btn3-size-lg vc_btn3-shape-square vc_btn3-style-custom vc_btn3-icon-left\" href=\"https:\/\/test.centerarhitekture.org\/wp-content\/uploads\/2024\/04\/RUSKI-BLOKI_delovni-list-01-natisni-30x.pdf\" title=\"\"><i class=\"vc_btn3-icon fas fa-download\"><\/i> Delovni list za tiskanje<\/a><\/div><div class=\"vc_empty_space\"   style=\"height: 32px\"><span class=\"vc_empty_space_inner\"><\/span><\/div><\/div><\/div><\/div><\/div><div class=\"vc_row wpb_row vc_row-fluid\"><div class=\"wpb_column vc_column_container vc_col-sm-12\"><div class=\"vc_column-inner\"><div class=\"wpb_wrapper\">\n\t<div  class=\"wpb_single_image wpb_content_element vc_align_left wpb_content_element\">\n\t\t\n\t\t<figure class=\"wpb_wrapper vc_figure\">\n\t\t\t<div class=\"vc_single_image-wrapper   vc_box_border_grey\"><img decoding=\"async\" width=\"1371\" height=\"207\" src=\"https:\/\/test.centerarhitekture.org\/wp-content\/uploads\/2024\/04\/Partnerji.jpg\" class=\"vc_single_image-img attachment-full\" alt=\"\" title=\"Partnerji\" srcset=\"https:\/\/test.centerarhitekture.org\/wp-content\/uploads\/2024\/04\/Partnerji-18x3.jpg 18w, https:\/\/test.centerarhitekture.org\/wp-content\/uploads\/2024\/04\/Partnerji-200x30.jpg 200w, https:\/\/test.centerarhitekture.org\/wp-content\/uploads\/2024\/04\/Partnerji-300x45.jpg 300w, https:\/\/test.centerarhitekture.org\/wp-content\/uploads\/2024\/04\/Partnerji-400x60.jpg 400w, https:\/\/test.centerarhitekture.org\/wp-content\/uploads\/2024\/04\/Partnerji-500x75.jpg 500w, https:\/\/test.centerarhitekture.org\/wp-content\/uploads\/2024\/04\/Partnerji-600x91.jpg 600w, https:\/\/test.centerarhitekture.org\/wp-content\/uploads\/2024\/04\/Partnerji-700x106.jpg 700w, https:\/\/test.centerarhitekture.org\/wp-content\/uploads\/2024\/04\/Partnerji-768x116.jpg 768w, https:\/\/test.centerarhitekture.org\/wp-content\/uploads\/2024\/04\/Partnerji-800x121.jpg 800w, https:\/\/test.centerarhitekture.org\/wp-content\/uploads\/2024\/04\/Partnerji-1024x155.jpg 1024w, https:\/\/test.centerarhitekture.org\/wp-content\/uploads\/2024\/04\/Partnerji-1200x181.jpg 1200w, https:\/\/test.centerarhitekture.org\/wp-content\/uploads\/2024\/04\/Partnerji.jpg 1371w\" sizes=\"(max-width: 1371px) 100vw, 1371px\" \/><\/div>\n\t\t<\/figure>\n\t<\/div>\n<\/div><\/div><\/div><\/div><div class=\"vc_row wpb_row vc_row-fluid\"><div class=\"wpb_column vc_column_container vc_col-sm-12\"><div class=\"vc_column-inner\"><div class=\"wpb_wrapper\"><div class=\"vc_empty_space\"   style=\"height: 32px\"><span class=\"vc_empty_space_inner\"><\/span><\/div><\/div><\/div><\/div><\/div>\n<\/div>","protected":false},"excerpt":{"rendered":"Pridi v soboto, 30. 9. ob 9.30 do 12.30 na Kidri\u010devo 33 v Novi Gorici. Dobrodo\u0161li tudi stanovalci in stanovalke rus(k)ih blokov, ki bi radi delili svoje spomine in fotografije: med 11.30 in 12.30 bomo pod kro\u0161njami dreves na Kidri\u010devi 33. (v primeru slabega vremena se dogodek preseli v Xcenter, Delpinova 20, Nova Gorica) Peti  [...]","protected":false},"author":1,"featured_media":0,"parent":0,"menu_order":0,"comment_status":"closed","ping_status":"closed","template":"","meta":{"iawp_total_views":16,"footnotes":""},"class_list":["post-5089","page","type-page","status-publish","hentry"],"_links":{"self":[{"href":"https:\/\/test.centerarhitekture.org\/en\/wp-json\/wp\/v2\/pages\/5089","targetHints":{"allow":["GET"]}}],"collection":[{"href":"https:\/\/test.centerarhitekture.org\/en\/wp-json\/wp\/v2\/pages"}],"about":[{"href":"https:\/\/test.centerarhitekture.org\/en\/wp-json\/wp\/v2\/types\/page"}],"author":[{"embeddable":true,"href":"https:\/\/test.centerarhitekture.org\/en\/wp-json\/wp\/v2\/users\/1"}],"replies":[{"embeddable":true,"href":"https:\/\/test.centerarhitekture.org\/en\/wp-json\/wp\/v2\/comments?post=5089"}],"version-history":[{"count":10,"href":"https:\/\/test.centerarhitekture.org\/en\/wp-json\/wp\/v2\/pages\/5089\/revisions"}],"predecessor-version":[{"id":5102,"href":"https:\/\/test.centerarhitekture.org\/en\/wp-json\/wp\/v2\/pages\/5089\/revisions\/5102"}],"wp:attachment":[{"href":"https:\/\/test.centerarhitekture.org\/en\/wp-json\/wp\/v2\/media?parent=5089"}],"curies":[{"name":"wp","href":"https:\/\/api.w.org\/{rel}","templated":true}]}}