{"id":5115,"date":"2024-04-17T21:15:39","date_gmt":"2024-04-17T19:15:39","guid":{"rendered":"https:\/\/test.centerarhitekture.org\/?page_id=5115"},"modified":"2024-09-11T17:57:07","modified_gmt":"2024-09-11T15:57:07","slug":"vurnikovi-dnevi-2024","status":"publish","type":"page","link":"https:\/\/test.centerarhitekture.org\/en\/vurnikovidnevi\/vurnikovi-dnevi-2024\/","title":{"rendered":"Vurnikovi dnevi 2024"},"content":{"rendered":"<div class=\"wpb-content-wrapper\"><div class=\"vc_row wpb_row vc_row-fluid\"><div class=\"wpb_column vc_column_container vc_col-sm-12\"><div class=\"vc_column-inner\"><div class=\"wpb_wrapper\"><h2 style=\"font-size: 24px;color: #a76e5b;text-align: left\" class=\"vc_custom_heading vc_do_custom_heading\" >VURNIKOVI DNEVI 2024<\/h2><\/div><\/div><\/div><\/div><div class=\"vc_row wpb_row vc_row-fluid\"><div class=\"wpb_column vc_column_container vc_col-sm-8\"><div class=\"vc_column-inner\"><div class=\"wpb_wrapper\"><div class=\"vc_row wpb_row vc_inner vc_row-fluid\"><div class=\"wpb_column vc_column_container vc_col-sm-12 vc_col-has-fill\"><div class=\"vc_column-inner vc_custom_1684819339612\"><div class=\"wpb_wrapper\">\n\t<div class=\"wpb_text_column wpb_content_element vc_custom_1714058141658\" >\n\t\t<div class=\"wpb_wrapper\">\n\t\t\t<p><strong>140. OBLETNICA ROJSTVA IVANA VURNIKA<\/strong><\/p>\n<p>Vurnikovi dnevi od leta 2014 obele\u017eujejo spomin na arhitekta Ivana Vurnika, rojenega 1. junija 1884 v Radovljici, kjer je pre\u017eivel del svojega \u017eivljenja in umrl leta 1971. Dogodki v okviru praznika Krajevne skupnosti Radovljica, ki obele\u017eujejo 140. obletnico rojstva arhitekta Ivana Vurnika, bodo potekali od 1. do 30. junija 2024.<\/p>\n<p><strong>Vabljeni k obisku dogodkov v okviru Vurnikovih dni!<\/strong><\/p>\n\n\t\t<\/div>\n\t<\/div>\n<\/div><\/div><\/div><\/div><div class=\"vc_empty_space\"   style=\"height: 32px\"><span class=\"vc_empty_space_inner\"><\/span><\/div><h2 style=\"font-size: 18px;color: #a76e5b;text-align: left\" class=\"vc_custom_heading vc_do_custom_heading\" >DOGODKI V OKVIRU VURNIKOVIH DNI 2024:<\/h2><div class=\"vc_tta-container\" data-vc-action=\"collapse\"><div class=\"vc_general vc_tta vc_tta-accordion vc_tta-color-grey vc_tta-style-flat vc_tta-shape-square vc_tta-o-shape-group vc_tta-controls-align-default\"><div class=\"vc_tta-panels-container\"><div class=\"vc_tta-panels\"><div class=\"vc_tta-panel vc_active\" id=\"1684819235907-af3f7a08-f3a1\" data-vc-content=\".vc_tta-panel-body\"><div class=\"vc_tta-panel-heading\"><h4 class=\"vc_tta-panel-title vc_tta-controls-icon-position-left\"><a href=\"#1684819235907-af3f7a08-f3a1\" data-vc-accordion data-vc-container=\".vc_tta-container\"><span class=\"vc_tta-title-text\">BARVE, VZORCI IN TEKSTURE V VURNIKOVI ARHITEKTURI<\/span><i class=\"vc_tta-controls-icon vc_tta-controls-icon-plus\"><\/i><\/a><\/h4><\/div><div class=\"vc_tta-panel-body\">\n\t<div class=\"wpb_text_column wpb_content_element\" >\n\t\t<div class=\"wpb_wrapper\">\n\t\t\t<p><strong>Sobota, 1. junija 2024, ob 17.00: BARVE, VZORCI IN TEKSTURE V VURNIKOVI ARHITEKTURI. 140. LETNICA ROJSTVA ARHITEKTA IVANA VURNIKA<\/strong><\/p>\n<p><em>Radovljica, galerija Pasa\u017ea FD Radovljica v Radovlji\u0161ki gra\u0161\u010dini<\/em><\/p>\n<p>Razglasitev zmagovalcev in razstava Vurnikovega fotografskega nate\u010daja 2024.<\/p>\n<p>Vurnikov fotografski nate\u010daj je namenjen vsem, ki imajo radi dobro fotografijo. V preteklih letih organizacije Vurnikovega fotografskega nate\u010daja smo se povezali s Fotografskim dru\u0161tvom Radovljica in z njihovo pomo\u010djo pripravili Vurnikov fotografski nate\u010daj, namenjen trem starostnim skupinam: osnovno\u0161olcem, srednje\u0161olcem in odraslim. K sodelovanju vsako leto povabimo ljubiteljske in poklicne fotografe, ki tekmujejo v treh starostnih kategorijah.<\/p>\n<p><em>Razstava bo na ogled od 1. do 30. junija 2024.<\/em><\/p>\n\n\t\t<\/div>\n\t<\/div>\n<\/div><\/div><div class=\"vc_tta-panel\" id=\"1684819235916-2b94722f-dd30\" data-vc-content=\".vc_tta-panel-body\"><div class=\"vc_tta-panel-heading\"><h4 class=\"vc_tta-panel-title vc_tta-controls-icon-position-left\"><a href=\"#1684819235916-2b94722f-dd30\" data-vc-accordion data-vc-container=\".vc_tta-container\"><span class=\"vc_tta-title-text\">ODPRTJE VURNIKOVIH DNI in RAZSTAVE \u00bbVURNIK NEKO\u010c IN DANES 1884_2024<\/span><i class=\"vc_tta-controls-icon vc_tta-controls-icon-plus\"><\/i><\/a><\/h4><\/div><div class=\"vc_tta-panel-body\">\n\t<div class=\"wpb_text_column wpb_content_element\" >\n\t\t<div class=\"wpb_wrapper\">\n\t\t\t<p><strong>Sobota, 1. junija 2024, ob 18. uri: ODPRTJE VURNIKOVIH DNI in RAZSTAVE \u00bbVURNIK NEKO\u010c IN DANES 1884_2024\u00ab <\/strong><\/p>\n<p><em>Radovljica, Vurnikov trg<\/em><\/p>\n<p>Slovesnost ob prazniku KS Radovljica, nagovor ob prazniku bo imel predsednik KS Radovljica Andrej Gol\u010dman.<\/p>\n<p>V letu 2024 bo minilo 140 let od rojstva slovenskega arhitekta, profesorja, inovatorja in umetnika Ivana Vurnika. Zaradi njegovega celostnega vpliva na kasnej\u0161i razvoj slovenske arhitekture ga \u017eelimo na novo predstaviti \u0161ir\u0161i javnosti. Razstava <em>Vurnik neko\u010d in danes<\/em> bo zajemala njegova najve\u010dja dela, ki bodo predstavljena v \u010dasovnem razponu od nastanka in danes. V sodelovanju z Muzejem za arhitekturo in oblikovanje in kustosom dr. Bogom Zupan\u010di\u010dem bomo s pomo\u010djo originalnih na\u010drtov in ohranjenih fotografij predstavili njegova dela iz \u010dasa nastanka s podobo dana\u0161njega stanja skozi o\u010di priznanega arhitekturnega fotografa Mirana Kambi\u010da. Fotografije dana\u0161njega stanja bodo izra\u017eale odnos uporabnikov do arhitekture, ohranjanja le-te, skrb zanjo in hkrati njeno preoblikovanje skozi prostor \u010dasa.<\/p>\n<p><em>Razstava bo na ogled do 31. 8. 2024.<\/em><\/p>\n\n\t\t<\/div>\n\t<\/div>\n<\/div><\/div><div class=\"vc_tta-panel\" id=\"1684819440474-e8ef923f-cae2\" data-vc-content=\".vc_tta-panel-body\"><div class=\"vc_tta-panel-heading\"><h4 class=\"vc_tta-panel-title vc_tta-controls-icon-position-left\"><a href=\"#1684819440474-e8ef923f-cae2\" data-vc-accordion data-vc-container=\".vc_tta-container\"><span class=\"vc_tta-title-text\">ODPRTJE RAZSTAVE \u00bbVURNIK OSEBNO\u00ab<\/span><i class=\"vc_tta-controls-icon vc_tta-controls-icon-plus\"><\/i><\/a><\/h4><\/div><div class=\"vc_tta-panel-body\">\n\t<div class=\"wpb_text_column wpb_content_element\" >\n\t\t<div class=\"wpb_wrapper\">\n\t\t\t<p><strong>Sobota, 1. junija 2024, ob 19. uri: ODPRTJE RAZSTAVE \u00bbVURNIK OSEBNO\u00ab <\/strong><\/p>\n<p><em>Radovljica, Galerija \u0160iv\u010deva hi\u0161a<\/em><\/p>\n<p>Arhitekturni fotograf Miran Kambi\u010d zaobjame arhitekturo Ivana Vurnika s svojim izostrenim pogledom arhitekta. Predstavil nam bo svoj bogat opus fotografij arhitekta rojaka Radovlji\u010dana in nam razkril skrite detajle njegovih arhitekturnih del na velikih formatih.<\/p>\n<p>Ob odprtju se bo predstavila mlada harmonikarica \u0160pela \u0160emrl, dijakinja \u010detrtega letnika gimnazije Jesenice in konzervatorija za glasbo v Celovcu (pri profesorju Romanu Pechmannu). Pred vstopom v konzervatorij je zaklju\u010dila vi\u0161jo glasbeno \u0161olo v Radovljici (pri u\u010ditelju Ga\u0161perju Primo\u017ei\u010du).<\/p>\n<p><em>Razstava bo na ogled do 31. 8. 2024.<\/em><\/p>\n\n\t\t<\/div>\n\t<\/div>\n<\/div><\/div><div class=\"vc_tta-panel\" id=\"1684819480836-d3a4bd5b-366a\" data-vc-content=\".vc_tta-panel-body\"><div class=\"vc_tta-panel-heading\"><h4 class=\"vc_tta-panel-title vc_tta-controls-icon-position-left\"><a href=\"#1684819480836-d3a4bd5b-366a\" data-vc-accordion data-vc-container=\".vc_tta-container\"><span class=\"vc_tta-title-text\">VURNIKOVA \u0160TUDENTSKA NAGRADA: slavnostna podelitev<\/span><i class=\"vc_tta-controls-icon vc_tta-controls-icon-plus\"><\/i><\/a><\/h4><\/div><div class=\"vc_tta-panel-body\">\n\t<div class=\"wpb_text_column wpb_content_element\" >\n\t\t<div class=\"wpb_wrapper\">\n\t\t\t<p><strong>Sobota, 1. junija 2024, ob 20. uri: VURNIKOVA \u0160TUDENTSKA NAGRADA: slavnostna podelitev<\/strong><\/p>\n<p><em>Radovljica, Baro\u010dna dvorana Radovlji\u0161ke gra\u0161\u010dine<\/em><\/p>\n<p><em>\u00a0<\/em>Leta 2018 ob 100. obletnici visoko\u0161olskega \u0161tudija arhitekture na Slovenskem, ki je bil organiziran na pobudo arhitekta Ivana Vurnika, so Center arhitekture Slovenije, Ob\u010dina Radovljica, Krajevna skupnost Radovljica, Fakulteta za arhitekturo Univerze v Ljubljani in Fakulteta za gradbeni\u0161tvo, prometno in\u017eenirstvo in arhitekturo Univerze v Mariboru ustanovili Vurnikovo \u0161tudentsko nagrado za perspektivnega \u0161tudenta\/\u0161tudentko arhitekture ali urbanizma. Nagrada je \u010dastna in finan\u010dna in je namenjena \u0161tudijskemu potovanju. Dobitnik\/dobitnica Vurnikove \u0161tudentske nagrade bo v okviru naslednjih Vurnikovih dni pripravil\/a predavanje z vtisi s potovanja. Podeli se tudi dve \u010dastni priznanji, ki za prejemnika\/prejemnico ne predstavljata obveznosti.<\/p>\n<p><em>Razstava zmagovalnih in nominiranih predlogov za Vurnikovo \u0161tudentsko nagrado 2024 bo v Gra\u0161\u010dini na ogled od 1. do 30. junija 2024.<\/em><\/p>\n\n\t\t<\/div>\n\t<\/div>\n<\/div><\/div><div class=\"vc_tta-panel\" id=\"1684819562939-011833d7-2811\" data-vc-content=\".vc_tta-panel-body\"><div class=\"vc_tta-panel-heading\"><h4 class=\"vc_tta-panel-title vc_tta-controls-icon-position-left\"><a href=\"#1684819562939-011833d7-2811\" data-vc-accordion data-vc-container=\".vc_tta-container\"><span class=\"vc_tta-title-text\">10 LET DOGODKOV V OKVIRU VURNIKOVIH DNI<\/span><i class=\"vc_tta-controls-icon vc_tta-controls-icon-plus\"><\/i><\/a><\/h4><\/div><div class=\"vc_tta-panel-body\">\n\t<div class=\"wpb_text_column wpb_content_element\" >\n\t\t<div class=\"wpb_wrapper\">\n\t\t\t<p><strong>Od sobote, 1. junija do nedelje, 30. junija 2024: 10 LET DOGODKOV V OKVIRU VURNIKOVIH DNI<\/strong><\/p>\n<p><em>Radovljica, Knji\u017enica A. T. Linharta<\/em><\/p>\n<p>Ob pregledu 10 let aktivnosti v okviru obletnic Vurnikovega rojstva izpostavljamo razstave, ki so se odvile v \u0160iv\u010devi galeriji, kjer so \u0161tudentje in \u0161tudentke razli\u010dnih fakultet raziskovali Vurnikovo dedi\u0161\u010dino. Podrobneje informacije o preteklih razstavah najdete na spletni strani Centra arhitekture Slovenije.<\/p>\n\n\t\t<\/div>\n\t<\/div>\n<\/div><\/div><div class=\"vc_tta-panel\" id=\"1684819645296-9497bf81-e31f\" data-vc-content=\".vc_tta-panel-body\"><div class=\"vc_tta-panel-heading\"><h4 class=\"vc_tta-panel-title vc_tta-controls-icon-position-left\"><a href=\"#1684819645296-9497bf81-e31f\" data-vc-accordion data-vc-container=\".vc_tta-container\"><span class=\"vc_tta-title-text\">DELAVNICE IGRIVA ARHITEKTURA: Ivan Vurnik in Helena Kottler Vurnik<\/span><i class=\"vc_tta-controls-icon vc_tta-controls-icon-plus\"><\/i><\/a><\/h4><\/div><div class=\"vc_tta-panel-body\">\n\t<div class=\"wpb_text_column wpb_content_element\" >\n\t\t<div class=\"wpb_wrapper\">\n\t\t\t<p><strong>Od sobote, 1. junija do nedelje, 30. junija 2024: DELAVNICE <\/strong><strong>IGRIVA ARHITEKTURA: Ivan Vurnik in Helena Kottler Vurnik<\/strong><\/p>\n<p>Delavnice, ki jih vsako leto v \u010dasu Vurnikovih dni pripravljamo za sedmo\u0161olce radovlji\u0161kih osnovnih \u0161ol, bodo v letu 2024 u\u010dencem in u\u010denkam predstavile \u017eivljenjsko in poklicno pot arhitekta Ivana Vurnika in njegove \u017eene slikarke Helene Kottler Vurnik. Sledila bo ustvarjalna delavnica <strong>Vurnikove lu\u010dke<\/strong>, kjer v uvodnem predavanju spoznavamo vzorce, ki sta jih zasnovala arhitekt Ivan\u00a0Vurnik in njegova \u017eena slikarka Helena Kottler Vurnik. Nato na prozorno folijo lepimo barvne vzorce in jih sestavimo v secesijske lu\u010dke, v katere lahko damo \u010dajne sve\u010dke, ki nam bodo osvetljevale dolge zimske ve\u010dere.<\/p>\n\n\t\t<\/div>\n\t<\/div>\n<\/div><\/div><div class=\"vc_tta-panel\" id=\"1684819683099-169d55e3-377c\" data-vc-content=\".vc_tta-panel-body\"><div class=\"vc_tta-panel-heading\"><h4 class=\"vc_tta-panel-title vc_tta-controls-icon-position-left\"><a href=\"#1684819683099-169d55e3-377c\" data-vc-accordion data-vc-container=\".vc_tta-container\"><span class=\"vc_tta-title-text\">KULINARI\u010cNI MENI ZAKONCEV VURNIK in POGRINJEK ZAKONCEV VURNIK<\/span><i class=\"vc_tta-controls-icon vc_tta-controls-icon-plus\"><\/i><\/a><\/h4><\/div><div class=\"vc_tta-panel-body\">\n\t<div class=\"wpb_text_column wpb_content_element\" >\n\t\t<div class=\"wpb_wrapper\">\n\t\t\t<p><strong>Od sobote, 1. junija do nedelje, 30. junija 2024: KULINARI\u010cNI <\/strong><strong>MENI ZAKONCEV VURNIK in POGRINJEK ZAKONCEV VURNIK<\/strong><\/p>\n<p><em>Radovljica, Hi\u0161a Linhart<\/em><\/p>\n<p>Stalnica Vurnikovih dni je Vurnikov meni, pri katerem smo raziskali vsakodnevne in prazni\u010dne kulinari\u010dne navade zakoncev Vurnik. Jedi, ki sta jih imela najraje, je kuharski mojster Uro\u0161 \u0160tefelin uporabil za sestavo menija na sodoben na\u010din.<\/p>\n\n\t\t<\/div>\n\t<\/div>\n<\/div><\/div><div class=\"vc_tta-panel\" id=\"1684819716603-533cb2d3-dab6\" data-vc-content=\".vc_tta-panel-body\"><div class=\"vc_tta-panel-heading\"><h4 class=\"vc_tta-panel-title vc_tta-controls-icon-position-left\"><a href=\"#1684819716603-533cb2d3-dab6\" data-vc-accordion data-vc-container=\".vc_tta-container\"><span class=\"vc_tta-title-text\">S KOLESOM DO VURNIKOVE ARHITEKTURE<\/span><i class=\"vc_tta-controls-icon vc_tta-controls-icon-plus\"><\/i><\/a><\/h4><\/div><div class=\"vc_tta-panel-body\"><h1 style=\"color: #dd3333;text-align: left\" class=\"vc_custom_heading vc_do_custom_heading\" >ZARADI NESTABILNEGA VREMENA IN MAJHNEGA \u0160TEVILA PRIJAVLJENIH KOLESARSKI IZLET PRESTAVLJAMO NA SOBOTO, 7. 9. 2024, OB 11.00.<\/h1>\n\t<div class=\"wpb_text_column wpb_content_element\" >\n\t\t<div class=\"wpb_wrapper\">\n\t\t\t<p><strong>Sobota, 8. junija 2024, ob 11. uri: <\/strong><strong>S KOLESOM DO VURNIKOVE ARHITEKTURE<\/strong> (s kolesom od Radovljice do Brezij, po sledeh Ivana Vurnika in Helene Kottler Vurnik)<\/p>\n<p><em>Parkiri\u0161\u010de pri \u017eelezni\u0161ki postaji Radovljica<\/em><\/p>\n<p>Predviden \u010das izleta: 3,5 &#8211; 4 h<\/p>\n<p>Predhodne prijave (do zapolnitve prostih mest: maksimalno 25 oseb)<\/p>\n<p>Prijavnina: 15,00 EUR (osebe mlaj\u0161e od 18 let: brezpla\u010dno)<\/p>\n<p>Izhodi\u0161\u010de izleta bo Radovljica, Vurnikov rojstni kraj, kjer si bomo ogledali nekaj njegovih markantnih arhitekturnih stvaritev. Nato bomo odkolesarili po pode\u017eelju osrednje Gorenjske in se usmerili proti slovenskemu narodnemu sveti\u0161\u010du na Brezjah, kjer je Vurnik pustil svoj pe\u010dat na pro\u010delju bazilike in kapeli v atriju samostana. Po kro\u017eni poti bo sledil povratek v Radovljico, kjer se bomo ustavili \u0161e na nekaj lokacijah, povezanih z \u017eivljenjem in delom Helene Kottler Vurnik in Ivana Vurnik.<\/p>\n<p>V primeru slabega vremena se dogodek prestavi na soboto, 7. 9. 2024, ob 11.00.<\/p>\n<p><em>V organizaciji: Javni zavod turizem in kultura Radovljica in Centra arhitekture Slovenije<\/em><\/p>\n\n\t\t<\/div>\n\t<\/div>\n<\/div><\/div><div class=\"vc_tta-panel\" id=\"1684819785662-cdd4aa9d-b325\" data-vc-content=\".vc_tta-panel-body\"><div class=\"vc_tta-panel-heading\"><h4 class=\"vc_tta-panel-title vc_tta-controls-icon-position-left\"><a href=\"#1684819785662-cdd4aa9d-b325\" data-vc-accordion data-vc-container=\".vc_tta-container\"><span class=\"vc_tta-title-text\">VURNIKOVA POT 2024<\/span><i class=\"vc_tta-controls-icon vc_tta-controls-icon-plus\"><\/i><\/a><\/h4><\/div><div class=\"vc_tta-panel-body\">\n\t<div class=\"wpb_text_column wpb_content_element\" >\n\t\t<div class=\"wpb_wrapper\">\n\t\t\t<p><strong>\u010cetrtek, 19. septembra 2024, od 17. do 19. ure:<\/strong> <strong>VURNIKOVA POT 2024<\/strong><\/p>\n<p>Leto\u0161njo Vurnikovo pot bo vodil arhitekt Andra\u017e Ker\u0161i\u010d<em>. <\/em>V sklopu izleta po Ljubljani si bomo ogledali izvedena dela arhitekta Ivana Vurnika. Njegov opus v Ljubljani sega od izvedb enodru\u017einskih hi\u0161 do javnih objektov in manj\u0161ih intervencij. Dela, ki so bila izvedena predvsem v dvajsetih in tridesetih letih dvajsetega stoletja, pomembno zaznamujejo na\u0161 prostor s svojevrstnim arhitekturnim izrazom in zna\u010dilno pojavnostjo. Vurnikove ob\u010dutljive navezave na okolico ter mojstrstvo v obliki in detajlu tudi danes ostajajo aktualne teme za raziskovanje. Vurnikovo pot vsako leto v svoj program strokovnega izobra\u017eevanja vklju\u010di Zbornica za arhitekturo in prostor Slovenije (ZAPS). Za udele\u017ebo \u010dlani ZAPS, ki se udele\u017eijo Vurnikove poti, pridobijo obvezne kreditne to\u010dke.<\/p>\n<p><em>Cena ogleda z vodstvom : 15,00 EUR<\/em><\/p>\n\n\t\t<\/div>\n\t<\/div>\n<\/div><\/div><div class=\"vc_tta-panel\" id=\"1684819817563-7a994aa2-3931\" data-vc-content=\".vc_tta-panel-body\"><div class=\"vc_tta-panel-heading\"><h4 class=\"vc_tta-panel-title vc_tta-controls-icon-position-left\"><a href=\"#1684819817563-7a994aa2-3931\" data-vc-accordion data-vc-container=\".vc_tta-container\"><span class=\"vc_tta-title-text\">VURNIKOV FILMSKI VE\u010cER<\/span><i class=\"vc_tta-controls-icon vc_tta-controls-icon-plus\"><\/i><\/a><\/h4><\/div><div class=\"vc_tta-panel-body\">\n\t<div class=\"wpb_text_column wpb_content_element\" >\n\t\t<div class=\"wpb_wrapper\">\n\t\t\t<p><strong>\u010cetrtek, 3. oktobra 2024, ob 19. uri: VURNIKOV FILMSKI VE\u010cER<\/strong><\/p>\n<p><em>Radovljica, Linhartova dvorana \u2013 kino Radolca<\/em><\/p>\n<p><strong>Popolni dnevi (Perfect Days)<\/strong><\/p>\n<p>(Wim Wenders \/ Japonska \/ 2023 \/ 124 min \/ japon\u0161\u010dina \/ slovenski podnapisi)<\/p>\n<p>Ganljiva filmska pripoved Wima Wendersa o iskanju lepote v drobnih trenutkih vsakdanjega \u017eivljenja. Film, posnet v Tokiu, preko zgodbe o skromnem protagonistu predstavi objekte sodobne arhitekture, ki so del javne infrastrukture japonske metropole. Estetsko vizualno naracijo pa dopolnjuje nostalgi\u010den soundtrack s klasikami Louja Reeda, Patti Smith in Nine Simone. Projekciji filma bo sledil pogovor o kulturi in arhitekturi.<\/p>\n<p><em>Cannes (nagrada za najbolj\u0161ega igralca, nagrada ekumenske \u017eirije); Asia Pacific Screen Awards (nagrada za najbolj\u0161i film); nominacija za oskarja za najbolj\u0161i mednarodni film.<\/em><\/p>\n\n\t\t<\/div>\n\t<\/div>\n<\/div><\/div><div class=\"vc_tta-panel\" id=\"1684819818458-707d860e-ed3d\" data-vc-content=\".vc_tta-panel-body\"><div class=\"vc_tta-panel-heading\"><h4 class=\"vc_tta-panel-title vc_tta-controls-icon-position-left\"><a href=\"#1684819818458-707d860e-ed3d\" data-vc-accordion data-vc-container=\".vc_tta-container\"><span class=\"vc_tta-title-text\">VURNIKOVO FILMSKO POPOLDNE ZA MLADE Z DELAVNICO<\/span><i class=\"vc_tta-controls-icon vc_tta-controls-icon-plus\"><\/i><\/a><\/h4><\/div><div class=\"vc_tta-panel-body\">\n\t<div class=\"wpb_text_column wpb_content_element\" >\n\t\t<div class=\"wpb_wrapper\">\n\t\t\t<p><strong>Sobota, 5. oktobra 2024, ob 17. uri: VURNIKOVO FILMSKO POPOLDNE ZA MLADE Z DELAVNICO<\/strong><\/p>\n<p><em>Radovljica, Linhartova dvorana \u2013 kino Radolca<\/em><\/p>\n<p><strong>Zeleni Slon <\/strong><\/p>\n<p>(Slovenija, Estonija, Nizozemska, Velika Britanija, Latvija \/ 2023 \/ 41 min \/ brez dialogov, podnapisi, angle\u0161\u010dina \/ 7+)<\/p>\n<p>Program likovno raznovrstnih kratkih animiranih filmov, ki upodabljajo razli\u010dne vidike trajnostnega razvoja in ohranjanja planeta. Slogovno in vsebinsko avtorsko izraziti filmi se teme lotijo tudi na humoren in igriv na\u010din. Projekciji bo sledila delavnica PROSTOR ZA SPREMEMBE, ki jo bodo izvedli mentorji Centra arhitekture Slovenije in programa Igriva arhitektura.<\/p>\n\n\t\t<\/div>\n\t<\/div>\n<\/div><\/div><div class=\"vc_tta-panel\" id=\"1684819885341-f09acf48-14c2\" data-vc-content=\".vc_tta-panel-body\"><div class=\"vc_tta-panel-heading\"><h4 class=\"vc_tta-panel-title vc_tta-controls-icon-position-left\"><a href=\"#1684819885341-f09acf48-14c2\" data-vc-accordion data-vc-container=\".vc_tta-container\"><span class=\"vc_tta-title-text\">ARHITEKTURNA STI\u010cI\u0160\u010cA: ARHITEKT IN PEDAGOG IVAN VURNIK, okrogla miza<\/span><i class=\"vc_tta-controls-icon vc_tta-controls-icon-plus\"><\/i><\/a><\/h4><\/div><div class=\"vc_tta-panel-body\">\n\t<div class=\"wpb_text_column wpb_content_element\" >\n\t\t<div class=\"wpb_wrapper\">\n\t\t\t<p><strong>Torek, 8. oktobra 2024,<\/strong> ob 17. uri: <strong>ARHITEKTURNA STI\u010cI\u0160\u010cA: ARHITEKT IN PEDAGOG IVAN VURNIK, okrogla miza<\/strong><\/p>\n<p><em>Sokolski dom (Dvorana Tabor), Ljubljana<\/em><\/p>\n<p>Okrogla miza bo prinesla vpogled v za\u010detek \u0161tudija arhitekture na Slovenskem. Njen pobudnik, organizator in prvi pedagog je bil arhitekt Ivan Vurnik, katerega 140. letnico rojstva obele\u017eujemo v letu 2024. Strokovnjaki s podro\u010dja arhitekture, umetnostne zgodovine in pedagogike bodo osvetlili ve\u010dkrat prezrto dejstvo, da je bil ravno Ivan Vurnik za\u010detnik arhitekturnega \u0161tudija pri nas.<\/p>\n\n\t\t<\/div>\n\t<\/div>\n<\/div><\/div><\/div><\/div><\/div><\/div><\/div><\/div><\/div><div class=\"wpb_column vc_column_container vc_col-sm-4\"><div class=\"vc_column-inner\"><div class=\"wpb_wrapper\">\n\t<div  class=\"wpb_single_image wpb_content_element vc_align_left wpb_content_element\">\n\t\t\n\t\t<figure class=\"wpb_wrapper vc_figure\">\n\t\t\t<div class=\"vc_single_image-wrapper   vc_box_border_grey\"><img decoding=\"async\" width=\"500\" height=\"500\" src=\"https:\/\/test.centerarhitekture.org\/wp-content\/uploads\/2024\/04\/VD_LOGO_2024_rdec.jpg\" class=\"vc_single_image-img attachment-full\" alt=\"\" title=\"VD_LOGO_2024_rdec\" srcset=\"https:\/\/test.centerarhitekture.org\/wp-content\/uploads\/2024\/04\/VD_LOGO_2024_rdec-12x12.jpg 12w, https:\/\/test.centerarhitekture.org\/wp-content\/uploads\/2024\/04\/VD_LOGO_2024_rdec-66x66.jpg 66w, https:\/\/test.centerarhitekture.org\/wp-content\/uploads\/2024\/04\/VD_LOGO_2024_rdec-100x100.jpg 100w, https:\/\/test.centerarhitekture.org\/wp-content\/uploads\/2024\/04\/VD_LOGO_2024_rdec-150x150.jpg 150w, https:\/\/test.centerarhitekture.org\/wp-content\/uploads\/2024\/04\/VD_LOGO_2024_rdec-200x200.jpg 200w, https:\/\/test.centerarhitekture.org\/wp-content\/uploads\/2024\/04\/VD_LOGO_2024_rdec-300x300.jpg 300w, https:\/\/test.centerarhitekture.org\/wp-content\/uploads\/2024\/04\/VD_LOGO_2024_rdec-400x400.jpg 400w, https:\/\/test.centerarhitekture.org\/wp-content\/uploads\/2024\/04\/VD_LOGO_2024_rdec.jpg 500w\" sizes=\"(max-width: 500px) 100vw, 500px\" \/><\/div>\n\t\t<\/figure>\n\t<\/div>\n<div class=\"vc_btn3-container vc_btn3-center vc_custom_1713382840773 vc_do_btn\" ><a class=\"vc_general vc_btn3 vc_btn3-size-lg vc_btn3-shape-square vc_btn3-style-flat vc_btn3-color-peacoc\" href=\"https:\/\/test.centerarhitekture.org\/wp-content\/uploads\/2024\/04\/2024_vurnikovi-dnevi_glavni-plakat1-scaled.jpg\" title=\"\">Plakat VURNIKOVI DNEVI 2024<\/a><\/div><\/div><\/div><\/div><\/div><div class=\"vc_row wpb_row vc_row-fluid\"><div class=\"wpb_column vc_column_container vc_col-sm-12\"><div class=\"vc_column-inner\"><div class=\"wpb_wrapper\"><div class=\"vc_empty_space\"   style=\"height: 32px\"><span class=\"vc_empty_space_inner\"><\/span><\/div><\/div><\/div><\/div><\/div>\n<\/div>","protected":false},"excerpt":{"rendered":"VURNIKOVI DNEVI 2024 140. OBLETNICA ROJSTVA IVANA VURNIKA Vurnikovi dnevi od leta 2014 obele\u017eujejo spomin na arhitekta Ivana Vurnika, rojenega 1. junija 1884 v Radovljici, kjer je pre\u017eivel del svojega \u017eivljenja in umrl leta 1971. Dogodki v okviru praznika Krajevne skupnosti Radovljica, ki obele\u017eujejo 140. obletnico rojstva arhitekta Ivana Vurnika, bodo potekali od 1. do  [...]","protected":false},"author":1,"featured_media":0,"parent":46,"menu_order":0,"comment_status":"closed","ping_status":"closed","template":"","meta":{"iawp_total_views":84,"footnotes":""},"class_list":["post-5115","page","type-page","status-publish","hentry"],"_links":{"self":[{"href":"https:\/\/test.centerarhitekture.org\/en\/wp-json\/wp\/v2\/pages\/5115","targetHints":{"allow":["GET"]}}],"collection":[{"href":"https:\/\/test.centerarhitekture.org\/en\/wp-json\/wp\/v2\/pages"}],"about":[{"href":"https:\/\/test.centerarhitekture.org\/en\/wp-json\/wp\/v2\/types\/page"}],"author":[{"embeddable":true,"href":"https:\/\/test.centerarhitekture.org\/en\/wp-json\/wp\/v2\/users\/1"}],"replies":[{"embeddable":true,"href":"https:\/\/test.centerarhitekture.org\/en\/wp-json\/wp\/v2\/comments?post=5115"}],"version-history":[{"count":17,"href":"https:\/\/test.centerarhitekture.org\/en\/wp-json\/wp\/v2\/pages\/5115\/revisions"}],"predecessor-version":[{"id":5194,"href":"https:\/\/test.centerarhitekture.org\/en\/wp-json\/wp\/v2\/pages\/5115\/revisions\/5194"}],"up":[{"embeddable":true,"href":"https:\/\/test.centerarhitekture.org\/en\/wp-json\/wp\/v2\/pages\/46"}],"wp:attachment":[{"href":"https:\/\/test.centerarhitekture.org\/en\/wp-json\/wp\/v2\/media?parent=5115"}],"curies":[{"name":"wp","href":"https:\/\/api.w.org\/{rel}","templated":true}]}}