{"id":750,"date":"2017-08-25T22:54:55","date_gmt":"2017-08-25T21:54:55","guid":{"rendered":"https:\/\/test.centerarhitekture.org\/?page_id=750"},"modified":"2017-12-04T08:06:44","modified_gmt":"2017-12-04T08:06:44","slug":"ravnikarjevo-leto-2017","status":"publish","type":"page","link":"https:\/\/test.centerarhitekture.org\/en\/vurnikovidnevi\/ravnikarjevo-leto-2017\/","title":{"rendered":"RAVNIKAR'S YEAR 2017"},"content":{"rendered":"<div class=\"wpb-content-wrapper\"><div class=\"vc_row wpb_row vc_row-fluid\"><div class=\"wpb_column vc_column_container vc_col-sm-12\"><div class=\"vc_column-inner\"><div class=\"wpb_wrapper\"><div class=\"vc_empty_space\"   style=\"height: 32px\"><span class=\"vc_empty_space_inner\"><\/span><\/div><\/div><\/div><\/div><\/div><div class=\"vc_row wpb_row vc_row-fluid\"><div class=\"wpb_column vc_column_container vc_col-sm-8\"><div class=\"vc_column-inner\"><div class=\"wpb_wrapper\"><h2 style=\"text-align: left\" class=\"vc_custom_heading vc_do_custom_heading\" >RAVNIKAR'S YEAR 2017<\/h2><\/div><\/div><\/div><div class=\"wpb_column vc_column_container vc_col-sm-4\"><div class=\"vc_column-inner\"><div class=\"wpb_wrapper\"><\/div><\/div><\/div><\/div><div class=\"vc_row wpb_row vc_row-fluid\"><div class=\"wpb_column vc_column_container vc_col-sm-8\"><div class=\"vc_column-inner\"><div class=\"wpb_wrapper\"><div class=\"vc_row wpb_row vc_inner vc_row-fluid vc_custom_1505659609862 vc_row-has-fill\"><div class=\"wpb_column vc_column_container vc_col-sm-12\"><div class=\"vc_column-inner\"><div class=\"wpb_wrapper\"><h3 style=\"text-align: left\" class=\"vc_custom_heading vc_do_custom_heading\" >110. OBLETNICA ROJSTVA ARHITEKTA IN URBANISTA EDVARDA RAVNIKARJA<\/h3>\n\t<div class=\"wpb_text_column wpb_content_element\" >\n\t\t<div class=\"wpb_wrapper\">\n\t\t\t<p>Ob 110. obletnici rojstva enega najpomembnej\u0161ih slovenskih arhitektov, Edvarda Ravnikarja (1907\u20131993) smo pripravili dogodke, ki so \u0161ir\u0161i javnosti predstavili njegovo \u017eivljenje in delo.<\/p>\n\n\t\t<\/div>\n\t<\/div>\n<\/div><\/div><\/div><\/div><div class=\"vc_empty_space\"   style=\"height: 32px\"><span class=\"vc_empty_space_inner\"><\/span><\/div><h3 style=\"text-align: left\" class=\"vc_custom_heading vc_do_custom_heading\" >Razstava Darilo slovenske arhitekture: Edvard Ravnikar<\/h3>\n\t<div class=\"wpb_text_column wpb_content_element\" >\n\t\t<div class=\"wpb_wrapper\">\n\t\t\t<p>V ponedeljek, 2. oktobra 2017, ob 19. uri je v Zgodovinskem atriju Mestne hi\u0161e bilo odprtje razstave DARILO SLOVENSKE ARHITEKTURE: EDVARD RAVNIKAR, ki smo jo pripravili v sodelovanju z Akademijo za likovno umetnost UL . Razstava je bila na ogled do 16. oktobra 2017.<\/p>\n<p>Zbirka spominkov in poslovnih daril DARILO SLOVENSKE ARHITEKTURE: EDVARD RAVNIKAR je tretja\u00a0 po vrsti in je\u00a0 nastala\u00a0 v sodelovanju z Akademijo za likovno umetnost in oblikovanje. Oblikovali so jih \u0161tudenti 1. in 2. letnika podiplomskega \u0161tudija industrijskega oblikovanja pod mentorsko taktirko prof. Vladimirja Pezdirca, doc. Lidije Pritr\u017enik in izr. prof. Jureta Miklavca. Med delom so predavali tudi prof. Nata\u0161a Koselj, Majda Kregar in prof. Sa\u0161a Maechtig. Razstavljeni spominki in poslovna darila so nastali v seminarskem delu, ki je potekalo od 12. 10. do 23. 11. 2017 na Oddelku za industrijsko in unikatno oblikovanje (ALUO). Nastalo je ve\u010d kot 25 projektov, ki se na izviren in duhovit na\u010din spoprijemajo z bogato dedi\u0161\u010dino Edvarda Ravnikarja. Premi\u0161ljena dela ka\u017eejo \u0161tevilne izrazne mo\u017enosti oblikovanja, na mo\u010d komuniciranja in prenos simbolne vrednosti v uporabne izdelke.<\/p>\n<p>V ponedeljek 4. decembra 2017, ob 17:30 je bilo odprtje razstave DARILO SLOVENSKE ARHITEKTURE: EDVARD RAVNIKAR v Gori\u0161ki knji\u017enici Franceta Bevka Nova Gorica. Razstava je bila na ogled do 5. januarja 2018.<\/p>\n\n\t\t<\/div>\n\t<\/div>\n<div class=\"vc_empty_space\"   style=\"height: 32px\"><span class=\"vc_empty_space_inner\"><\/span><\/div><h3 style=\"text-align: left\" class=\"vc_custom_heading vc_do_custom_heading\" >Delavnice Igriva arhitektura: Edvard Ravnikar - arhitekt in urbanist<\/h3>\n\t<div class=\"wpb_text_column wpb_content_element\" >\n\t\t<div class=\"wpb_wrapper\">\n\t\t\t<p>V Centru arhitekture Slovenije smo v programu Igriva arhitektura za vse osnovne \u0161ole Mestne ob\u010dine Nova Gorica v novembru 2017 pripravili predavanje in dve izkustveni delavnici s skupnim naslovom EDVARD RAVNIKAR \u2013 ARHITEKT IN URBANIST, ki so u\u010dencem sedmih razredov predstavili delo priznanega arhitekta, ki je zasnoval njihovo mesto.<\/p>\n<p><strong><a href=\"http:\/\/igrivarhitektura.org\/ravnikarjeve-delavnice\/\">Ve\u010d o delavnici Igriva arhitektura<\/a><\/strong><\/p>\n\n\t\t<\/div>\n\t<\/div>\n<div class=\"vc_empty_space\"   style=\"height: 32px\"><span class=\"vc_empty_space_inner\"><\/span><\/div><h3 style=\"text-align: left\" class=\"vc_custom_heading vc_do_custom_heading\" >Vodstvo po arhitekturi Edvarda Ravnikarja za otroke<\/h3>\n\t<div class=\"wpb_text_column wpb_content_element\" >\n\t\t<div class=\"wpb_wrapper\">\n\t\t\t<p>V okviru tedna kulturne dedi\u0161\u010dine smo v soboto, 30. septembra 2017, pripravili VODSTVO PO ARHITEKTURI EDVARDA RAVNIKARJA ZA OTROKE v Ljubljani.<\/p>\n\n\t\t<\/div>\n\t<\/div>\n<\/div><\/div><\/div><div class=\"wpb_column vc_column_container vc_col-sm-4\"><div class=\"vc_column-inner\"><div class=\"wpb_wrapper\">\n<div class=\"vc_grid-container-wrapper vc_clearfix vc_grid-animation-none\">\n\t<div class=\"vc_grid-container vc_clearfix wpb_content_element vc_basic_grid\" data-initial-loading-animation=\"none\" data-vc-grid-settings=\"{&quot;page_id&quot;:750,&quot;style&quot;:&quot;all&quot;,&quot;action&quot;:&quot;vc_get_vc_grid_data&quot;,&quot;shortcode_id&quot;:&quot;1512374788582-eaaefdf0-fc4d-2&quot;,&quot;tag&quot;:&quot;vc_basic_grid&quot;}\" data-vc-request=\"https:\/\/test.centerarhitekture.org\/wp-admin\/admin-ajax.php\" data-vc-post-id=\"750\" data-vc-public-nonce=\"a664af09a5\">\n\t\t<style data-type=\"vc_shortcodes-custom-css\">.vc_custom_1419240516480{background-color: #f9f9f9 !important;}<\/style><div class=\"vc_grid vc_row vc_grid-gutter-30px vc_pageable-wrapper vc_hook_hover\" data-vc-pageable-content=\"true\"><div class=\"vc_pageable-slide-wrapper vc_clearfix\" data-vc-grid-content=\"true\"><div class=\"vc_grid-item vc_clearfix vc_col-sm-12 vc_grid-item-zone-c-bottom\"><div class=\"vc_grid-item-mini vc_clearfix\"><div class=\"vc_gitem-animated-block\" ><div class=\"vc_gitem-zone vc_gitem-zone-a vc-gitem-zone-height-mode-auto vc-gitem-zone-height-mode-auto-1-1 vc_gitem-is-link\" style=\"background-image: url('https:\/\/test.centerarhitekture.org\/wp-content\/uploads\/2017\/08\/2017-edvard-ravnikar.jpg') !important;\"><a href=\"https:\/\/test.centerarhitekture.org\/en\/razstava-darilo-slovenske-arhitekture-edvard-ravnikar\/\" title=\"Razstava Darilo slovenske arhitekture: Edvard Ravnikar\" class=\"vc_gitem-link vc-zone-link\" ><\/a><img decoding=\"async\" class=\"vc_gitem-zone-img\" src=\"https:\/\/test.centerarhitekture.org\/wp-content\/uploads\/2017\/08\/2017-edvard-ravnikar.jpg\" alt=\"Razstava Darilo slovenske arhitekture: Edvard Ravnikar\"><div class=\"vc_gitem-zone-mini\"><\/div><\/div><\/div><div class=\"vc_gitem-zone vc_gitem-zone-c vc_custom_1419240516480\"><div class=\"vc_gitem-zone-mini\"><div class=\"vc_gitem_row vc_row vc_gitem-row-position-top\"><div class=\"vc_col-sm-12 vc_gitem-col vc_gitem-col-align-\"><div class=\"vc_custom_heading vc_gitem-post-data vc_gitem-post-data-source-post_date\" ><div style=\"text-align: left\" >02. 10. 2017<\/div><\/div><div class=\"vc_custom_heading vc_gitem-post-data vc_gitem-post-data-source-post_title\" ><h5 style=\"font-size: 14px;line-height: 14px;text-align: left\" ><a href=\"https:\/\/test.centerarhitekture.org\/en\/razstava-darilo-slovenske-arhitekture-edvard-ravnikar\/\" class=\"vc_gitem-link\" title=\"Razstava Darilo slovenske arhitekture: Edvard Ravnikar\">Razstava Darilo slovenske arhitekture: Edvard Ravnikar<\/a><\/h5><\/div><\/div><\/div><\/div><\/div><\/div><div class=\"vc_clearfix\"><\/div><\/div><\/div><\/div>\n\t<\/div>\n<\/div><div class=\"vc_empty_space\"   style=\"height: 32px\"><span class=\"vc_empty_space_inner\"><\/span><\/div>\n\t<div class=\"wpb_text_column wpb_content_element\" >\n\t\t<div class=\"wpb_wrapper\">\n\t\t\t<p>Projekt smo pripravili v sodelovanju z:<\/p>\n\n\t\t<\/div>\n\t<\/div>\n<div class=\"vc_row wpb_row vc_inner vc_row-fluid vc_row-o-content-middle vc_row-flex\"><div class=\"wpb_column vc_column_container vc_col-sm-4\"><div class=\"vc_column-inner\"><div class=\"wpb_wrapper\">\n\t<div  class=\"wpb_single_image wpb_content_element vc_align_left wpb_content_element\">\n\t\t\n\t\t<figure class=\"wpb_wrapper vc_figure\">\n\t\t\t<a href=\"https:\/\/www.nova-gorica.si\/\" target=\"_blank\" class=\"vc_single_image-wrapper   vc_box_border_grey\"><img decoding=\"async\" width=\"2230\" height=\"2620\" src=\"https:\/\/test.centerarhitekture.org\/wp-content\/uploads\/2017\/08\/MONG.jpg\" class=\"vc_single_image-img attachment-full\" alt=\"\" title=\"MONG\" srcset=\"https:\/\/test.centerarhitekture.org\/wp-content\/uploads\/2017\/08\/MONG-500x587.jpg 500w, https:\/\/test.centerarhitekture.org\/wp-content\/uploads\/2017\/08\/MONG-700x822.jpg 700w, https:\/\/test.centerarhitekture.org\/wp-content\/uploads\/2017\/08\/MONG.jpg 2230w\" sizes=\"(max-width: 2230px) 100vw, 2230px\" \/><\/a>\n\t\t<\/figure>\n\t<\/div>\n<\/div><\/div><\/div><div class=\"wpb_column vc_column_container vc_col-sm-8\"><div class=\"vc_column-inner\"><div class=\"wpb_wrapper\">\n\t<div  class=\"wpb_single_image wpb_content_element vc_align_left wpb_content_element\">\n\t\t\n\t\t<figure class=\"wpb_wrapper vc_figure\">\n\t\t\t<a href=\"http:\/\/www.aluo.uni-lj.si\/\" target=\"_blank\" class=\"vc_single_image-wrapper   vc_box_border_grey\"><img decoding=\"async\" width=\"480\" height=\"480\" src=\"https:\/\/test.centerarhitekture.org\/wp-content\/uploads\/2017\/08\/ALUO.png\" class=\"vc_single_image-img attachment-full\" alt=\"\" title=\"ALUO\" srcset=\"https:\/\/test.centerarhitekture.org\/wp-content\/uploads\/2017\/08\/ALUO-100x100.png 100w, https:\/\/test.centerarhitekture.org\/wp-content\/uploads\/2017\/08\/ALUO-300x300.png 300w, https:\/\/test.centerarhitekture.org\/wp-content\/uploads\/2017\/08\/ALUO.png 480w\" sizes=\"(max-width: 480px) 100vw, 480px\" \/><\/a>\n\t\t<\/figure>\n\t<\/div>\n<\/div><\/div><\/div><\/div><\/div><\/div><\/div><\/div><div class=\"vc_row wpb_row vc_row-fluid\"><div class=\"wpb_column vc_column_container vc_col-sm-12\"><div class=\"vc_column-inner\"><div class=\"wpb_wrapper\"><div class=\"vc_empty_space\"   style=\"height: 32px\"><span class=\"vc_empty_space_inner\"><\/span><\/div><\/div><\/div><\/div><\/div>\n<\/div>","protected":false},"excerpt":{"rendered":"RAVNIKARJEVO LETO 2017110. OBLETNICA ROJSTVA ARHITEKTA IN URBANISTA EDVARDA RAVNIKARJA Ob 110. obletnici rojstva enega najpomembnej\u0161ih slovenskih arhitektov, Edvarda Ravnikarja (1907\u20131993) smo pripravili dogodke, ki so \u0161ir\u0161i javnosti predstavili njegovo \u017eivljenje in delo. Razstava Darilo slovenske arhitekture: Edvard Ravnikar V ponedeljek, 2. oktobra 2017, ob 19. uri je v Zgodovinskem atriju Mestne hi\u0161e bilo odprtje  [...]","protected":false},"author":1,"featured_media":0,"parent":46,"menu_order":0,"comment_status":"closed","ping_status":"closed","template":"","meta":{"iawp_total_views":19,"footnotes":""},"class_list":["post-750","page","type-page","status-publish","hentry"],"_links":{"self":[{"href":"https:\/\/test.centerarhitekture.org\/en\/wp-json\/wp\/v2\/pages\/750","targetHints":{"allow":["GET"]}}],"collection":[{"href":"https:\/\/test.centerarhitekture.org\/en\/wp-json\/wp\/v2\/pages"}],"about":[{"href":"https:\/\/test.centerarhitekture.org\/en\/wp-json\/wp\/v2\/types\/page"}],"author":[{"embeddable":true,"href":"https:\/\/test.centerarhitekture.org\/en\/wp-json\/wp\/v2\/users\/1"}],"replies":[{"embeddable":true,"href":"https:\/\/test.centerarhitekture.org\/en\/wp-json\/wp\/v2\/comments?post=750"}],"version-history":[{"count":23,"href":"https:\/\/test.centerarhitekture.org\/en\/wp-json\/wp\/v2\/pages\/750\/revisions"}],"predecessor-version":[{"id":1616,"href":"https:\/\/test.centerarhitekture.org\/en\/wp-json\/wp\/v2\/pages\/750\/revisions\/1616"}],"up":[{"embeddable":true,"href":"https:\/\/test.centerarhitekture.org\/en\/wp-json\/wp\/v2\/pages\/46"}],"wp:attachment":[{"href":"https:\/\/test.centerarhitekture.org\/en\/wp-json\/wp\/v2\/media?parent=750"}],"curies":[{"name":"wp","href":"https:\/\/api.w.org\/{rel}","templated":true}]}}