{"id":1034,"date":"2017-09-24T12:21:35","date_gmt":"2017-09-24T12:21:35","guid":{"rendered":"https:\/\/test.centerarhitekture.org\/?post_type=product&#038;p=1034"},"modified":"2024-10-28T22:07:04","modified_gmt":"2024-10-28T21:07:04","slug":"arhi-marela","status":"publish","type":"product","link":"https:\/\/test.centerarhitekture.org\/en\/shop\/arhi-marela\/","title":{"rendered":"ARCHi UMBRELLA"},"content":{"rendered":"","protected":false},"excerpt":{"rendered":"<ul>\n<li>Material: 100 % poliester<\/li>\n<li>Ro\u010dno izdelano<\/li>\n<li>Oblikovano v Sloveniji, izdelano v EU.<\/li>\n<\/ul>\n<p>Prepletanje narodnih in geometrijskih motivov, zna\u010dilno za ornamentalni slog arhitekta Ivana Vurnika in akademske slikarke Helene Kottler Vurnik, se odra\u017ea tudi v vzorcih na de\u017enikih. Vzorci izhajajo iz secesijskih ornamentov stavbe Zadru\u017ene gospodarske banke na Miklo\u0161i\u010devi ulici 8 v Ljubljani.<\/p>\n<p>Na voljo v treh razli\u010dnih vzorcih in barvah.<\/p>\n<p>Oblikovanje: Sara Lorger, ALUO UL<\/p>","protected":false},"featured_media":1634,"template":"","meta":{"iawp_total_views":64},"product_brand":[],"product_cat":[16],"product_tag":[],"class_list":{"0":"post-1034","1":"product","2":"type-product","3":"status-publish","4":"has-post-thumbnail","6":"product_cat-kolekcija-ivan-vurnik-in-helena-kottler-vurnik","8":"first","9":"instock","10":"taxable","11":"shipping-taxable","12":"purchasable","13":"product-type-variable"},"_links":{"self":[{"href":"https:\/\/test.centerarhitekture.org\/en\/wp-json\/wp\/v2\/product\/1034","targetHints":{"allow":["GET"]}}],"collection":[{"href":"https:\/\/test.centerarhitekture.org\/en\/wp-json\/wp\/v2\/product"}],"about":[{"href":"https:\/\/test.centerarhitekture.org\/en\/wp-json\/wp\/v2\/types\/product"}],"wp:featuredmedia":[{"embeddable":true,"href":"https:\/\/test.centerarhitekture.org\/en\/wp-json\/wp\/v2\/media\/1634"}],"wp:attachment":[{"href":"https:\/\/test.centerarhitekture.org\/en\/wp-json\/wp\/v2\/media?parent=1034"}],"wp:term":[{"taxonomy":"product_brand","embeddable":true,"href":"https:\/\/test.centerarhitekture.org\/en\/wp-json\/wp\/v2\/product_brand?post=1034"},{"taxonomy":"product_cat","embeddable":true,"href":"https:\/\/test.centerarhitekture.org\/en\/wp-json\/wp\/v2\/product_cat?post=1034"},{"taxonomy":"product_tag","embeddable":true,"href":"https:\/\/test.centerarhitekture.org\/en\/wp-json\/wp\/v2\/product_tag?post=1034"}],"curies":[{"name":"wp","href":"https:\/\/api.w.org\/{rel}","templated":true}]}}