{"id":1037,"date":"2017-09-24T12:32:44","date_gmt":"2017-09-24T12:32:44","guid":{"rendered":"https:\/\/test.centerarhitekture.org\/?post_type=product&#038;p=1037"},"modified":"2024-12-17T20:24:36","modified_gmt":"2024-12-17T19:24:36","slug":"arhi-taska-2","status":"publish","type":"product","link":"https:\/\/test.centerarhitekture.org\/en\/shop\/arhi-taska-2\/","title":{"rendered":"ARCHi BAG"},"content":{"rendered":"","protected":false},"excerpt":{"rendered":"<ul>\n<li>Material: 100 % poliester<\/li>\n<li>Ro\u010dno izdelano<\/li>\n<li>Oblikovano v Sloveniji, izdelano v EU.<\/li>\n<\/ul>\n<p>Prepletanje narodnih in geometrijskih motivov, zna\u010dilno za ornamentalni slog arhitekta Ivana Vurnika in akademske slikarke Helene Kottler Vurnik, se odra\u017ea tudi v vzorcih na nakupovalnih vre\u010dkah. Vzorci izhajajo iz secesijskih ornamentov s zunanjosti in notranjosti stavbe Zadru\u017ene gospodarske banke na Miklo\u0161i\u010devi ulici 8 v Ljubljani.<\/p>\n<p>Na voljo v treh razli\u010dnih vzorcih in barvah.<\/p>\n<p>Oblikovanje: Sara Lorger, ALUO UL<\/p>","protected":false},"featured_media":1659,"template":"","meta":{"iawp_total_views":43},"product_brand":[],"product_cat":[16],"product_tag":[],"class_list":{"0":"post-1037","1":"product","2":"type-product","3":"status-publish","4":"has-post-thumbnail","6":"product_cat-kolekcija-ivan-vurnik-in-helena-kottler-vurnik","8":"first","9":"instock","10":"taxable","11":"shipping-taxable","12":"purchasable","13":"product-type-variable"},"_links":{"self":[{"href":"https:\/\/test.centerarhitekture.org\/en\/wp-json\/wp\/v2\/product\/1037","targetHints":{"allow":["GET"]}}],"collection":[{"href":"https:\/\/test.centerarhitekture.org\/en\/wp-json\/wp\/v2\/product"}],"about":[{"href":"https:\/\/test.centerarhitekture.org\/en\/wp-json\/wp\/v2\/types\/product"}],"wp:featuredmedia":[{"embeddable":true,"href":"https:\/\/test.centerarhitekture.org\/en\/wp-json\/wp\/v2\/media\/1659"}],"wp:attachment":[{"href":"https:\/\/test.centerarhitekture.org\/en\/wp-json\/wp\/v2\/media?parent=1037"}],"wp:term":[{"taxonomy":"product_brand","embeddable":true,"href":"https:\/\/test.centerarhitekture.org\/en\/wp-json\/wp\/v2\/product_brand?post=1037"},{"taxonomy":"product_cat","embeddable":true,"href":"https:\/\/test.centerarhitekture.org\/en\/wp-json\/wp\/v2\/product_cat?post=1037"},{"taxonomy":"product_tag","embeddable":true,"href":"https:\/\/test.centerarhitekture.org\/en\/wp-json\/wp\/v2\/product_tag?post=1037"}],"curies":[{"name":"wp","href":"https:\/\/api.w.org\/{rel}","templated":true}]}}