{"id":1038,"date":"2017-09-24T12:38:44","date_gmt":"2017-09-24T12:38:44","guid":{"rendered":"https:\/\/test.centerarhitekture.org\/?post_type=product&#038;p=1038"},"modified":"2024-04-25T17:14:46","modified_gmt":"2024-04-25T15:14:46","slug":"arhi-tubo","status":"publish","type":"product","link":"https:\/\/test.centerarhitekture.org\/en\/shop\/arhi-tubo\/","title":{"rendered":"ARCHi TUBE"},"content":{"rendered":"","protected":false},"excerpt":{"rendered":"<ul>\n<li>Material: 100 % poliester<\/li>\n<li>Oblikovano in izdelano v Sloveniji.<\/li>\n<\/ul>\n<p>Prepletanje narodnih in geometrijskih motivov, zna\u010dilno za ornamentalni slog arhitekta Ivana Vurnika in akademske slikarke Helene Kottler Vurnik, pa tudi arhitekta Maksa Fabianija, se odra\u017ea tudi v vzorcih na ve\u010dnamenskih rutah.<\/p>\n<p>Nekateri vzorci izhajajo iz secesijskih ornamentov zunanjosti in notranjosti stavbe Zadru\u017ene gospodarske banke na Miklo\u0161i\u010devi ulici 8 v Ljubljani ter iz cerkve Sv. Katarine v Topolu pri Medvodah, drugi predstavljajo kreativo avtorice po navdihu arhitekturnega dela.<\/p>\n<p>Z okrasno ve\u010dnamensko ruto si lahko pokrijemo glavo, spnemo lase, za\u0161\u010ditimo vrat ali pa se \u0161e na kak\u0161en drug domiseln na\u010din zavarujemo pred vetrom, mrazom ali soncem.<\/p>\n<p>Na voljo v 20 razli\u010dnih vzorcih in barvah.<\/p>\n<p>Oblikovanje: Sara Lorger, ALUO UL; Ela Lesar, Teja \u0160ter, Anita Kon\u010dar, Rebeka Mami\u010d, Sara \u0160mid, NTF UL.<\/p>","protected":false},"featured_media":1648,"template":"","meta":{"iawp_total_views":102},"product_brand":[],"product_cat":[16],"product_tag":[],"class_list":{"0":"post-1038","1":"product","2":"type-product","3":"status-publish","4":"has-post-thumbnail","6":"product_cat-kolekcija-ivan-vurnik-in-helena-kottler-vurnik","8":"first","9":"instock","10":"taxable","11":"shipping-taxable","12":"purchasable","13":"product-type-variable","14":"has-default-attributes"},"_links":{"self":[{"href":"https:\/\/test.centerarhitekture.org\/en\/wp-json\/wp\/v2\/product\/1038","targetHints":{"allow":["GET"]}}],"collection":[{"href":"https:\/\/test.centerarhitekture.org\/en\/wp-json\/wp\/v2\/product"}],"about":[{"href":"https:\/\/test.centerarhitekture.org\/en\/wp-json\/wp\/v2\/types\/product"}],"wp:featuredmedia":[{"embeddable":true,"href":"https:\/\/test.centerarhitekture.org\/en\/wp-json\/wp\/v2\/media\/1648"}],"wp:attachment":[{"href":"https:\/\/test.centerarhitekture.org\/en\/wp-json\/wp\/v2\/media?parent=1038"}],"wp:term":[{"taxonomy":"product_brand","embeddable":true,"href":"https:\/\/test.centerarhitekture.org\/en\/wp-json\/wp\/v2\/product_brand?post=1038"},{"taxonomy":"product_cat","embeddable":true,"href":"https:\/\/test.centerarhitekture.org\/en\/wp-json\/wp\/v2\/product_cat?post=1038"},{"taxonomy":"product_tag","embeddable":true,"href":"https:\/\/test.centerarhitekture.org\/en\/wp-json\/wp\/v2\/product_tag?post=1038"}],"curies":[{"name":"wp","href":"https:\/\/api.w.org\/{rel}","templated":true}]}}