{"id":2919,"date":"2020-03-09T22:24:15","date_gmt":"2020-03-09T21:24:15","guid":{"rendered":"https:\/\/test.centerarhitekture.org\/?post_type=product&#038;p=2919"},"modified":"2024-12-05T17:33:08","modified_gmt":"2024-12-05T16:33:08","slug":"arhi-svincnik-vurnik","status":"publish","type":"product","link":"https:\/\/test.centerarhitekture.org\/en\/shop\/arhi-svincnik-vurnik\/","title":{"rendered":"ARHi SVIN\u010cNIK Vurnik"},"content":{"rendered":"","protected":false},"excerpt":{"rendered":"<ul>\n<li>Trdota svin\u010dnika: HB<\/li>\n<li>Oblikovano in izdelano v Sloveniji.<\/li>\n<\/ul>\n<p>Vzorci in motivi izhajajo iz secesijskih ornamentov zunanjosti in notranjosti stavbe Zadru\u017ene gospodarske banke na Miklo\u0161i\u010devi ulici 8 v Ljubljani, ki je bila zgrajena leta 1922, ter iz ornamenta oltarja \u0160kofijske kapele v Trstu, zgrajene leta 1913 po na\u010drtih arhitekta Ivana Vurnika, v sodelovanju s Heleno Kottler Vurnik.v sodelovanju s slikarko in oblikovalko Heleno Kottler Vurnik (1882\u20131962).<\/p>\n<p>Na voljo v \u0161tirih razli\u010dnih vzorcih in barvah.<\/p>\n<p>Oblikovanje: Gregor Humar, Vanja Lojen in Sara Lorger, ALUO UL<\/p>","protected":false},"featured_media":2946,"template":"","meta":{"iawp_total_views":99},"product_brand":[],"product_cat":[16],"product_tag":[],"class_list":{"0":"post-2919","1":"product","2":"type-product","3":"status-publish","4":"has-post-thumbnail","6":"product_cat-kolekcija-ivan-vurnik-in-helena-kottler-vurnik","8":"first","9":"instock","10":"taxable","11":"shipping-taxable","12":"purchasable","13":"product-type-variable"},"_links":{"self":[{"href":"https:\/\/test.centerarhitekture.org\/en\/wp-json\/wp\/v2\/product\/2919","targetHints":{"allow":["GET"]}}],"collection":[{"href":"https:\/\/test.centerarhitekture.org\/en\/wp-json\/wp\/v2\/product"}],"about":[{"href":"https:\/\/test.centerarhitekture.org\/en\/wp-json\/wp\/v2\/types\/product"}],"wp:featuredmedia":[{"embeddable":true,"href":"https:\/\/test.centerarhitekture.org\/en\/wp-json\/wp\/v2\/media\/2946"}],"wp:attachment":[{"href":"https:\/\/test.centerarhitekture.org\/en\/wp-json\/wp\/v2\/media?parent=2919"}],"wp:term":[{"taxonomy":"product_brand","embeddable":true,"href":"https:\/\/test.centerarhitekture.org\/en\/wp-json\/wp\/v2\/product_brand?post=2919"},{"taxonomy":"product_cat","embeddable":true,"href":"https:\/\/test.centerarhitekture.org\/en\/wp-json\/wp\/v2\/product_cat?post=2919"},{"taxonomy":"product_tag","embeddable":true,"href":"https:\/\/test.centerarhitekture.org\/en\/wp-json\/wp\/v2\/product_tag?post=2919"}],"curies":[{"name":"wp","href":"https:\/\/api.w.org\/{rel}","templated":true}]}}