{"id":3119,"date":"2020-04-06T07:01:31","date_gmt":"2020-04-06T05:01:31","guid":{"rendered":"https:\/\/test.centerarhitekture.org\/?post_type=product&#038;p=3119"},"modified":"2023-05-25T20:52:48","modified_gmt":"2023-05-25T18:52:48","slug":"arhi-turban","status":"publish","type":"product","link":"https:\/\/test.centerarhitekture.org\/en\/shop\/arhi-turban\/","title":{"rendered":"ARHi TURBAN"},"content":{"rendered":"","protected":false},"excerpt":{"rendered":"<ul>\n<li>100% bomba\u017e<\/li>\n<li>550 g<\/li>\n<li>izjemno vpojen<\/li>\n<li>oblikovano in ro\u010dno izdelano v Sloveniji<\/li>\n<\/ul>\n<p>Motiv, ki ga je uporabil oblikovalec Bla\u017e Habjani\u010d, izhaja poslikave dela notranj\u0161\u010dine cerkve sv. Katarine v Topolu pri Medvodah, kjer je arhitekt Ivan Vurnik leta 1920 sku\u0161al opredeliti t. i. narodni slog.<\/p>","protected":false},"featured_media":3174,"template":"","meta":{"iawp_total_views":54},"product_brand":[],"product_cat":[16],"product_tag":[],"class_list":{"0":"post-3119","1":"product","2":"type-product","3":"status-publish","4":"has-post-thumbnail","6":"product_cat-kolekcija-ivan-vurnik-in-helena-kottler-vurnik","8":"first","9":"instock","10":"taxable","11":"shipping-taxable","12":"purchasable","13":"product-type-simple"},"_links":{"self":[{"href":"https:\/\/test.centerarhitekture.org\/en\/wp-json\/wp\/v2\/product\/3119","targetHints":{"allow":["GET"]}}],"collection":[{"href":"https:\/\/test.centerarhitekture.org\/en\/wp-json\/wp\/v2\/product"}],"about":[{"href":"https:\/\/test.centerarhitekture.org\/en\/wp-json\/wp\/v2\/types\/product"}],"wp:featuredmedia":[{"embeddable":true,"href":"https:\/\/test.centerarhitekture.org\/en\/wp-json\/wp\/v2\/media\/3174"}],"wp:attachment":[{"href":"https:\/\/test.centerarhitekture.org\/en\/wp-json\/wp\/v2\/media?parent=3119"}],"wp:term":[{"taxonomy":"product_brand","embeddable":true,"href":"https:\/\/test.centerarhitekture.org\/en\/wp-json\/wp\/v2\/product_brand?post=3119"},{"taxonomy":"product_cat","embeddable":true,"href":"https:\/\/test.centerarhitekture.org\/en\/wp-json\/wp\/v2\/product_cat?post=3119"},{"taxonomy":"product_tag","embeddable":true,"href":"https:\/\/test.centerarhitekture.org\/en\/wp-json\/wp\/v2\/product_tag?post=3119"}],"curies":[{"name":"wp","href":"https:\/\/api.w.org\/{rel}","templated":true}]}}