{"id":3308,"date":"2020-05-04T07:41:08","date_gmt":"2020-05-04T05:41:08","guid":{"rendered":"https:\/\/test.centerarhitekture.org\/?post_type=product&#038;p=3308"},"modified":"2023-05-25T20:46:59","modified_gmt":"2023-05-25T18:46:59","slug":"vurnikova-brisaca-nagelj","status":"publish","type":"product","link":"https:\/\/test.centerarhitekture.org\/en\/shop\/vurnikova-brisaca-nagelj\/","title":{"rendered":"Vurnikova brisa\u010da Nagelj"},"content":{"rendered":"","protected":false},"excerpt":{"rendered":"<p>&nbsp;<\/p>\n<p>Motiv, ki ga je uporabil oblikovalec Bla\u017e Habjani\u010d, izhaja poslikave dela notranj\u0161\u010dine cerkve sv. Katarine v Topolu pri Medvodah, kjer je arhitekt Ivan Vurnik leta 1920 sku\u0161al opredeliti t. i. narodni slog.<\/p>\n<ul>\n<li>velikosti 80 x 160 cm<\/li>\n<li>100% bomba\u017e<\/li>\n<li>550 g<\/li>\n<li>izjemno vpojna<\/li>\n<\/ul>\n<p>Brisa\u010do so v ohranjanju dolgoletne tradicije izdelali v podjetju Svilanit d. o. o.<\/p>","protected":false},"featured_media":1303,"template":"","meta":{"iawp_total_views":118},"product_brand":[],"product_cat":[16],"product_tag":[],"class_list":{"0":"post-3308","1":"product","2":"type-product","3":"status-publish","4":"has-post-thumbnail","6":"product_cat-kolekcija-ivan-vurnik-in-helena-kottler-vurnik","7":"product_shipping_class-dostava_tezko","9":"first","10":"instock","11":"taxable","12":"shipping-taxable","13":"purchasable","14":"product-type-simple"},"_links":{"self":[{"href":"https:\/\/test.centerarhitekture.org\/en\/wp-json\/wp\/v2\/product\/3308","targetHints":{"allow":["GET"]}}],"collection":[{"href":"https:\/\/test.centerarhitekture.org\/en\/wp-json\/wp\/v2\/product"}],"about":[{"href":"https:\/\/test.centerarhitekture.org\/en\/wp-json\/wp\/v2\/types\/product"}],"wp:featuredmedia":[{"embeddable":true,"href":"https:\/\/test.centerarhitekture.org\/en\/wp-json\/wp\/v2\/media\/1303"}],"wp:attachment":[{"href":"https:\/\/test.centerarhitekture.org\/en\/wp-json\/wp\/v2\/media?parent=3308"}],"wp:term":[{"taxonomy":"product_brand","embeddable":true,"href":"https:\/\/test.centerarhitekture.org\/en\/wp-json\/wp\/v2\/product_brand?post=3308"},{"taxonomy":"product_cat","embeddable":true,"href":"https:\/\/test.centerarhitekture.org\/en\/wp-json\/wp\/v2\/product_cat?post=3308"},{"taxonomy":"product_tag","embeddable":true,"href":"https:\/\/test.centerarhitekture.org\/en\/wp-json\/wp\/v2\/product_tag?post=3308"}],"curies":[{"name":"wp","href":"https:\/\/api.w.org\/{rel}","templated":true}]}}