{"id":3319,"date":"2020-05-04T08:22:08","date_gmt":"2020-05-04T06:22:08","guid":{"rendered":"https:\/\/test.centerarhitekture.org\/?post_type=product&#038;p=3319"},"modified":"2023-05-25T20:49:11","modified_gmt":"2023-05-25T18:49:11","slug":"notesnik-mozaik","status":"publish","type":"product","link":"https:\/\/test.centerarhitekture.org\/en\/shop\/notesnik-mozaik\/","title":{"rendered":"Notesnik Mozaik"},"content":{"rendered":"","protected":false},"excerpt":{"rendered":"<ul>\n<li>100-listni, brez\u010drten<\/li>\n<li>90g brezlesnega papirja EOS volumna 1,5<\/li>\n<li>velikosti 11,5 x 15,5 cm<\/li>\n<li>gladkih trdih platnic<\/li>\n<\/ul>\n<p>Potisk izhaja iz ornamentike fasade hi\u0161e na Miklo\u0161i\u010devi cesti 8 v Ljubljani, nekdanje Zadru\u017ene gospodarske banke, zgrajene leta 1922, ki velja za najbolj znano delo arhitekta Ivana Vurnika. Darilo, ki ga je oblikoval Luka Purgar, so naredili v Tiskarni in knjigoveznici Radovljica v sodelovanju z Emma d. o. o.<\/p>","protected":false},"featured_media":1298,"template":"","meta":{"iawp_total_views":30},"product_brand":[],"product_cat":[16],"product_tag":[],"class_list":{"0":"post-3319","1":"product","2":"type-product","3":"status-publish","4":"has-post-thumbnail","6":"product_cat-kolekcija-ivan-vurnik-in-helena-kottler-vurnik","8":"first","9":"instock","10":"taxable","11":"shipping-taxable","12":"purchasable","13":"product-type-simple"},"_links":{"self":[{"href":"https:\/\/test.centerarhitekture.org\/en\/wp-json\/wp\/v2\/product\/3319","targetHints":{"allow":["GET"]}}],"collection":[{"href":"https:\/\/test.centerarhitekture.org\/en\/wp-json\/wp\/v2\/product"}],"about":[{"href":"https:\/\/test.centerarhitekture.org\/en\/wp-json\/wp\/v2\/types\/product"}],"wp:featuredmedia":[{"embeddable":true,"href":"https:\/\/test.centerarhitekture.org\/en\/wp-json\/wp\/v2\/media\/1298"}],"wp:attachment":[{"href":"https:\/\/test.centerarhitekture.org\/en\/wp-json\/wp\/v2\/media?parent=3319"}],"wp:term":[{"taxonomy":"product_brand","embeddable":true,"href":"https:\/\/test.centerarhitekture.org\/en\/wp-json\/wp\/v2\/product_brand?post=3319"},{"taxonomy":"product_cat","embeddable":true,"href":"https:\/\/test.centerarhitekture.org\/en\/wp-json\/wp\/v2\/product_cat?post=3319"},{"taxonomy":"product_tag","embeddable":true,"href":"https:\/\/test.centerarhitekture.org\/en\/wp-json\/wp\/v2\/product_tag?post=3319"}],"curies":[{"name":"wp","href":"https:\/\/api.w.org\/{rel}","templated":true}]}}