{"id":332,"date":"2017-08-21T19:13:35","date_gmt":"2017-08-21T17:13:35","guid":{"rendered":"https:\/\/test.centerarhitekture.org\/?post_type=product&#038;p=332"},"modified":"2023-05-25T20:49:56","modified_gmt":"2023-05-25T18:49:56","slug":"prstan","status":"publish","type":"product","link":"https:\/\/test.centerarhitekture.org\/en\/shop\/prstan\/","title":{"rendered":"Vurnikov prstan"},"content":{"rendered":"<div class=\"wpb-content-wrapper\"><div class=\"vc_row wpb_row vc_row-fluid\"><div class=\"wpb_column vc_column_container vc_col-sm-12\"><div class=\"vc_column-inner\"><div class=\"wpb_wrapper\">\n\t<div class=\"wpb_text_column wpb_content_element\" >\n\t\t<div class=\"wpb_wrapper\">\n\t\t\t<p>Izdelek se izdela po naro\u010dilu, rok dobave je zaradi tega dalj\u0161i. Za ve\u010d informacij prosimo pi\u0161ite na <a href=\"mailto:info@centerarhitekture.org\">info@centerarhitekture.org<\/a>.<\/p>\n\n\t\t<\/div>\n\t<\/div>\n<\/div><\/div><\/div><\/div>\n<\/div>","protected":false},"excerpt":{"rendered":"<p><strong>Vurnikov nakit\u00a0<\/strong>je kolekcija srebrnega nakita \u2012 prstan, uhani, veri\u017eica z obeskom, man\u0161etni gumbi \u2012, v kateri se odra\u017ea prepletanje narodnih in geometrijskih motivov, zna\u010dilnih za slog arhitekta Vurnika. Ornament sonca, ki ga v plemenitih materialih o\u017eivlja ta kolekcija, najdemo na stebrih Sokolskega doma na Taboru v Ljubljani, zgrajenem med letoma 1923 in 1926. Sonce je simbol svetlobe, mo\u010di, energije in vsega, kar je povezano z \u017eivljenjem. Nakit je oblikoval in izdelal oblikovalec nakita Ale\u0161 Ho\u010devar.<\/p>","protected":false},"featured_media":330,"template":"","meta":{"iawp_total_views":23},"product_brand":[],"product_cat":[16],"product_tag":[],"class_list":{"0":"post-332","1":"product","2":"type-product","3":"status-publish","4":"has-post-thumbnail","6":"product_cat-kolekcija-ivan-vurnik-in-helena-kottler-vurnik","8":"first","9":"instock","10":"taxable","11":"shipping-taxable","12":"purchasable","13":"product-type-simple"},"_links":{"self":[{"href":"https:\/\/test.centerarhitekture.org\/en\/wp-json\/wp\/v2\/product\/332","targetHints":{"allow":["GET"]}}],"collection":[{"href":"https:\/\/test.centerarhitekture.org\/en\/wp-json\/wp\/v2\/product"}],"about":[{"href":"https:\/\/test.centerarhitekture.org\/en\/wp-json\/wp\/v2\/types\/product"}],"wp:featuredmedia":[{"embeddable":true,"href":"https:\/\/test.centerarhitekture.org\/en\/wp-json\/wp\/v2\/media\/330"}],"wp:attachment":[{"href":"https:\/\/test.centerarhitekture.org\/en\/wp-json\/wp\/v2\/media?parent=332"}],"wp:term":[{"taxonomy":"product_brand","embeddable":true,"href":"https:\/\/test.centerarhitekture.org\/en\/wp-json\/wp\/v2\/product_brand?post=332"},{"taxonomy":"product_cat","embeddable":true,"href":"https:\/\/test.centerarhitekture.org\/en\/wp-json\/wp\/v2\/product_cat?post=332"},{"taxonomy":"product_tag","embeddable":true,"href":"https:\/\/test.centerarhitekture.org\/en\/wp-json\/wp\/v2\/product_tag?post=332"}],"curies":[{"name":"wp","href":"https:\/\/api.w.org\/{rel}","templated":true}]}}