{"id":3329,"date":"2020-05-04T09:09:18","date_gmt":"2020-05-04T07:09:18","guid":{"rendered":"https:\/\/test.centerarhitekture.org\/?post_type=product&#038;p=3329"},"modified":"2023-08-10T15:14:15","modified_gmt":"2023-08-10T13:14:15","slug":"steklenicka-dalija","status":"publish","type":"product","link":"https:\/\/test.centerarhitekture.org\/en\/shop\/steklenicka-dalija\/","title":{"rendered":"Stekleni\u010dka DALIJA"},"content":{"rendered":"","protected":false},"excerpt":{"rendered":"<ul>\n<li>ro\u010dno pihana\u00a0iz najbolj\u0161ega borosilikatnega stekla<\/li>\n<li>volumna 550 ml<\/li>\n<li>obdana v silikon za ustrezen oprijem<\/li>\n<li>s pokrov\u010dkom iz nerjave\u010dega jekla, polipropilena in silikonskega obro\u010dka, zaradi katerega je zagotovljeno 100% tesnjenje<\/li>\n<\/ul>\n<p>Arhitektov \u017eivljenjski slog je bil domi\u0161ljen, enostaven in asketski. To je bilo vodilo oblikovalke Kaje Weisseisen. Okrasni potisk izhaja iz ornamentike fasade hi\u0161e nekdanje Zadru\u017ene gospodarske banke na Miklo\u0161i\u010devi cesti 8 v Ljubljani, zgrajene leta 1922.<\/p>\n<p>Stekleni\u010dka je narejena v podjetju ZkotZ.<\/p>","protected":false},"featured_media":1254,"template":"","meta":{"iawp_total_views":14},"product_brand":[],"product_cat":[16],"product_tag":[],"class_list":{"0":"post-3329","1":"product","2":"type-product","3":"status-publish","4":"has-post-thumbnail","6":"product_cat-kolekcija-ivan-vurnik-in-helena-kottler-vurnik","8":"first","9":"instock","10":"taxable","11":"shipping-taxable","12":"purchasable","13":"product-type-simple"},"_links":{"self":[{"href":"https:\/\/test.centerarhitekture.org\/en\/wp-json\/wp\/v2\/product\/3329","targetHints":{"allow":["GET"]}}],"collection":[{"href":"https:\/\/test.centerarhitekture.org\/en\/wp-json\/wp\/v2\/product"}],"about":[{"href":"https:\/\/test.centerarhitekture.org\/en\/wp-json\/wp\/v2\/types\/product"}],"wp:featuredmedia":[{"embeddable":true,"href":"https:\/\/test.centerarhitekture.org\/en\/wp-json\/wp\/v2\/media\/1254"}],"wp:attachment":[{"href":"https:\/\/test.centerarhitekture.org\/en\/wp-json\/wp\/v2\/media?parent=3329"}],"wp:term":[{"taxonomy":"product_brand","embeddable":true,"href":"https:\/\/test.centerarhitekture.org\/en\/wp-json\/wp\/v2\/product_brand?post=3329"},{"taxonomy":"product_cat","embeddable":true,"href":"https:\/\/test.centerarhitekture.org\/en\/wp-json\/wp\/v2\/product_cat?post=3329"},{"taxonomy":"product_tag","embeddable":true,"href":"https:\/\/test.centerarhitekture.org\/en\/wp-json\/wp\/v2\/product_tag?post=3329"}],"curies":[{"name":"wp","href":"https:\/\/api.w.org\/{rel}","templated":true}]}}