{"id":3558,"date":"2020-06-04T13:24:53","date_gmt":"2020-06-04T11:24:53","guid":{"rendered":"https:\/\/test.centerarhitekture.org\/?post_type=product&#038;p=3558"},"modified":"2024-07-11T04:30:10","modified_gmt":"2024-07-11T02:30:10","slug":"skatla-s-pripomocki-arhitekturni-detektiv","status":"publish","type":"product","link":"https:\/\/test.centerarhitekture.org\/en\/shop\/skatla-s-pripomocki-arhitekturni-detektiv\/","title":{"rendered":"\u0160katla s pripomo\u010dki ARHITEKTURNI DETEKTIV"},"content":{"rendered":"","protected":false},"excerpt":{"rendered":"<ul>\n<li><strong>\u0160t. strani: <\/strong><strong>28<\/strong><\/li>\n<li><strong>Format: <\/strong><strong>400 x 300 mm<\/strong><\/li>\n<li><strong>Zalo\u017eba: <\/strong><strong>Didakta<\/strong><\/li>\n<\/ul>\n<p><strong>Komplet vsebuje \u0161katlo iz tr\u0161ega kartona v obliki hi\u0161e, ki je priro\u010dna za shranjevanje prilo\u017eenih vlo\u017enih listov in drugih va\u0161ih pripomo\u010dkov, ki sodijo k u\u010denju o arhitekturi (tulci, pokrivala za o\u010di, rokavice, ogledalca &#8230;).<\/strong><\/p>\n<p>\u0160katla z informacijami in pripomo\u010dki o izobra\u017eevanju na podro\u010dju prostora in arhitekture, ki je namenjena u\u010diteljem, mentorjem, pedagogom, star\u0161em in otrokom, pri katerih \u017eelimo spodbuditi radovednost in \u017eeljo po raziskovanju arhitekture.<\/p>\n<p>Prednost \u0161katle je v tem, da se vanjo poleg gradiva shranjuje tudi druge predmete, ki so uporabni pri u\u010denju arhitekture (ogledalce, rokavice, tulci, pokrivala za o\u010di &#8230;).<\/p>\n<p>&nbsp;<\/p>\n<p>&nbsp;<\/p>","protected":false},"featured_media":3600,"template":"","meta":{"iawp_total_views":216},"product_brand":[],"product_cat":[100],"product_tag":[],"class_list":{"0":"post-3558","1":"product","2":"type-product","3":"status-publish","4":"has-post-thumbnail","6":"product_cat-igriva-arhitektura","8":"first","9":"instock","10":"taxable","11":"shipping-taxable","12":"purchasable","13":"product-type-simple"},"_links":{"self":[{"href":"https:\/\/test.centerarhitekture.org\/en\/wp-json\/wp\/v2\/product\/3558","targetHints":{"allow":["GET"]}}],"collection":[{"href":"https:\/\/test.centerarhitekture.org\/en\/wp-json\/wp\/v2\/product"}],"about":[{"href":"https:\/\/test.centerarhitekture.org\/en\/wp-json\/wp\/v2\/types\/product"}],"wp:featuredmedia":[{"embeddable":true,"href":"https:\/\/test.centerarhitekture.org\/en\/wp-json\/wp\/v2\/media\/3600"}],"wp:attachment":[{"href":"https:\/\/test.centerarhitekture.org\/en\/wp-json\/wp\/v2\/media?parent=3558"}],"wp:term":[{"taxonomy":"product_brand","embeddable":true,"href":"https:\/\/test.centerarhitekture.org\/en\/wp-json\/wp\/v2\/product_brand?post=3558"},{"taxonomy":"product_cat","embeddable":true,"href":"https:\/\/test.centerarhitekture.org\/en\/wp-json\/wp\/v2\/product_cat?post=3558"},{"taxonomy":"product_tag","embeddable":true,"href":"https:\/\/test.centerarhitekture.org\/en\/wp-json\/wp\/v2\/product_tag?post=3558"}],"curies":[{"name":"wp","href":"https:\/\/api.w.org\/{rel}","templated":true}]}}