{"id":3894,"date":"2021-01-19T13:57:58","date_gmt":"2021-01-19T12:57:58","guid":{"rendered":"https:\/\/test.centerarhitekture.org\/?post_type=product&#038;p=3894"},"modified":"2024-12-21T10:19:05","modified_gmt":"2024-12-21T09:19:05","slug":"zgodbe-slovenske-arhitekture","status":"publish","type":"product","link":"https:\/\/test.centerarhitekture.org\/en\/shop\/zgodbe-slovenske-arhitekture\/","title":{"rendered":"Knjiga ZGODBE SLOVENSKE ARHITEKTURE"},"content":{"rendered":"<div class=\"wpb-content-wrapper\"><div class=\"fusion-fullwidth fullwidth-box fusion-builder-row-1 nonhundred-percent-fullwidth non-hundred-percent-height-scrolling\" style=\"--awb-border-radius-top-left:0px;--awb-border-radius-top-right:0px;--awb-border-radius-bottom-right:0px;--awb-border-radius-bottom-left:0px;--awb-flex-wrap:wrap;\" ><div class=\"fusion-builder-row fusion-row\"><div class=\"fusion-layout-column fusion_builder_column fusion-builder-column-0 fusion_builder_column_1_1 1_1 fusion-one-full fusion-column-first fusion-column-last\" style=\"--awb-bg-size:cover;--awb-margin-bottom:0px;\"><div class=\"fusion-column-wrapper fusion-flex-column-wrapper-legacy\"><div class=\"fusion-text fusion-text-1\"><div class=\"vc_row wpb_row vc_row-fluid\"><div class=\"wpb_column vc_column_container vc_col-sm-12\"><div class=\"vc_column-inner\"><div class=\"wpb_wrapper\">\n\t<div class=\"wpb_text_column wpb_content_element\" >\n\t\t<div class=\"wpb_wrapper\">\n\t\t\t<p>Knjiga nam na izjemno dostopen na\u010din pribli\u017euje zgodovino slovenske arhitekture skozi zgodbe, v katerih se zvrstijo stavbe, mesta, trgi, ulice, arhitekti in drugi ustvarjalci ter orisi ozadij, ki so botrovala nastanku arhitekture in slovenskega prostora, kakr\u0161nega poznamo danes. Zgodbe si sledijo kronolo\u0161ko, najprej vstopimo v \u010das koli\u0161\u010darjev in se pustimo voditi vse do arhitekture 21. stoletja. Posamezne zgodbe orisujejo izbrane arhitekture skozi razli\u010dna \u010dasovna obdobja, ustvarjalce, razli\u010dne zanimivosti, ki bralcu na poljuden na\u010din pribli\u017eajo svet umetnosti arhitekture. Vsaka zgodba je preplet dejstev in vsebinskih navezav na so\u010dasno arhitekturo ter vpetosti v prostor in \u010das. Knjiga je opremljena z bogatim fotografskim gradivom. Skozi prebiranje posameznih zgodb je bralcu omogo\u010den razko\u0161en vpogled v celotno zgodbo slovenske arhitekture.<\/p>\n<p>&#8212;<\/p>\n<p>\u0160pela Kuhar (1967) je arhitektka, soustanoviteljica Centra arhitekture Slovenije, vzgojno-izobra\u017eevalnega programa Igriva arhitektura ter blagovne znamke Darilo slovenske arhitekture. Je \u010dlanica organizacijskega odbora Piranskih dnevov arhitekture, avtorica in soavtorica knjig in \u010dlankov s podro\u010dja arhitekture in arhitekturne pedagogike. Prejela je \u0161tevilne nagrade, med njimi dvakrat mednarodno nagrado Piranesi.<\/p>\n<p>Robert Potokar (1965) je arhitekt, vodja arhitekturnega biroja Ravnikar Potokar, ki ga je ustanovil z Vojtehom Ravnikarjem. S soavtorji je na javnih nate\u010dajih prejel 25 prvih nagrad in izvedel \u0161tevilne nagrajene projekte, za katere je med drugim dvakrat prejel nagrado Piranesi, trikrat zlati svin\u010dnik ZAPS in leseno ikono. Je gostujo\u010di predavatelj na Fakulteti za gradbeni\u0161tvo, prometno in\u017eenirstvo in arhitekturo v Mariboru.<\/p>\n\n\t\t<\/div>\n\t<\/div>\n<\/div><\/div><\/div><\/div>\n<\/div><div class=\"fusion-clearfix\"><\/div><\/div><\/div><\/div><\/div>\n<\/div>","protected":false},"excerpt":{"rendered":"<p><strong>\u0160pela Kuhar in Robert Potokar<br \/>\n<\/strong>Petdeset zgodb o slovenski arhitekturi skozi \u010das, prostor in ustvarjalce<\/p>\n<ul>\n<li>464 strani<\/li>\n<li>2020<\/li>\n<\/ul>","protected":false},"featured_media":3895,"template":"","meta":{"iawp_total_views":221},"product_brand":[],"product_cat":[99],"product_tag":[],"class_list":{"0":"post-3894","1":"product","2":"type-product","3":"status-publish","4":"has-post-thumbnail","6":"product_cat-knjigarna","8":"first","9":"instock","10":"taxable","11":"shipping-taxable","12":"purchasable","13":"product-type-simple"},"_links":{"self":[{"href":"https:\/\/test.centerarhitekture.org\/en\/wp-json\/wp\/v2\/product\/3894","targetHints":{"allow":["GET"]}}],"collection":[{"href":"https:\/\/test.centerarhitekture.org\/en\/wp-json\/wp\/v2\/product"}],"about":[{"href":"https:\/\/test.centerarhitekture.org\/en\/wp-json\/wp\/v2\/types\/product"}],"wp:featuredmedia":[{"embeddable":true,"href":"https:\/\/test.centerarhitekture.org\/en\/wp-json\/wp\/v2\/media\/3895"}],"wp:attachment":[{"href":"https:\/\/test.centerarhitekture.org\/en\/wp-json\/wp\/v2\/media?parent=3894"}],"wp:term":[{"taxonomy":"product_brand","embeddable":true,"href":"https:\/\/test.centerarhitekture.org\/en\/wp-json\/wp\/v2\/product_brand?post=3894"},{"taxonomy":"product_cat","embeddable":true,"href":"https:\/\/test.centerarhitekture.org\/en\/wp-json\/wp\/v2\/product_cat?post=3894"},{"taxonomy":"product_tag","embeddable":true,"href":"https:\/\/test.centerarhitekture.org\/en\/wp-json\/wp\/v2\/product_tag?post=3894"}],"curies":[{"name":"wp","href":"https:\/\/api.w.org\/{rel}","templated":true}]}}