{"id":4936,"date":"2023-08-09T06:59:12","date_gmt":"2023-08-09T04:59:12","guid":{"rendered":"https:\/\/test.centerarhitekture.org\/?post_type=product&#038;p=4936"},"modified":"2023-08-30T17:22:31","modified_gmt":"2023-08-30T15:22:31","slug":"igi-spic-arhitekt","status":"publish","type":"product","link":"https:\/\/test.centerarhitekture.org\/en\/shop\/igi-spic-arhitekt\/","title":{"rendered":"Slikanica Igi \u0160pic, arhitekt"},"content":{"rendered":"<div class=\"wpb-content-wrapper\"><div class=\"fusion-fullwidth fullwidth-box fusion-builder-row-1 fusion-flex-container nonhundred-percent-fullwidth non-hundred-percent-height-scrolling\" style=\"--awb-border-radius-top-left:0px;--awb-border-radius-top-right:0px;--awb-border-radius-bottom-right:0px;--awb-border-radius-bottom-left:0px;--awb-flex-wrap:wrap;\" ><div class=\"fusion-builder-row fusion-row fusion-flex-align-items-flex-start fusion-flex-content-wrap\" style=\"max-width:1144px;margin-left: calc(-4% \/ 2 );margin-right: calc(-4% \/ 2 );\"><div class=\"fusion-layout-column fusion_builder_column fusion-builder-column-0 fusion_builder_column_1_1 1_1 fusion-flex-column\" style=\"--awb-bg-size:cover;--awb-width-large:100%;--awb-margin-top-large:0px;--awb-spacing-right-large:1.92%;--awb-margin-bottom-large:0px;--awb-spacing-left-large:1.92%;--awb-width-medium:100%;--awb-spacing-right-medium:1.92%;--awb-spacing-left-medium:1.92%;--awb-width-small:100%;--awb-spacing-right-small:1.92%;--awb-spacing-left-small:1.92%;\"><div class=\"fusion-column-wrapper fusion-flex-justify-content-flex-start fusion-content-layout-column\"><div class=\"fusion-text fusion-text-1\"><div class=\"vc_row wpb_row vc_row-fluid\"><div class=\"wpb_column vc_column_container vc_col-sm-12\"><div class=\"vc_column-inner\"><div class=\"wpb_wrapper\">\n\t<div class=\"wpb_text_column wpb_content_element\" >\n\t\t<div class=\"wpb_wrapper\">\n\t\t\t<p>Igi \u0160pic, arhitekt je otro\u0161ka slikanica v verzih, v kateri nastopa radoveden de\u010dek Igi, ki ga \u017ee od malih nog zanima arhitektura. Nekateri otroci gradijo gradove iz peska, nekateri otroci delajo poti\u010dke, nekateri gradijo ogromne stolpe iz kock, toda nih\u010de ni bolj\u0161i v gradnji kot Igi \u0160pic. \u0160koda, da le malo ljudi ceni njegov dar, \u0161e najmanj pa njegova u\u010diteljica, gospodi\u010dna Lila. Ko \u017ee ka\u017ee, da bo Igi moral zamenjati svoja orodja za vo\u0161\u010denke, na usodnem \u0161olskem izletu sprevidijo, da je lahko dober arhitekt \u0161e kako koristen!<\/p>\n<p>Ob izidu izvirnika je revija <em>Time<\/em> slikanico uvrstila med 10 najbolj\u0161ih otro\u0161kih knjig. Uspe\u0161nico je zelo duhovito v sloven\u0161\u010dino prepesnil vsestranski pesnik Matja\u017e Pikalo.<\/p>\n\n\t\t<\/div>\n\t<\/div>\n<\/div><\/div><\/div><\/div>\n<\/div><\/div><\/div><\/div><\/div>\n<\/div>","protected":false},"excerpt":{"rendered":"<p>Avtorica: <strong>Andrea Beaty<\/strong><br \/>\nUrednica: <strong>Petra Fr\u00f6hlich<\/strong><\/p>\n<p>Ljubljana, 2010<\/p>","protected":false},"featured_media":4938,"template":"","meta":{"iawp_total_views":96},"product_brand":[],"product_cat":[99],"product_tag":[],"class_list":{"0":"post-4936","1":"product","2":"type-product","3":"status-publish","4":"has-post-thumbnail","6":"product_cat-knjigarna","8":"first","9":"instock","10":"taxable","11":"shipping-taxable","12":"purchasable","13":"product-type-simple"},"_links":{"self":[{"href":"https:\/\/test.centerarhitekture.org\/en\/wp-json\/wp\/v2\/product\/4936","targetHints":{"allow":["GET"]}}],"collection":[{"href":"https:\/\/test.centerarhitekture.org\/en\/wp-json\/wp\/v2\/product"}],"about":[{"href":"https:\/\/test.centerarhitekture.org\/en\/wp-json\/wp\/v2\/types\/product"}],"wp:featuredmedia":[{"embeddable":true,"href":"https:\/\/test.centerarhitekture.org\/en\/wp-json\/wp\/v2\/media\/4938"}],"wp:attachment":[{"href":"https:\/\/test.centerarhitekture.org\/en\/wp-json\/wp\/v2\/media?parent=4936"}],"wp:term":[{"taxonomy":"product_brand","embeddable":true,"href":"https:\/\/test.centerarhitekture.org\/en\/wp-json\/wp\/v2\/product_brand?post=4936"},{"taxonomy":"product_cat","embeddable":true,"href":"https:\/\/test.centerarhitekture.org\/en\/wp-json\/wp\/v2\/product_cat?post=4936"},{"taxonomy":"product_tag","embeddable":true,"href":"https:\/\/test.centerarhitekture.org\/en\/wp-json\/wp\/v2\/product_tag?post=4936"}],"curies":[{"name":"wp","href":"https:\/\/api.w.org\/{rel}","templated":true}]}}