{"id":97,"date":"2017-08-07T21:23:54","date_gmt":"2017-08-07T20:23:54","guid":{"rendered":"https:\/\/test.centerarhitekture.org\/?post_type=product&#038;p=97"},"modified":"2023-05-25T20:55:10","modified_gmt":"2023-05-25T18:55:10","slug":"pecat-za-pecivo","status":"publish","type":"product","link":"https:\/\/test.centerarhitekture.org\/en\/shop\/pecat-za-pecivo\/","title":{"rendered":"Vurnikov pe\u010dat za pi\u0161kote"},"content":{"rendered":"","protected":false},"excerpt":{"rendered":"<ul>\n<li>ro\u010dno izdelan iz slovenskega lesa<\/li>\n<li>premera 4 cm<\/li>\n<li>s polkro\u017enim lesenim dr\u017ealom<\/li>\n<li>v li\u010dni laneni vre\u010dki s potiskom<\/li>\n<\/ul>\n<p>Dodan je recept za preproste pi\u0161kote. Motiv sonca je povzet po stebrih Sokolskega doma na Taboru v Ljubljani, ki ga je arhitekt Vurnik zasnoval med letoma 1923 in 1926 in predstavlja simbol svetlobe, mo\u010di, energije ter vsega, kar je povezano z \u017eivljenjem. Pe\u010dat je oblikoval oblikovalec Ale\u0161 Ho\u010devar in ro\u010dno izdelal oblikovalec Primo\u017e \u010cerne.<\/p>","protected":false},"featured_media":316,"template":"","meta":{"iawp_total_views":42},"product_brand":[],"product_cat":[16],"product_tag":[],"class_list":{"0":"post-97","1":"product","2":"type-product","3":"status-publish","4":"has-post-thumbnail","6":"product_cat-kolekcija-ivan-vurnik-in-helena-kottler-vurnik","8":"first","9":"instock","10":"taxable","11":"shipping-taxable","12":"purchasable","13":"product-type-simple"},"_links":{"self":[{"href":"https:\/\/test.centerarhitekture.org\/en\/wp-json\/wp\/v2\/product\/97","targetHints":{"allow":["GET"]}}],"collection":[{"href":"https:\/\/test.centerarhitekture.org\/en\/wp-json\/wp\/v2\/product"}],"about":[{"href":"https:\/\/test.centerarhitekture.org\/en\/wp-json\/wp\/v2\/types\/product"}],"wp:featuredmedia":[{"embeddable":true,"href":"https:\/\/test.centerarhitekture.org\/en\/wp-json\/wp\/v2\/media\/316"}],"wp:attachment":[{"href":"https:\/\/test.centerarhitekture.org\/en\/wp-json\/wp\/v2\/media?parent=97"}],"wp:term":[{"taxonomy":"product_brand","embeddable":true,"href":"https:\/\/test.centerarhitekture.org\/en\/wp-json\/wp\/v2\/product_brand?post=97"},{"taxonomy":"product_cat","embeddable":true,"href":"https:\/\/test.centerarhitekture.org\/en\/wp-json\/wp\/v2\/product_cat?post=97"},{"taxonomy":"product_tag","embeddable":true,"href":"https:\/\/test.centerarhitekture.org\/en\/wp-json\/wp\/v2\/product_tag?post=97"}],"curies":[{"name":"wp","href":"https:\/\/api.w.org\/{rel}","templated":true}]}}