{"id":98,"date":"2017-08-07T21:24:27","date_gmt":"2017-08-07T21:24:27","guid":{"rendered":"https:\/\/test.centerarhitekture.org\/?post_type=product&#038;p=98"},"modified":"2024-10-28T22:03:52","modified_gmt":"2024-10-28T21:03:52","slug":"vurnikova-verizica","status":"publish","type":"product","link":"https:\/\/test.centerarhitekture.org\/en\/shop\/vurnikova-verizica\/","title":{"rendered":"Vurnikova veri\u017eica"},"content":{"rendered":"<div class=\"wpb-content-wrapper\"><div class=\"fusion-fullwidth fullwidth-box fusion-builder-row-1 fusion-flex-container nonhundred-percent-fullwidth non-hundred-percent-height-scrolling\" style=\"--awb-border-radius-top-left:0px;--awb-border-radius-top-right:0px;--awb-border-radius-bottom-right:0px;--awb-border-radius-bottom-left:0px;--awb-flex-wrap:wrap;\" ><div class=\"fusion-builder-row fusion-row fusion-flex-align-items-flex-start fusion-flex-content-wrap\" style=\"max-width:1144px;margin-left: calc(-4% \/ 2 );margin-right: calc(-4% \/ 2 );\"><div class=\"fusion-layout-column fusion_builder_column fusion-builder-column-0 fusion_builder_column_1_1 1_1 fusion-flex-column\" style=\"--awb-bg-size:cover;--awb-width-large:100%;--awb-margin-top-large:0px;--awb-spacing-right-large:1.92%;--awb-margin-bottom-large:0px;--awb-spacing-left-large:1.92%;--awb-width-medium:100%;--awb-spacing-right-medium:1.92%;--awb-spacing-left-medium:1.92%;--awb-width-small:100%;--awb-spacing-right-small:1.92%;--awb-spacing-left-small:1.92%;\"><div class=\"fusion-column-wrapper fusion-flex-justify-content-flex-start fusion-content-layout-column\"><div class=\"fusion-text fusion-text-1\"><div class=\"vc_row wpb_row vc_row-fluid\"><div class=\"wpb_column vc_column_container vc_col-sm-12\"><div class=\"vc_column-inner\"><div class=\"wpb_wrapper\">\n\t<div class=\"wpb_text_column wpb_content_element\" >\n\t\t<div class=\"wpb_wrapper\">\n\t\t\t<p>Izdelek se izdela po naro\u010dilu, rok dobave je zaradi tega dalj\u0161i. Za ve\u010d informacij prosimo pi\u0161ite na <a href=\"mailto:info@centerarhitekture.org\">info@centerarhitekture.org<\/a>.<\/p>\n\n\t\t<\/div>\n\t<\/div>\n<\/div><\/div><\/div><\/div>\n<\/div><\/div><\/div><\/div><\/div>\n<\/div>","protected":false},"excerpt":{"rendered":"<p>&nbsp;<\/p>\n<p><strong>Vurnikov nakit\u00a0<\/strong>je kolekcija srebrnega nakita \u2012 prstan, uhani, veri\u017eica z obeskom, man\u0161etni gumbi \u2012, v kateri se odra\u017ea prepletanje narodnih in geometrijskih motivov, zna\u010dilnih za slog arhitekta Vurnika. Ornament sonca, ki ga v plemenitih materialih o\u017eivlja ta kolekcija, najdemo na stebrih Sokolskega doma na Taboru v Ljubljani, zgrajenem med letoma 1923 in 1926. Sonce je simbol svetlobe, mo\u010di, energije in vsega, kar je povezano z \u017eivljenjem. Nakit je oblikoval in izdelal oblikovalec nakita Ale\u0161 Ho\u010devar.<\/p>\n<p>&nbsp;<\/p>","protected":false},"featured_media":320,"template":"","meta":{"iawp_total_views":30},"product_brand":[],"product_cat":[16],"product_tag":[],"class_list":{"0":"post-98","1":"product","2":"type-product","3":"status-publish","4":"has-post-thumbnail","6":"product_cat-kolekcija-ivan-vurnik-in-helena-kottler-vurnik","8":"first","9":"instock","10":"taxable","11":"shipping-taxable","12":"purchasable","13":"product-type-simple"},"_links":{"self":[{"href":"https:\/\/test.centerarhitekture.org\/en\/wp-json\/wp\/v2\/product\/98","targetHints":{"allow":["GET"]}}],"collection":[{"href":"https:\/\/test.centerarhitekture.org\/en\/wp-json\/wp\/v2\/product"}],"about":[{"href":"https:\/\/test.centerarhitekture.org\/en\/wp-json\/wp\/v2\/types\/product"}],"wp:featuredmedia":[{"embeddable":true,"href":"https:\/\/test.centerarhitekture.org\/en\/wp-json\/wp\/v2\/media\/320"}],"wp:attachment":[{"href":"https:\/\/test.centerarhitekture.org\/en\/wp-json\/wp\/v2\/media?parent=98"}],"wp:term":[{"taxonomy":"product_brand","embeddable":true,"href":"https:\/\/test.centerarhitekture.org\/en\/wp-json\/wp\/v2\/product_brand?post=98"},{"taxonomy":"product_cat","embeddable":true,"href":"https:\/\/test.centerarhitekture.org\/en\/wp-json\/wp\/v2\/product_cat?post=98"},{"taxonomy":"product_tag","embeddable":true,"href":"https:\/\/test.centerarhitekture.org\/en\/wp-json\/wp\/v2\/product_tag?post=98"}],"curies":[{"name":"wp","href":"https:\/\/api.w.org\/{rel}","templated":true}]}}