{"id":99,"date":"2017-08-07T21:31:36","date_gmt":"2017-08-07T19:31:36","guid":{"rendered":"https:\/\/test.centerarhitekture.org\/?post_type=product&#038;p=99"},"modified":"2023-06-23T14:13:49","modified_gmt":"2023-06-23T12:13:49","slug":"mapa-ljubljana","status":"publish","type":"product","link":"https:\/\/test.centerarhitekture.org\/en\/shop\/mapa-ljubljana\/","title":{"rendered":"Folder Ljubljana"},"content":{"rendered":"","protected":false},"excerpt":{"rendered":"<ul>\n<li>350-gramski papir Soft Touch Matt PVC 1\/1<\/li>\n<li>velikosti 23 \u00d7 31,5 cm<\/li>\n<\/ul>\n<p>Motivi izhajajo iz arhitekture in regulacijskega na\u010drta Ljubljane, ki ju je konec 19. in v za\u010detku 20. stoletja zasnoval Maks Fabiani. Darilo, ki je nastalo v sodelovanju s Katedro za informacijsko in grafi\u010dno tehnologijo Oddelka za tekstilstvo, grafiko in oblikovanje na Naravoslovnotehni\u0161ki fakulteti Univerze v Ljubljani in ga je oblikovala \u0161tudentka Bernarda Coni\u010d pod mentorstvom red. prof. Karin Ko\u0161ak, doc. Katje Burger in asist. Arijane Gad\u017eijev, so izdelali v Tiskarni in knjigoveznici Radovljica.<\/p>","protected":false},"featured_media":285,"template":"","meta":{"iawp_total_views":51},"product_brand":[],"product_cat":[17],"product_tag":[],"class_list":{"0":"post-99","1":"product","2":"type-product","3":"status-publish","4":"has-post-thumbnail","6":"product_cat-kolekcija-maks-fabiani","8":"first","9":"instock","10":"taxable","11":"shipping-taxable","12":"purchasable","13":"product-type-simple"},"_links":{"self":[{"href":"https:\/\/test.centerarhitekture.org\/en\/wp-json\/wp\/v2\/product\/99","targetHints":{"allow":["GET"]}}],"collection":[{"href":"https:\/\/test.centerarhitekture.org\/en\/wp-json\/wp\/v2\/product"}],"about":[{"href":"https:\/\/test.centerarhitekture.org\/en\/wp-json\/wp\/v2\/types\/product"}],"wp:featuredmedia":[{"embeddable":true,"href":"https:\/\/test.centerarhitekture.org\/en\/wp-json\/wp\/v2\/media\/285"}],"wp:attachment":[{"href":"https:\/\/test.centerarhitekture.org\/en\/wp-json\/wp\/v2\/media?parent=99"}],"wp:term":[{"taxonomy":"product_brand","embeddable":true,"href":"https:\/\/test.centerarhitekture.org\/en\/wp-json\/wp\/v2\/product_brand?post=99"},{"taxonomy":"product_cat","embeddable":true,"href":"https:\/\/test.centerarhitekture.org\/en\/wp-json\/wp\/v2\/product_cat?post=99"},{"taxonomy":"product_tag","embeddable":true,"href":"https:\/\/test.centerarhitekture.org\/en\/wp-json\/wp\/v2\/product_tag?post=99"}],"curies":[{"name":"wp","href":"https:\/\/api.w.org\/{rel}","templated":true}]}}